{"id":140,"date":"2022-05-13T21:37:36","date_gmt":"2022-05-13T21:37:36","guid":{"rendered":"https:\/\/intecap.edu.gt\/50aniversario\/?page_id=140"},"modified":"2022-05-20T01:08:56","modified_gmt":"2022-05-20T01:08:56","slug":"agenda","status":"publish","type":"page","link":"https:\/\/intecap.edu.gt\/50aniversario\/agenda\/","title":{"rendered":"Programa de Actividades"},"content":{"rendered":"<p>[et_pb_section fb_built=&#8221;1&#8243; custom_padding_last_edited=&#8221;off|desktop&#8221; admin_label=&#8221;Header&#8221; _builder_version=&#8221;4.17.4&#8243; _module_preset=&#8221;default&#8221; background_color=&#8221;#111821&#8243; use_background_color_gradient=&#8221;on&#8221; background_color_gradient_stops=&#8221;#111821 31%|rgba(17,24,33,0.71) 100%&#8221; background_color_gradient_overlays_image=&#8221;on&#8221; background_color_gradient_start=&#8221;#111821&#8243; background_color_gradient_start_position=&#8221;31%&#8221; background_color_gradient_end=&#8221;rgba(17,24,33,0.71)&#8221; background_enable_image=&#8221;off&#8221; background_size=&#8221;initial&#8221; background_repeat=&#8221;repeat&#8221; custom_margin=&#8221;||-1vw||false|false&#8221; custom_padding=&#8221;0px||28px||false|false&#8221; custom_padding_tablet=&#8221;||24vw||false|false&#8221; bottom_divider_height=&#8221;3vw&#8221; global_colors_info=&#8221;{}&#8221;][et_pb_row use_custom_gutter=&#8221;on&#8221; gutter_width=&#8221;2&#8243; _builder_version=&#8221;4.16&#8243; _module_preset=&#8221;default&#8221; custom_padding=&#8221;0px|||||&#8221; global_colors_info=&#8221;{}&#8221;][et_pb_column type=&#8221;4_4&#8243; _builder_version=&#8221;4.16&#8243; _module_preset=&#8221;default&#8221; global_colors_info=&#8221;{}&#8221;][et_pb_image src=&#8221;https:\/\/intecap.edu.gt\/50aniversario\/wp-content\/uploads\/2022\/05\/Logo50-Intecap-300.png&#8221; title_text=&#8221;Logo50-Intecap-300&#8243; align=&#8221;center&#8221; _builder_version=&#8221;4.17.4&#8243; _module_preset=&#8221;default&#8221; global_colors_info=&#8221;{}&#8221;][\/et_pb_image][\/et_pb_column][\/et_pb_row][\/et_pb_section][et_pb_section fb_built=&#8221;1&#8243; bg_img_2=&#8221;https:\/\/intecap.edu.gt\/50aniversario\/wp-content\/uploads\/2022\/05\/Chess-Club_Pattern_50-Golden.png&#8221; background_size_2=&#8221;initial&#8221; background_repeat_2=&#8221;repeat&#8221; padding_top_2=&#8221;70px&#8221; padding_right_2=&#8221;40px&#8221; padding_left_2=&#8221;40px&#8221; padding_top_bottom_link_2=&#8221;false&#8221; padding_left_right_link_2=&#8221;true&#8221; admin_label=&#8221;Mission&#8221; _builder_version=&#8221;4.17.4&#8243; _module_preset=&#8221;default&#8221; background_color=&#8221;#f4f2ef&#8221; background_image=&#8221;https:\/\/intecap.edu.gt\/50aniversario\/wp-content\/uploads\/2022\/05\/foto1-1-scaled.jpg&#8221; parallax=&#8221;on&#8221; background_blend=&#8221;multiply&#8221; custom_margin=&#8221;||||false|false&#8221; custom_padding=&#8221;1vw||1vw||true|false&#8221; global_colors_info=&#8221;{%22gcid-da223ede-2db8-4789-b536-1239c0274fb2%22:%91%93}&#8221;][et_pb_row _builder_version=&#8221;4.17.4&#8243; _module_preset=&#8221;default&#8221; global_colors_info=&#8221;{}&#8221;][et_pb_column type=&#8221;4_4&#8243; _builder_version=&#8221;4.16&#8243; _module_preset=&#8221;default&#8221; z_index=&#8221;12&#8243; global_colors_info=&#8221;{}&#8221;][et_pb_text _builder_version=&#8221;4.17.4&#8243; _module_preset=&#8221;default&#8221; header_font=&#8221;Cormorant Garamond||||||||&#8221; header_text_align=&#8221;center&#8221; header_2_font=&#8221;Montserrat|700||on|||||&#8221; header_2_text_align=&#8221;center&#8221; header_2_text_color=&#8221;#111821&#8243; header_2_font_size=&#8221;64px&#8221; header_2_line_height=&#8221;1.1em&#8221; text_orientation=&#8221;center&#8221; custom_margin=&#8221;||10px||false|false&#8221; header_2_font_size_tablet=&#8221;32px&#8221; header_2_font_size_phone=&#8221;20px&#8221; header_2_font_size_last_edited=&#8221;on|phone&#8221; locked=&#8221;off&#8221; global_colors_info=&#8221;{}&#8221;]<\/p>\n<h2>Programa de Actividades<\/h2>\n<p>[\/et_pb_text][et_pb_text _builder_version=&#8221;4.17.4&#8243; _module_preset=&#8221;default&#8221; header_3_text_align=&#8221;center&#8221; header_3_text_color=&#8221;#471F00&#8243; global_colors_info=&#8221;{}&#8221;]<\/p>\n<h3>Jueves 19 de mayo &#8211; Centro Cultural Miguel Angel Asturias &#8211; 18:00 hrs.<\/h3>\n<p>[\/et_pb_text][\/et_pb_column][\/et_pb_row][\/et_pb_section][et_pb_section fb_built=&#8221;1&#8243; _builder_version=&#8221;4.17.4&#8243; _module_preset=&#8221;default&#8221; global_colors_info=&#8221;{}&#8221;][et_pb_row disabled_on=&#8221;off|off|off&#8221; _builder_version=&#8221;4.17.4&#8243; _module_preset=&#8221;default&#8221; global_colors_info=&#8221;{}&#8221;][et_pb_column type=&#8221;4_4&#8243; _builder_version=&#8221;4.17.4&#8243; _module_preset=&#8221;default&#8221; global_colors_info=&#8221;{}&#8221;][et_pb_button button_url=&#8221;@ET-DC@eyJkeW5hbWljIjp0cnVlLCJjb250ZW50IjoicG9zdF9saW5rX3VybF9wYWdlIiwic2V0dGluZ3MiOnsicG9zdF9pZCI6IjI4MyJ9fQ==@&#8221; button_text=&#8221;Programa Orquesta Sinf\u00f3nica Nacional&#8221; button_alignment=&#8221;center&#8221; _builder_version=&#8221;4.17.4&#8243; _dynamic_attributes=&#8221;button_url&#8221; _module_preset=&#8221;default&#8221; custom_button=&#8221;on&#8221; button_text_size=&#8221;26px&#8221; button_text_color=&#8221;#FFFFFF&#8221; button_bg_color=&#8221;#574200&#8243; button_border_radius=&#8221;26px&#8221; button_use_icon=&#8221;off&#8221; global_colors_info=&#8221;{}&#8221;][\/et_pb_button][\/et_pb_column][\/et_pb_row][et_pb_row _builder_version=&#8221;4.17.4&#8243; _module_preset=&#8221;default&#8221; global_colors_info=&#8221;{}&#8221;][et_pb_column type=&#8221;4_4&#8243; _builder_version=&#8221;4.17.4&#8243; _module_preset=&#8221;default&#8221; global_colors_info=&#8221;{}&#8221;][et_pb_text _builder_version=&#8221;4.17.4&#8243; _module_preset=&#8221;default&#8221; header_3_font=&#8221;|600|||||||&#8221; header_3_text_align=&#8221;left&#8221; header_3_line_height=&#8221;1.6em&#8221; global_colors_info=&#8221;{}&#8221;]<\/p>\n<blockquote>\n<ul>\n<li style=\"text-align: left;\">\n<h3>Palabras de bienvenida a cargo del se\u00f1or Gerente del INTECAP<\/h3>\n<\/li>\n<li style=\"text-align: left;\">\n<h3>Presentaci\u00f3n Canci\u00f3n de 50 a\u00f1os INTECAP<\/h3>\n<\/li>\n<li style=\"text-align: left;\">\n<h3>Video: Palabras miembros de la Junta Directiva del INTECAP<\/h3>\n<\/li>\n<li style=\"text-align: left;\">\n<h3>Entrega de reconocimiento a miembros de la Junta Directiva del INTECAP con mayor trayectoria a cargo del se\u00f1or subgerente del INTECAP<\/h3>\n<\/li>\n<li style=\"text-align: left;\">\n<h3>Homenaje de c\u00e1maras y asociaciones a INTECAP<\/h3>\n<\/li>\n<li style=\"text-align: left;\">\n<h3>Presentaci\u00f3n libro 50 a\u00f1os a cargo del presidente de La Junta Directiva del INTECAP y entrega al se\u00f1or Presidente<\/h3>\n<\/li>\n<li style=\"text-align: left;\">\n<h3>Palabras del se\u00f1or Presidente de la Rep\u00fablica de Guatemala<\/h3>\n<\/li>\n<li style=\"text-align: left;\">\n<h3>Video Institucional: 50 a\u00f1os INTECAP<\/h3>\n<\/li>\n<li style=\"text-align: left;\">\n<h3>Concierto: Orquesta Sinf\u00f3nica Nacional de Guatemala<\/h3>\n<\/li>\n<li style=\"text-align: left;\">\n<h3>C\u00f3ctel<\/h3>\n<\/li>\n<\/ul>\n<\/blockquote>\n<p>[\/et_pb_text][\/et_pb_column][\/et_pb_row][et_pb_row _builder_version=&#8221;4.17.4&#8243; _module_preset=&#8221;default&#8221; background_color=&#8221;#000000&#8243; width=&#8221;100%&#8221; max_width=&#8221;1800px&#8221; global_colors_info=&#8221;{}&#8221;][et_pb_column type=&#8221;4_4&#8243; _builder_version=&#8221;4.17.4&#8243; _module_preset=&#8221;default&#8221; global_colors_info=&#8221;{}&#8221;][et_pb_image src=&#8221;https:\/\/intecap.edu.gt\/50aniversario\/wp-content\/uploads\/2022\/05\/header-mailing50.jpg&#8221; title_text=&#8221;header-mailing50&#8243; align=&#8221;center&#8221; _builder_version=&#8221;4.17.4&#8243; _module_preset=&#8221;default&#8221; global_colors_info=&#8221;{}&#8221;][\/et_pb_image][\/et_pb_column][\/et_pb_row][\/et_pb_section][et_pb_section fb_built=&#8221;1&#8243; admin_label=&#8221;Events&#8221; _builder_version=&#8221;4.17.4&#8243; _module_preset=&#8221;default&#8221; background_color=&#8221;#0f0f0f&#8221; custom_margin=&#8221;0px||||false|false&#8221; custom_padding=&#8221;0px||||false|false&#8221; global_colors_info=&#8221;{}&#8221;][et_pb_row _builder_version=&#8221;4.17.4&#8243; _module_preset=&#8221;default&#8221; width=&#8221;100%&#8221; max_width=&#8221;1900px&#8221; custom_padding=&#8221;||2px|||&#8221; global_colors_info=&#8221;{}&#8221;][et_pb_column type=&#8221;4_4&#8243; _builder_version=&#8221;4.16&#8243; _module_preset=&#8221;default&#8221; global_colors_info=&#8221;{}&#8221;][\/et_pb_column][\/et_pb_row][\/et_pb_section]<\/p>\n","protected":false},"excerpt":{"rendered":"<p>Programa de ActividadesJueves 19 de mayo &#8211; Centro Cultural Miguel Angel Asturias &#8211; 18:00 hrs. Palabras de bienvenida a cargo del se\u00f1or Gerente del INTECAP Presentaci\u00f3n Canci\u00f3n de 50 a\u00f1os INTECAP Video: Palabras miembros de la Junta Directiva del INTECAP Entrega de reconocimiento a miembros de la Junta Directiva del INTECAP con mayor trayectoria a [&hellip;]<\/p>\n","protected":false},"author":1,"featured_media":0,"parent":0,"menu_order":0,"comment_status":"closed","ping_status":"closed","template":"","meta":{"_et_pb_use_builder":"on","_et_pb_old_content":"","_et_gb_content_width":"","_monsterinsights_skip_tracking":false,"_monsterinsights_sitenote_active":false,"_monsterinsights_sitenote_note":"","_monsterinsights_sitenote_category":0,"footnotes":""},"class_list":["post-140","page","type-page","status-publish","hentry"],"aioseo_notices":[],"_links":{"self":[{"href":"https:\/\/intecap.edu.gt\/50aniversario\/wp-json\/wp\/v2\/pages\/140","targetHints":{"allow":["GET"]}}],"collection":[{"href":"https:\/\/intecap.edu.gt\/50aniversario\/wp-json\/wp\/v2\/pages"}],"about":[{"href":"https:\/\/intecap.edu.gt\/50aniversario\/wp-json\/wp\/v2\/types\/page"}],"author":[{"embeddable":true,"href":"https:\/\/intecap.edu.gt\/50aniversario\/wp-json\/wp\/v2\/users\/1"}],"replies":[{"embeddable":true,"href":"https:\/\/intecap.edu.gt\/50aniversario\/wp-json\/wp\/v2\/comments?post=140"}],"version-history":[{"count":11,"href":"https:\/\/intecap.edu.gt\/50aniversario\/wp-json\/wp\/v2\/pages\/140\/revisions"}],"predecessor-version":[{"id":311,"href":"https:\/\/intecap.edu.gt\/50aniversario\/wp-json\/wp\/v2\/pages\/140\/revisions\/311"}],"wp:attachment":[{"href":"https:\/\/intecap.edu.gt\/50aniversario\/wp-json\/wp\/v2\/media?parent=140"}],"curies":[{"name":"wp","href":"https:\/\/api.w.org\/{rel}","templated":true}]}}