{"id":2021,"date":"2024-03-22T15:35:45","date_gmt":"2024-03-22T21:35:45","guid":{"rendered":"https:\/\/intecap.edu.gt\/certificacionlaboral\/?page_id=2021"},"modified":"2025-03-14T12:46:22","modified_gmt":"2025-03-14T18:46:22","slug":"certificados-vencimiento","status":"publish","type":"page","link":"https:\/\/intecap.edu.gt\/certificacionlaboral\/certificados-vencimiento\/","title":{"rendered":"Certificados pr\u00f3ximos a vencimiento de Vigencia"},"content":{"rendered":"<p><div class=\"et_d4_element et_pb_section et_pb_section_0  et_pb_css_mix_blend_mode et_section_regular et_block_section\" >\n\t\t\t\t\n\t\t\t\t\n\t\t\t\t\n\t\t\t\t\n\t\t\t\t\n\t\t\t\t\n\t\t\t\t<div class=\"et_d4_element et_pb_row et_pb_row_0 et_pb_gutters3  et_pb_css_mix_blend_mode et_block_row\">\n\t\t\t\t<div class=\"et_d4_element et_pb_column_4_4 et_pb_column et_pb_column_0  et_pb_css_mix_blend_mode et-last-child et_block_column\">\n\t\t\t\t\n\t\t\t\t\n\t\t\t\t\n\t\t\t\t\n\t\t\t\t<div class=\"et_pb_module et_d4_element et_pb_text et_pb_text_0  et_pb_text_align_left et_pb_bg_layout_light\">\n\t\t\t\t\n\t\t\t\t\n\t\t\t\t\n\t\t\t\t\n\t\t\t\t<div class=\"et_pb_text_inner\"><h1 style=\"text-align: left;\">CERTIFICADOS PR\u00d3XIMOS A VENCIMIENTO DE VIGENCIA <\/h1><\/div>\n\t\t\t<\/div>\n\t\t\t<\/div>\n\t\t\t\t\n\t\t\t\t\n\t\t\t\t\n\t\t\t\t\n\t\t\t<\/div>\n\t\t\t\t\n\t\t\t\t\n\t\t\t<\/div><div class=\"et_d4_element et_pb_section et_pb_section_1  et_pb_css_mix_blend_mode et_section_regular et_block_section\" >\n\t\t\t\t\n\t\t\t\t\n\t\t\t\t\n\t\t\t\t\n\t\t\t\t\n\t\t\t\t\n\t\t\t\t<div class=\"et_d4_element et_pb_row et_pb_row_1  et_pb_css_mix_blend_mode et_block_row\">\n\t\t\t\t<div class=\"et_d4_element et_pb_column_4_4 et_pb_column et_pb_column_1  et_pb_css_mix_blend_mode et-last-child et_block_column\">\n\t\t\t\t\n\t\t\t\t\n\t\t\t\t\n\t\t\t\t\n\t\t\t\t<div class=\"et_pb_module et_d4_element et_pb_text et_pb_text_1  et_pb_text_align_left et_pb_bg_layout_light\">\n\t\t\t\t\n\t\t\t\t\n\t\t\t\t\n\t\t\t\t\n\t\t\t\t<div class=\"et_pb_text_inner\"><h4 style=\"text-align: justify;\">Las personas certificadas cuyo certificado est\u00e1 pr\u00f3ximo a vencer, deben comunicarse al 24105555, Departamento de Certificaci\u00f3n Laboral, donde la persona encargada de emisi\u00f3n de certificados, les brindar\u00e1 la informaci\u00f3n correspondiente para realizar el proceso de recertificaci\u00f3n y as\u00ed poder renovar su certificado.<\/h4><\/div>\n\t\t\t<\/div><div class=\"et_pb_module et_d4_element et_pb_image et_pb_image_0\">\n\t\t\t\t\n\t\t\t\t\n\t\t\t\t\n\t\t\t\t\n\t\t\t\t<span class=\"et_pb_image_wrap \"><img loading=\"lazy\" decoding=\"async\" width=\"602\" height=\"2100\" src=\"https:\/\/intecap.edu.gt\/certificacionlaboral\/wp-content\/uploads\/2025\/03\/Listado-14marzo25.jpg\" alt=\"\" title=\"Listado-14marzo25\" class=\"wp-image-2178\" \/><\/span>\n\t\t\t<\/div>\n\t\t\t<\/div>\n\t\t\t\t\n\t\t\t\t\n\t\t\t\t\n\t\t\t\t\n\t\t\t<\/div>\n\t\t\t\t\n\t\t\t\t\n\t\t\t<\/div><\/p>\n","protected":false},"excerpt":{"rendered":"","protected":false},"author":1,"featured_media":0,"parent":0,"menu_order":0,"comment_status":"closed","ping_status":"closed","template":"","meta":{"_et_pb_use_builder":"on","_et_pb_old_content":"","_et_gb_content_width":"","footnotes":""},"class_list":["post-2021","page","type-page","status-publish","hentry"],"_links":{"self":[{"href":"https:\/\/intecap.edu.gt\/certificacionlaboral\/wp-json\/wp\/v2\/pages\/2021","targetHints":{"allow":["GET"]}}],"collection":[{"href":"https:\/\/intecap.edu.gt\/certificacionlaboral\/wp-json\/wp\/v2\/pages"}],"about":[{"href":"https:\/\/intecap.edu.gt\/certificacionlaboral\/wp-json\/wp\/v2\/types\/page"}],"author":[{"embeddable":true,"href":"https:\/\/intecap.edu.gt\/certificacionlaboral\/wp-json\/wp\/v2\/users\/1"}],"replies":[{"embeddable":true,"href":"https:\/\/intecap.edu.gt\/certificacionlaboral\/wp-json\/wp\/v2\/comments?post=2021"}],"version-history":[{"count":9,"href":"https:\/\/intecap.edu.gt\/certificacionlaboral\/wp-json\/wp\/v2\/pages\/2021\/revisions"}],"predecessor-version":[{"id":2181,"href":"https:\/\/intecap.edu.gt\/certificacionlaboral\/wp-json\/wp\/v2\/pages\/2021\/revisions\/2181"}],"wp:attachment":[{"href":"https:\/\/intecap.edu.gt\/certificacionlaboral\/wp-json\/wp\/v2\/media?parent=2021"}],"curies":[{"name":"wp","href":"https:\/\/api.w.org\/{rel}","templated":true}]}}