{"id":248,"date":"2019-10-16T20:50:25","date_gmt":"2019-10-16T18:50:25","guid":{"rendered":"https:\/\/intecap.edu.gt\/certificacionlaboral\/?page_id=248"},"modified":"2025-09-02T15:00:18","modified_gmt":"2025-09-02T21:00:18","slug":"conjunta-2","status":"publish","type":"page","link":"https:\/\/intecap.edu.gt\/certificacionlaboral\/conjunta-2\/","title":{"rendered":"Certificaci\u00f3n Conjunta"},"content":{"rendered":"<div class=\"et_d4_element et_pb_section et_pb_section_0  et_pb_css_mix_blend_mode et_section_regular et_block_section\" >\n\t\t\t\t\n\t\t\t\t\n\t\t\t\t\n\t\t\t\t\n\t\t\t\t\n\t\t\t\t\n\t\t\t\t<div class=\"et_d4_element et_pb_row et_pb_row_0  et_pb_css_mix_blend_mode et_block_row\">\n\t\t\t\t<div class=\"et_d4_element et_pb_column_4_4 et_pb_column et_pb_column_0  et_pb_css_mix_blend_mode et-last-child et_block_column et_pb_column_empty\">\n\t\t\t\t\n\t\t\t\t\n\t\t\t\t\n\t\t\t\t\n\t\t\t\t\n\t\t\t<\/div>\n\t\t\t\t\n\t\t\t\t\n\t\t\t\t\n\t\t\t\t\n\t\t\t<\/div><div class=\"et_d4_element et_pb_row et_pb_row_1  et_pb_css_mix_blend_mode et_block_row\">\n\t\t\t\t<div class=\"et_d4_element et_pb_column_2_5 et_pb_column et_pb_column_1  et_pb_css_mix_blend_mode et_block_column\">\n\t\t\t\t\n\t\t\t\t\n\t\t\t\t\n\t\t\t\t\n\t\t\t\t<div class=\"et_pb_module et_d4_element et_pb_image et_pb_image_0\">\n\t\t\t\t\n\t\t\t\t\n\t\t\t\t\n\t\t\t\t\n\t\t\t\t<span class=\"et_pb_image_wrap \"><img loading=\"lazy\" decoding=\"async\" width=\"787\" height=\"486\" src=\"https:\/\/intecap.edu.gt\/certificacionlaboral\/wp-content\/uploads\/2019\/10\/certif_conjunta1.1.png\" alt=\"\" title=\"\" class=\"wp-image-251\" \/><\/span>\n\t\t\t<\/div>\n\t\t\t<\/div><div class=\"et_d4_element et_pb_column_3_5 et_pb_column et_pb_column_2  et_pb_css_mix_blend_mode et-last-child et_block_column\">\n\t\t\t\t\n\t\t\t\t\n\t\t\t\t\n\t\t\t\t\n\t\t\t\t<div class=\"et_pb_module et_d4_element et_pb_text et_pb_text_0  et_pb_text_align_left et_pb_bg_layout_light\">\n\t\t\t\t\n\t\t\t\t\n\t\t\t\t\n\t\t\t\t\n\t\t\t\t<div class=\"et_pb_text_inner\"><div class=\"wpb_text_column wpb_content_element \" style=\"text-align: justify;\">\n<div class=\"wpb_wrapper\">\n<h1 style=\"text-align: justify;\"><strong>&nbsp;CERTIFICACI\u00d3N CONJUNTA<br \/>\n<\/strong><\/h1>\n<blockquote><p><strong style=\"color: #333333; font-size: 16px;\">Proceso a trav\u00e9s del cual, la organizaci\u00f3n o empresa certifica a su personal en un puesto de trabajo, con base al \u201cdescriptor de puesto para certificaci\u00f3n\u201d, establecido por la empresa, seg\u00fan el cual se realiza la evaluaci\u00f3n y certificaci\u00f3n, avalado por el INTECAP.<\/strong><\/p><\/blockquote>\n<p>El \u201cdescriptor de puesto para certificaci\u00f3n\u201d y los instrumentos de evaluaci\u00f3n deben de ser elaborados bajo la metodolog\u00eda de competencias laborales para la evaluaci\u00f3n de la certificaci\u00f3n; los cuales, los elaboran los trabajadores de la empresa (expertos t\u00e9cnicos), con el acompa\u00f1amiento de un consultor deI INTECAP, para darle cumplimiento a todos los requerimientos de construcci\u00f3n metodol\u00f3gica. Para ello, la organizaci\u00f3n\/empresa nombra a los t\u00e9cnicos expertos como responsables para la elaboraci\u00f3n del trabajo y al evaluador, quien generalmente es la jefatura o el supervisor de dichos puestos. El trabajo lo aprueba uno o m\u00e1s responsables designados por la empresa, incluyendo la vigencia del certificado, materiales, condiciones necesarias, elaboraci\u00f3n y cumplimiento de la programaci\u00f3n para la evaluaci\u00f3n.<\/p>\n<blockquote><p><strong>Al igual que en cualquier proceso de certificaci\u00f3n de competencias laborales, la evaluaci\u00f3n se celebra en el puesto de trabajo dentro de la misma empresa u organizaci\u00f3n. En estos casos, el INTECAP acompa\u00f1a los procesos de forma muestral, para el control de la aplicaci\u00f3n correcta de la metodolog\u00eda para la evaluaci\u00f3n de competencias laborales.<\/strong><\/p><\/blockquote>\n<p>El certificado llevar\u00e1 el logotipo de la organizaci\u00f3n y del INTECAP.<\/p>\n<p>Durante el proceso de construcci\u00f3n y evaluaci\u00f3n, el verificador\/supervisor podr\u00e1 evaluar el cumplimiento de los procesos de certificaci\u00f3n laboral.<\/p>\n<\/div>\n<\/div><\/div>\n\t\t\t<\/div>\n\t\t\t<\/div>\n\t\t\t\t\n\t\t\t\t\n\t\t\t\t\n\t\t\t\t\n\t\t\t<\/div>\n\t\t\t\t\n\t\t\t\t\n\t\t\t<\/div>\n","protected":false},"excerpt":{"rendered":"","protected":false},"author":1,"featured_media":0,"parent":0,"menu_order":0,"comment_status":"closed","ping_status":"closed","template":"","meta":{"_et_pb_use_builder":"on","_et_pb_old_content":"","_et_gb_content_width":"","footnotes":""},"class_list":["post-248","page","type-page","status-publish","hentry"],"_links":{"self":[{"href":"https:\/\/intecap.edu.gt\/certificacionlaboral\/wp-json\/wp\/v2\/pages\/248","targetHints":{"allow":["GET"]}}],"collection":[{"href":"https:\/\/intecap.edu.gt\/certificacionlaboral\/wp-json\/wp\/v2\/pages"}],"about":[{"href":"https:\/\/intecap.edu.gt\/certificacionlaboral\/wp-json\/wp\/v2\/types\/page"}],"author":[{"embeddable":true,"href":"https:\/\/intecap.edu.gt\/certificacionlaboral\/wp-json\/wp\/v2\/users\/1"}],"replies":[{"embeddable":true,"href":"https:\/\/intecap.edu.gt\/certificacionlaboral\/wp-json\/wp\/v2\/comments?post=248"}],"version-history":[{"count":6,"href":"https:\/\/intecap.edu.gt\/certificacionlaboral\/wp-json\/wp\/v2\/pages\/248\/revisions"}],"predecessor-version":[{"id":2251,"href":"https:\/\/intecap.edu.gt\/certificacionlaboral\/wp-json\/wp\/v2\/pages\/248\/revisions\/2251"}],"wp:attachment":[{"href":"https:\/\/intecap.edu.gt\/certificacionlaboral\/wp-json\/wp\/v2\/media?parent=248"}],"curies":[{"name":"wp","href":"https:\/\/api.w.org\/{rel}","templated":true}]}}