{"id":268,"date":"2019-10-16T15:19:39","date_gmt":"2019-10-16T21:19:39","guid":{"rendered":"https:\/\/intecap.edu.gt\/certificacionlaboral\/?page_id=268"},"modified":"2020-02-07T09:43:41","modified_gmt":"2020-02-07T15:43:41","slug":"internacional-2","status":"publish","type":"page","link":"https:\/\/intecap.edu.gt\/certificacionlaboral\/internacional-2\/","title":{"rendered":"Certificaci\u00f3n Internacional"},"content":{"rendered":"<div class=\"et_d4_element et_pb_section et_pb_section_0  et_pb_css_mix_blend_mode et_section_regular et_block_section\" >\n\t\t\t\t\n\t\t\t\t\n\t\t\t\t\n\t\t\t\t\n\t\t\t\t\n\t\t\t\t\n\t\t\t\t<div class=\"et_d4_element et_pb_row et_pb_row_0  et_pb_css_mix_blend_mode et_block_row\">\n\t\t\t\t<div class=\"et_d4_element et_pb_column_4_4 et_pb_column et_pb_column_0  et_pb_css_mix_blend_mode et-last-child et_block_column et_pb_column_empty\">\n\t\t\t\t\n\t\t\t\t\n\t\t\t\t\n\t\t\t\t\n\t\t\t\t\n\t\t\t<\/div>\n\t\t\t\t\n\t\t\t\t\n\t\t\t\t\n\t\t\t\t\n\t\t\t<\/div><div class=\"et_d4_element et_pb_row et_pb_row_1  et_pb_css_mix_blend_mode et_block_row\">\n\t\t\t\t<div class=\"et_d4_element et_pb_column_3_5 et_pb_column et_pb_column_1  et_pb_css_mix_blend_mode et_block_column\">\n\t\t\t\t\n\t\t\t\t\n\t\t\t\t\n\t\t\t\t\n\t\t\t\t<div class=\"et_pb_module et_d4_element et_pb_text et_pb_text_0  et_pb_text_align_left et_pb_bg_layout_light\">\n\t\t\t\t\n\t\t\t\t\n\t\t\t\t\n\t\t\t\t\n\t\t\t\t<div class=\"et_pb_text_inner\"><div class=\"wpb_text_column wpb_content_element \" style=\"text-align: justify;\">\n<div class=\"wpb_wrapper\">\n<h1 style=\"text-align: justify;\"><strong>CERTIFICACI\u00d3N INTERNACIONAL<br \/> <\/strong><\/h1>\n<div class=\"wpb_text_column wpb_content_element \">\n<div class=\"wpb_wrapper\">\n<p><big>Es la certificaci\u00f3n que se basa en los est\u00e1ndares del fabricante internacional. Dichos est\u00e1ndares e instrumentos de evaluaci\u00f3n son adoptados por el Intecap y se eval\u00faan de acuerdo a sus propios requerimientos. Para ello, se desarrollan procedimientos y registros espec\u00edficos para cada especialidad, seg\u00fan requerimientos del fabricante o del representante. Esta certificaci\u00f3n tiene mayor demanda en las \u00e1reas de inform\u00e1tica, construcci\u00f3n de redes, soldadura, entre otros. Su certificado tiene validez a nivel internacional.<\/big><\/p>\n<p><span style=\"text-decoration: underline; font-size: 19.2px;\"><b>\u00c1REA DE INFORM\u00c1TICA<\/b><\/span><\/p>\n<p>El INTECAP tiene dos sistemas de Certificaci\u00f3n Internacional en las diversas \u00e1reas de inform\u00e1tica:<\/p>\n<h3><strong>Centro de pruebas autorizado Pearson VUE<\/strong><\/h3>\n<p>Ofrece m\u00e1s de 450 ex\u00e1menes de Certificaci\u00f3n y otorga credenciales de las principales competencias tecnol\u00f3gicas en todo el mundo. Desde pruebas de pr\u00e1ctica en l\u00ednea hasta ex\u00e1menes supervisados de alto riesgo que requieren los entornos de prueba m\u00e1s seguros de la industria. Pearson VUE es el l\u00edder en pruebas basadas en computadora.<\/p>\n<p>Toda persona de empresa o individual que desee certificarse internacionalmente, conforme estos est\u00e1ndares de fabricante, tiene la opci\u00f3n de escoger un Centro Autorizado para ejecuci\u00f3n de su prueba. En Guatemala existen 3 Centros de Certificaci\u00f3n Pearson Vue, y uno est\u00e1 en INTECAP Centro TIC\u2019s.<\/p>\n<p>El usuario paga la Certificaci\u00f3n en l\u00ednea y agenda el d\u00eda y hora de Certificaci\u00f3n, escoge el lugar en donde a trav\u00e9s de un protocolo se identifica al usuario y se le brinda acceso a la prueba.<\/p>\n<h3><strong>Centro Autorizado de Pruebas CERTIPORT<\/strong><\/h3>\n<p>Certiport certifica a nivel mundial programas de Internet and Computer Core Certification (IC\u00b3) y Microsoft Office Specialist (MOS). En la actualidad cuenta con m\u00e1s de 9000 centros autorizados en todo el mundo. Adem\u00e1s cuenta con Certificaciones AUTODESK, ADOBE, EC-COUNCIL entre otras.<\/p>\n<p>El INTECAP como Centro autorizado de pruebas de Certiport, ha desarrollado cursos que conllevan a certificaci\u00f3n en muchas de las tecnolog\u00edas ofrecidas. Regularmente se brinda un voucher de certificaci\u00f3n a los participantes que pagan el curso preparatorio de certificaci\u00f3n para hacerse el examen en la tecnolog\u00eda espec\u00edfica al finalizar el curso. O bien el estudiante puede pagar individualmente el examen para ejecutarlo en el Centro de Certificaci\u00f3n cuando lo requiera.<\/p>\n<p><strong><big>CARACTER\u00cdSTICAS<\/big><\/strong><\/p>\n<p><big>\u2022Una evaluaci\u00f3n por aplicaci\u00f3n.<\/big><br \/> <big>\u2022La evaluaci\u00f3n tarda 50 minutos y se realiza en l\u00ednea.<\/big><br \/> <big>\u2022Obtiene el resultado inmediatamente finalizado el proceso de evaluaci\u00f3n.<\/big><br \/> <big>\u2022Si el resultado es satisfactorio, recibe inmediatamente el certificado (en medio electr\u00f3nico a trav\u00e9s de la plataforma de CERTIPORT).<\/big><br \/> <big>\u2022Recibe un curso preparatorio de 20 horas para la certificaci\u00f3n. Los candidatos pueden optar a ingresar directamente al proceso de evaluaci\u00f3n sin este curso.<\/big><br \/> <big>\u2022No tiene reevaluaci\u00f3n.<\/big><\/p>\n<p><strong><big>Requisitos<\/big><\/strong><br \/> <big>\u2022Tener habilidades para el manejo de la aplicaci\u00f3n. En el curso de preparaci\u00f3n no se ense\u00f1a a utilizar la aplicaci\u00f3n, sino que es una inducci\u00f3n al proceso de evaluaci\u00f3n.<\/big><br \/> <big>\u2022Presentar solicitud de certificaci\u00f3n.<\/big><br \/> <big>\u2022Cancelar el valor de la certificaci\u00f3n.<\/big><br \/> <big>\u2022Realizar proceso de evaluaci\u00f3n.<\/big><\/p>\n<\/div>\n<\/div>\n<p>&nbsp;<\/p>\n<\/div>\n<\/div><\/div>\n\t\t\t<\/div>\n\t\t\t<\/div><div class=\"et_d4_element et_pb_column_2_5 et_pb_column et_pb_column_2  et_pb_css_mix_blend_mode et-last-child et_block_column\">\n\t\t\t\t\n\t\t\t\t\n\t\t\t\t\n\t\t\t\t\n\t\t\t\t<div class=\"et_pb_module et_d4_element et_pb_image et_pb_image_0\">\n\t\t\t\t\n\t\t\t\t\n\t\t\t\t\n\t\t\t\t\n\t\t\t\t<span class=\"et_pb_image_wrap \"><img loading=\"lazy\" decoding=\"async\" width=\"819\" height=\"614\" src=\"https:\/\/intecap.edu.gt\/certificacionlaboral\/wp-content\/uploads\/2019\/10\/certificacion-internacional.png\" alt=\"\" title=\"\" class=\"wp-image-272\" \/><\/span>\n\t\t\t<\/div>\n\t\t\t<\/div>\n\t\t\t\t\n\t\t\t\t\n\t\t\t\t\n\t\t\t\t\n\t\t\t<\/div><div class=\"et_d4_element et_pb_row et_pb_row_2  et_pb_css_mix_blend_mode et_block_row\">\n\t\t\t\t<div class=\"et_d4_element et_pb_column_1_6 et_pb_column et_pb_column_3  et_pb_css_mix_blend_mode et_block_column\">\n\t\t\t\t\n\t\t\t\t\n\t\t\t\t\n\t\t\t\t\n\t\t\t\t<div class=\"et_pb_module et_d4_element et_pb_image et_pb_image_1\">\n\t\t\t\t\n\t\t\t\t\n\t\t\t\t\n\t\t\t\t\n\t\t\t\t<span class=\"et_pb_image_wrap \"><img loading=\"lazy\" decoding=\"async\" width=\"150\" height=\"58\" src=\"https:\/\/intecap.edu.gt\/certificacionlaboral\/wp-content\/uploads\/2019\/10\/windowserver-1.png\" alt=\"\" title=\"\" class=\"wp-image-690\" \/><\/span>\n\t\t\t<\/div>\n\t\t\t<\/div><div class=\"et_d4_element et_pb_column_1_6 et_pb_column et_pb_column_4  et_pb_css_mix_blend_mode et_block_column\">\n\t\t\t\t\n\t\t\t\t\n\t\t\t\t\n\t\t\t\t\n\t\t\t\t<div class=\"et_pb_module et_d4_element et_pb_image et_pb_image_2\">\n\t\t\t\t\n\t\t\t\t\n\t\t\t\t\n\t\t\t\t\n\t\t\t\t<span class=\"et_pb_image_wrap \"><img loading=\"lazy\" decoding=\"async\" width=\"150\" height=\"63\" src=\"https:\/\/intecap.edu.gt\/certificacionlaboral\/wp-content\/uploads\/2019\/10\/unity-1.png\" alt=\"\" title=\"\" class=\"wp-image-689\" \/><\/span>\n\t\t\t<\/div>\n\t\t\t<\/div><div class=\"et_d4_element et_pb_column_1_6 et_pb_column et_pb_column_5  et_pb_css_mix_blend_mode et_block_column\">\n\t\t\t\t\n\t\t\t\t\n\t\t\t\t\n\t\t\t\t\n\t\t\t\t<div class=\"et_pb_module et_d4_element et_pb_image et_pb_image_3\">\n\t\t\t\t\n\t\t\t\t\n\t\t\t\t\n\t\t\t\t\n\t\t\t\t<span class=\"et_pb_image_wrap \"><img loading=\"lazy\" decoding=\"async\" width=\"150\" height=\"50\" src=\"https:\/\/intecap.edu.gt\/certificacionlaboral\/wp-content\/uploads\/2019\/10\/redhat-1.png\" alt=\"\" title=\"\" class=\"wp-image-688\" \/><\/span>\n\t\t\t<\/div>\n\t\t\t<\/div><div class=\"et_d4_element et_pb_column_1_6 et_pb_column et_pb_column_6  et_pb_css_mix_blend_mode et_block_column\">\n\t\t\t\t\n\t\t\t\t\n\t\t\t\t\n\t\t\t\t\n\t\t\t\t<div class=\"et_pb_module et_d4_element et_pb_image et_pb_image_4\">\n\t\t\t\t\n\t\t\t\t\n\t\t\t\t\n\t\t\t\t\n\t\t\t\t<span class=\"et_pb_image_wrap \"><img loading=\"lazy\" decoding=\"async\" width=\"100\" height=\"75\" src=\"https:\/\/intecap.edu.gt\/certificacionlaboral\/wp-content\/uploads\/2019\/10\/pearson-1.png\" alt=\"\" title=\"\" class=\"wp-image-687\" \/><\/span>\n\t\t\t<\/div>\n\t\t\t<\/div><div class=\"et_d4_element et_pb_column_1_6 et_pb_column et_pb_column_7  et_pb_css_mix_blend_mode et_block_column\">\n\t\t\t\t\n\t\t\t\t\n\t\t\t\t\n\t\t\t\t\n\t\t\t\t<div class=\"et_pb_module et_d4_element et_pb_image et_pb_image_5\">\n\t\t\t\t\n\t\t\t\t\n\t\t\t\t\n\t\t\t\t\n\t\t\t\t<span class=\"et_pb_image_wrap \"><img loading=\"lazy\" decoding=\"async\" width=\"150\" height=\"43\" src=\"https:\/\/intecap.edu.gt\/certificacionlaboral\/wp-content\/uploads\/2019\/10\/oracle-1.png\" alt=\"\" title=\"\" class=\"wp-image-686\" \/><\/span>\n\t\t\t<\/div>\n\t\t\t<\/div><div class=\"et_d4_element et_pb_column_1_6 et_pb_column et_pb_column_8  et_pb_css_mix_blend_mode et-last-child et_block_column\">\n\t\t\t\t\n\t\t\t\t\n\t\t\t\t\n\t\t\t\t\n\t\t\t\t<div class=\"et_pb_module et_d4_element et_pb_image et_pb_image_6\">\n\t\t\t\t\n\t\t\t\t\n\t\t\t\t\n\t\t\t\t\n\t\t\t\t<span class=\"et_pb_image_wrap \"><img loading=\"lazy\" decoding=\"async\" width=\"150\" height=\"35\" src=\"https:\/\/intecap.edu.gt\/certificacionlaboral\/wp-content\/uploads\/2019\/10\/microsoft-1.png\" alt=\"\" title=\"\" class=\"wp-image-685\" \/><\/span>\n\t\t\t<\/div>\n\t\t\t<\/div>\n\t\t\t\t\n\t\t\t\t\n\t\t\t\t\n\t\t\t\t\n\t\t\t<\/div><div class=\"et_d4_element et_pb_row et_pb_row_3  et_pb_css_mix_blend_mode et_block_row\">\n\t\t\t\t<div class=\"et_d4_element et_pb_column_1_6 et_pb_column et_pb_column_9  et_pb_css_mix_blend_mode et_block_column\">\n\t\t\t\t\n\t\t\t\t\n\t\t\t\t\n\t\t\t\t\n\t\t\t\t<div class=\"et_pb_module et_d4_element et_pb_image et_pb_image_7\">\n\t\t\t\t\n\t\t\t\t\n\t\t\t\t\n\t\t\t\t\n\t\t\t\t<span class=\"et_pb_image_wrap \"><img loading=\"lazy\" decoding=\"async\" width=\"150\" height=\"79\" src=\"https:\/\/intecap.edu.gt\/certificacionlaboral\/wp-content\/uploads\/2019\/10\/linux-1.png\" alt=\"\" title=\"\" class=\"wp-image-684\" \/><\/span>\n\t\t\t<\/div>\n\t\t\t<\/div><div class=\"et_d4_element et_pb_column_1_6 et_pb_column et_pb_column_10  et_pb_css_mix_blend_mode et_block_column\">\n\t\t\t\t\n\t\t\t\t\n\t\t\t\t\n\t\t\t\t\n\t\t\t\t<div class=\"et_pb_module et_d4_element et_pb_image et_pb_image_8\">\n\t\t\t\t\n\t\t\t\t\n\t\t\t\t\n\t\t\t\t\n\t\t\t\t<span class=\"et_pb_image_wrap \"><img loading=\"lazy\" decoding=\"async\" width=\"70\" height=\"109\" src=\"https:\/\/intecap.edu.gt\/certificacionlaboral\/wp-content\/uploads\/2019\/10\/java-1.png\" alt=\"\" title=\"\" class=\"wp-image-683\" \/><\/span>\n\t\t\t<\/div>\n\t\t\t<\/div><div class=\"et_d4_element et_pb_column_1_6 et_pb_column et_pb_column_11  et_pb_css_mix_blend_mode et_block_column\">\n\t\t\t\t\n\t\t\t\t\n\t\t\t\t\n\t\t\t\t\n\t\t\t\t<div class=\"et_pb_module et_d4_element et_pb_image et_pb_image_9\">\n\t\t\t\t\n\t\t\t\t\n\t\t\t\t\n\t\t\t\t\n\t\t\t\t<span class=\"et_pb_image_wrap \"><img loading=\"lazy\" decoding=\"async\" width=\"150\" height=\"25\" src=\"https:\/\/intecap.edu.gt\/certificacionlaboral\/wp-content\/uploads\/2019\/10\/fortinet-1.png\" alt=\"\" title=\"\" class=\"wp-image-682\" \/><\/span>\n\t\t\t<\/div>\n\t\t\t<\/div><div class=\"et_d4_element et_pb_column_1_6 et_pb_column et_pb_column_12  et_pb_css_mix_blend_mode et_block_column\">\n\t\t\t\t\n\t\t\t\t\n\t\t\t\t\n\t\t\t\t\n\t\t\t\t<div class=\"et_pb_module et_d4_element et_pb_image et_pb_image_10\">\n\t\t\t\t\n\t\t\t\t\n\t\t\t\t\n\t\t\t\t\n\t\t\t\t<span class=\"et_pb_image_wrap \"><img loading=\"lazy\" decoding=\"async\" width=\"100\" height=\"104\" src=\"https:\/\/intecap.edu.gt\/certificacionlaboral\/wp-content\/uploads\/2019\/10\/cisco-na-1.png\" alt=\"\" title=\"\" class=\"wp-image-681\" \/><\/span>\n\t\t\t<\/div>\n\t\t\t<\/div><div class=\"et_d4_element et_pb_column_1_6 et_pb_column et_pb_column_13  et_pb_css_mix_blend_mode et_block_column\">\n\t\t\t\t\n\t\t\t\t\n\t\t\t\t\n\t\t\t\t\n\t\t\t\t<div class=\"et_pb_module et_d4_element et_pb_image et_pb_image_11\">\n\t\t\t\t\n\t\t\t\t\n\t\t\t\t\n\t\t\t\t\n\t\t\t\t<span class=\"et_pb_image_wrap \"><img loading=\"lazy\" decoding=\"async\" width=\"150\" height=\"38\" src=\"https:\/\/intecap.edu.gt\/certificacionlaboral\/wp-content\/uploads\/2019\/10\/autodesk-intecap-1.png\" alt=\"\" title=\"\" class=\"wp-image-680\" \/><\/span>\n\t\t\t<\/div>\n\t\t\t<\/div><div class=\"et_d4_element et_pb_column_1_6 et_pb_column et_pb_column_14  et_pb_css_mix_blend_mode et-last-child et_block_column\">\n\t\t\t\t\n\t\t\t\t\n\t\t\t\t\n\t\t\t\t\n\t\t\t\t<div class=\"et_pb_module et_d4_element et_pb_image et_pb_image_12\">\n\t\t\t\t\n\t\t\t\t\n\t\t\t\t\n\t\t\t\t\n\t\t\t\t<span class=\"et_pb_image_wrap \"><img loading=\"lazy\" decoding=\"async\" width=\"150\" height=\"44\" src=\"https:\/\/intecap.edu.gt\/certificacionlaboral\/wp-content\/uploads\/2019\/10\/adobe-1.png\" alt=\"\" title=\"\" class=\"wp-image-679\" \/><\/span>\n\t\t\t<\/div>\n\t\t\t<\/div>\n\t\t\t\t\n\t\t\t\t\n\t\t\t\t\n\t\t\t\t\n\t\t\t<\/div>\n\t\t\t\t\n\t\t\t\t\n\t\t\t<\/div>\n","protected":false},"excerpt":{"rendered":"","protected":false},"author":1,"featured_media":0,"parent":0,"menu_order":0,"comment_status":"closed","ping_status":"closed","template":"","meta":{"_et_pb_use_builder":"on","_et_pb_old_content":"","_et_gb_content_width":"","footnotes":""},"class_list":["post-268","page","type-page","status-publish","hentry"],"_links":{"self":[{"href":"https:\/\/intecap.edu.gt\/certificacionlaboral\/wp-json\/wp\/v2\/pages\/268","targetHints":{"allow":["GET"]}}],"collection":[{"href":"https:\/\/intecap.edu.gt\/certificacionlaboral\/wp-json\/wp\/v2\/pages"}],"about":[{"href":"https:\/\/intecap.edu.gt\/certificacionlaboral\/wp-json\/wp\/v2\/types\/page"}],"author":[{"embeddable":true,"href":"https:\/\/intecap.edu.gt\/certificacionlaboral\/wp-json\/wp\/v2\/users\/1"}],"replies":[{"embeddable":true,"href":"https:\/\/intecap.edu.gt\/certificacionlaboral\/wp-json\/wp\/v2\/comments?post=268"}],"version-history":[{"count":9,"href":"https:\/\/intecap.edu.gt\/certificacionlaboral\/wp-json\/wp\/v2\/pages\/268\/revisions"}],"predecessor-version":[{"id":1015,"href":"https:\/\/intecap.edu.gt\/certificacionlaboral\/wp-json\/wp\/v2\/pages\/268\/revisions\/1015"}],"wp:attachment":[{"href":"https:\/\/intecap.edu.gt\/certificacionlaboral\/wp-json\/wp\/v2\/media?parent=268"}],"curies":[{"name":"wp","href":"https:\/\/api.w.org\/{rel}","templated":true}]}}