{"id":372,"date":"2019-10-17T14:23:04","date_gmt":"2019-10-17T20:23:04","guid":{"rendered":"https:\/\/intecap.edu.gt\/certificacionlaboral\/?page_id=372"},"modified":"2025-10-15T14:45:21","modified_gmt":"2025-10-15T20:45:21","slug":"operador-de-montacargas-de-combustion-gas-propano-glp","status":"publish","type":"page","link":"https:\/\/intecap.edu.gt\/certificacionlaboral\/sectorial-funcional\/operador-de-montacargas-de-combustion-gas-propano-glp\/","title":{"rendered":"Operador de Montacargas de Combusti\u00f3n Gas Propano \u2013 GLP*"},"content":{"rendered":"<p>[et_pb_section fb_built=\u00bb1&#8243; disabled_on=\u00bboff|off|off\u00bb admin_label=\u00bbOur Services\u00bb _builder_version=\u00bb4.16&#8243; custom_margin=\u00bb-58px|||||\u00bb custom_padding=\u00bb49px|0px|21px|0px||\u00bb saved_tabs=\u00bball\u00bb global_colors_info=\u00bb{}\u00bb][et_pb_row use_custom_gutter=\u00bbon\u00bb _builder_version=\u00bb4.20.4&#8243; background_enable_color=\u00bboff\u00bb background_image=\u00bbhttps:\/\/intecap.edu.gt\/certificacionlaboral\/wp-content\/uploads\/2019\/10\/video-overlay.jpg\u00bb parallax=\u00bbon\u00bb width=\u00bb100%\u00bb max_width=\u00bb1700px\u00bb global_colors_info=\u00bb{}\u00bb][et_pb_column type=\u00bb4_4&#8243; _builder_version=\u00bb4.16&#8243; global_colors_info=\u00bb{}\u00bb][et_pb_text _builder_version=\u00bb4.16&#8243; text_font=\u00bb|800|||||||\u00bb text_text_color=\u00bb#ffffff\u00bb header_font=\u00bb|800|||||||\u00bb header_text_color=\u00bb#ffffff\u00bb background_color=\u00bbrgba(0,0,0,0)\u00bb custom_margin=\u00bb-14px|||47px|false|false\u00bb custom_padding=\u00bb50px||28px||false|false\u00bb global_colors_info=\u00bb{}\u00bb]<\/p>\n<h1 style=\"text-align: left;\">CERTIFICACIONES SECTORIALES<\/h1>\n<p>[\/et_pb_text][\/et_pb_column][\/et_pb_row][et_pb_row use_custom_gutter=\u00bbon\u00bb _builder_version=\u00bb4.16&#8243; width=\u00bb100%\u00bb max_width=\u00bb1500px\u00bb global_colors_info=\u00bb{}\u00bb][et_pb_column type=\u00bb4_4&#8243; _builder_version=\u00bb4.16&#8243; global_colors_info=\u00bb{}\u00bb][et_pb_post_title meta=\u00bboff\u00bb _builder_version=\u00bb4.16&#8243; title_font=\u00bb|800|||||||\u00bb title_font_size=\u00bb33px\u00bb background_color=\u00bbrgba(0,0,0,0)\u00bb global_colors_info=\u00bb{}\u00bb][\/et_pb_post_title][\/et_pb_column][\/et_pb_row][\/et_pb_section][et_pb_section fb_built=\u00bb1&#8243; _builder_version=\u00bb4.16&#8243; custom_margin=\u00bb-49px|||||\u00bb custom_padding=\u00bb22px|||||\u00bb global_colors_info=\u00bb{}\u00bb][et_pb_row make_equal=\u00bbon\u00bb _builder_version=\u00bb4.16&#8243; width=\u00bb94%\u00bb max_width=\u00bb1500px\u00bb custom_margin=\u00bb11px|auto||auto||\u00bb global_colors_info=\u00bb{}\u00bb][et_pb_column type=\u00bb4_4&#8243; _builder_version=\u00bb4.16&#8243; global_colors_info=\u00bb{}\u00bb][et_pb_text _builder_version=\u00bb4.27.4&#8243; text_font=\u00bb|300|||||||\u00bb header_font=\u00bb||||||||\u00bb header_font_size=\u00bb33px\u00bb custom_margin=\u00bb||2px|||\u00bb hover_enabled=\u00bb0&#8243; global_colors_info=\u00bb{}\u00bb sticky_enabled=\u00bb0&#8243;]<\/p>\n<h5><strong>OBJETIVO DE LA CERTIFICACI\u00d3N<\/strong><\/h5>\n<h5>Evaluar y reconocer la experiencia de las personas que se desempe\u00f1an en la conducci\u00f3n y operaci\u00f3n del montacargas de combusti\u00f3n gas propano GLP y en la movilizaci\u00f3n de la carga.<\/h5>\n<h5>\u00a0<\/h5>\n<h5><strong>REQUISITOS<\/strong><\/h5>\n<h5>1. Ser mayor de edad<\/h5>\n<ul>\n<li>\n<h5>Presentar copia de DPI o pasaporte<\/h5>\n<\/li>\n<\/ul>\n<h5>2. Saber leer y escribir<\/h5>\n<ul>\n<li>\n<h5>Lo evidencia al llenar la solicitud de certificaci\u00f3n<\/h5>\n<\/li>\n<\/ul>\n<h5>3. Uno de los siguientes:<\/h5>\n<ul>\n<li>\n<h5>Experiencia laboral m\u00ednima de 6 meses con constancia laboral que acredite la experiencia en la operaci\u00f3n del montacarga de combusti\u00f3n gas propano GLP<\/h5>\n<\/li>\n<li>\n<h5>Constancia laboral que acredite 160 horas de operaci\u00f3n de montacargas + copia de constancias de capacitaci\u00f3n de 40 horas<\/h5>\n<\/li>\n<\/ul>\n<h5>4. Licencia tipo E vigente<\/h5>\n<h5>5. Llenar solicitud de certificaci\u00f3n<\/h5>\n<h5>6. Realizar pago del proceso por Q600.00<\/h5>\n<ul>\n<li>\n<h5>Despu\u00e9s de revisar sus documentos, el Intecap le indicar\u00e1 el medio y forma para realizar el pago<\/h5>\n<\/li>\n<li>\n<h5>El pago incluye la evaluaci\u00f3n y la emisi\u00f3n del certificado (si aprueba)<\/h5>\n<\/li>\n<\/ul>\n<h5><\/h5>\n<p>&nbsp;<\/p>\n<h5><strong>PROCESO DE EVALUACI\u00d3N<\/strong><\/h5>\n<h5>\u00a0<strong>a. Evaluaci\u00f3n de conocimientos:<\/strong><\/h5>\n<h5>\u00a0 \u00a0 \u00a0 Examen escrito con preguntas o tipo entrevista seg\u00fan las necesidades del candidato sobre temas relacionados con la especialidad.<\/h5>\n<h5>\u00a0 \u00a0 \u00a0 Tiempo para completar la evaluaci\u00f3n:\u00a0\u00a0\u00a0 45 minutos<\/h5>\n<h5><strong><\/strong><\/h5>\n<h5><strong>b. Evaluaci\u00f3n pr\u00e1ctica:<\/strong><\/h5>\n<h5>\u00a0 \u00a0 \u00a0 Ejercicio pr\u00e1ctico en el cual el candidato completa las siguientes actividades:<\/h5>\n<ul>\n<li style=\"list-style-type: none;\">\n<ul>\n<li>\n<h5>Verificar y acondicionar el equipo de protecci\u00f3n personal<\/h5>\n<\/li>\n<li>\n<h5>Verificar las condiciones f\u00edsicas y de funcionamiento del montacargas<\/h5>\n<\/li>\n<li>\n<h5>Verificar y acondicionar el \u00e1rea de trabajo<\/h5>\n<\/li>\n<li>\n<h5>Acondicionar las cargas<\/h5>\n<\/li>\n<li>\n<h5>Desestibar, trasladar, estibar la carga y estacionar el montacargas<\/h5>\n<\/li>\n<li>\n<h5>Cambio de cilindro de gas<\/h5>\n<\/li>\n<\/ul>\n<\/li>\n<\/ul>\n<h5>\u00a0 \u00a0 \u00a0 Tiempo para completar la evaluaci\u00f3n:\u00a0\u00a0\u00a0 2 horas con 45 minutos<\/h5>\n<h5>\u00a0<\/h5>\n<h5 style=\"text-align: justify;\"><strong>La informaci\u00f3n detallada se encuentra disponible en el esquema de certificaci\u00f3n correspondiente, <a href=\"https:\/\/intecap.edu.gt\/certificacionlaboral\/wp-content\/uploads\/2025\/09\/Esquema-de-certificacion-Operador-de-montacargas-gas-propano-GLP.pdf\" target=\"_blank\" rel=\"noopener\"><span style=\"color: #0000ff;\">clic aqu\u00ed para visualizarlo. <\/span><\/a><\/strong><\/h5>\n<h5 style=\"text-align: justify;\"><\/h5>\n<p>&nbsp;<\/p>\n<p>[\/et_pb_text][\/et_pb_column][\/et_pb_row][et_pb_row _builder_version=\u00bb4.16&#8243; max_width=\u00bb1500px\u00bb module_alignment=\u00bbcenter\u00bb global_colors_info=\u00bb{}\u00bb][et_pb_column type=\u00bb4_4&#8243; _builder_version=\u00bb4.16&#8243; global_colors_info=\u00bb{}\u00bb][et_pb_divider _builder_version=\u00bb4.16&#8243; _module_preset=\u00bbdefault\u00bb global_colors_info=\u00bb{}\u00bb][\/et_pb_divider][et_pb_text _builder_version=\u00bb4.16&#8243; text_font=\u00bb|700|||||||\u00bb header_font=\u00bb|600|||||||\u00bb global_colors_info=\u00bb{}\u00bb]<\/p>\n<h2>Otras Normas disponibles en Certificaci\u00f3n Sectorial que le pueden interesar:<\/h2>\n<p>[\/et_pb_text][et_pb_text _builder_version=\u00bb4.16&#8243; global_colors_info=\u00bb{}\u00bb]<\/p>\n<div class=\"pt-cv-wrapper et_smooth_scroll_disabled\"><div class=\"pt-cv-view pt-cv-grid pt-cv-colsys\" id=\"pt-cv-view-239efe40ml\"><div data-id=\"pt-cv-page-1\" class=\"pt-cv-page\" data-cvc=\"6\"><div class=\"col-md-2 col-sm-4 col-xs-12 pt-cv-content-item pt-cv-1-col\" ><div class='pt-cv-ifield'><a href=\"https:\/\/intecap.edu.gt\/certificacionlaboral\/sectorial-funcional\/agente-de-seguros-de-automoviles\/\" class=\"_self pt-cv-href-thumbnail pt-cv-thumb-default\" target=\"_self\" ><img loading=\"lazy\" decoding=\"async\" width=\"300\" height=\"75\" src=\"https:\/\/intecap.edu.gt\/certificacionlaboral\/wp-content\/uploads\/2023\/05\/seguros-autos-300x75.jpg\" class=\"pt-cv-thumbnail\" alt=\"\" \/><\/a>\n<h5 class=\"pt-cv-title\"><a href=\"https:\/\/intecap.edu.gt\/certificacionlaboral\/sectorial-funcional\/agente-de-seguros-de-automoviles\/\" class=\"_self\" target=\"_self\" >Ajustador de Seguros de Autom\u00f3viles<\/a><\/h5><\/div><\/div>\n<div class=\"col-md-2 col-sm-4 col-xs-12 pt-cv-content-item pt-cv-1-col\" ><div class='pt-cv-ifield'><a href=\"https:\/\/intecap.edu.gt\/certificacionlaboral\/sectorial-funcional\/auditor-de-calidad-de-vestuarios\/\" class=\"_self pt-cv-href-thumbnail pt-cv-thumb-default\" target=\"_self\" ><img loading=\"lazy\" decoding=\"async\" width=\"300\" height=\"75\" src=\"https:\/\/intecap.edu.gt\/certificacionlaboral\/wp-content\/uploads\/2019\/10\/auditor-vestuario-300x75.jpg\" class=\"pt-cv-thumbnail\" alt=\"\" \/><\/a>\n<h5 class=\"pt-cv-title\"><a href=\"https:\/\/intecap.edu.gt\/certificacionlaboral\/sectorial-funcional\/auditor-de-calidad-de-vestuarios\/\" class=\"_self\" target=\"_self\" >Auditor de Calidad de Vestuarios<\/a><\/h5><\/div><\/div>\n<div class=\"col-md-2 col-sm-4 col-xs-12 pt-cv-content-item pt-cv-1-col\" ><div class='pt-cv-ifield'><a href=\"https:\/\/intecap.edu.gt\/certificacionlaboral\/sectorial-funcional\/cocinero-gourmet\/\" class=\"_self pt-cv-href-thumbnail pt-cv-thumb-default\" target=\"_self\" ><img loading=\"lazy\" decoding=\"async\" width=\"300\" height=\"75\" src=\"https:\/\/intecap.edu.gt\/certificacionlaboral\/wp-content\/uploads\/2019\/10\/cocinero-cert-300x75.jpg\" class=\"pt-cv-thumbnail\" alt=\"\" \/><\/a>\n<h5 class=\"pt-cv-title\"><a href=\"https:\/\/intecap.edu.gt\/certificacionlaboral\/sectorial-funcional\/cocinero-gourmet\/\" class=\"_self\" target=\"_self\" >Cocinero<\/a><\/h5><\/div><\/div>\n<div class=\"col-md-2 col-sm-4 col-xs-12 pt-cv-content-item pt-cv-1-col\" ><div class='pt-cv-ifield'><a href=\"https:\/\/intecap.edu.gt\/certificacionlaboral\/sectorial-funcional\/intermediario-autos\/\" class=\"_self pt-cv-href-thumbnail pt-cv-thumb-default\" target=\"_self\" ><img loading=\"lazy\" decoding=\"async\" width=\"300\" height=\"75\" src=\"https:\/\/intecap.edu.gt\/certificacionlaboral\/wp-content\/uploads\/2023\/09\/intermediario-auto-300x75.jpg\" class=\"pt-cv-thumbnail\" alt=\"\" \/><\/a>\n<h5 class=\"pt-cv-title\"><a href=\"https:\/\/intecap.edu.gt\/certificacionlaboral\/sectorial-funcional\/intermediario-autos\/\" class=\"_self\" target=\"_self\" >Intermediario de seguros de autom\u00f3viles<\/a><\/h5><\/div><\/div>\n<div class=\"col-md-2 col-sm-4 col-xs-12 pt-cv-content-item pt-cv-1-col\" ><div class='pt-cv-ifield'><a href=\"https:\/\/intecap.edu.gt\/certificacionlaboral\/sectorial-funcional\/seguros-vcolectiva\/\" class=\"_self pt-cv-href-thumbnail pt-cv-thumb-default\" target=\"_self\" ><img loading=\"lazy\" decoding=\"async\" width=\"300\" height=\"64\" src=\"https:\/\/intecap.edu.gt\/certificacionlaboral\/wp-content\/uploads\/2023\/09\/intermediario-vidacol-300x64.jpg\" class=\"pt-cv-thumbnail\" alt=\"\" \/><\/a>\n<h5 class=\"pt-cv-title\"><a href=\"https:\/\/intecap.edu.gt\/certificacionlaboral\/sectorial-funcional\/seguros-vcolectiva\/\" class=\"_self\" target=\"_self\" >Intermediario de seguros vida colectiva<\/a><\/h5><\/div><\/div>\n<div class=\"col-md-2 col-sm-4 col-xs-12 pt-cv-content-item pt-cv-1-col\" ><div class='pt-cv-ifield'><a href=\"https:\/\/intecap.edu.gt\/certificacionlaboral\/sectorial-funcional\/seguros-vidaind\/\" class=\"_self pt-cv-href-thumbnail pt-cv-thumb-default\" target=\"_self\" ><img loading=\"lazy\" decoding=\"async\" width=\"300\" height=\"64\" src=\"https:\/\/intecap.edu.gt\/certificacionlaboral\/wp-content\/uploads\/2023\/09\/intermediario-vida-300x64.jpg\" class=\"pt-cv-thumbnail\" alt=\"\" \/><\/a>\n<h5 class=\"pt-cv-title\"><a href=\"https:\/\/intecap.edu.gt\/certificacionlaboral\/sectorial-funcional\/seguros-vidaind\/\" class=\"_self\" target=\"_self\" >Intermediario de seguros vida individual<\/a><\/h5><\/div><\/div>\n<div class=\"col-md-2 col-sm-4 col-xs-12 pt-cv-content-item pt-cv-1-col\" ><div class='pt-cv-ifield'><a href=\"https:\/\/intecap.edu.gt\/certificacionlaboral\/sectorial-funcional\/operador-de-cabezal-portuario\/\" class=\"_self pt-cv-href-thumbnail pt-cv-thumb-default\" target=\"_self\" ><img loading=\"lazy\" decoding=\"async\" width=\"300\" height=\"75\" src=\"https:\/\/intecap.edu.gt\/certificacionlaboral\/wp-content\/uploads\/2019\/10\/operador-portuario-300x75.jpg\" class=\"pt-cv-thumbnail\" alt=\"\" \/><\/a>\n<h5 class=\"pt-cv-title\"><a href=\"https:\/\/intecap.edu.gt\/certificacionlaboral\/sectorial-funcional\/operador-de-cabezal-portuario\/\" class=\"_self\" target=\"_self\" >Operador de Cabezal Portuario<\/a><\/h5><\/div><\/div>\n<div class=\"col-md-2 col-sm-4 col-xs-12 pt-cv-content-item pt-cv-1-col\" ><div class='pt-cv-ifield'><a href=\"https:\/\/intecap.edu.gt\/certificacionlaboral\/sectorial-funcional\/operador-de-montacargas-de-combustion-gas-propano-glp\/\" class=\"_self pt-cv-href-thumbnail pt-cv-thumb-default\" target=\"_self\" ><img loading=\"lazy\" decoding=\"async\" width=\"300\" height=\"75\" src=\"https:\/\/intecap.edu.gt\/certificacionlaboral\/wp-content\/uploads\/2021\/09\/operador-propano1-300x75.jpg\" class=\"pt-cv-thumbnail\" alt=\"\" \/><\/a>\n<h5 class=\"pt-cv-title\"><a href=\"https:\/\/intecap.edu.gt\/certificacionlaboral\/sectorial-funcional\/operador-de-montacargas-de-combustion-gas-propano-glp\/\" class=\"_self\" target=\"_self\" >Operador de Montacargas de Combusti\u00f3n Gas Propano \u2013 GLP*<\/a><\/h5><\/div><\/div>\n<div class=\"col-md-2 col-sm-4 col-xs-12 pt-cv-content-item pt-cv-1-col\" ><div class='pt-cv-ifield'><a href=\"https:\/\/intecap.edu.gt\/certificacionlaboral\/sectorial-funcional\/operador-de-montacargas-de-combustion-gasolina-o-diesel\/\" class=\"_self pt-cv-href-thumbnail pt-cv-thumb-default\" target=\"_self\" ><img loading=\"lazy\" decoding=\"async\" width=\"300\" height=\"75\" src=\"https:\/\/intecap.edu.gt\/certificacionlaboral\/wp-content\/uploads\/2019\/10\/operador-electrico-300x75.jpg\" class=\"pt-cv-thumbnail\" alt=\"\" \/><\/a>\n<h5 class=\"pt-cv-title\"><a href=\"https:\/\/intecap.edu.gt\/certificacionlaboral\/sectorial-funcional\/operador-de-montacargas-de-combustion-gasolina-o-diesel\/\" class=\"_self\" target=\"_self\" >Operador de Montacargas de Combusti\u00f3n Gasolina o Di\u00e9sel*<\/a><\/h5><\/div><\/div>\n<div class=\"col-md-2 col-sm-4 col-xs-12 pt-cv-content-item pt-cv-1-col\" ><div class='pt-cv-ifield'><a href=\"https:\/\/intecap.edu.gt\/certificacionlaboral\/sectorial-funcional\/operador-de-montacargas-electrico\/\" class=\"_self pt-cv-href-thumbnail pt-cv-thumb-default\" target=\"_self\" ><img loading=\"lazy\" decoding=\"async\" width=\"300\" height=\"75\" src=\"https:\/\/intecap.edu.gt\/certificacionlaboral\/wp-content\/uploads\/2019\/10\/operador-gasolina-300x75.jpg\" class=\"pt-cv-thumbnail\" alt=\"\" \/><\/a>\n<h5 class=\"pt-cv-title\"><a href=\"https:\/\/intecap.edu.gt\/certificacionlaboral\/sectorial-funcional\/operador-de-montacargas-electrico\/\" class=\"_self\" target=\"_self\" >Operador de Montacargas El\u00e9ctrico*<\/a><\/h5><\/div><\/div>\n<div class=\"col-md-2 col-sm-4 col-xs-12 pt-cv-content-item pt-cv-1-col\" ><div class='pt-cv-ifield'><a href=\"https:\/\/intecap.edu.gt\/certificacionlaboral\/sectorial-funcional\/operadorreachstacker\/\" class=\"_self pt-cv-href-thumbnail pt-cv-thumb-default\" target=\"_self\" ><img loading=\"lazy\" decoding=\"async\" width=\"300\" height=\"75\" src=\"https:\/\/intecap.edu.gt\/certificacionlaboral\/wp-content\/uploads\/2019\/10\/operador-reachstacker-300x75.jpg\" class=\"pt-cv-thumbnail\" alt=\"\" \/><\/a>\n<h5 class=\"pt-cv-title\"><a href=\"https:\/\/intecap.edu.gt\/certificacionlaboral\/sectorial-funcional\/operadorreachstacker\/\" class=\"_self\" target=\"_self\" >Operador de Portacontenedores Reach Stacker<\/a><\/h5><\/div><\/div>\n<div class=\"col-md-2 col-sm-4 col-xs-12 pt-cv-content-item pt-cv-1-col\" ><div class='pt-cv-ifield'><a href=\"https:\/\/intecap.edu.gt\/certificacionlaboral\/sectorial-funcional\/operadorsideloader\/\" class=\"_self pt-cv-href-thumbnail pt-cv-thumb-default\" target=\"_self\" ><img loading=\"lazy\" decoding=\"async\" width=\"300\" height=\"75\" src=\"https:\/\/intecap.edu.gt\/certificacionlaboral\/wp-content\/uploads\/2019\/10\/operador-sideloader-1-300x75.jpg\" class=\"pt-cv-thumbnail\" alt=\"\" \/><\/a>\n<h5 class=\"pt-cv-title\"><a href=\"https:\/\/intecap.edu.gt\/certificacionlaboral\/sectorial-funcional\/operadorsideloader\/\" class=\"_self\" target=\"_self\" >Operador de Portacontenedores Side Loader<\/a><\/h5><\/div><\/div>\n<div class=\"col-md-2 col-sm-4 col-xs-12 pt-cv-content-item pt-cv-1-col\" ><div class='pt-cv-ifield'><a href=\"https:\/\/intecap.edu.gt\/certificacionlaboral\/sectorial-funcional\/operadortoaploader\/\" class=\"_self pt-cv-href-thumbnail pt-cv-thumb-default\" target=\"_self\" ><img loading=\"lazy\" decoding=\"async\" width=\"300\" height=\"75\" src=\"https:\/\/intecap.edu.gt\/certificacionlaboral\/wp-content\/uploads\/2019\/10\/operador-toaploader-300x75.jpg\" class=\"pt-cv-thumbnail\" alt=\"\" \/><\/a>\n<h5 class=\"pt-cv-title\"><a href=\"https:\/\/intecap.edu.gt\/certificacionlaboral\/sectorial-funcional\/operadortoaploader\/\" class=\"_self\" target=\"_self\" >Operador de Portacontenedores Toap Loader<\/a><\/h5><\/div><\/div>\n<div class=\"col-md-2 col-sm-4 col-xs-12 pt-cv-content-item pt-cv-1-col\" ><div class='pt-cv-ifield'><a href=\"https:\/\/intecap.edu.gt\/certificacionlaboral\/sectorial-funcional\/suscriptorautomoviles\/\" class=\"_self pt-cv-href-thumbnail pt-cv-thumb-default\" target=\"_self\" ><img loading=\"lazy\" decoding=\"async\" width=\"300\" height=\"75\" src=\"https:\/\/intecap.edu.gt\/certificacionlaboral\/wp-content\/uploads\/2023\/04\/suscriptor-seguros-300x75.jpg\" class=\"pt-cv-thumbnail\" alt=\"\" \/><\/a>\n<h5 class=\"pt-cv-title\"><a href=\"https:\/\/intecap.edu.gt\/certificacionlaboral\/sectorial-funcional\/suscriptorautomoviles\/\" class=\"_self\" target=\"_self\" >Suscriptor de Seguros de Autom\u00f3viles<\/a><\/h5><\/div><\/div>\n<div class=\"col-md-2 col-sm-4 col-xs-12 pt-cv-content-item pt-cv-1-col\" ><div class='pt-cv-ifield'><a href=\"https:\/\/intecap.edu.gt\/certificacionlaboral\/sectorial-funcional\/suscriptorvidacolectiva\/\" class=\"_self pt-cv-href-thumbnail pt-cv-thumb-default\" target=\"_self\" ><img loading=\"lazy\" decoding=\"async\" width=\"300\" height=\"75\" src=\"https:\/\/intecap.edu.gt\/certificacionlaboral\/wp-content\/uploads\/2023\/04\/suscriptor-colectiva-300x75.jpg\" class=\"pt-cv-thumbnail\" alt=\"\" \/><\/a>\n<h5 class=\"pt-cv-title\"><a href=\"https:\/\/intecap.edu.gt\/certificacionlaboral\/sectorial-funcional\/suscriptorvidacolectiva\/\" class=\"_self\" target=\"_self\" >Suscriptor de Seguros de Vida Colectiva<\/a><\/h5><\/div><\/div>\n<div class=\"col-md-2 col-sm-4 col-xs-12 pt-cv-content-item pt-cv-1-col\" ><div class='pt-cv-ifield'><a href=\"https:\/\/intecap.edu.gt\/certificacionlaboral\/sectorial-funcional\/suscriptorvidaindividual\/\" class=\"_self pt-cv-href-thumbnail pt-cv-thumb-default\" target=\"_self\" ><img loading=\"lazy\" decoding=\"async\" width=\"300\" height=\"75\" src=\"https:\/\/intecap.edu.gt\/certificacionlaboral\/wp-content\/uploads\/2019\/10\/suscriptor-individual-300x75.jpg\" class=\"pt-cv-thumbnail\" alt=\"\" \/><\/a>\n<h5 class=\"pt-cv-title\"><a href=\"https:\/\/intecap.edu.gt\/certificacionlaboral\/sectorial-funcional\/suscriptorvidaindividual\/\" class=\"_self\" target=\"_self\" >Suscriptor de Seguros de Vida Individual<\/a><\/h5><\/div><\/div><\/div><\/div><\/div>\n<p>[\/et_pb_text][\/et_pb_column][\/et_pb_row][\/et_pb_section]<\/p>\n","protected":false},"excerpt":{"rendered":"<p>CERTIFICACIONES SECTORIALESOBJETIVO DE LA CERTIFICACI\u00d3N Evaluar y reconocer la experiencia de las personas que se desempe\u00f1an en la conducci\u00f3n y operaci\u00f3n del montacargas de combusti\u00f3n gas propano GLP y en la movilizaci\u00f3n de la carga. \u00a0 REQUISITOS 1. Ser mayor de edad Presentar copia de DPI o pasaporte 2. Saber leer y escribir Lo evidencia [&hellip;]<\/p>\n","protected":false},"author":1,"featured_media":1055,"parent":119,"menu_order":0,"comment_status":"closed","ping_status":"closed","template":"","meta":{"_et_pb_use_builder":"on","_et_pb_old_content":"","_et_gb_content_width":"","footnotes":""},"class_list":["post-372","page","type-page","status-publish","has-post-thumbnail","hentry"],"_links":{"self":[{"href":"https:\/\/intecap.edu.gt\/certificacionlaboral\/wp-json\/wp\/v2\/pages\/372","targetHints":{"allow":["GET"]}}],"collection":[{"href":"https:\/\/intecap.edu.gt\/certificacionlaboral\/wp-json\/wp\/v2\/pages"}],"about":[{"href":"https:\/\/intecap.edu.gt\/certificacionlaboral\/wp-json\/wp\/v2\/types\/page"}],"author":[{"embeddable":true,"href":"https:\/\/intecap.edu.gt\/certificacionlaboral\/wp-json\/wp\/v2\/users\/1"}],"replies":[{"embeddable":true,"href":"https:\/\/intecap.edu.gt\/certificacionlaboral\/wp-json\/wp\/v2\/comments?post=372"}],"version-history":[{"count":27,"href":"https:\/\/intecap.edu.gt\/certificacionlaboral\/wp-json\/wp\/v2\/pages\/372\/revisions"}],"predecessor-version":[{"id":2508,"href":"https:\/\/intecap.edu.gt\/certificacionlaboral\/wp-json\/wp\/v2\/pages\/372\/revisions\/2508"}],"up":[{"embeddable":true,"href":"https:\/\/intecap.edu.gt\/certificacionlaboral\/wp-json\/wp\/v2\/pages\/119"}],"wp:featuredmedia":[{"embeddable":true,"href":"https:\/\/intecap.edu.gt\/certificacionlaboral\/wp-json\/wp\/v2\/media\/1055"}],"wp:attachment":[{"href":"https:\/\/intecap.edu.gt\/certificacionlaboral\/wp-json\/wp\/v2\/media?parent=372"}],"curies":[{"name":"wp","href":"https:\/\/api.w.org\/{rel}","templated":true}]}}