{"id":378,"date":"2019-10-17T14:38:54","date_gmt":"2019-10-17T20:38:54","guid":{"rendered":"https:\/\/intecap.edu.gt\/certificacionlaboral\/?page_id=378"},"modified":"2025-10-15T15:06:23","modified_gmt":"2025-10-15T21:06:23","slug":"operador-de-montacargas-de-combustion-gasolina-o-diesel","status":"publish","type":"page","link":"https:\/\/intecap.edu.gt\/certificacionlaboral\/sectorial-funcional\/operador-de-montacargas-de-combustion-gasolina-o-diesel\/","title":{"rendered":"Operador de Montacargas de Combusti\u00f3n Gasolina o Di\u00e9sel*"},"content":{"rendered":"<p><div class=\"et_d4_element et_pb_section et_pb_section_0  et_pb_css_mix_blend_mode et_section_regular et_block_section\" >\n\t\t\t\t\n\t\t\t\t\n\t\t\t\t\n\t\t\t\t\n\t\t\t\t\n\t\t\t\t\n\t\t\t\t<div class=\"et_d4_element et_pb_row et_pb_row_0 et_pb_gutters3 et_pb_section_parallax  et_pb_css_mix_blend_mode et_block_row\">\n\t\t\t\t<div class=\"et_d4_element et_pb_column_4_4 et_pb_column et_pb_column_0  et_pb_css_mix_blend_mode et-last-child et_block_column\">\n\t\t\t\t\n\t\t\t\t\n\t\t\t\t\n\t\t\t\t\n\t\t\t\t<div class=\"et_pb_module et_d4_element et_pb_text et_pb_text_0  et_pb_text_align_left et_pb_bg_layout_light\">\n\t\t\t\t\n\t\t\t\t\n\t\t\t\t\n\t\t\t\t\n\t\t\t\t<div class=\"et_pb_text_inner\"><h1 style=\"text-align: left;\">CERTIFICACIONES SECTORIALES<\/h1><\/div>\n\t\t\t<\/div>\n\t\t\t<\/div>\n\t\t\t\t<span class=\"et_parallax_bg_wrap et-pb-parallax-wrapper\"><span\n\t\t\t\t\t\tclass=\"et_parallax_bg et_parallax_bg--et_pb_row_0\"\n\t\t\t\t\t\tstyle=\"background-image: url(https:\/\/intecap.edu.gt\/certificacionlaboral\/wp-content\/uploads\/2019\/10\/video-overlay.jpg);\"\n\t\t\t\t\t><\/span><\/span>\n\t\t\t\t\n\t\t\t\t\n\t\t\t\t\n\t\t\t<\/div><div class=\"et_d4_element et_pb_row et_pb_row_1 et_pb_gutters3  et_pb_css_mix_blend_mode et_block_row\">\n\t\t\t\t<div class=\"et_d4_element et_pb_column_4_4 et_pb_column et_pb_column_1  et_pb_css_mix_blend_mode et-last-child et_block_column\">\n\t\t\t\t\n\t\t\t\t\n\t\t\t\t\n\t\t\t\t\n\t\t\t\t<div class=\"et_pb_module et_d4_element et_pb_post_title et_pb_post_title_0 et_pb_bg_layout_light  et_pb_text_align_left\"   >\n\t\t\t\t\n\t\t\t\t\n\t\t\t\t\n\t\t\t\t\n\t\t\t\t\n\t\t\t\t<div class=\"et_pb_title_container\">\n\t\t\t\t\t<h1 class=\"entry-title\"><\/h1>\n\t\t\t\t<\/div>\n\t\t\t\t\n\t\t\t<\/div>\n\t\t\t<\/div>\n\t\t\t\t\n\t\t\t\t\n\t\t\t\t\n\t\t\t\t\n\t\t\t<\/div>\n\t\t\t\t\n\t\t\t\t\n\t\t\t<\/div><div class=\"et_d4_element et_pb_section et_pb_section_1  et_pb_css_mix_blend_mode et_section_regular et_block_section\" >\n\t\t\t\t\n\t\t\t\t\n\t\t\t\t\n\t\t\t\t\n\t\t\t\t\n\t\t\t\t\n\t\t\t\t<div class=\"et_d4_element et_pb_row et_pb_row_2 et_pb_equal_columns  et_pb_css_mix_blend_mode et_block_row\">\n\t\t\t\t<div class=\"et_d4_element et_pb_column_4_4 et_pb_column et_pb_column_2  et_pb_css_mix_blend_mode et-last-child et_block_column\">\n\t\t\t\t\n\t\t\t\t\n\t\t\t\t\n\t\t\t\t\n\t\t\t\t<div class=\"et_pb_module et_d4_element et_pb_text et_pb_text_1  et_pb_text_align_left et_pb_bg_layout_light\">\n\t\t\t\t\n\t\t\t\t\n\t\t\t\t\n\t\t\t\t\n\t\t\t\t<div class=\"et_pb_text_inner\"><h5><strong>OBJETIVO DE LA CERTIFICACI\u00d3N<\/strong><\/h5>\n<h5>\u00a0Evaluar y reconocer la experiencia de las personas que se desempe\u00f1an en la conducci\u00f3n y operaci\u00f3n del montacargas de combusti\u00f3n gasolina o di\u00e9sel y en la movilizaci\u00f3n de la carga.<\/h5>\n<h5>\u00a0<\/h5>\n<h5><strong>REQUISITOS:<\/strong><\/h5>\n<h5>\u00a01. Ser mayor de edad<\/h5>\n<ul>\n<li>\n<h5>Presentar copia de DPI o pasaporte<\/h5>\n<\/li>\n<\/ul>\n<h5>2. Saber leer y escribir<\/h5>\n<ul>\n<li>\n<h5>Lo evidencia al llenar la solicitud de certificaci\u00f3n<\/h5>\n<\/li>\n<\/ul>\n<h5>3. Uno de los siguientes:<\/h5>\n<ul>\n<li>\n<h5>Experiencia laboral m\u00ednima de 6 meses con constancia laboral que acredite la experiencia en la operaci\u00f3n del montacarga de combusti\u00f3n gas propano GLP<\/h5>\n<\/li>\n<li>\n<h5>Constancia laboral que acredite 160 horas de operaci\u00f3n de montacargas + copia de constancias de capacitaci\u00f3n de 40 horas<\/h5>\n<\/li>\n<\/ul>\n<h5>4. Licencia tipo E vigente<\/h5>\n<h5>5. Llenar solicitud de certificaci\u00f3n<\/h5>\n<h5>6. Realizar pago del proceso por Q600.00<\/h5>\n<ul>\n<li>\n<h5>Despu\u00e9s de revisar sus documentos, el Intecap le indicar\u00e1 el medio y forma para realizar el pago<\/h5>\n<\/li>\n<li>\n<h5>El pago incluye la evaluaci\u00f3n y la emisi\u00f3n del certificado (si aprueba)<\/h5>\n<\/li>\n<\/ul>\n<h5>\u00a0<\/h5>\n<h5><strong>PROCESO DE EVALUACI\u00d3N<\/strong><\/h5>\n<h5>\u00a0<\/h5>\n<h5><strong>a. Evaluaci\u00f3n de conocimientos:<\/strong><\/h5>\n<h5>\u00a0 \u00a0 \u00a0Examen escrito con preguntas o tipo entrevista seg\u00fan las necesidades del candidato sobre temas relacionados con la especialidad.<\/h5>\n<h5>\u00a0 \u00a0 \u00a0Tiempo para completar la evaluaci\u00f3n:\u00a0\u00a0\u00a0 45 minutos<\/h5>\n<h5><\/h5>\n<h5><strong>b. Evaluaci\u00f3n pr\u00e1ctica:<\/strong><\/h5>\n<h5>\u00a0 \u00a0 \u00a0Ejercicio pr\u00e1ctico en el cual el candidato completa las siguientes actividades:<\/h5>\n<ul>\n<li>\n<h5>Verificar y acondicionar el equipo de protecci\u00f3n personal<\/h5>\n<\/li>\n<li>\n<h5>Verificar las condiciones f\u00edsicas y de funcionamiento del montacargas<\/h5>\n<\/li>\n<li>\n<h5>Verificar y acondicionar el \u00e1rea de trabajo<\/h5>\n<\/li>\n<li>\n<h5>Acondicionar las cargas<\/h5>\n<\/li>\n<li>\n<h5>Desestibar, trasladar, estibar<\/h5>\n<\/li>\n<li>\n<h5>Recargar combustible<\/h5>\n<\/li>\n<\/ul>\n<h5>\u00a0 \u00a0 \u00a0Tiempo para completar la evaluaci\u00f3n:\u00a0\u00a0\u00a0 2 horas con 45 minutos<\/h5>\n<h5>\u00a0<\/h5>\n<h5><strong>La informaci\u00f3n detallada se encuentra disponible en el esquema de certificaci\u00f3n correspondiente,<a href=\"https:\/\/intecap.edu.gt\/certificacionlaboral\/wp-content\/uploads\/2025\/09\/Esquema-de-certificacion-Operador-de-montacargas-gasolina-diesel.pdf\" target=\"_blank\" rel=\"noopener\"><span style=\"color: #0000ff;\"> clic aqu\u00ed para visualizarlo.<\/span><\/a><\/strong><\/h5><\/div>\n\t\t\t<\/div>\n\t\t\t<\/div>\n\t\t\t\t\n\t\t\t\t\n\t\t\t\t\n\t\t\t\t\n\t\t\t<\/div><div class=\"et_d4_element et_pb_row et_pb_row_3  et_pb_css_mix_blend_mode et_block_row\">\n\t\t\t\t<div class=\"et_d4_element et_pb_column_4_4 et_pb_column et_pb_column_3  et_pb_css_mix_blend_mode et-last-child et_block_column\">\n\t\t\t\t\n\t\t\t\t\n\t\t\t\t\n\t\t\t\t\n\t\t\t\t<div class=\"et_pb_module et_d4_element et_pb_divider et_pb_divider_0 et_pb_space\"><div class=\"et_pb_divider_internal\"><\/div><\/div>\n\t\t\t<\/div>\n\t\t\t\t\n\t\t\t\t\n\t\t\t\t\n\t\t\t\t\n\t\t\t<\/div><div class=\"et_d4_element et_pb_row et_pb_row_4  et_pb_css_mix_blend_mode et_block_row\">\n\t\t\t\t<div class=\"et_d4_element et_pb_column_4_4 et_pb_column et_pb_column_4  et_pb_css_mix_blend_mode et-last-child et_block_column\">\n\t\t\t\t\n\t\t\t\t\n\t\t\t\t\n\t\t\t\t\n\t\t\t\t<div class=\"et_pb_module et_d4_element et_pb_text et_pb_text_2  et_pb_text_align_left et_pb_bg_layout_light\">\n\t\t\t\t\n\t\t\t\t\n\t\t\t\t\n\t\t\t\t\n\t\t\t\t<div class=\"et_pb_text_inner\"><h2>Otras Normas disponibles en Certificaci\u00f3n Sectorial que le pueden interesar:<\/h2><\/div>\n\t\t\t<\/div><div class=\"et_pb_module et_d4_element et_pb_text et_pb_text_3  et_pb_text_align_left et_pb_bg_layout_light\">\n\t\t\t\t\n\t\t\t\t\n\t\t\t\t\n\t\t\t\t\n\t\t\t\t<div class=\"et_pb_text_inner\"><div class=\"pt-cv-wrapper et_smooth_scroll_disabled\"><div class=\"pt-cv-view pt-cv-grid pt-cv-colsys\" id=\"pt-cv-view-239efe40ml\"><div data-id=\"pt-cv-page-1\" class=\"pt-cv-page\" data-cvc=\"6\"><div class=\"col-md-2 col-sm-4 col-xs-12 pt-cv-content-item pt-cv-1-col\" ><div class='pt-cv-ifield'><a href=\"https:\/\/intecap.edu.gt\/certificacionlaboral\/sectorial-funcional\/agente-de-seguros-de-automoviles\/\" class=\"_self pt-cv-href-thumbnail pt-cv-thumb-default\" target=\"_self\" ><img loading=\"lazy\" decoding=\"async\" width=\"300\" height=\"75\" src=\"https:\/\/intecap.edu.gt\/certificacionlaboral\/wp-content\/uploads\/2023\/05\/seguros-autos-300x75.jpg\" class=\"pt-cv-thumbnail\" alt=\"\" \/><\/a>\n<h5 class=\"pt-cv-title\"><a href=\"https:\/\/intecap.edu.gt\/certificacionlaboral\/sectorial-funcional\/agente-de-seguros-de-automoviles\/\" class=\"_self\" target=\"_self\" >Ajustador de Seguros de Autom\u00f3viles<\/a><\/h5><\/div><\/div>\n<div class=\"col-md-2 col-sm-4 col-xs-12 pt-cv-content-item pt-cv-1-col\" ><div class='pt-cv-ifield'><a href=\"https:\/\/intecap.edu.gt\/certificacionlaboral\/sectorial-funcional\/auditor-de-calidad-de-vestuarios\/\" class=\"_self pt-cv-href-thumbnail pt-cv-thumb-default\" target=\"_self\" ><img loading=\"lazy\" decoding=\"async\" width=\"300\" height=\"75\" src=\"https:\/\/intecap.edu.gt\/certificacionlaboral\/wp-content\/uploads\/2019\/10\/auditor-vestuario-300x75.jpg\" class=\"pt-cv-thumbnail\" alt=\"\" \/><\/a>\n<h5 class=\"pt-cv-title\"><a href=\"https:\/\/intecap.edu.gt\/certificacionlaboral\/sectorial-funcional\/auditor-de-calidad-de-vestuarios\/\" class=\"_self\" target=\"_self\" >Auditor de Calidad de Vestuarios<\/a><\/h5><\/div><\/div>\n<div class=\"col-md-2 col-sm-4 col-xs-12 pt-cv-content-item pt-cv-1-col\" ><div class='pt-cv-ifield'><a href=\"https:\/\/intecap.edu.gt\/certificacionlaboral\/sectorial-funcional\/cocinero-gourmet\/\" class=\"_self pt-cv-href-thumbnail pt-cv-thumb-default\" target=\"_self\" ><img loading=\"lazy\" decoding=\"async\" width=\"300\" height=\"75\" src=\"https:\/\/intecap.edu.gt\/certificacionlaboral\/wp-content\/uploads\/2019\/10\/cocinero-cert-300x75.jpg\" class=\"pt-cv-thumbnail\" alt=\"\" \/><\/a>\n<h5 class=\"pt-cv-title\"><a href=\"https:\/\/intecap.edu.gt\/certificacionlaboral\/sectorial-funcional\/cocinero-gourmet\/\" class=\"_self\" target=\"_self\" >Cocinero<\/a><\/h5><\/div><\/div>\n<div class=\"col-md-2 col-sm-4 col-xs-12 pt-cv-content-item pt-cv-1-col\" ><div class='pt-cv-ifield'><a href=\"https:\/\/intecap.edu.gt\/certificacionlaboral\/sectorial-funcional\/intermediario-autos\/\" class=\"_self pt-cv-href-thumbnail pt-cv-thumb-default\" target=\"_self\" ><img loading=\"lazy\" decoding=\"async\" width=\"300\" height=\"75\" src=\"https:\/\/intecap.edu.gt\/certificacionlaboral\/wp-content\/uploads\/2023\/09\/intermediario-auto-300x75.jpg\" class=\"pt-cv-thumbnail\" alt=\"\" \/><\/a>\n<h5 class=\"pt-cv-title\"><a href=\"https:\/\/intecap.edu.gt\/certificacionlaboral\/sectorial-funcional\/intermediario-autos\/\" class=\"_self\" target=\"_self\" >Intermediario de seguros de autom\u00f3viles<\/a><\/h5><\/div><\/div>\n<div class=\"col-md-2 col-sm-4 col-xs-12 pt-cv-content-item pt-cv-1-col\" ><div class='pt-cv-ifield'><a href=\"https:\/\/intecap.edu.gt\/certificacionlaboral\/sectorial-funcional\/seguros-vcolectiva\/\" class=\"_self pt-cv-href-thumbnail pt-cv-thumb-default\" target=\"_self\" ><img loading=\"lazy\" decoding=\"async\" width=\"300\" height=\"64\" src=\"https:\/\/intecap.edu.gt\/certificacionlaboral\/wp-content\/uploads\/2023\/09\/intermediario-vidacol-300x64.jpg\" class=\"pt-cv-thumbnail\" alt=\"\" \/><\/a>\n<h5 class=\"pt-cv-title\"><a href=\"https:\/\/intecap.edu.gt\/certificacionlaboral\/sectorial-funcional\/seguros-vcolectiva\/\" class=\"_self\" target=\"_self\" >Intermediario de seguros vida colectiva<\/a><\/h5><\/div><\/div>\n<div class=\"col-md-2 col-sm-4 col-xs-12 pt-cv-content-item pt-cv-1-col\" ><div class='pt-cv-ifield'><a href=\"https:\/\/intecap.edu.gt\/certificacionlaboral\/sectorial-funcional\/seguros-vidaind\/\" class=\"_self pt-cv-href-thumbnail pt-cv-thumb-default\" target=\"_self\" ><img loading=\"lazy\" decoding=\"async\" width=\"300\" height=\"64\" src=\"https:\/\/intecap.edu.gt\/certificacionlaboral\/wp-content\/uploads\/2023\/09\/intermediario-vida-300x64.jpg\" class=\"pt-cv-thumbnail\" alt=\"\" \/><\/a>\n<h5 class=\"pt-cv-title\"><a href=\"https:\/\/intecap.edu.gt\/certificacionlaboral\/sectorial-funcional\/seguros-vidaind\/\" class=\"_self\" target=\"_self\" >Intermediario de seguros vida individual<\/a><\/h5><\/div><\/div>\n<div class=\"col-md-2 col-sm-4 col-xs-12 pt-cv-content-item pt-cv-1-col\" ><div class='pt-cv-ifield'><a href=\"https:\/\/intecap.edu.gt\/certificacionlaboral\/sectorial-funcional\/operador-de-cabezal-portuario\/\" class=\"_self pt-cv-href-thumbnail pt-cv-thumb-default\" target=\"_self\" ><img loading=\"lazy\" decoding=\"async\" width=\"300\" height=\"75\" src=\"https:\/\/intecap.edu.gt\/certificacionlaboral\/wp-content\/uploads\/2019\/10\/operador-portuario-300x75.jpg\" class=\"pt-cv-thumbnail\" alt=\"\" \/><\/a>\n<h5 class=\"pt-cv-title\"><a href=\"https:\/\/intecap.edu.gt\/certificacionlaboral\/sectorial-funcional\/operador-de-cabezal-portuario\/\" class=\"_self\" target=\"_self\" >Operador de Cabezal Portuario<\/a><\/h5><\/div><\/div>\n<div class=\"col-md-2 col-sm-4 col-xs-12 pt-cv-content-item pt-cv-1-col\" ><div class='pt-cv-ifield'><a href=\"https:\/\/intecap.edu.gt\/certificacionlaboral\/sectorial-funcional\/operador-de-montacargas-de-combustion-gas-propano-glp\/\" class=\"_self pt-cv-href-thumbnail pt-cv-thumb-default\" target=\"_self\" ><img loading=\"lazy\" decoding=\"async\" width=\"300\" height=\"75\" src=\"https:\/\/intecap.edu.gt\/certificacionlaboral\/wp-content\/uploads\/2021\/09\/operador-propano1-300x75.jpg\" class=\"pt-cv-thumbnail\" alt=\"\" \/><\/a>\n<h5 class=\"pt-cv-title\"><a href=\"https:\/\/intecap.edu.gt\/certificacionlaboral\/sectorial-funcional\/operador-de-montacargas-de-combustion-gas-propano-glp\/\" class=\"_self\" target=\"_self\" >Operador de Montacargas de Combusti\u00f3n Gas Propano \u2013 GLP*<\/a><\/h5><\/div><\/div>\n<div class=\"col-md-2 col-sm-4 col-xs-12 pt-cv-content-item pt-cv-1-col\" ><div class='pt-cv-ifield'><a href=\"https:\/\/intecap.edu.gt\/certificacionlaboral\/sectorial-funcional\/operador-de-montacargas-de-combustion-gasolina-o-diesel\/\" class=\"_self pt-cv-href-thumbnail pt-cv-thumb-default\" target=\"_self\" ><img loading=\"lazy\" decoding=\"async\" width=\"300\" height=\"75\" src=\"https:\/\/intecap.edu.gt\/certificacionlaboral\/wp-content\/uploads\/2019\/10\/operador-electrico-300x75.jpg\" class=\"pt-cv-thumbnail\" alt=\"\" \/><\/a>\n<h5 class=\"pt-cv-title\"><a href=\"https:\/\/intecap.edu.gt\/certificacionlaboral\/sectorial-funcional\/operador-de-montacargas-de-combustion-gasolina-o-diesel\/\" class=\"_self\" target=\"_self\" >Operador de Montacargas de Combusti\u00f3n Gasolina o Di\u00e9sel*<\/a><\/h5><\/div><\/div>\n<div class=\"col-md-2 col-sm-4 col-xs-12 pt-cv-content-item pt-cv-1-col\" ><div class='pt-cv-ifield'><a href=\"https:\/\/intecap.edu.gt\/certificacionlaboral\/sectorial-funcional\/operador-de-montacargas-electrico\/\" class=\"_self pt-cv-href-thumbnail pt-cv-thumb-default\" target=\"_self\" ><img loading=\"lazy\" decoding=\"async\" width=\"300\" height=\"75\" src=\"https:\/\/intecap.edu.gt\/certificacionlaboral\/wp-content\/uploads\/2019\/10\/operador-gasolina-300x75.jpg\" class=\"pt-cv-thumbnail\" alt=\"\" \/><\/a>\n<h5 class=\"pt-cv-title\"><a href=\"https:\/\/intecap.edu.gt\/certificacionlaboral\/sectorial-funcional\/operador-de-montacargas-electrico\/\" class=\"_self\" target=\"_self\" >Operador de Montacargas El\u00e9ctrico*<\/a><\/h5><\/div><\/div>\n<div class=\"col-md-2 col-sm-4 col-xs-12 pt-cv-content-item pt-cv-1-col\" ><div class='pt-cv-ifield'><a href=\"https:\/\/intecap.edu.gt\/certificacionlaboral\/sectorial-funcional\/operadorreachstacker\/\" class=\"_self pt-cv-href-thumbnail pt-cv-thumb-default\" target=\"_self\" ><img loading=\"lazy\" decoding=\"async\" width=\"300\" height=\"75\" src=\"https:\/\/intecap.edu.gt\/certificacionlaboral\/wp-content\/uploads\/2019\/10\/operador-reachstacker-300x75.jpg\" class=\"pt-cv-thumbnail\" alt=\"\" \/><\/a>\n<h5 class=\"pt-cv-title\"><a href=\"https:\/\/intecap.edu.gt\/certificacionlaboral\/sectorial-funcional\/operadorreachstacker\/\" class=\"_self\" target=\"_self\" >Operador de Portacontenedores Reach Stacker<\/a><\/h5><\/div><\/div>\n<div class=\"col-md-2 col-sm-4 col-xs-12 pt-cv-content-item pt-cv-1-col\" ><div class='pt-cv-ifield'><a href=\"https:\/\/intecap.edu.gt\/certificacionlaboral\/sectorial-funcional\/operadorsideloader\/\" class=\"_self pt-cv-href-thumbnail pt-cv-thumb-default\" target=\"_self\" ><img loading=\"lazy\" decoding=\"async\" width=\"300\" height=\"75\" src=\"https:\/\/intecap.edu.gt\/certificacionlaboral\/wp-content\/uploads\/2019\/10\/operador-sideloader-1-300x75.jpg\" class=\"pt-cv-thumbnail\" alt=\"\" \/><\/a>\n<h5 class=\"pt-cv-title\"><a href=\"https:\/\/intecap.edu.gt\/certificacionlaboral\/sectorial-funcional\/operadorsideloader\/\" class=\"_self\" target=\"_self\" >Operador de Portacontenedores Side Loader<\/a><\/h5><\/div><\/div>\n<div class=\"col-md-2 col-sm-4 col-xs-12 pt-cv-content-item pt-cv-1-col\" ><div class='pt-cv-ifield'><a href=\"https:\/\/intecap.edu.gt\/certificacionlaboral\/sectorial-funcional\/operadortoaploader\/\" class=\"_self pt-cv-href-thumbnail pt-cv-thumb-default\" target=\"_self\" ><img loading=\"lazy\" decoding=\"async\" width=\"300\" height=\"75\" src=\"https:\/\/intecap.edu.gt\/certificacionlaboral\/wp-content\/uploads\/2019\/10\/operador-toaploader-300x75.jpg\" class=\"pt-cv-thumbnail\" alt=\"\" \/><\/a>\n<h5 class=\"pt-cv-title\"><a href=\"https:\/\/intecap.edu.gt\/certificacionlaboral\/sectorial-funcional\/operadortoaploader\/\" class=\"_self\" target=\"_self\" >Operador de Portacontenedores Toap Loader<\/a><\/h5><\/div><\/div>\n<div class=\"col-md-2 col-sm-4 col-xs-12 pt-cv-content-item pt-cv-1-col\" ><div class='pt-cv-ifield'><a href=\"https:\/\/intecap.edu.gt\/certificacionlaboral\/sectorial-funcional\/suscriptorautomoviles\/\" class=\"_self pt-cv-href-thumbnail pt-cv-thumb-default\" target=\"_self\" ><img loading=\"lazy\" decoding=\"async\" width=\"300\" height=\"75\" src=\"https:\/\/intecap.edu.gt\/certificacionlaboral\/wp-content\/uploads\/2023\/04\/suscriptor-seguros-300x75.jpg\" class=\"pt-cv-thumbnail\" alt=\"\" \/><\/a>\n<h5 class=\"pt-cv-title\"><a href=\"https:\/\/intecap.edu.gt\/certificacionlaboral\/sectorial-funcional\/suscriptorautomoviles\/\" class=\"_self\" target=\"_self\" >Suscriptor de Seguros de Autom\u00f3viles<\/a><\/h5><\/div><\/div>\n<div class=\"col-md-2 col-sm-4 col-xs-12 pt-cv-content-item pt-cv-1-col\" ><div class='pt-cv-ifield'><a href=\"https:\/\/intecap.edu.gt\/certificacionlaboral\/sectorial-funcional\/suscriptorvidacolectiva\/\" class=\"_self pt-cv-href-thumbnail pt-cv-thumb-default\" target=\"_self\" ><img loading=\"lazy\" decoding=\"async\" width=\"300\" height=\"75\" src=\"https:\/\/intecap.edu.gt\/certificacionlaboral\/wp-content\/uploads\/2023\/04\/suscriptor-colectiva-300x75.jpg\" class=\"pt-cv-thumbnail\" alt=\"\" \/><\/a>\n<h5 class=\"pt-cv-title\"><a href=\"https:\/\/intecap.edu.gt\/certificacionlaboral\/sectorial-funcional\/suscriptorvidacolectiva\/\" class=\"_self\" target=\"_self\" >Suscriptor de Seguros de Vida Colectiva<\/a><\/h5><\/div><\/div>\n<div class=\"col-md-2 col-sm-4 col-xs-12 pt-cv-content-item pt-cv-1-col\" ><div class='pt-cv-ifield'><a href=\"https:\/\/intecap.edu.gt\/certificacionlaboral\/sectorial-funcional\/suscriptorvidaindividual\/\" class=\"_self pt-cv-href-thumbnail pt-cv-thumb-default\" target=\"_self\" ><img loading=\"lazy\" decoding=\"async\" width=\"300\" height=\"75\" src=\"https:\/\/intecap.edu.gt\/certificacionlaboral\/wp-content\/uploads\/2019\/10\/suscriptor-individual-300x75.jpg\" class=\"pt-cv-thumbnail\" alt=\"\" \/><\/a>\n<h5 class=\"pt-cv-title\"><a href=\"https:\/\/intecap.edu.gt\/certificacionlaboral\/sectorial-funcional\/suscriptorvidaindividual\/\" class=\"_self\" target=\"_self\" >Suscriptor de Seguros de Vida Individual<\/a><\/h5><\/div><\/div><\/div><\/div><\/div><\/div>\n\t\t\t<\/div>\n\t\t\t<\/div>\n\t\t\t\t\n\t\t\t\t\n\t\t\t\t\n\t\t\t\t\n\t\t\t<\/div>\n\t\t\t\t\n\t\t\t\t\n\t\t\t<\/div><\/p>\n","protected":false},"excerpt":{"rendered":"","protected":false},"author":1,"featured_media":577,"parent":119,"menu_order":0,"comment_status":"closed","ping_status":"closed","template":"","meta":{"_et_pb_use_builder":"on","_et_pb_old_content":"","_et_gb_content_width":"","footnotes":""},"class_list":["post-378","page","type-page","status-publish","has-post-thumbnail","hentry"],"_links":{"self":[{"href":"https:\/\/intecap.edu.gt\/certificacionlaboral\/wp-json\/wp\/v2\/pages\/378","targetHints":{"allow":["GET"]}}],"collection":[{"href":"https:\/\/intecap.edu.gt\/certificacionlaboral\/wp-json\/wp\/v2\/pages"}],"about":[{"href":"https:\/\/intecap.edu.gt\/certificacionlaboral\/wp-json\/wp\/v2\/types\/page"}],"author":[{"embeddable":true,"href":"https:\/\/intecap.edu.gt\/certificacionlaboral\/wp-json\/wp\/v2\/users\/1"}],"replies":[{"embeddable":true,"href":"https:\/\/intecap.edu.gt\/certificacionlaboral\/wp-json\/wp\/v2\/comments?post=378"}],"version-history":[{"count":24,"href":"https:\/\/intecap.edu.gt\/certificacionlaboral\/wp-json\/wp\/v2\/pages\/378\/revisions"}],"predecessor-version":[{"id":2510,"href":"https:\/\/intecap.edu.gt\/certificacionlaboral\/wp-json\/wp\/v2\/pages\/378\/revisions\/2510"}],"up":[{"embeddable":true,"href":"https:\/\/intecap.edu.gt\/certificacionlaboral\/wp-json\/wp\/v2\/pages\/119"}],"wp:featuredmedia":[{"embeddable":true,"href":"https:\/\/intecap.edu.gt\/certificacionlaboral\/wp-json\/wp\/v2\/media\/577"}],"wp:attachment":[{"href":"https:\/\/intecap.edu.gt\/certificacionlaboral\/wp-json\/wp\/v2\/media?parent=378"}],"curies":[{"name":"wp","href":"https:\/\/api.w.org\/{rel}","templated":true}]}}