{"id":695,"date":"2019-10-22T15:05:06","date_gmt":"2019-10-22T21:05:06","guid":{"rendered":"https:\/\/intecap.edu.gt\/certificacionlaboral\/?page_id=695"},"modified":"2020-02-06T12:30:02","modified_gmt":"2020-02-06T18:30:02","slug":"que-es-la-certificacion-laboral","status":"publish","type":"page","link":"https:\/\/intecap.edu.gt\/certificacionlaboral\/que-es-la-certificacion-laboral\/","title":{"rendered":"Qu\u00e9 es la Certificaci\u00f3n Laboral"},"content":{"rendered":"<p>[et_pb_section fb_built=\u00bb1&#8243; _builder_version=\u00bb3.27.3&#8243; background_enable_image=\u00bboff\u00bb custom_padding=\u00bb22px||24px|||\u00bb fb_built=\u00bb1&#8243; _i=\u00bb0&#8243; _address=\u00bb0&#8243;][et_pb_row _builder_version=\u00bb3.27.3&#8243; box_shadow_style=\u00bbpreset2&#8243; width=\u00bb100%\u00bb max_width=\u00bb1900px\u00bb min_height=\u00bb439px\u00bb custom_margin=\u00bb|auto|36px|auto|false|false\u00bb custom_padding=\u00bb||0px||false|false\u00bb hover_enabled=\u00bb0&#8243; _i=\u00bb0&#8243; _address=\u00bb0.0&#8243; background_image=\u00bbhttps:\/\/intecap.edu.gt\/certificacionlaboral\/wp-content\/uploads\/2020\/02\/certificacion-intecap.jpg\u00bb][et_pb_column type=\u00bb4_4&#8243; _builder_version=\u00bb3.27.3&#8243; _i=\u00bb0&#8243; _address=\u00bb0.0.0&#8243;][\/et_pb_column][\/et_pb_row][et_pb_row column_structure=\u00bb3_5,2_5&#8243; _builder_version=\u00bb3.27.3&#8243; max_width=\u00bb1700px\u00bb hover_enabled=\u00bb0&#8243; _i=\u00bb1&#8243; _address=\u00bb0.1&#8243;][et_pb_column type=\u00bb3_5&#8243; _builder_version=\u00bb3.27.3&#8243; _i=\u00bb0&#8243; _address=\u00bb0.1.0&#8243;][et_pb_post_title meta=\u00bboff\u00bb featured_image=\u00bboff\u00bb _builder_version=\u00bb3.27.3&#8243; title_font=\u00bb|700|||||||\u00bb title_text_align=\u00bbleft\u00bb title_font_size=\u00bb29px\u00bb custom_margin=\u00bb||11px|||\u00bb _i=\u00bb0&#8243; _address=\u00bb0.1.0.0&#8243;][\/et_pb_post_title][et_pb_text _builder_version=\u00bb3.27.3&#8243; text_line_height=\u00bb1.8em\u00bb header_5_line_height=\u00bb1.3em\u00bb background_color=\u00bbrgba(0,0,0,0)\u00bb custom_padding=\u00bb4px||0px|||\u00bb hover_enabled=\u00bb0&#8243; inline_fonts=\u00bbArial\u00bb _i=\u00bb1&#8243; _address=\u00bb0.1.0.1&#8243;]<\/p>\n<div class=\"wpb_text_column wpb_content_element \" style=\"text-align: justify;\">\n<blockquote>\n<h5>La Certificaci\u00f3n laboral brinda una oportunidad a aquellas personas que cuentan con competencia laboral, para que puedan contar con un documento que as\u00ed lo acredite y respalde; conforme las evidencias recolectadas a trav\u00e9s de un proceso de evaluaci\u00f3n de las competencias que han sido establecidas, principalmente por el sector productivo del pa\u00eds.\u00a0\u00a0<\/h5>\n<\/blockquote>\n<blockquote>\n<h5>A nivel mundial, los certificados de competencias laborales, han tenido mayor aceptaci\u00f3n a medida que estos se han significado como buenos predictores del desempe\u00f1o laboral de la persona; ya sea para facilitar la adquisici\u00f3n de un nuevo empleo; o bien, para hacer una carrera laboral ascendente o contar con mejores opciones de contrataci\u00f3n.<\/h5>\n<h5>Las empresas esperan que los empleados tengan mejores desempe\u00f1os, aumenten la productividad y que tengan mayor oportunidad de adquirir nuevos y mejores negocios a nivel nacional e internacional.<\/h5>\n<\/blockquote>\n<\/div>\n<p>[\/et_pb_text][et_pb_portfolio _builder_version=\u00bb3.27.3&#8243; _i=\u00bb2&#8243; _address=\u00bb0.1.0.2&#8243;][\/et_pb_portfolio][et_pb_text _builder_version=\u00bb3.27.3&#8243; hover_enabled=\u00bb0&#8243; _i=\u00bb3&#8243; _address=\u00bb0.1.0.3&#8243; text_font_size=\u00bb17px\u00bb]<\/p>\n<h2>Caracter\u00edsticas de los Certificados<\/h2>\n<blockquote>\n<p style=\"text-align: justify;\"><span style=\"font-size: medium;\"> Unas de las caracter\u00edsticas claves de los certificados de competencia laboral es su independencia de los procesos educativos, su validez, legitimidad y transparencia; y su cumplimiento, es responsabilidad de todos los actores que tomamos parte dentro del proceso de construcci\u00f3n, gesti\u00f3n de servicios y el proceso de evaluaci\u00f3n; el cual refiere principalmente la evaluaci\u00f3n del candidato en su puesto de trabajo, o en un lugar que cumpla con dichas caracter\u00edsticas, para demostraci\u00f3n del nivel t\u00e9cnico de competencia del trabajador, la cual revela principalmente, una compleja movilizaci\u00f3n de saberes, para resolver los problemas que surgen, la habilidad para realizarlo dentro del tiempo y calidad requerido y lograr as\u00ed, los objetivos propuestos. <\/span><\/p>\n<\/blockquote>\n<p style=\"text-align: justify;\">Las evidencias requeridas durante el proyecto de evaluaci\u00f3n, son recolectadas durante la ejecuci\u00f3n de su desempe\u00f1o laboral en su puesto de trabajo o en una ambientaci\u00f3n con similares condiciones.<\/p>\n<p>[\/et_pb_text][\/et_pb_column][et_pb_column type=\u00bb2_5&#8243; _builder_version=\u00bb3.27.3&#8243; _i=\u00bb1&#8243; _address=\u00bb0.1.1&#8243;][et_pb_image src=\u00bbhttps:\/\/intecap.edu.gt\/certificacionlaboral\/wp-content\/uploads\/2019\/10\/certificacion-intecap2.jpg\u00bb force_fullwidth=\u00bbon\u00bb _builder_version=\u00bb3.27.3&#8243; custom_margin=\u00bb|||1px||\u00bb _i=\u00bb0&#8243; _address=\u00bb0.1.1.0&#8243;][\/et_pb_image][et_pb_image src=\u00bbhttps:\/\/intecap.edu.gt\/certificacionlaboral\/wp-content\/uploads\/2019\/10\/FOGEL.png\u00bb force_fullwidth=\u00bbon\u00bb _builder_version=\u00bb3.27.3&#8243; custom_margin=\u00bb|||1px||\u00bb _i=\u00bb1&#8243; _address=\u00bb0.1.1.1&#8243;][\/et_pb_image][\/et_pb_column][\/et_pb_row][\/et_pb_section]<\/p>\n","protected":false},"excerpt":{"rendered":"<p>La Certificaci\u00f3n laboral brinda una oportunidad a aquellas personas que cuentan con competencia laboral, para que puedan contar con un documento que as\u00ed lo acredite y respalde; conforme las evidencias recolectadas a trav\u00e9s de un proceso de evaluaci\u00f3n de las competencias que han sido establecidas, principalmente por el sector productivo del pa\u00eds.\u00a0\u00a0 A nivel mundial, [&hellip;]<\/p>\n","protected":false},"author":1,"featured_media":0,"parent":0,"menu_order":0,"comment_status":"closed","ping_status":"closed","template":"","meta":{"_et_pb_use_builder":"on","_et_pb_old_content":"","_et_gb_content_width":"","footnotes":""},"class_list":["post-695","page","type-page","status-publish","hentry"],"_links":{"self":[{"href":"https:\/\/intecap.edu.gt\/certificacionlaboral\/wp-json\/wp\/v2\/pages\/695","targetHints":{"allow":["GET"]}}],"collection":[{"href":"https:\/\/intecap.edu.gt\/certificacionlaboral\/wp-json\/wp\/v2\/pages"}],"about":[{"href":"https:\/\/intecap.edu.gt\/certificacionlaboral\/wp-json\/wp\/v2\/types\/page"}],"author":[{"embeddable":true,"href":"https:\/\/intecap.edu.gt\/certificacionlaboral\/wp-json\/wp\/v2\/users\/1"}],"replies":[{"embeddable":true,"href":"https:\/\/intecap.edu.gt\/certificacionlaboral\/wp-json\/wp\/v2\/comments?post=695"}],"version-history":[{"count":11,"href":"https:\/\/intecap.edu.gt\/certificacionlaboral\/wp-json\/wp\/v2\/pages\/695\/revisions"}],"predecessor-version":[{"id":938,"href":"https:\/\/intecap.edu.gt\/certificacionlaboral\/wp-json\/wp\/v2\/pages\/695\/revisions\/938"}],"wp:attachment":[{"href":"https:\/\/intecap.edu.gt\/certificacionlaboral\/wp-json\/wp\/v2\/media?parent=695"}],"curies":[{"name":"wp","href":"https:\/\/api.w.org\/{rel}","templated":true}]}}