{"id":9,"date":"2019-10-09T16:20:23","date_gmt":"2019-10-09T14:20:23","guid":{"rendered":"https:\/\/intecap.edu.gt\/certificacionlaboral\/?page_id=9"},"modified":"2025-09-19T09:28:14","modified_gmt":"2025-09-19T15:28:14","slug":"home","status":"publish","type":"page","link":"https:\/\/intecap.edu.gt\/certificacionlaboral\/","title":{"rendered":"Inicio"},"content":{"rendered":"<p><div class=\"et_d4_element et_pb_section et_pb_section_0 et_animated et_pb_with_background  et_pb_css_mix_blend_mode et_section_regular section_has_divider et_pb_bottom_divider et_block_section\" >\n\t\t\t\t\n\t\t\t\t\n\t\t\t\t\n\t\t\t\t\n\t\t\t\t\n\t\t\t\t\n\t\t\t\t<div class=\"et_d4_element et_pb_row et_pb_row_0 et_animated  et_pb_css_mix_blend_mode et_block_row\">\n\t\t\t\t<div class=\"et_d4_element et_pb_column_4_4 et_pb_column et_pb_column_0  et_pb_css_mix_blend_mode et-last-child et_block_column\">\n\t\t\t\t\n\t\t\t\t\n\t\t\t\t\n\t\t\t\t\n\t\t\t\t<div class=\"et_pb_module et_d4_element et_pb_text et_pb_text_0  et_pb_text_align_center et_pb_bg_layout_dark\">\n\t\t\t\t\n\t\t\t\t\n\t\t\t\t\n\t\t\t\t\n\t\t\t\t<div class=\"et_pb_text_inner\"><h1>CERTIFICACI\u00d3N LABORAL<\/h1>\n<p><span>\u201cEs el reconocimiento p\u00fablico, formal y temporal de la capacidad laboral demostrada por un trabajador, efectuado con base en la evaluaci\u00f3n de sus competencias, en relaci\u00f3n con una norma y sin estar necesariamente sujeto a la culminaci\u00f3n de un proceso educativo\u201d.\u00a0 (CINTERFOR)<\/span><\/p><\/div>\n\t\t\t<\/div><div class=\"et_pb_button_module_wrapper et_pb_button_0_wrapper et_pb_button_alignment_center et_pb_module \">\n\t\t\t\t<a class=\"et_pb_button et_d4_element et_pb_button_0 et_hover_enabled et_pb_bg_layout_dark et_block_module\" href=\"https:\/\/intecap.edu.gt\/certificacionlaboral\/que-es-la-certificacion-laboral\/\">Conozca m\u00e1s<\/a>\n\t\t\t<\/div>\n\t\t\t<\/div>\n\t\t\t\t\n\t\t\t\t\n\t\t\t\t\n\t\t\t\t\n\t\t\t<\/div>\n\t\t\t\t\n\t\t\t\t<div class=\"et_pb_bottom_inside_divider et-no-transition\"><\/div>\n\t\t\t<\/div><div class=\"et_d4_element et_pb_section et_pb_section_1  et_pb_css_mix_blend_mode et_section_regular et_block_section\" >\n\t\t\t\t\n\t\t\t\t\n\t\t\t\t\n\t\t\t\t\n\t\t\t\t\n\t\t\t\t\n\t\t\t\t<div class=\"et_d4_element et_pb_row et_pb_row_1 et_pb_equal_columns  et_pb_css_mix_blend_mode et_block_row\">\n\t\t\t\t<div class=\"et_d4_element et_pb_column_4_4 et_pb_column et_pb_column_1  et_pb_css_mix_blend_mode et-last-child et_block_column\">\n\t\t\t\t\n\t\t\t\t\n\t\t\t\t\n\t\t\t\t\n\t\t\t\t<div class=\"et_pb_module et_d4_element et_pb_text et_pb_text_1  et_pb_text_align_center et_pb_bg_layout_light\">\n\t\t\t\t\n\t\t\t\t\n\t\t\t\t\n\t\t\t\t\n\t\t\t\t<div class=\"et_pb_text_inner\"><h1>NUESTRAS CERTIFICACIONES<\/h1>\n<p style=\"text-align: justify;\"><span>El objetivo de la Certificaci\u00f3n Laboral es que su empresa u organizaci\u00f3n cuente con personal calificado que le permita desarrollar mejor calidad de productos o servicios y atender de forma satisfactoria las demandas del competitivo mercado nacional e internacional. Asi mismo brinda la oportunidad a aquellas personas que cuentan con experiencia en un \u00e1rea espec\u00edfica para que puedan contar con un documento que as\u00ed lo acredite y respalde.<\/span><\/p><\/div>\n\t\t\t<\/div>\n\t\t\t<\/div>\n\t\t\t\t\n\t\t\t\t\n\t\t\t\t\n\t\t\t\t\n\t\t\t<\/div><div class=\"et_d4_element et_pb_row et_pb_row_2 et_pb_equal_columns et_pb_gutters2  et_pb_css_mix_blend_mode et_block_row\">\n\t\t\t\t<div class=\"et_d4_element et_pb_column_1_4 et_pb_column et_pb_column_2  et_pb_css_mix_blend_mode et_block_column\">\n\t\t\t\t\n\t\t\t\t\n\t\t\t\t\n\t\t\t\t\n\t\t\t\t<div class=\"et_pb_module et_d4_element et_pb_blurb et_pb_blurb_0 et_animated  et_pb_text_align_center  et_pb_blurb_position_top et_block_module et_pb_bg_layout_dark\">\n\t\t\t\t\n\t\t\t\t\n\t\t\t\t\n\t\t\t\t\n\t\t\t\t<div class=\"et_pb_blurb_content\">\n\t\t\t\t\t<div class=\"et_pb_main_blurb_image et_pb_css_mix_blend_mode\"><a href=\"https:\/\/intecap.edu.gt\/certificacionlaboral\/sectorial-funcional\/\"><span class=\"et_pb_image_wrap et_pb_only_image_mode_wrap\"><img loading=\"lazy\" decoding=\"async\" width=\"150\" height=\"117\" src=\"https:\/\/intecap.edu.gt\/certificacionlaboral\/wp-content\/uploads\/2019\/10\/sectorial.png\" alt=\"\" class=\"et-waypoint et_pb_animation_off et_pb_animation_off_tablet et_pb_animation_off_phone wp-image-197\" \/><\/span><\/a><\/div>\n\t\t\t\t\t<div class=\"et_pb_blurb_container\">\n\t\t\t\t\t\t<h3 class=\"et_pb_module_header\"><a href=\"https:\/\/intecap.edu.gt\/certificacionlaboral\/sectorial-funcional\/\">CERTIFICACI\u00d3N SECTORIAL Y FUNCIONAL<\/a><\/h3>\n\t\t\t\t\t\t<div class=\"et_pb_blurb_description\"><p>Eval\u00faa la competencia\/capacidad laboral de las personas, con base en est\u00e1ndares nacionales establecidos principalmente con el sector productivo del pa\u00eds.<\/p>\n<p><span>\u00a0<\/span><\/p><\/div>\n\t\t\t\t\t<\/div>\n\t\t\t\t<\/div>\n\t\t\t<\/div><div class=\"et_pb_button_module_wrapper et_pb_button_1_wrapper et_pb_button_alignment_center et_pb_module \">\n\t\t\t\t<a class=\"et_pb_button et_d4_element et_pb_button_1 et_pb_bg_layout_dark et_block_module\" href=\"https:\/\/intecap.edu.gt\/certificacionlaboral\/sectorial-funcional\/\">Con\u00f3zcala<\/a>\n\t\t\t<\/div>\n\t\t\t<\/div><div class=\"et_d4_element et_pb_column_1_4 et_pb_column et_pb_column_3  et_pb_css_mix_blend_mode et_block_column\">\n\t\t\t\t\n\t\t\t\t\n\t\t\t\t\n\t\t\t\t\n\t\t\t\t<div class=\"et_pb_module et_d4_element et_pb_blurb et_pb_blurb_1 et_animated  et_pb_text_align_left  et_pb_blurb_position_top et_block_module et_pb_bg_layout_dark\">\n\t\t\t\t\n\t\t\t\t\n\t\t\t\t\n\t\t\t\t\n\t\t\t\t<div class=\"et_pb_blurb_content\">\n\t\t\t\t\t<div class=\"et_pb_main_blurb_image et_pb_css_mix_blend_mode\"><a href=\"https:\/\/intecap.edu.gt\/certificacionlaboral\/certificacionocupacional\/\"><span class=\"et_pb_image_wrap et_pb_only_image_mode_wrap\"><img loading=\"lazy\" decoding=\"async\" width=\"150\" height=\"115\" src=\"https:\/\/intecap.edu.gt\/certificacionlaboral\/wp-content\/uploads\/2019\/10\/externa.png\" alt=\"\" class=\"et-waypoint et_pb_animation_off et_pb_animation_off_tablet et_pb_animation_off_phone wp-image-206\" \/><\/span><\/a><\/div>\n\t\t\t\t\t<div class=\"et_pb_blurb_container\">\n\t\t\t\t\t\t<h3 class=\"et_pb_module_header\"><a href=\"https:\/\/intecap.edu.gt\/certificacionlaboral\/certificacionocupacional\/\">CERTIFICACI\u00d3N OCUPACIONAL<\/a><\/h3>\n\t\t\t\t\t\t<div class=\"et_pb_blurb_description\"><p style=\"text-align: center;\">Eval\u00faa las capacidades de una persona con base al contenido del pensum de nuestras carreras ocupacionales (evaluaciones de suficiencia).<\/p><\/div>\n\t\t\t\t\t<\/div>\n\t\t\t\t<\/div>\n\t\t\t<\/div><div class=\"et_pb_button_module_wrapper et_pb_button_2_wrapper et_pb_button_alignment_center et_pb_module \">\n\t\t\t\t<a class=\"et_pb_button et_d4_element et_pb_button_2 et_pb_bg_layout_light et_block_module\" href=\"https:\/\/intecap.edu.gt\/certificacionlaboral\/certificacionocupacional\/\">Con\u00f3zcala<\/a>\n\t\t\t<\/div>\n\t\t\t<\/div><div class=\"et_d4_element et_pb_column_1_4 et_pb_column et_pb_column_4  et_pb_css_mix_blend_mode et_block_column\">\n\t\t\t\t\n\t\t\t\t\n\t\t\t\t\n\t\t\t\t\n\t\t\t\t<div class=\"et_pb_module et_d4_element et_pb_blurb et_pb_blurb_2 et_animated  et_pb_text_align_center  et_pb_blurb_position_top et_block_module et_pb_bg_layout_dark\">\n\t\t\t\t\n\t\t\t\t\n\t\t\t\t\n\t\t\t\t\n\t\t\t\t<div class=\"et_pb_blurb_content\">\n\t\t\t\t\t<div class=\"et_pb_main_blurb_image et_pb_css_mix_blend_mode\"><a href=\"https:\/\/intecap.edu.gt\/certificacionlaboral\/conjunta-2\/\"><span class=\"et_pb_image_wrap et_pb_only_image_mode_wrap\"><img loading=\"lazy\" decoding=\"async\" width=\"114\" height=\"150\" src=\"https:\/\/intecap.edu.gt\/certificacionlaboral\/wp-content\/uploads\/2019\/10\/internacional.png\" alt=\"\" class=\"et-waypoint et_pb_animation_off et_pb_animation_off_tablet et_pb_animation_off_phone wp-image-203\" \/><\/span><\/a><\/div>\n\t\t\t\t\t<div class=\"et_pb_blurb_container\">\n\t\t\t\t\t\t<h4 class=\"et_pb_module_header\"><a href=\"https:\/\/intecap.edu.gt\/certificacionlaboral\/conjunta-2\/\">CERTIFICACI\u00d3N INTERNACIONAL<\/a><\/h4>\n\t\t\t\t\t\t<div class=\"et_pb_blurb_description\"><p>El INTECAP es el centro evaluador que facilita al interesado el acceso a la evaluaci\u00f3n de su elecci\u00f3n, el cual responde a est\u00e1ndares internacionales.<\/p>\n<p><span>\u00a0<\/span><\/p><\/div>\n\t\t\t\t\t<\/div>\n\t\t\t\t<\/div>\n\t\t\t<\/div><div class=\"et_pb_button_module_wrapper et_pb_button_3_wrapper et_pb_button_alignment_center et_pb_module \">\n\t\t\t\t<a class=\"et_pb_button et_d4_element et_pb_button_3 et_pb_bg_layout_light et_block_module\" href=\"https:\/\/intecap.edu.gt\/certificacionlaboral\/internacional-2\/\">Con\u00f3zcala<\/a>\n\t\t\t<\/div>\n\t\t\t<\/div><div class=\"et_d4_element et_pb_column_1_4 et_pb_column et_pb_column_5  et_pb_css_mix_blend_mode et-last-child et_block_column\">\n\t\t\t\t\n\t\t\t\t\n\t\t\t\t\n\t\t\t\t\n\t\t\t\t<div class=\"et_pb_module et_d4_element et_pb_blurb et_pb_blurb_3 et_animated  et_pb_text_align_left  et_pb_blurb_position_top et_block_module et_pb_bg_layout_dark\">\n\t\t\t\t\n\t\t\t\t\n\t\t\t\t\n\t\t\t\t\n\t\t\t\t<div class=\"et_pb_blurb_content\">\n\t\t\t\t\t<div class=\"et_pb_main_blurb_image et_pb_css_mix_blend_mode\"><span class=\"et_pb_image_wrap et_pb_only_image_mode_wrap\"><img loading=\"lazy\" decoding=\"async\" width=\"150\" height=\"150\" src=\"https:\/\/intecap.edu.gt\/certificacionlaboral\/wp-content\/uploads\/2019\/10\/conjunta.png\" alt=\"\" class=\"et-waypoint et_pb_animation_off et_pb_animation_off_tablet et_pb_animation_off_phone wp-image-245\" \/><\/span><\/div>\n\t\t\t\t\t<div class=\"et_pb_blurb_container\">\n\t\t\t\t\t\t<h3 class=\"et_pb_module_header\"><span>CERTIFICACI\u00d3N CONJUNTA<\/span><\/h3>\n\t\t\t\t\t\t<div class=\"et_pb_blurb_description\"><p>En conjunto con la empresa se eval\u00faa y certifica la competencia laboral de los puestos estrat\u00e9gicos de la organizaci\u00f3n.\u00a0 El certificado \u00fanicamente tiene validez para la empresa.<\/p><\/div>\n\t\t\t\t\t<\/div>\n\t\t\t\t<\/div>\n\t\t\t<\/div><div class=\"et_pb_button_module_wrapper et_pb_button_4_wrapper et_pb_button_alignment_center et_pb_module \">\n\t\t\t\t<a class=\"et_pb_button et_d4_element et_pb_button_4 et_pb_bg_layout_light et_block_module\" href=\"https:\/\/intecap.edu.gt\/certificacionlaboral\/conjunta-2\/\">Con\u00f3zcala<\/a>\n\t\t\t<\/div>\n\t\t\t<\/div>\n\t\t\t\t\n\t\t\t\t\n\t\t\t\t\n\t\t\t\t\n\t\t\t<\/div>\n\t\t\t\t\n\t\t\t\t\n\t\t\t<\/div><div class=\"et_d4_element et_pb_section et_pb_section_2  et_pb_css_mix_blend_mode et_section_regular et_block_section\" >\n\t\t\t\t\n\t\t\t\t\n\t\t\t\t\n\t\t\t\t\n\t\t\t\t\n\t\t\t\t\n\t\t\t\t<div class=\"et_d4_element et_pb_row et_pb_row_3 et_pb_equal_columns  et_pb_css_mix_blend_mode et_block_row\">\n\t\t\t\t<div class=\"et_d4_element et_pb_column_1_3 et_pb_column et_pb_column_6  et_pb_css_mix_blend_mode et_block_column\">\n\t\t\t\t\n\t\t\t\t\n\t\t\t\t\n\t\t\t\t\n\t\t\t\t<div class=\"et_pb_module et_d4_element et_pb_image et_pb_image_0\">\n\t\t\t\t\n\t\t\t\t\n\t\t\t\t\n\t\t\t\t\n\t\t\t\t<span class=\"et_pb_image_wrap \"><img loading=\"lazy\" decoding=\"async\" width=\"508\" height=\"180\" src=\"https:\/\/intecap.edu.gt\/certificacionlaboral\/wp-content\/uploads\/2020\/01\/certificarme.png\" alt=\"\" title=\"\" class=\"wp-image-794\" \/><\/span>\n\t\t\t<\/div><div class=\"et_pb_module et_d4_element et_pb_text et_pb_text_2  et_pb_text_align_left et_pb_bg_layout_light\">\n\t\t\t\t\n\t\t\t\t\n\t\t\t\t\n\t\t\t\t\n\t\t\t\t<div class=\"et_pb_text_inner\"><p style=\"text-align: justify;\">Porque contar\u00e9 con un documento que <strong>respalde mi competencia o capacidad en una o varias funciones laborales,<\/strong> independientemente si la misma la adquiero solamente a trav\u00e9s de experiencia; y as\u00ed tendr\u00e9 la oportunidad de un nuevo empleo; o bien, para hacer una carrera laboral ascendente o contar con mejores opciones de contrataci\u00f3n.<\/p>\n<p style=\"text-align: justify;\"><\/div>\n\t\t\t<\/div><div class=\"et_pb_module et_d4_element et_pb_image et_pb_image_1\">\n\t\t\t\t\n\t\t\t\t\n\t\t\t\t\n\t\t\t\t\n\t\t\t\t<span class=\"et_pb_image_wrap \"><img loading=\"lazy\" decoding=\"async\" width=\"508\" height=\"180\" src=\"https:\/\/intecap.edu.gt\/certificacionlaboral\/wp-content\/uploads\/2019\/10\/certificarpersonal-1.png\" alt=\"\" title=\"\" class=\"wp-image-728\" \/><\/span>\n\t\t\t<\/div><div class=\"et_pb_module et_d4_element et_pb_text et_pb_text_3  et_pb_text_align_left et_pb_bg_layout_light\">\n\t\t\t\t\n\t\t\t\t\n\t\t\t\t\n\t\t\t\t\n\t\t\t\t<div class=\"et_pb_text_inner\"><p style=\"text-align: justify;\"><big>Porque as\u00ed brinda la oportunidad a <strong>aquellas personas que cuentan con experiencia en un \u00e1rea espec\u00edfica<\/strong> para que puedan contar con un documento que lo acredite y respalde; conforme al resultado de un proceso de evaluaci\u00f3n de las competencias que han sido establecidas, principalmente por el sector productivo del pa\u00eds. <\/big><big>As\u00ed mismo, permite elevar y mejorar la calidad y productividad de su Organizaci\u00f3n.<\/big><\/p><\/div>\n\t\t\t<\/div>\n\t\t\t<\/div><div class=\"et_d4_element et_pb_column_1_3 et_pb_column et_pb_column_7  et_pb_css_mix_blend_mode et_block_column\">\n\t\t\t\t\n\t\t\t\t\n\t\t\t\t\n\t\t\t\t\n\t\t\t\t<div class=\"et_pb_module et_d4_element et_pb_image et_pb_image_2\">\n\t\t\t\t\n\t\t\t\t\n\t\t\t\t\n\t\t\t\t\n\t\t\t\t<span class=\"et_pb_image_wrap \"><img loading=\"lazy\" decoding=\"async\" width=\"800\" height=\"1067\" src=\"https:\/\/intecap.edu.gt\/certificacionlaboral\/wp-content\/uploads\/2025\/05\/Certificacion-Laboral.jpg\" alt=\"\" title=\"Certificacion-Laboral\" class=\"wp-image-2224\" \/><\/span>\n\t\t\t<\/div>\n\t\t\t<\/div><div class=\"et_d4_element et_pb_column_1_3 et_pb_column et_pb_column_8  et_pb_css_mix_blend_mode et-last-child et_block_column\">\n\t\t\t\t\n\t\t\t\t\n\t\t\t\t\n\t\t\t\t\n\t\t\t\t<div class=\"et_pb_module et_d4_element et_pb_video et_pb_video_0\">\n\t\t\t\t\n\t\t\t\t\n\t\t\t\t\n\t\t\t\t\n\t\t\t\t\n\t\t\t\t\n\t\t\t<\/div><div class=\"et_pb_module et_d4_element et_pb_image et_pb_image_3\">\n\t\t\t\t\n\t\t\t\t\n\t\t\t\t\n\t\t\t\t\n\t\t\t\t<span class=\"et_pb_image_wrap \"><img loading=\"lazy\" decoding=\"async\" width=\"508\" height=\"231\" src=\"https:\/\/intecap.edu.gt\/certificacionlaboral\/wp-content\/uploads\/2019\/10\/banner-cert1.png\" alt=\"\" title=\"\" class=\"wp-image-731\" \/><\/span>\n\t\t\t<\/div>\n\t\t\t<\/div>\n\t\t\t\t\n\t\t\t\t\n\t\t\t\t\n\t\t\t\t\n\t\t\t<\/div><div class=\"et_d4_element et_pb_row et_pb_row_4  et_pb_css_mix_blend_mode et_block_row\">\n\t\t\t\t<div class=\"et_d4_element et_pb_column_4_4 et_pb_column et_pb_column_9  et_pb_css_mix_blend_mode et-last-child et_block_column\">\n\t\t\t\t\n\t\t\t\t\n\t\t\t\t\n\t\t\t\t\n\t\t\t\t<div class=\"et_pb_module et_d4_element et_pb_divider et_pb_divider_0 et_pb_space\"><div class=\"et_pb_divider_internal\"><\/div><\/div><div class=\"et_pb_module et_d4_element et_pb_text et_pb_text_4  et_pb_text_align_left et_pb_bg_layout_light\">\n\t\t\t\t\n\t\t\t\t\n\t\t\t\t\n\t\t\t\t\n\t\t\t\t<div class=\"et_pb_text_inner\"><h4>IMPORTANTE<\/h4>\n<h4 style=\"text-align: justify;\"><strong>Las personas que quieran confirmar el estado de certificaci\u00f3n de una persona, esquema y alcance correspondientes, podr\u00e1n llamar al PBX 2410 5555,\u00a0 Departamento de Certificaci\u00f3n Laboral, donde recibir\u00e1 dicha informaci\u00f3n.<\/strong><\/h4><\/div>\n\t\t\t<\/div><div class=\"et_pb_module et_d4_element et_pb_divider et_pb_divider_1 et_pb_space\"><div class=\"et_pb_divider_internal\"><\/div><\/div>\n\t\t\t<\/div>\n\t\t\t\t\n\t\t\t\t\n\t\t\t\t\n\t\t\t\t\n\t\t\t<\/div><div class=\"et_d4_element et_pb_row et_pb_row_5  et_pb_css_mix_blend_mode et_block_row\">\n\t\t\t\t<div class=\"et_d4_element et_pb_column_4_4 et_pb_column et_pb_column_10  et_pb_css_mix_blend_mode et-last-child et_block_column\">\n\t\t\t\t\n\t\t\t\t\n\t\t\t\t\n\t\t\t\t\n\t\t\t\t<div class=\"et_pb_button_module_wrapper et_pb_button_5_wrapper et_pb_button_alignment_center et_pb_module \">\n\t\t\t\t<a class=\"et_pb_button et_d4_element et_pb_button_5 et_animated et_pb_bg_layout_light et_block_module\" href=\"https:\/\/intecap.edu.gt\/certificacionlaboral\/certificados-vencimiento\/\">CERTIFICADOS PR\u00d3XIMOS A VENCIMIENTO DE VIGENCIA<\/a>\n\t\t\t<\/div>\n\t\t\t<\/div>\n\t\t\t\t\n\t\t\t\t\n\t\t\t\t\n\t\t\t\t\n\t\t\t<\/div>\n\t\t\t\t\n\t\t\t\t\n\t\t\t<\/div><div class=\"et_d4_element et_pb_section et_pb_section_3 et_pb_with_background  et_pb_css_mix_blend_mode et_section_regular et_block_section\" >\n\t\t\t\t\n\t\t\t\t\n\t\t\t\t\n\t\t\t\t\n\t\t\t\t\n\t\t\t\t\n\t\t\t\t<div class=\"et_d4_element et_pb_row et_pb_row_6  et_pb_css_mix_blend_mode et_block_row\">\n\t\t\t\t<div class=\"et_d4_element et_pb_column_1_2 et_pb_column et_pb_column_11  et_pb_css_mix_blend_mode et_block_column\">\n\t\t\t\t\n\t\t\t\t\n\t\t\t\t\n\t\t\t\t\n\t\t\t\t<div class=\"et_pb_module et_d4_element et_pb_text et_pb_text_5  et_pb_text_align_left et_pb_bg_layout_dark\">\n\t\t\t\t\n\t\t\t\t\n\t\t\t\t\n\t\t\t\t\n\t\t\t\t<div class=\"et_pb_text_inner\"><h2>Conozca m\u00e1s acerca del INTECAP.<\/h2>\n<p style=\"text-align: justify;\">En el INTECAP queremos contribuir al desarrollo de la producci\u00f3n de las empresas con un m\u00ednimo de tiempo, bajo costo, con los mismos recursos y superando la calidad de los productos o servicios que ofrecen.<\/p><\/div>\n\t\t\t<\/div>\n\t\t\t<\/div><div class=\"et_d4_element et_pb_column_1_2 et_pb_column et_pb_column_12  et_pb_css_mix_blend_mode et-last-child et_block_column\">\n\t\t\t\t\n\t\t\t\t\n\t\t\t\t\n\t\t\t\t\n\t\t\t\t<div class=\"et_pb_module et_d4_element et_pb_text et_pb_text_6  et_pb_text_align_left et_pb_bg_layout_dark\">\n\t\t\t\t\n\t\t\t\t\n\t\t\t\t\n\t\t\t\t\n\t\t\t\t<div class=\"et_pb_text_inner\"><p>Contamos tambi\u00e9n con los servicios de Asesor\u00edas T\u00e9cnicas en las que cualquier empresa puede contactarnos y pedir nuestra Asistencia en diversas \u00e1reas con el objetivo de mejorar la productividad.<\/p><\/div>\n\t\t\t<\/div><div class=\"et_pb_button_module_wrapper et_pb_button_6_wrapper et_pb_button_alignment_left et_pb_module \">\n\t\t\t\t<a class=\"et_pb_button et_d4_element et_pb_button_6 et_hover_enabled et_pb_bg_layout_dark et_block_module\" href=\"https:\/\/intecap.edu.gt\/\" target=\"_blank\">Leer m\u00e1s<\/a>\n\t\t\t<\/div>\n\t\t\t<\/div>\n\t\t\t\t\n\t\t\t\t\n\t\t\t\t\n\t\t\t\t\n\t\t\t<\/div>\n\t\t\t\t\n\t\t\t\t\n\t\t\t<\/div><\/p>\n","protected":false},"excerpt":{"rendered":"","protected":false},"author":1,"featured_media":0,"parent":0,"menu_order":0,"comment_status":"closed","ping_status":"closed","template":"","meta":{"_et_pb_use_builder":"on","_et_pb_old_content":"","_et_gb_content_width":"","footnotes":""},"class_list":["post-9","page","type-page","status-publish","hentry"],"_links":{"self":[{"href":"https:\/\/intecap.edu.gt\/certificacionlaboral\/wp-json\/wp\/v2\/pages\/9","targetHints":{"allow":["GET"]}}],"collection":[{"href":"https:\/\/intecap.edu.gt\/certificacionlaboral\/wp-json\/wp\/v2\/pages"}],"about":[{"href":"https:\/\/intecap.edu.gt\/certificacionlaboral\/wp-json\/wp\/v2\/types\/page"}],"author":[{"embeddable":true,"href":"https:\/\/intecap.edu.gt\/certificacionlaboral\/wp-json\/wp\/v2\/users\/1"}],"replies":[{"embeddable":true,"href":"https:\/\/intecap.edu.gt\/certificacionlaboral\/wp-json\/wp\/v2\/comments?post=9"}],"version-history":[{"count":125,"href":"https:\/\/intecap.edu.gt\/certificacionlaboral\/wp-json\/wp\/v2\/pages\/9\/revisions"}],"predecessor-version":[{"id":2385,"href":"https:\/\/intecap.edu.gt\/certificacionlaboral\/wp-json\/wp\/v2\/pages\/9\/revisions\/2385"}],"wp:attachment":[{"href":"https:\/\/intecap.edu.gt\/certificacionlaboral\/wp-json\/wp\/v2\/media?parent=9"}],"curies":[{"name":"wp","href":"https:\/\/api.w.org\/{rel}","templated":true}]}}