{"id":1107,"date":"2021-02-05T20:27:33","date_gmt":"2021-02-05T20:27:33","guid":{"rendered":"https:\/\/intecap.edu.gt\/empresarial\/?page_id=1107"},"modified":"2023-02-13T21:30:57","modified_gmt":"2023-02-13T21:30:57","slug":"capacitacion","status":"publish","type":"page","link":"https:\/\/intecap.edu.gt\/empresarial\/capacitacion\/","title":{"rendered":"Capacitaci\u00f3n"},"content":{"rendered":"<p>[et_pb_section fb_built=\u00bb1&#8243; admin_label=\u00bbHero\u00bb _builder_version=\u00bb4.9.7&#8243; background_color=\u00bb#71291b\u00bb background_image=\u00bbhttps:\/\/intecap.edu.gt\/empresarial\/wp-content\/uploads\/2021\/02\/capacitacion.jpg\u00bb background_position=\u00bbbottom_left\u00bb background_blend=\u00bbmultiply\u00bb module_alignment=\u00bbcenter\u00bb min_height=\u00bb364px\u00bb custom_padding=\u00bb||15px|||\u00bb animation_style=\u00bbzoom\u00bb animation_intensity_zoom=\u00bb4%\u00bb][et_pb_row column_structure=\u00bb3_4,1_4&#8243; _builder_version=\u00bb4.4.8&#8243; background_size=\u00bbinitial\u00bb background_position=\u00bbtop_left\u00bb background_repeat=\u00bbrepeat\u00bb max_width=\u00bb1400px\u00bb custom_padding=\u00bb||10px|||\u00bb animation_style=\u00bbslide\u00bb animation_direction=\u00bbtop\u00bb animation_intensity_slide=\u00bb3%\u00bb][et_pb_column type=\u00bb3_4&#8243; _builder_version=\u00bb3.25&#8243; custom_padding=\u00bb|||\u00bb custom_padding__hover=\u00bb|||\u00bb][et_pb_text _builder_version=\u00bb4.8.2&#8243; text_font=\u00bbMontserrat|500||on|||||\u00bb text_text_color=\u00bb#FFFFFF\u00bb text_font_size=\u00bb23px\u00bb text_letter_spacing=\u00bb3px\u00bb header_font_size=\u00bb34px\u00bb background_size=\u00bbinitial\u00bb background_position=\u00bbtop_left\u00bb background_repeat=\u00bbrepeat\u00bb custom_margin=\u00bb||7px|||\u00bb animation_style=\u00bbslide\u00bb animation_direction=\u00bbbottom\u00bb locked=\u00bboff\u00bb]<\/p>\n<p>SERVICIOS EMPRESARIALES<\/p>\n<p>[\/et_pb_text][et_pb_text _builder_version=\u00bb4.9.7&#8243; text_font=\u00bb||||||||\u00bb header_font=\u00bbMontserrat|300||on|||||\u00bb header_text_color=\u00bb#FFFFFF\u00bb header_font_size=\u00bb37px\u00bb header_line_height=\u00bb1.3em\u00bb background_size=\u00bbinitial\u00bb background_position=\u00bbtop_left\u00bb background_repeat=\u00bbrepeat\u00bb custom_margin=\u00bb|||\u00bb animation_style=\u00bbfade\u00bb header_font_size_last_edited=\u00bboff|desktop\u00bb locked=\u00bboff\u00bb]<\/p>\n<h1>CAPACITACI\u00d3N LABORAL<\/h1>\n<p>[\/et_pb_text][et_pb_image src=\u00bbhttps:\/\/intecap.edu.gt\/empresarial\/wp-content\/uploads\/2020\/06\/logo-inverse.png\u00bb title_text=\u00bblogo-inverse\u00bb _builder_version=\u00bb4.8.2&#8243; _module_preset=\u00bbdefault\u00bb][\/et_pb_image][\/et_pb_column][et_pb_column type=\u00bb1_4&#8243; _builder_version=\u00bb3.25&#8243; custom_padding=\u00bb|||\u00bb custom_padding__hover=\u00bb|||\u00bb][\/et_pb_column][\/et_pb_row][\/et_pb_section][et_pb_section fb_built=\u00bb1&#8243; admin_label=\u00bbCase Study Text\u00bb _builder_version=\u00bb3.22&#8243; custom_margin=\u00bb|||\u00bb custom_padding=\u00bb18px||30px|||\u00bb][et_pb_row _builder_version=\u00bb4.4.8&#8243; width=\u00bb87%\u00bb max_width=\u00bb1400px\u00bb module_alignment=\u00bbcenter\u00bb custom_padding=\u00bb14px|||||\u00bb][et_pb_column type=\u00bb4_4&#8243; _builder_version=\u00bb4.4.8&#8243;][et_pb_text _builder_version=\u00bb4.8.2&#8243; header_2_font=\u00bbMontserrat|700||on|||||\u00bb header_2_text_color=\u00bb#0da0c5&#8243; header_2_font_size=\u00bb38px\u00bb text_orientation=\u00bbcenter\u00bb]<\/p>\n<h2>UNA INVERSI\u00d3N INTELIGENTE<\/h2>\n<p>[\/et_pb_text][et_pb_text _builder_version=\u00bb4.8.2&#8243; text_font=\u00bbLato||||||||\u00bb text_text_color=\u00bb#242424&#8243; text_font_size=\u00bb18px\u00bb text_orientation=\u00bbcenter\u00bb custom_padding=\u00bb||0px|||\u00bb]<\/p>\n<p><span style=\"font-size: 20px;\">La capacitaci\u00f3n de sus colaboradores en una inversi\u00f3n inteligente, implementamos modelos exclusivos orientados al cierre de brechas, optimizaci\u00f3n e incremento de las competencias de sus colaboradores, desarrollando el conocimiento y potencializ\u00e1ndolo al m\u00e1s alto nivel. <\/span><\/p>\n<p>[\/et_pb_text][\/et_pb_column][\/et_pb_row][et_pb_row _builder_version=\u00bb4.4.8&#8243; width=\u00bb87%\u00bb max_width=\u00bb1400px\u00bb][et_pb_column type=\u00bb4_4&#8243; _builder_version=\u00bb4.4.8&#8243;][et_pb_text _builder_version=\u00bb4.9.0&#8243; header_2_font=\u00bbMontserrat|700||on|||||\u00bb header_2_text_color=\u00bb#000000&#8243; header_2_font_size=\u00bb28px\u00bb text_orientation=\u00bbcenter\u00bb custom_margin=\u00bb||9px|||\u00bb]<\/p>\n<h2>Desarollamos el conocimiento de sus colaboradores al m\u00e1s alto nivel<\/h2>\n<p>[\/et_pb_text][et_pb_image src=\u00bbhttps:\/\/intecap.edu.gt\/empresarial\/wp-content\/uploads\/2023\/02\/capacitacion-laboral.jpg\u00bb title_text=\u00bbcapacitacion-laboral\u00bb disabled_on=\u00bboff|off|off\u00bb admin_label=\u00bbhero\u00bb _builder_version=\u00bb4.9.7&#8243; use_background_color_gradient=\u00bbon\u00bb background_enable_image=\u00bboff\u00bb background_size=\u00bbcontain\u00bb background_position=\u00bbtop_right\u00bb max_width=\u00bb100%\u00bb module_alignment=\u00bbcenter\u00bb filter_contrast=\u00bb101%\u00bb mix_blend_mode=\u00bbmultiply\u00bb][\/et_pb_image][et_pb_text _builder_version=\u00bb4.9.7&#8243; text_font=\u00bbLato||||||||\u00bb text_font_size=\u00bb19px\u00bb text_orientation=\u00bbcenter\u00bb custom_padding=\u00bb|10px|8px|10px|false|false\u00bb]<\/p>\n<p style=\"text-align: justify;\">Nuestro acompa\u00f1amiento le permitir\u00e1 generar propuestas tem\u00e1ticas estructuradas para los diferentes niveles operativo, medio, ejecutivo y gerencial en donde de forma conjunta se pueden establecer los par\u00e1metros, formas de trabajo y los puntos claves para trasmitir a sus colaboradores las herramientas necesarias para realizar su trabajo de una forma m\u00e1s eficiente y oportuna.<\/p>\n<blockquote>\n<p style=\"text-align: justify;\"><\/blockquote>\n<p>[\/et_pb_text][et_pb_text _builder_version=\u00bb4.9.0&#8243; header_2_font=\u00bbMontserrat|700||on|||||\u00bb header_2_text_color=\u00bb#0da0c5&#8243; header_2_font_size=\u00bb38px\u00bb text_orientation=\u00bbcenter\u00bb]<\/p>\n<h2>BENEFICIOS DE LA CAPACITACI\u00d3N<\/h2>\n<p>[\/et_pb_text][\/et_pb_column][\/et_pb_row][et_pb_row column_structure=\u00bb1_2,1_2&#8243; _builder_version=\u00bb4.9.0&#8243; _module_preset=\u00bbdefault\u00bb][et_pb_column type=\u00bb1_2&#8243; _builder_version=\u00bb4.9.0&#8243; _module_preset=\u00bbdefault\u00bb][et_pb_image src=\u00bbhttps:\/\/intecap.edu.gt\/empresarial\/wp-content\/uploads\/2021\/02\/capacitacion.jpg\u00bb title_text=\u00bbcapacitacion\u00bb _builder_version=\u00bb4.9.0&#8243; _module_preset=\u00bbdefault\u00bb border_radii=\u00bbon|18px|18px|18px|18px\u00bb][\/et_pb_image][\/et_pb_column][et_pb_column type=\u00bb1_2&#8243; _builder_version=\u00bb4.9.0&#8243; _module_preset=\u00bbdefault\u00bb][et_pb_text _builder_version=\u00bb4.9.0&#8243; _module_preset=\u00bbdefault\u00bb text_font=\u00bb|600|||||||\u00bb text_font_size=\u00bb17px\u00bb]<\/p>\n<ol>\n<li>Incremento de la Rentabilidad de su empresa<\/li>\n<li>Talento Humano calificado<\/li>\n<li>Sentido de pertenencia y lealtad en el colaborador<\/li>\n<li>Propuestas de mejora cont\u00ednua<\/li>\n<li>Permite generar empoderamiento y liderazgo positivo<\/li>\n<li>Eficiencia y agilidad<\/li>\n<\/ol>\n<p>[\/et_pb_text][\/et_pb_column][\/et_pb_row][\/et_pb_section]<\/p>\n","protected":false},"excerpt":{"rendered":"<p>SERVICIOS EMPRESARIALESCAPACITACI\u00d3N LABORALUNA INVERSI\u00d3N INTELIGENTELa capacitaci\u00f3n de sus colaboradores en una inversi\u00f3n inteligente, implementamos modelos exclusivos orientados al cierre de brechas, optimizaci\u00f3n e incremento de las competencias de sus colaboradores, desarrollando el conocimiento y potencializ\u00e1ndolo al m\u00e1s alto nivel. Desarollamos el conocimiento de sus colaboradores al m\u00e1s alto nivelNuestro acompa\u00f1amiento le permitir\u00e1 generar propuestas tem\u00e1ticas [&hellip;]<\/p>\n","protected":false},"author":1,"featured_media":0,"parent":0,"menu_order":0,"comment_status":"closed","ping_status":"closed","template":"","meta":{"_et_pb_use_builder":"on","_et_pb_old_content":"<!-- wp:divi\/placeholder \/-->","_et_gb_content_width":"","_monsterinsights_skip_tracking":false,"_monsterinsights_sitenote_active":false,"_monsterinsights_sitenote_note":"","_monsterinsights_sitenote_category":0,"footnotes":""},"yst_prominent_words":[],"class_list":["post-1107","page","type-page","status-publish","hentry"],"_links":{"self":[{"href":"https:\/\/intecap.edu.gt\/empresarial\/wp-json\/wp\/v2\/pages\/1107","targetHints":{"allow":["GET"]}}],"collection":[{"href":"https:\/\/intecap.edu.gt\/empresarial\/wp-json\/wp\/v2\/pages"}],"about":[{"href":"https:\/\/intecap.edu.gt\/empresarial\/wp-json\/wp\/v2\/types\/page"}],"author":[{"embeddable":true,"href":"https:\/\/intecap.edu.gt\/empresarial\/wp-json\/wp\/v2\/users\/1"}],"replies":[{"embeddable":true,"href":"https:\/\/intecap.edu.gt\/empresarial\/wp-json\/wp\/v2\/comments?post=1107"}],"version-history":[{"count":17,"href":"https:\/\/intecap.edu.gt\/empresarial\/wp-json\/wp\/v2\/pages\/1107\/revisions"}],"predecessor-version":[{"id":2290,"href":"https:\/\/intecap.edu.gt\/empresarial\/wp-json\/wp\/v2\/pages\/1107\/revisions\/2290"}],"wp:attachment":[{"href":"https:\/\/intecap.edu.gt\/empresarial\/wp-json\/wp\/v2\/media?parent=1107"}],"wp:term":[{"taxonomy":"yst_prominent_words","embeddable":true,"href":"https:\/\/intecap.edu.gt\/empresarial\/wp-json\/wp\/v2\/yst_prominent_words?post=1107"}],"curies":[{"name":"wp","href":"https:\/\/api.w.org\/{rel}","templated":true}]}}