{"id":38,"date":"2020-06-11T04:10:57","date_gmt":"2020-06-11T04:10:57","guid":{"rendered":"http:\/\/intecap.edu.gt\/empresarial\/?page_id=38"},"modified":"2022-11-11T17:31:44","modified_gmt":"2022-11-11T17:31:44","slug":"cursos","status":"publish","type":"page","link":"https:\/\/intecap.edu.gt\/empresarial\/cursos\/","title":{"rendered":"Cursos Empresariales Regi\u00f3n Central"},"content":{"rendered":"<p>[et_pb_section fb_built=\u00bb1&#8243; custom_padding_last_edited=\u00bboff|desktop\u00bb next_background_color=\u00bb#ffffff\u00bb admin_label=\u00bbhero section\u00bb _builder_version=\u00bb4.4.8&#8243; background_enable_color=\u00bboff\u00bb background_image=\u00bbhttps:\/\/intecap.edu.gt\/empresarial\/wp-content\/uploads\/2020\/07\/header2.jpg\u00bb custom_margin=\u00bb|||\u00bb custom_padding=\u00bb100px||100px|\u00bb custom_padding_tablet=\u00bb130px||130px|\u00bb bottom_divider_style=\u00bbramp2&#8243; bottom_divider_height=\u00bb56px\u00bb][et_pb_row column_structure=\u00bb1_2,1_2&#8243; admin_label=\u00bbtitle and illustration\u00bb _builder_version=\u00bb3.25&#8243; background_size=\u00bbinitial\u00bb background_position=\u00bbtop_left\u00bb background_repeat=\u00bbrepeat\u00bb custom_margin=\u00bb|||\u00bb][et_pb_column type=\u00bb1_2&#8243; _builder_version=\u00bb3.25&#8243; custom_padding=\u00bb|||\u00bb custom_padding__hover=\u00bb|||\u00bb][et_pb_image src=\u00bbhttps:\/\/intecap.edu.gt\/empresarial\/wp-content\/uploads\/2020\/06\/logo-inverse.png\u00bb title_text=\u00bblogo-inverse\u00bb _builder_version=\u00bb4.4.8&#8243;][\/et_pb_image][et_pb_text _builder_version=\u00bb4.4.8&#8243; text_font=\u00bbAbel||||||||\u00bb text_text_color=\u00bb#000000&#8243; header_font=\u00bbAbel|700|||||||\u00bb header_text_color=\u00bb#00457a\u00bb header_font_size=\u00bb46px\u00bb header_line_height=\u00bb1.3em\u00bb custom_margin=\u00bb-23px||0px||false|false\u00bb custom_padding=\u00bb0px||||false|false\u00bb animation_style=\u00bbflip\u00bb animation_direction=\u00bbtop\u00bb]<\/p>\n<h1><span style=\"color: #ffffff;\">Capacitaci\u00f3n Empresarial<\/span><\/h1>\n<p>[\/et_pb_text][et_pb_text _builder_version=\u00bb4.9.0&#8243; _module_preset=\u00bbdefault\u00bb header_3_text_color=\u00bb#FFFFFF\u00bb]<\/p>\n<h3>REGI\u00d3N CENTRAL<\/h3>\n<p>[\/et_pb_text][\/et_pb_column][et_pb_column type=\u00bb1_2&#8243; _builder_version=\u00bb3.25&#8243; custom_padding=\u00bb|||\u00bb custom_padding__hover=\u00bb|||\u00bb][et_pb_text _builder_version=\u00bb4.4.8&#8243; text_font=\u00bb|600|||||||\u00bb text_text_color=\u00bb#ffffff\u00bb text_font_size=\u00bb18px\u00bb text_line_height=\u00bb1.9em\u00bb header_text_color=\u00bbrgba(0,0,0,0)\u00bb header_4_font_size=\u00bb19px\u00bb header_4_line_height=\u00bb1.2em\u00bb background_color=\u00bbrgba(0,0,0,0)\u00bb custom_margin=\u00bb4px||||false|false\u00bb animation_style=\u00bbflip\u00bb animation_direction=\u00bbtop\u00bb animation_delay=\u00bb100ms\u00bb]<\/p>\n<h4><span style=\"color: #ffffff;\">INTECAP siempre aportando conocimiento y apoyando t\u00e9cnicamente al Sector Empresarial del pa\u00eds pone a su disposici\u00f3n CURSOS GRATUITOS para sus colaboradores con el prop\u00f3sito de que su empresas contin\u00faen con una alta competitividad y un desempe\u00f1o eficiente.<br \/> <\/span><\/h4>\n<p>[\/et_pb_text][\/et_pb_column][\/et_pb_row][\/et_pb_section][et_pb_section fb_built=\u00bb1&#8243; _builder_version=\u00bb4.4.8&#8243; custom_padding=\u00bb20px||8px|||\u00bb][et_pb_row _builder_version=\u00bb4.4.8&#8243;][et_pb_column type=\u00bb4_4&#8243; _builder_version=\u00bb4.4.8&#8243;][et_pb_text _builder_version=\u00bb4.9.0&#8243; text_text_color=\u00bb#ffffff\u00bb header_font=\u00bbMontserrat|800|||||||\u00bb header_text_align=\u00bbcenter\u00bb header_text_color=\u00bb#474747&#8243; header_font_size=\u00bb33px\u00bb]<\/p>\n<h1>CURSOS EMPRESARIALES<\/h1>\n<h1>REGI\u00d3N CENTRAL<\/h1>\n<p>[\/et_pb_text][\/et_pb_column][\/et_pb_row][et_pb_row _builder_version=\u00bb4.9.7&#8243; _module_preset=\u00bbdefault\u00bb global_module=\u00bb1993&#8243;][et_pb_column type=\u00bb4_4&#8243; _builder_version=\u00bb4.9.7&#8243; _module_preset=\u00bbdefault\u00bb][et_pb_text disabled_on=\u00bboff|off|off\u00bb _builder_version=\u00bb4.9.7&#8243; _module_preset=\u00bbdefault\u00bb]<\/p>\n<h2 style=\"text-align: center;\"><strong>Gracias por tu preferencia.\u00a0<\/strong><\/h2>\n<h4 style=\"text-align: center;\">Por el momento nuestros cursos est\u00e1n llenos<\/h4>\n<h4 style=\"text-align: center;\">Espera nuestra nueva programaci\u00f3n.<\/h4>\n<p>[\/et_pb_text][\/et_pb_column][\/et_pb_row][et_pb_row column_structure=\u00bb1_2,1_2&#8243; disabled_on=\u00bbon|on|on\u00bb admin_label=\u00bbTiming and speaker\u00bb _builder_version=\u00bb4.9.0&#8243; custom_padding=\u00bb40px|0px|40px|0px\u00bb border_color_all=\u00bb#e1e3e5&#8243; border_width_top=\u00bb1px\u00bb border_color_bottom=\u00bb#0c71c3&#8243; disabled=\u00bbon\u00bb][et_pb_column type=\u00bb1_2&#8243; _builder_version=\u00bb3.25&#8243; custom_padding=\u00bb|||\u00bb custom_padding__hover=\u00bb|||\u00bb][et_pb_text _builder_version=\u00bb4.9.7&#8243; text_font=\u00bbRoboto||||||||\u00bb text_text_color=\u00bb#00457a\u00bb text_line_height=\u00bb1.8em\u00bb link_font=\u00bb||||||||\u00bb link_text_color=\u00bb#4646c4&#8243; header_font=\u00bbMerriweather||||||||\u00bb header_text_color=\u00bb#0c71c3&#8243; header_2_text_color=\u00bb#032b35&#8243; header_2_font_size=\u00bb33px\u00bb header_3_font=\u00bbRoboto|700|||||||\u00bb header_3_text_color=\u00bb#4646c4&#8243; header_3_font_size=\u00bb25px\u00bb header_3_line_height=\u00bb1.3em\u00bb custom_margin=\u00bb||20px|\u00bb custom_padding=\u00bb||0px|||\u00bb]<\/p>\n<h2 style=\"text-align: left;\">COSTOS, RENTABILIDAD Y PUNTO DE EQUILIBRIO EN LA EMPRESA<\/h2>\n<p style=\"text-align: justify;\">Requisitos:<br \/>\u2611 18 a\u00f1os en adelante<br \/>\u2611 Nivel diversificado<\/p>\n<p style=\"text-align: justify;\">MODALIDAD: SINCR\u00d3NICO<\/p>\n<p style=\"text-align: justify;\">[\/et_pb_text][et_pb_blurb title=\u00bb\u2705 Inicio: 01\/02\/2022  \u2705 Finaliza: 05\/04\/2022&#8243; use_icon=\u00bbon\u00bb font_icon=\u00bb%%128%%\u00bb icon_color=\u00bb#a9aab7&#8243; icon_placement=\u00bbleft\u00bb use_icon_font_size=\u00bbon\u00bb icon_font_size=\u00bb24px\u00bb _builder_version=\u00bb4.9.7&#8243; header_font=\u00bb|||on|||||\u00bb header_font_size=\u00bb14px\u00bb header_letter_spacing=\u00bb1px\u00bb header_line_height=\u00bb24px\u00bb body_font=\u00bb||||||||\u00bb custom_margin=\u00bb||4px|||\u00bb][\/et_pb_blurb][et_pb_blurb title=\u00bb18:00 a 20:30 horas\u00bb use_icon=\u00bbon\u00bb font_icon=\u00bb%%92%%\u00bb icon_color=\u00bb#a9aab7&#8243; icon_placement=\u00bbleft\u00bb use_icon_font_size=\u00bbon\u00bb icon_font_size=\u00bb24px\u00bb _builder_version=\u00bb4.9.7&#8243; header_font=\u00bb|||on|||||\u00bb header_font_size=\u00bb14px\u00bb header_letter_spacing=\u00bb1px\u00bb header_line_height=\u00bb24px\u00bb body_font=\u00bb||||||||\u00bb custom_margin=\u00bb||7px|||\u00bb][\/et_pb_blurb][et_pb_blurb title=\u00bbQ.100&#8243; use_icon=\u00bbon\u00bb font_icon=\u00bb%%114%%\u00bb icon_color=\u00bb#a9aab7&#8243; icon_placement=\u00bbleft\u00bb use_icon_font_size=\u00bbon\u00bb icon_font_size=\u00bb24px\u00bb _builder_version=\u00bb4.9.7&#8243; header_font=\u00bb|||on|||||\u00bb header_font_size=\u00bb14px\u00bb header_letter_spacing=\u00bb1px\u00bb header_line_height=\u00bb24px\u00bb body_font=\u00bb||||||||\u00bb custom_margin=\u00bb||7px|||\u00bb][\/et_pb_blurb][\/et_pb_column][et_pb_column type=\u00bb1_2&#8243; _builder_version=\u00bb3.25&#8243; custom_padding=\u00bb|||\u00bb custom_padding__hover=\u00bb|||\u00bb][et_pb_button button_url=\u00bbhttps:\/\/forms.gle\/FMyZJWscEUVxJvDp6&#8243; url_new_window=\u00bbon\u00bb button_text=\u00bbINSCR\u00cdBASE YA\u00bb _builder_version=\u00bb4.9.7&#8243; custom_button=\u00bbon\u00bb button_text_size=\u00bb20px\u00bb button_text_color=\u00bb#ffffff\u00bb button_bg_color=\u00bb#00a867&#8243; button_border_radius=\u00bb12px\u00bb button_use_icon=\u00bboff\u00bb][\/et_pb_button][\/et_pb_column][\/et_pb_row][et_pb_row disabled_on=\u00bbon|on|on\u00bb _builder_version=\u00bb4.9.0&#8243; _module_preset=\u00bbdefault\u00bb disabled=\u00bbon\u00bb][et_pb_column type=\u00bb4_4&#8243; _builder_version=\u00bb4.9.0&#8243; _module_preset=\u00bbdefault\u00bb][et_pb_image src=\u00bbhttps:\/\/intecap.edu.gt\/empresarial\/wp-content\/uploads\/2021\/04\/Agro-Miercoles.png\u00bb title_text=\u00bbAgro-Miercoles\u00bb disabled_on=\u00bboff|off|off\u00bb _builder_version=\u00bb4.9.0&#8243; _module_preset=\u00bbdefault\u00bb width=\u00bb100%\u00bb max_width=\u00bb100%\u00bb][\/et_pb_image][et_pb_text disabled_on=\u00bboff|off|off\u00bb _builder_version=\u00bb4.9.0&#8243; _module_preset=\u00bbdefault\u00bb header_text_color=\u00bb#5B8500&#8243;]<\/p>\n<h1><strong>EVENTOS GRATUITOS<br \/><\/strong><\/h1>\n<p>[\/et_pb_text][\/et_pb_column][\/et_pb_row][et_pb_row column_structure=\u00bb1_2,1_2&#8243; disabled_on=\u00bbon|on|on\u00bb admin_label=\u00bbTiming and speaker\u00bb _builder_version=\u00bb4.9.0&#8243; custom_padding=\u00bb40px|0px|40px|0px\u00bb border_color_all=\u00bb#e1e3e5&#8243; border_width_top=\u00bb1px\u00bb border_color_bottom=\u00bb#0c71c3&#8243; disabled=\u00bbon\u00bb][et_pb_column type=\u00bb1_2&#8243; _builder_version=\u00bb3.25&#8243; custom_padding=\u00bb|||\u00bb custom_padding__hover=\u00bb|||\u00bb][et_pb_text _builder_version=\u00bb4.9.7&#8243; text_font=\u00bbRoboto||||||||\u00bb text_text_color=\u00bb#00457a\u00bb text_line_height=\u00bb1.8em\u00bb link_font=\u00bb||||||||\u00bb link_text_color=\u00bb#4646c4&#8243; header_font=\u00bbMerriweather||||||||\u00bb header_text_color=\u00bb#0c71c3&#8243; header_2_text_color=\u00bb#032b35&#8243; header_2_font_size=\u00bb33px\u00bb header_3_font=\u00bbRoboto|700|||||||\u00bb header_3_text_color=\u00bb#4646c4&#8243; header_3_font_size=\u00bb25px\u00bb header_3_line_height=\u00bb1.3em\u00bb custom_margin=\u00bb||20px|\u00bb custom_padding=\u00bb||0px|||\u00bb]<\/p>\n<h2>Los retos de la transformaci\u00f3n digital en el agro. \u00bfPor d\u00f3nde iniciamos?<\/h2>\n<h4><strong>25 de agosto de 2021<\/strong><br \/><strong>17 a 18 horas<\/strong><\/h4>\n<h4>Presentar herramientas digitales relacionadas con la planificaci\u00f3n y control en la gesti\u00f3n de empresas agropecuarias (producci\u00f3n agr\u00edcola, producci\u00f3n animal y administraci\u00f3n de maquinaria agr\u00edcola).<\/h4>\n<h4>Ing. Armando Lu\u00eds Gerstl Guevara (SYNAgro)<\/p>\n<\/h4>\n<p>[\/et_pb_text][\/et_pb_column][et_pb_column type=\u00bb1_2&#8243; _builder_version=\u00bb3.25&#8243; custom_padding=\u00bb|||\u00bb custom_padding__hover=\u00bb|||\u00bb][et_pb_button button_url=\u00bbhttps:\/\/forms.office.com\/r\/tGYAB4H0p2&#8243; url_new_window=\u00bbon\u00bb button_text=\u00bbINSCR\u00cdBASE YA\u00bb _builder_version=\u00bb4.9.7&#8243; custom_button=\u00bbon\u00bb button_text_size=\u00bb20px\u00bb button_text_color=\u00bb#ffffff\u00bb button_bg_color=\u00bb#7cba00&#8243; button_border_radius=\u00bb12px\u00bb button_icon=\u00bb%%171%%\u00bb][\/et_pb_button][\/et_pb_column][\/et_pb_row][\/et_pb_section][et_pb_section fb_built=\u00bb1&#8243; _builder_version=\u00bb4.9.0&#8243; _module_preset=\u00bbdefault\u00bb custom_padding=\u00bb11px|||||\u00bb][et_pb_row _builder_version=\u00bb4.9.0&#8243; _module_preset=\u00bbdefault\u00bb][et_pb_column type=\u00bb4_4&#8243; _builder_version=\u00bb4.9.0&#8243; _module_preset=\u00bbdefault\u00bb][et_pb_text _builder_version=\u00bb4.9.7&#8243; _module_preset=\u00bbdefault\u00bb header_font=\u00bb|600|||||||\u00bb header_text_align=\u00bbcenter\u00bb]<\/p>\n<h1>Puede inscribirse tambi\u00e9n a nuestros siguientes cursos o diplomados.<\/h1>\n<p>[\/et_pb_text][\/et_pb_column][\/et_pb_row][et_pb_row _builder_version=\u00bb4.9.0&#8243; _module_preset=\u00bbdefault\u00bb width=\u00bb100%\u00bb max_width=\u00bb1500px\u00bb module_alignment=\u00bbcenter\u00bb][et_pb_column type=\u00bb4_4&#8243; _builder_version=\u00bb4.9.0&#8243; _module_preset=\u00bbdefault\u00bb][et_pb_code _builder_version=\u00bb4.9.0&#8243; _module_preset=\u00bbdefault\u00bb]<iframe loading=\"lazy\" src=\"https:\/\/cursos.intecap.edu.gt\/CursosListado.aspx?iduo=104114\" width=\"1800\" height=\"900\"><\/iframe>[\/et_pb_code][\/et_pb_column][\/et_pb_row][\/et_pb_section][et_pb_section fb_built=\u00bb1&#8243; admin_label=\u00bbContact\u00bb _builder_version=\u00bb4.4.8&#8243; background_color=\u00bb#313476&#8243; use_background_color_gradient=\u00bbon\u00bb background_color_gradient_end=\u00bb#1c0b00&#8243; custom_padding=\u00bb0px|0px|0px|0px\u00bb animation_style=\u00bbslide\u00bb animation_direction=\u00bbbottom\u00bb animation_intensity_slide=\u00bb20%\u00bb animation_starting_opacity=\u00bb100%\u00bb box_shadow_style=\u00bbpreset7&#8243; box_shadow_horizontal=\u00bb0px\u00bb box_shadow_vertical=\u00bb80px\u00bb box_shadow_spread=\u00bb-14px\u00bb box_shadow_color=\u00bb#ffffff\u00bb][\/et_pb_section]<\/p>\n","protected":false},"excerpt":{"rendered":"<p>Capacitaci\u00f3n EmpresarialREGI\u00d3N CENTRALINTECAP siempre aportando conocimiento y apoyando t\u00e9cnicamente al Sector Empresarial del pa\u00eds pone a su disposici\u00f3n CURSOS GRATUITOS para sus colaboradores con el prop\u00f3sito de que su empresas contin\u00faen con una alta competitividad y un desempe\u00f1o eficiente. CURSOS EMPRESARIALES REGI\u00d3N CENTRALGracias por tu preferencia.\u00a0 Por el momento nuestros cursos est\u00e1n llenos Espera nuestra [&hellip;]<\/p>\n","protected":false},"author":1,"featured_media":0,"parent":0,"menu_order":0,"comment_status":"closed","ping_status":"closed","template":"","meta":{"_et_pb_use_builder":"on","_et_pb_old_content":"","_et_gb_content_width":"","_monsterinsights_skip_tracking":false,"_monsterinsights_sitenote_active":false,"_monsterinsights_sitenote_note":"","_monsterinsights_sitenote_category":0,"footnotes":""},"yst_prominent_words":[],"class_list":["post-38","page","type-page","status-publish","hentry"],"_links":{"self":[{"href":"https:\/\/intecap.edu.gt\/empresarial\/wp-json\/wp\/v2\/pages\/38","targetHints":{"allow":["GET"]}}],"collection":[{"href":"https:\/\/intecap.edu.gt\/empresarial\/wp-json\/wp\/v2\/pages"}],"about":[{"href":"https:\/\/intecap.edu.gt\/empresarial\/wp-json\/wp\/v2\/types\/page"}],"author":[{"embeddable":true,"href":"https:\/\/intecap.edu.gt\/empresarial\/wp-json\/wp\/v2\/users\/1"}],"replies":[{"embeddable":true,"href":"https:\/\/intecap.edu.gt\/empresarial\/wp-json\/wp\/v2\/comments?post=38"}],"version-history":[{"count":504,"href":"https:\/\/intecap.edu.gt\/empresarial\/wp-json\/wp\/v2\/pages\/38\/revisions"}],"predecessor-version":[{"id":1995,"href":"https:\/\/intecap.edu.gt\/empresarial\/wp-json\/wp\/v2\/pages\/38\/revisions\/1995"}],"wp:attachment":[{"href":"https:\/\/intecap.edu.gt\/empresarial\/wp-json\/wp\/v2\/media?parent=38"}],"wp:term":[{"taxonomy":"yst_prominent_words","embeddable":true,"href":"https:\/\/intecap.edu.gt\/empresarial\/wp-json\/wp\/v2\/yst_prominent_words?post=38"}],"curies":[{"name":"wp","href":"https:\/\/api.w.org\/{rel}","templated":true}]}}