{"id":554,"date":"2020-07-16T21:01:27","date_gmt":"2020-07-16T21:01:27","guid":{"rendered":"https:\/\/intecap.edu.gt\/empresarial\/?page_id=554"},"modified":"2025-08-26T16:37:16","modified_gmt":"2025-08-26T16:37:16","slug":"asistenciatecnica","status":"publish","type":"page","link":"https:\/\/intecap.edu.gt\/empresarial\/asistenciatecnica\/","title":{"rendered":"Asistencia T\u00e9cnica"},"content":{"rendered":"<p>[et_pb_section fb_built=\u00bb1&#8243; admin_label=\u00bbHero\u00bb _builder_version=\u00bb4.16&#8243; background_color=\u00bb#fcd21d\u00bb background_image=\u00bbhttps:\/\/intecap.edu.gt\/empresarial\/wp-content\/uploads\/2020\/07\/header-at.jpg\u00bb background_blend=\u00bbscreen\u00bb custom_padding=\u00bb|||\u00bb animation_style=\u00bbzoom\u00bb animation_intensity_zoom=\u00bb4%\u00bb global_colors_info=\u00bb{}\u00bb][et_pb_row _builder_version=\u00bb4.16&#8243; background_size=\u00bbinitial\u00bb background_position=\u00bbtop_left\u00bb background_repeat=\u00bbrepeat\u00bb max_width=\u00bb1400px\u00bb custom_padding=\u00bb|||\u00bb animation_style=\u00bbslide\u00bb animation_direction=\u00bbtop\u00bb animation_intensity_slide=\u00bb3%\u00bb global_colors_info=\u00bb{}\u00bb][et_pb_column type=\u00bb4_4&#8243; _builder_version=\u00bb4.16&#8243; custom_padding=\u00bb|||\u00bb global_colors_info=\u00bb{}\u00bb custom_padding__hover=\u00bb|||\u00bb][et_pb_text _builder_version=\u00bb4.16&#8243; text_font=\u00bbMontserrat|500||on|||||\u00bb text_text_color=\u00bb#353740&#8243; text_font_size=\u00bb16px\u00bb text_letter_spacing=\u00bb3px\u00bb background_size=\u00bbinitial\u00bb background_position=\u00bbtop_left\u00bb background_repeat=\u00bbrepeat\u00bb custom_margin=\u00bb||45px|\u00bb animation_style=\u00bbslide\u00bb animation_direction=\u00bbbottom\u00bb locked=\u00bboff\u00bb global_colors_info=\u00bb{}\u00bb]<\/p>\n<p>SERVICIOS EMPRESARIALES<\/p>\n<p>[\/et_pb_text][et_pb_text _builder_version=\u00bb4.16&#8243; text_font=\u00bb||||||||\u00bb header_font=\u00bbMontserrat|700||on|||||\u00bb header_text_color=\u00bb#353740&#8243; header_font_size=\u00bb50px\u00bb header_line_height=\u00bb1.3em\u00bb background_size=\u00bbinitial\u00bb background_position=\u00bbtop_left\u00bb background_repeat=\u00bbrepeat\u00bb custom_margin=\u00bb|||\u00bb animation_style=\u00bbfade\u00bb header_font_size_last_edited=\u00bboff|desktop\u00bb locked=\u00bboff\u00bb global_colors_info=\u00bb{}\u00bb]<\/p>\n<h1>ASISTENCIA T\u00c9CNICA<\/h1>\n<p>[\/et_pb_text][\/et_pb_column][\/et_pb_row][\/et_pb_section][et_pb_section fb_built=\u00bb1&#8243; admin_label=\u00bbCase Study Text\u00bb _builder_version=\u00bb4.16&#8243; custom_margin=\u00bb|||\u00bb custom_padding=\u00bb32px||30px|||\u00bb global_colors_info=\u00bb{}\u00bb][et_pb_row _builder_version=\u00bb4.16&#8243; width=\u00bb87%\u00bb max_width=\u00bb1400px\u00bb module_alignment=\u00bbcenter\u00bb global_colors_info=\u00bb{}\u00bb][et_pb_column type=\u00bb4_4&#8243; _builder_version=\u00bb4.16&#8243; global_colors_info=\u00bb{}\u00bb][et_pb_text _builder_version=\u00bb4.16&#8243; header_2_font=\u00bbMontserrat|700||on|||||\u00bb header_2_text_color=\u00bb#0da0c5&#8243; header_2_font_size=\u00bb38px\u00bb text_orientation=\u00bbcenter\u00bb global_colors_info=\u00bb{}\u00bb]<\/p>\n<h2>Asesor\u00eda personalizada de alto nivel<\/h2>\n<p>[\/et_pb_text][et_pb_text _builder_version=\u00bb4.16&#8243; text_font=\u00bbLato||||||||\u00bb text_text_color=\u00bb#242424&#8243; text_font_size=\u00bb18px\u00bb text_orientation=\u00bbcenter\u00bb custom_padding=\u00bb||0px|||\u00bb global_colors_info=\u00bb{}\u00bb]<\/p>\n<h4 style=\"text-align: justify;\">Nuestra experiencia brindando apoyo t\u00e9cnico en el campo empresarial nos permite ofrecer asesor\u00edas personalizadas de alto nivel, con expertos que realizan su trabajo dentro de las organizaciones a fin de buscar soluciones a problem\u00e1ticas espec\u00edfi cas, tanto administrativas como tecnol\u00f3gicas, detectadas por los mandos altos y medios de dichas organizaciones en sus procesos productivos y basados en diagn\u00f3sticos previos de la problem\u00e1tica por parte de nuestros expertos.<\/h4>\n<p>[\/et_pb_text][\/et_pb_column][\/et_pb_row][et_pb_row _builder_version=\u00bb4.16&#8243; width=\u00bb87%\u00bb max_width=\u00bb1400px\u00bb global_colors_info=\u00bb{}\u00bb][et_pb_column type=\u00bb4_4&#8243; _builder_version=\u00bb4.16&#8243; global_colors_info=\u00bb{}\u00bb][et_pb_text _builder_version=\u00bb4.16&#8243; header_2_font=\u00bbMontserrat|700||on|||||\u00bb header_2_text_color=\u00bb#000000&#8243; header_2_font_size=\u00bb31px\u00bb text_orientation=\u00bbcenter\u00bb custom_margin=\u00bb||9px|||\u00bb global_colors_info=\u00bb{}\u00bb]<\/p>\n<h2>Soluciones que generan impacto positivo<\/h2>\n<p>[\/et_pb_text][et_pb_image src=\u00bbhttps:\/\/intecap.edu.gt\/empresarial\/wp-content\/uploads\/2020\/07\/asesoria-intecap.jpg\u00bb title_text=\u00bbasesoria-intecap\u00bb disabled_on=\u00bboff|off|off\u00bb _builder_version=\u00bb4.16&#8243; background_enable_image=\u00bboff\u00bb background_size=\u00bbcontain\u00bb background_position=\u00bbtop_right\u00bb max_width=\u00bb100%\u00bb module_alignment=\u00bbcenter\u00bb filter_contrast=\u00bb101%\u00bb mix_blend_mode=\u00bbmultiply\u00bb global_colors_info=\u00bb{}\u00bb][\/et_pb_image][et_pb_text _builder_version=\u00bb4.16&#8243; _module_preset=\u00bbdefault\u00bb global_colors_info=\u00bb{}\u00bb]<\/p>\n<h4>Nuestro prop\u00f3sito es generar un impacto positivo, realizando un diagn\u00f3stico previo de la situaci\u00f3n actual de su empresa y luego plantear las soluciones, detallando las acciones, planes, o procedimientos necesarios para la transformaci\u00f3n de un departamento, bien, producto, o servicio, respondiendo a las exigencias del mercado y los requerimientos de su empresa.<\/h4>\n<blockquote>\n<h4>La <strong>CONFIDENCIALIDAD<\/strong> con la que trabajamos respalda y permite el resguardo de la informaci\u00f3n que analizamos y procesamos para implementar los cambios.<\/h4>\n<\/blockquote>\n<p>[\/et_pb_text][et_pb_text _builder_version=\u00bb4.16&#8243; header_2_font=\u00bbMontserrat|700||on|||||\u00bb header_2_text_color=\u00bb#0da0c5&#8243; header_2_font_size=\u00bb38px\u00bb text_orientation=\u00bbcenter\u00bb global_colors_info=\u00bb{}\u00bb]<\/p>\n<h2>\u00c1REAS ESPECIALIZADAS<\/h2>\n<p>[\/et_pb_text][\/et_pb_column][\/et_pb_row][et_pb_row column_structure=\u00bb1_3,1_3,1_3&#8243; _builder_version=\u00bb4.16&#8243; global_colors_info=\u00bb{}\u00bb][et_pb_column type=\u00bb1_3&#8243; _builder_version=\u00bb4.16&#8243; global_colors_info=\u00bb{}\u00bb][et_pb_cta title=\u00bbADMINISTRATIVA\u00bb button_text=\u00bbClics\u00bb _builder_version=\u00bb4.16&#8243; header_font=\u00bbMontserrat|800|||||||\u00bb header_text_align=\u00bbleft\u00bb header_text_color=\u00bb#ffffff\u00bb header_font_size=\u00bb22px\u00bb body_font=\u00bbMontserrat|600|||||||\u00bb body_text_align=\u00bbleft\u00bb body_text_color=\u00bb#ffffff\u00bb body_font_size=\u00bb17px\u00bb body_line_height=\u00bb1.4em\u00bb background_color=\u00bb#242424&#8243; border_radii=\u00bbon|20px|20px|20px|20px\u00bb border_width_all=\u00bb3px\u00bb border_color_all=\u00bbrgba(0,0,0,0)\u00bb box_shadow_style=\u00bbpreset3&#8243; global_colors_info=\u00bb{}\u00bb]<\/p>\n<p>Estudios de mercado<br \/>Proyectos de inversi\u00f3n<br \/>Plan de negocios<br \/>Comercializaci\u00f3n<br \/>Innovaci\u00f3n<\/p>\n<p>[\/et_pb_cta][\/et_pb_column][et_pb_column type=\u00bb1_3&#8243; _builder_version=\u00bb4.16&#8243; global_colors_info=\u00bb{}\u00bb][et_pb_cta title=\u00bbEMPRENDIMIENTO\u00bb button_text=\u00bbClics\u00bb _builder_version=\u00bb4.16&#8243; header_font=\u00bbMontserrat|800|||||||\u00bb header_text_align=\u00bbleft\u00bb header_text_color=\u00bb#ffffff\u00bb header_font_size=\u00bb22px\u00bb body_font=\u00bbMontserrat|600|||||||\u00bb body_text_align=\u00bbleft\u00bb body_text_color=\u00bb#ffffff\u00bb body_font_size=\u00bb17px\u00bb body_line_height=\u00bb1.4em\u00bb background_color=\u00bb#242424&#8243; border_radii=\u00bbon|20px|20px|20px|20px\u00bb border_width_all=\u00bb3px\u00bb border_color_all=\u00bbrgba(0,0,0,0)\u00bb box_shadow_style=\u00bbpreset3&#8243; global_colors_info=\u00bb{}\u00bb]<\/p>\n<p>Recursos Humanos<br \/>Finanzas<br \/>Operaciones<br \/>Ventas<br \/>Log\u00edstica<\/p>\n<p>[\/et_pb_cta][\/et_pb_column][et_pb_column type=\u00bb1_3&#8243; _builder_version=\u00bb4.16&#8243; global_colors_info=\u00bb{}\u00bb][et_pb_cta title=\u00bbTECNOLOG\u00cdA\u00bb button_text=\u00bbClics\u00bb _builder_version=\u00bb4.16&#8243; header_font=\u00bbMontserrat|800|||||||\u00bb header_text_align=\u00bbleft\u00bb header_text_color=\u00bb#ffffff\u00bb header_font_size=\u00bb22px\u00bb body_font=\u00bbMontserrat|600|||||||\u00bb body_text_align=\u00bbleft\u00bb body_text_color=\u00bb#ffffff\u00bb body_font_size=\u00bb17px\u00bb body_line_height=\u00bb1.4em\u00bb background_color=\u00bb#242424&#8243; border_radii=\u00bbon|20px|20px|20px|20px\u00bb border_width_all=\u00bb3px\u00bb border_color_all=\u00bbrgba(0,0,0,0)\u00bb box_shadow_style=\u00bbpreset3&#8243; global_colors_info=\u00bb{}\u00bb]<\/p>\n<p>Proceso de producci\u00f3n<br \/>Actualizaci\u00f3n de sistema<br \/>Agr\u00edcolas<br \/>Pecuaria<br \/>Proceso de Manufactura<\/p>\n<p>[\/et_pb_cta][\/et_pb_column][\/et_pb_row][\/et_pb_section]<\/p>\n","protected":false},"excerpt":{"rendered":"<p>SERVICIOS EMPRESARIALESASISTENCIA T\u00c9CNICAAsesor\u00eda personalizada de alto nivelNuestra experiencia brindando apoyo t\u00e9cnico en el campo empresarial nos permite ofrecer asesor\u00edas personalizadas de alto nivel, con expertos que realizan su trabajo dentro de las organizaciones a fin de buscar soluciones a problem\u00e1ticas espec\u00edfi cas, tanto administrativas como tecnol\u00f3gicas, detectadas por los mandos altos y medios de dichas [&hellip;]<\/p>\n","protected":false},"author":1,"featured_media":0,"parent":0,"menu_order":0,"comment_status":"closed","ping_status":"closed","template":"","meta":{"_et_pb_use_builder":"on","_et_pb_old_content":"<!-- wp:divi\/placeholder \/-->","_et_gb_content_width":"","_monsterinsights_skip_tracking":false,"_monsterinsights_sitenote_active":false,"_monsterinsights_sitenote_note":"","_monsterinsights_sitenote_category":0,"footnotes":""},"yst_prominent_words":[],"class_list":["post-554","page","type-page","status-publish","hentry"],"_links":{"self":[{"href":"https:\/\/intecap.edu.gt\/empresarial\/wp-json\/wp\/v2\/pages\/554","targetHints":{"allow":["GET"]}}],"collection":[{"href":"https:\/\/intecap.edu.gt\/empresarial\/wp-json\/wp\/v2\/pages"}],"about":[{"href":"https:\/\/intecap.edu.gt\/empresarial\/wp-json\/wp\/v2\/types\/page"}],"author":[{"embeddable":true,"href":"https:\/\/intecap.edu.gt\/empresarial\/wp-json\/wp\/v2\/users\/1"}],"replies":[{"embeddable":true,"href":"https:\/\/intecap.edu.gt\/empresarial\/wp-json\/wp\/v2\/comments?post=554"}],"version-history":[{"count":28,"href":"https:\/\/intecap.edu.gt\/empresarial\/wp-json\/wp\/v2\/pages\/554\/revisions"}],"predecessor-version":[{"id":2709,"href":"https:\/\/intecap.edu.gt\/empresarial\/wp-json\/wp\/v2\/pages\/554\/revisions\/2709"}],"wp:attachment":[{"href":"https:\/\/intecap.edu.gt\/empresarial\/wp-json\/wp\/v2\/media?parent=554"}],"wp:term":[{"taxonomy":"yst_prominent_words","embeddable":true,"href":"https:\/\/intecap.edu.gt\/empresarial\/wp-json\/wp\/v2\/yst_prominent_words?post=554"}],"curies":[{"name":"wp","href":"https:\/\/api.w.org\/{rel}","templated":true}]}}