{"id":15542,"date":"2023-10-17T11:49:50","date_gmt":"2023-10-17T17:49:50","guid":{"rendered":"https:\/\/intecap.edu.gt\/formacionadistancia\/?page_id=15542"},"modified":"2023-10-17T12:38:09","modified_gmt":"2023-10-17T18:38:09","slug":"riesgosycontroles","status":"publish","type":"page","link":"https:\/\/intecap.edu.gt\/fad\/administracion\/riesgosycontroles\/","title":{"rendered":"Administraci\u00f3n de la Gesti\u00f3n de Riesgos y Controles"},"content":{"rendered":"<p>[et_pb_section fb_built=&#8221;1&#8243; _builder_version=&#8221;4.22.2&#8243; module_alignment=&#8221;center&#8221; custom_margin=&#8221;0px||0px||false|false&#8221; custom_padding=&#8221;0px||0px||false|false&#8221; fb_built=&#8221;1&#8243; global_colors_info=&#8221;{}&#8221; _i=&#8221;0&#8243; _address=&#8221;0&#8243;][et_pb_row _builder_version=&#8221;4.22.2&#8243; width=&#8221;100%&#8221; module_alignment=&#8221;center&#8221; custom_margin=&#8221;0px||0px||false|false&#8221; custom_padding=&#8221;0px||||false|false&#8221; global_colors_info=&#8221;{}&#8221; _i=&#8221;0&#8243; _address=&#8221;0.0&#8243;][et_pb_column type=&#8221;4_4&#8243; _builder_version=&#8221;4.22.2&#8243; global_colors_info=&#8221;{}&#8221; _i=&#8221;0&#8243; _address=&#8221;0.0.0&#8243;][et_pb_post_title meta=&#8221;off&#8221; _builder_version=&#8221;3.27.3&#8243; title_font_size=&#8221;40px&#8221; width=&#8221;86%&#8221; module_alignment=&#8221;center&#8221; custom_margin=&#8221;60px||||false|false&#8221; custom_margin_last_edited=&#8221;on|phone&#8221; custom_padding=&#8221;||||false|false&#8221; _i=&#8221;0&#8243; _address=&#8221;0.0.0.0&#8243;][\/et_pb_post_title][\/et_pb_column][\/et_pb_row][et_pb_row _builder_version=&#8221;3.27.3&#8243; _i=&#8221;1&#8243; _address=&#8221;0.1&#8243;][et_pb_column type=&#8221;4_4&#8243; _builder_version=&#8221;3.27.3&#8243; _i=&#8221;0&#8243; _address=&#8221;0.1.0&#8243;][et_pb_text _builder_version=&#8221;3.27.3&#8243; _i=&#8221;0&#8243; _address=&#8221;0.1.0.0&#8243;]<\/p>\n<h3 style=\"text-align: justify;\"><strong>Adquiere\u00a0las capacidades para la\u00a0gesti\u00f3n de riesgos y controles; desde la<br \/>identificaci\u00f3n de los riesgos hasta el monitoreo y\u00a0seguimiento en la continuidad de este proceso.<\/strong><\/h3>\n<h4 style=\"text-align: justify;\"><strong><\/strong><\/h4>\n<h4 style=\"text-align: justify;\"><strong><\/strong><\/h4>\n<h4 style=\"text-align: justify;\"><strong>\u00bfQU\u00c9 APRENDER\u00c1S?<\/strong><\/h4>\n<h4 style=\"text-align: justify;\">En este curso aprender\u00e1s que son los fundamentos y etapas de la gesti\u00f3n de riesgos y\u00a0controles, identificaci\u00f3n de los riesgos, medici\u00f3n\u00a0de los riesgos, identificaci\u00f3n y evaluaci\u00f3n de\u00a0controles, monitoreo y seguimiento.<\/h4>\n<h4 style=\"text-align: justify;\"><\/h4>\n<h4 style=\"text-align: justify;\"><strong>DIRIGIDO A:<\/strong><\/h4>\n<h4 style=\"text-align: justify;\">Personas inmersas en la actividad laboral que\u00a0desean actualizarse en temas relativos al\u00a0reconocimiento, manejo y registro de la gesti\u00f3n\u00a0de riesgos y controles.<\/h4>\n<h4 style=\"text-align: justify;\"><\/h4>\n<h4 style=\"text-align: justify;\"><strong>CONTENIDO:<\/strong><\/h4>\n<h4 style=\"text-align: justify;\">\u2022 Contexto y objetivos<br \/>\u2022 Fundamentos de la gesti\u00f3n de riesgos<br \/>\u2022 Beneficios de la gesti\u00f3n de riesgos<br \/>\u2022 Conceptos b\u00e1sicos<br \/>\u2022 Descripci\u00f3n del riesgo<br \/>\u2022 Clasificaci\u00f3n de los tipos de riesgo<br \/>\u2022 Etapas de la gesti\u00f3n de Riesgo<br \/>\u2022 Identificaci\u00f3n del riesgo<br \/>\u2022 Medici\u00f3n del riesgo<br \/>\u2022 Riesgos, factores asociados<br \/>\u2022 Nivel de impacto<br \/>\u2022 Probabilidad del riesgo<br \/>\u2022 Riesgo inherente<br \/>\u2022 Control<br \/>\u2022 Clasificaci\u00f3n y evaluaci\u00f3n del control<br \/>\u2022 Riesgo residual<br \/>\u2022 Monitoreo y seguimiento<\/h4>\n<p>[\/et_pb_text][\/et_pb_column][\/et_pb_row][\/et_pb_section][et_pb_section fb_built=&#8221;1&#8243; admin_label=&#8221;Call to Action&#8221; _builder_version=&#8221;4.22.2&#8243; background_enable_color=&#8221;off&#8221; custom_padding=&#8221;0px||0px||true|false&#8221; background_last_edited=&#8221;on|desktop&#8221; use_background_color_gradient_tablet=&#8221;off&#8221; locked=&#8221;off&#8221; collapsed=&#8221;on&#8221; fb_built=&#8221;1&#8243; global_colors_info=&#8221;{%22gcid-a9d8e14e-2f78-408a-a83c-506939196b52%22:%91%22background_color%22,%22background_color_gradient_stops%22%93,%22gcid-18a7d06a-1ed9-4e8b-bef0-ea365f6c384a%22:%91%22background_color_gradient_stops%22%93}&#8221; _i=&#8221;1&#8243; _address=&#8221;1&#8243;][et_pb_row _builder_version=&#8221;3.27.3&#8243; _i=&#8221;0&#8243; _address=&#8221;1.0&#8243; custom_padding=&#8221;||6px|||&#8221;][et_pb_column type=&#8221;4_4&#8243; _builder_version=&#8221;3.27.3&#8243; _i=&#8221;0&#8243; _address=&#8221;1.0.0&#8243;][et_pb_text _builder_version=&#8221;3.27.3&#8243; header_2_font=&#8221;|700|||||||&#8221; header_2_text_align=&#8221;center&#8221; _i=&#8221;0&#8243; _address=&#8221;1.0.0.0&#8243;]<\/p>\n<h2>Estos cursos tambi\u00e9n te pueden interesar<\/h2>\n<p>[\/et_pb_text][et_pb_divider _builder_version=&#8221;3.27.3&#8243; hover_enabled=&#8221;0&#8243;][\/et_pb_divider][\/et_pb_column][\/et_pb_row][\/et_pb_section][et_pb_section fb_built=&#8221;1&#8243; _builder_version=&#8221;3.27.3&#8243; background_enable_color=&#8221;off&#8221; custom_padding=&#8221;21px|||||&#8221; fb_built=&#8221;1&#8243; _i=&#8221;2&#8243; _address=&#8221;2&#8243;][et_pb_row _builder_version=&#8221;3.27.3&#8243; _i=&#8221;0&#8243; _address=&#8221;2.0&#8243; custom_padding=&#8221;10px|||||&#8221;][et_pb_column type=&#8221;4_4&#8243; _builder_version=&#8221;3.27.3&#8243; _i=&#8221;0&#8243; _address=&#8221;2.0.0&#8243;][et_pb_code _builder_version=&#8221;3.27.3&#8243; text_orientation=&#8221;center&#8221; _i=&#8221;0&#8243; _address=&#8221;2.0.0.0&#8243;]<div class=\"pt-cv-wrapper et_smooth_scroll_disabled\"><div class=\"pt-cv-view pt-cv-grid pt-cv-colsys\" id=\"pt-cv-view-8d1af7egjo\"><div data-id=\"pt-cv-page-1\" class=\"pt-cv-page\" data-cvc=\"5\"><div class=\"col-md-2 col-sm-6 col-xs-12 pt-cv-content-item pt-cv-1-col\" ><div class='pt-cv-ifield'><a href=\"https:\/\/intecap.edu.gt\/fad\/administracion\/riesgosycontroles\/\" class=\"_self pt-cv-href-thumbnail pt-cv-thumb-default\" target=\"_self\" ><img loading=\"lazy\" decoding=\"async\" width=\"600\" height=\"400\" src=\"https:\/\/intecap.edu.gt\/fad\/\/wp-content\/uploads\/2023\/10\/riesgos-600x400.jpg\" class=\"pt-cv-thumbnail\" alt=\"\" \/><\/a>\n<h4 class=\"pt-cv-title\"><a href=\"https:\/\/intecap.edu.gt\/fad\/administracion\/riesgosycontroles\/\" class=\"_self\" target=\"_self\" >Administraci\u00f3n de la Gesti\u00f3n de Riesgos y Controles<\/a><\/h4><\/div><\/div>\n<div class=\"col-md-2 col-sm-6 col-xs-12 pt-cv-content-item pt-cv-1-col\" ><div class='pt-cv-ifield'><a href=\"https:\/\/intecap.edu.gt\/fad\/administracion\/administracionpersonal\/\" class=\"_self pt-cv-href-thumbnail pt-cv-thumb-default\" target=\"_self\" ><img loading=\"lazy\" decoding=\"async\" width=\"600\" height=\"400\" src=\"https:\/\/intecap.edu.gt\/fad\/\/wp-content\/uploads\/2023\/10\/admon-rrhh-600x400.jpg\" class=\"pt-cv-thumbnail\" alt=\"\" \/><\/a>\n<h4 class=\"pt-cv-title\"><a href=\"https:\/\/intecap.edu.gt\/fad\/administracion\/administracionpersonal\/\" class=\"_self\" target=\"_self\" >Administraci\u00f3n de Personal para Peque\u00f1a Empresa<\/a><\/h4><\/div><\/div>\n<div class=\"col-md-2 col-sm-6 col-xs-12 pt-cv-content-item pt-cv-1-col\" ><div class='pt-cv-ifield'><a href=\"https:\/\/intecap.edu.gt\/fad\/administracion\/administracion-financiera1\/\" class=\"_self pt-cv-href-thumbnail pt-cv-thumb-default\" target=\"_self\" ><img loading=\"lazy\" decoding=\"async\" width=\"600\" height=\"400\" src=\"https:\/\/intecap.edu.gt\/fad\/\/wp-content\/uploads\/2023\/10\/admon-financiera1-600x400.jpg\" class=\"pt-cv-thumbnail\" alt=\"\" \/><\/a>\n<h4 class=\"pt-cv-title\"><a href=\"https:\/\/intecap.edu.gt\/fad\/administracion\/administracion-financiera1\/\" class=\"_self\" target=\"_self\" >Administraci\u00f3n Financiera 1 para Peque\u00f1a Empresa<\/a><\/h4><\/div><\/div>\n<div class=\"col-md-2 col-sm-6 col-xs-12 pt-cv-content-item pt-cv-1-col\" ><div class='pt-cv-ifield'><a href=\"https:\/\/intecap.edu.gt\/fad\/administracion\/admon-financiera2\/\" class=\"_self pt-cv-href-thumbnail pt-cv-thumb-default\" target=\"_self\" ><img loading=\"lazy\" decoding=\"async\" width=\"600\" height=\"400\" src=\"https:\/\/intecap.edu.gt\/fad\/\/wp-content\/uploads\/2023\/10\/admon-financiera2-600x400.jpg\" class=\"pt-cv-thumbnail\" alt=\"\" \/><\/a>\n<h4 class=\"pt-cv-title\"><a href=\"https:\/\/intecap.edu.gt\/fad\/administracion\/admon-financiera2\/\" class=\"_self\" target=\"_self\" >Administraci\u00f3n Financiera 2 para Peque\u00f1a Empresa<\/a><\/h4><\/div><\/div>\n<div class=\"col-md-4 col-sm-6 col-xs-12 pt-cv-content-item pt-cv-1-col\" ><div class='pt-cv-ifield'><a href=\"https:\/\/intecap.edu.gt\/fad\/administracion\/finanzascontabilidad\/\" class=\"_self pt-cv-href-thumbnail pt-cv-thumb-default\" target=\"_self\" ><img loading=\"lazy\" decoding=\"async\" width=\"600\" height=\"400\" src=\"https:\/\/intecap.edu.gt\/fad\/\/wp-content\/uploads\/2023\/10\/finanzas-contab-600x400.jpg\" class=\"pt-cv-thumbnail\" alt=\"\" \/><\/a>\n<h4 class=\"pt-cv-title\"><a href=\"https:\/\/intecap.edu.gt\/fad\/administracion\/finanzascontabilidad\/\" class=\"_self\" target=\"_self\" >Finanzas y Contabilidad<\/a><\/h4><\/div><\/div>\n<div class=\"col-md-2 col-sm-6 col-xs-12 pt-cv-content-item pt-cv-1-col\" ><div class='pt-cv-ifield'><a href=\"https:\/\/intecap.edu.gt\/fad\/administracion\/fundamentosfinanzas\/\" class=\"_self pt-cv-href-thumbnail pt-cv-thumb-default\" target=\"_self\" ><img loading=\"lazy\" decoding=\"async\" width=\"600\" height=\"400\" src=\"https:\/\/intecap.edu.gt\/fad\/\/wp-content\/uploads\/2023\/10\/fundamentos-fin-600x400.jpg\" class=\"pt-cv-thumbnail\" alt=\"\" \/><\/a>\n<h4 class=\"pt-cv-title\"><a href=\"https:\/\/intecap.edu.gt\/fad\/administracion\/fundamentosfinanzas\/\" class=\"_self\" target=\"_self\" >Fundamentos de Finanzas, Decisiones de Inversi\u00f3n<\/a><\/h4><\/div><\/div>\n<div class=\"col-md-2 col-sm-6 col-xs-12 pt-cv-content-item pt-cv-1-col\" ><div class='pt-cv-ifield'><a href=\"https:\/\/intecap.edu.gt\/fad\/administracion\/fundamentoslogistica\/\" class=\"_self pt-cv-href-thumbnail pt-cv-thumb-default\" target=\"_self\" ><img loading=\"lazy\" decoding=\"async\" width=\"600\" height=\"400\" src=\"https:\/\/intecap.edu.gt\/fad\/\/wp-content\/uploads\/2023\/10\/logistica-600x400.jpg\" class=\"pt-cv-thumbnail\" alt=\"\" \/><\/a>\n<h4 class=\"pt-cv-title\"><a href=\"https:\/\/intecap.edu.gt\/fad\/administracion\/fundamentoslogistica\/\" class=\"_self\" target=\"_self\" >Fundamentos de Log\u00edstica<\/a><\/h4><\/div><\/div>\n<div class=\"col-md-2 col-sm-6 col-xs-12 pt-cv-content-item pt-cv-1-col\" ><div class='pt-cv-ifield'><a href=\"https:\/\/intecap.edu.gt\/fad\/administracion\/gestionclima\/\" class=\"_self pt-cv-href-thumbnail pt-cv-thumb-default\" target=\"_self\" ><img loading=\"lazy\" decoding=\"async\" width=\"600\" height=\"400\" src=\"https:\/\/intecap.edu.gt\/fad\/\/wp-content\/uploads\/2023\/10\/gestion-clima-600x400.jpg\" class=\"pt-cv-thumbnail\" alt=\"\" \/><\/a>\n<h4 class=\"pt-cv-title\"><a href=\"https:\/\/intecap.edu.gt\/fad\/administracion\/gestionclima\/\" class=\"_self\" target=\"_self\" >Gesti\u00f3n del Clima Laboral<\/a><\/h4><\/div><\/div>\n<div class=\"col-md-2 col-sm-6 col-xs-12 pt-cv-content-item pt-cv-1-col\" ><div class='pt-cv-ifield'><a href=\"https:\/\/intecap.edu.gt\/fad\/administracion\/adpequenaempresa\/\" class=\"_self pt-cv-href-thumbnail pt-cv-thumb-default\" target=\"_self\" ><img loading=\"lazy\" decoding=\"async\" width=\"600\" height=\"400\" src=\"https:\/\/intecap.edu.gt\/fad\/\/wp-content\/uploads\/2023\/10\/intro-admin-600x400.jpg\" class=\"pt-cv-thumbnail\" alt=\"\" \/><\/a>\n<h4 class=\"pt-cv-title\"><a href=\"https:\/\/intecap.edu.gt\/fad\/administracion\/adpequenaempresa\/\" class=\"_self\" target=\"_self\" >Introducci\u00f3n a la Administraci\u00f3n de la Peque\u00f1a Empresa<\/a><\/h4><\/div><\/div>\n<div class=\"col-md-4 col-sm-6 col-xs-12 pt-cv-content-item pt-cv-1-col\" ><div class='pt-cv-ifield'><a href=\"https:\/\/intecap.edu.gt\/fad\/administracion\/gestion-proyectos\/\" class=\"_self pt-cv-href-thumbnail pt-cv-thumb-default\" target=\"_self\" ><img loading=\"lazy\" decoding=\"async\" width=\"600\" height=\"400\" src=\"https:\/\/intecap.edu.gt\/fad\/\/wp-content\/uploads\/2023\/10\/gestion-proyectos-600x400.jpg\" class=\"pt-cv-thumbnail\" alt=\"\" \/><\/a>\n<h4 class=\"pt-cv-title\"><a href=\"https:\/\/intecap.edu.gt\/fad\/administracion\/gestion-proyectos\/\" class=\"_self\" target=\"_self\" >Introducci\u00f3n a la Gesti\u00f3n de Proyectos<\/a><\/h4><\/div><\/div>\n<div class=\"col-md-2 col-sm-6 col-xs-12 pt-cv-content-item pt-cv-1-col\" ><div class='pt-cv-ifield'><a href=\"https:\/\/intecap.edu.gt\/fad\/administracion\/introdisposiciones\/\" class=\"_self pt-cv-href-thumbnail pt-cv-thumb-default\" target=\"_self\" ><img loading=\"lazy\" decoding=\"async\" width=\"600\" height=\"400\" src=\"https:\/\/intecap.edu.gt\/fad\/\/wp-content\/uploads\/2023\/10\/intro-tributario-600x400.jpg\" class=\"pt-cv-thumbnail\" alt=\"\" \/><\/a>\n<h4 class=\"pt-cv-title\"><a href=\"https:\/\/intecap.edu.gt\/fad\/administracion\/introdisposiciones\/\" class=\"_self\" target=\"_self\" >Introducci\u00f3n a las Disposiciones Tributarias<\/a><\/h4><\/div><\/div>\n<div class=\"col-md-2 col-sm-6 col-xs-12 pt-cv-content-item pt-cv-1-col\" ><div class='pt-cv-ifield'><a href=\"https:\/\/intecap.edu.gt\/fad\/administracion\/matematicafinanciera\/\" class=\"_self pt-cv-href-thumbnail pt-cv-thumb-default\" target=\"_self\" ><img loading=\"lazy\" decoding=\"async\" width=\"600\" height=\"400\" src=\"https:\/\/intecap.edu.gt\/fad\/\/wp-content\/uploads\/2023\/10\/matematica-fin-600x400.jpg\" class=\"pt-cv-thumbnail\" alt=\"\" \/><\/a>\n<h4 class=\"pt-cv-title\"><a href=\"https:\/\/intecap.edu.gt\/fad\/administracion\/matematicafinanciera\/\" class=\"_self\" target=\"_self\" >Matem\u00e1tica Financiera<\/a><\/h4><\/div><\/div>\n<div class=\"col-md-2 col-sm-6 col-xs-12 pt-cv-content-item pt-cv-1-col\" ><div class='pt-cv-ifield'><a href=\"https:\/\/intecap.edu.gt\/fad\/administracion\/principiossupervision\/\" class=\"_self pt-cv-href-thumbnail pt-cv-thumb-default\" target=\"_self\" ><img loading=\"lazy\" decoding=\"async\" width=\"600\" height=\"400\" src=\"https:\/\/intecap.edu.gt\/fad\/\/wp-content\/uploads\/2023\/10\/principios-supervision-600x400.jpg\" class=\"pt-cv-thumbnail\" alt=\"\" \/><\/a>\n<h4 class=\"pt-cv-title\"><a href=\"https:\/\/intecap.edu.gt\/fad\/administracion\/principiossupervision\/\" class=\"_self\" target=\"_self\" >Principios de Supervisi\u00f3n<\/a><\/h4><\/div><\/div>\n<div class=\"col-md-2 col-sm-6 col-xs-12 pt-cv-content-item pt-cv-1-col\" ><div class='pt-cv-ifield'><a href=\"https:\/\/intecap.edu.gt\/fad\/administracion\/toma-decisiones\/\" class=\"_self pt-cv-href-thumbnail pt-cv-thumb-default\" target=\"_self\" ><img loading=\"lazy\" decoding=\"async\" width=\"600\" height=\"400\" src=\"https:\/\/intecap.edu.gt\/fad\/\/wp-content\/uploads\/2023\/10\/tomadecisiones-600x400.jpg\" class=\"pt-cv-thumbnail\" alt=\"\" \/><\/a>\n<h4 class=\"pt-cv-title\"><a href=\"https:\/\/intecap.edu.gt\/fad\/administracion\/toma-decisiones\/\" class=\"_self\" target=\"_self\" >Toma de Decisiones Asertivas en el \u00c1mbito Laboral<\/a><\/h4><\/div><\/div><\/div><\/div><\/div>[\/et_pb_code][\/et_pb_column][\/et_pb_row][\/et_pb_section][et_pb_section fb_built=&#8221;1&#8243; admin_label=&#8221;Footer&#8221; _builder_version=&#8221;4.22.2&#8243; background_color=&#8221;#000d2d&#8221; use_background_color_gradient=&#8221;on&#8221; background_color_gradient_overlays_image=&#8221;on&#8221; background_image=&#8221;https:\/\/intecap.edu.gt\/formacionadistancia\/wp-content\/uploads\/2023\/04\/fondo3-1.jpg&#8221; parallax=&#8221;on&#8221; saved_tabs=&#8221;all&#8221; collapsed=&#8221;on&#8221; fb_built=&#8221;1&#8243; background_color_gradient_stops=&#8221;rgba(0,0,0,0.55) 31%|#020b28 100%&#8221; global_colors_info=&#8221;{}&#8221; _i=&#8221;3&#8243; _address=&#8221;3&#8243;][et_pb_row column_structure=&#8221;1_2,1_2&#8243; _builder_version=&#8221;4.22.2&#8243; width=&#8221;100%&#8221; max_width=&#8221;1391px&#8221; global_colors_info=&#8221;{}&#8221; _i=&#8221;0&#8243; _address=&#8221;3.0&#8243;][et_pb_column type=&#8221;1_2&#8243; _builder_version=&#8221;4.19.1&#8243; global_colors_info=&#8221;{}&#8221; _i=&#8221;0&#8243; _address=&#8221;3.0.0&#8243;][et_pb_image src=&#8221;https:\/\/intecap.edu.gt\/formacionadistancia\/wp-content\/uploads\/2023\/09\/FAD-version2.png&#8221; title_text=&#8221;FAD&#8212;version2&#8243; _builder_version=&#8221;4.22.2&#8243; max_height=&#8221;64px&#8221; global_colors_info=&#8221;{}&#8221; _i=&#8221;0&#8243; _address=&#8221;3.0.0.0&#8243;][\/et_pb_image][et_pb_text _builder_version=&#8221;4.22.2&#8243; header_3_text_color=&#8221;#FFFFFF&#8221; header_3_font_size=&#8221;21px&#8221; custom_margin=&#8221;||0px||false|false&#8221; _module_preset=&#8221;2ea7e70a-e7d1-4cd8-9e99-2b089760a3f2&#8243; global_colors_info=&#8221;{}&#8221; _i=&#8221;1&#8243; _address=&#8221;3.0.0.1&#8243;]<\/p>\n<h3>FORMACI\u00d3N A DISTANCIA<\/h3>\n<p>[\/et_pb_text][et_pb_text _builder_version=&#8221;4.22.2&#8243; text_text_color=&#8221;#FFFFFF&#8221; link_text_color=&#8221;#FFFFFF&#8221; header_6_font_size=&#8221;13px&#8221; custom_margin=&#8221;||10px||false|false&#8221; locked=&#8221;off&#8221; global_colors_info=&#8221;{}&#8221; _i=&#8221;2&#8243; _address=&#8221;3.0.0.2&#8243;]<\/p>\n<h6>Calle Doroteo Guamuch Flores 8-79 zona 5, nivel 5, Guatemala, C.A.<\/h6>\n<p>[\/et_pb_text][et_pb_text _builder_version=&#8221;4.22.2&#8243; text_text_color=&#8221;#EDF000&#8243; link_text_color=&#8221;#FFFFFF&#8221; header_5_text_color=&#8221;#0C71C3&#8243; custom_margin=&#8221;||10px||false|false&#8221; locked=&#8221;off&#8221; global_colors_info=&#8221;{}&#8221; _i=&#8221;3&#8243; _address=&#8221;3.0.0.3&#8243;]<\/p>\n<h5><a href=\"mailto:fad@intecap.edu.gt\" target=\"_blank\" rel=\"noopener\">fad@intecap.edu.gt<\/a><\/h5>\n<p>[\/et_pb_text][et_pb_text _builder_version=&#8221;4.22.2&#8243; text_text_color=&#8221;#FFFFFF&#8221; link_text_color=&#8221;#FFFFFF&#8221; header_4_font_size=&#8221;16px&#8221; custom_margin=&#8221;||10px||false|false&#8221; locked=&#8221;off&#8221; global_colors_info=&#8221;{}&#8221; _i=&#8221;4&#8243; _address=&#8221;3.0.0.4&#8243;]<\/p>\n<h4>(502) 2410-5555<br \/>Extensiones:\u00a0 10916, 10917, 10918, 10919, 10920, 10934, 10935 y 10943<\/h4>\n<p>[\/et_pb_text][et_pb_social_media_follow _builder_version=&#8221;4.21.0&#8243; custom_margin=&#8221;30px||||false|false&#8221; global_colors_info=&#8221;{}&#8221; _i=&#8221;5&#8243; _address=&#8221;3.0.0.5&#8243;][et_pb_social_media_follow_network social_network=&#8221;facebook&#8221; _builder_version=&#8221;4.19.1&#8243; global_colors_info=&#8221;{}&#8221; _i=&#8221;0&#8243; _address=&#8221;3.0.0.5.0&#8243; follow_button=&#8221;off&#8221; url_new_window=&#8221;on&#8221;]facebook[\/et_pb_social_media_follow_network][et_pb_social_media_follow_network social_network=&#8221;twitter&#8221; _builder_version=&#8221;4.19.1&#8243; global_colors_info=&#8221;{}&#8221; _i=&#8221;1&#8243; _address=&#8221;3.0.0.5.1&#8243; follow_button=&#8221;off&#8221; url_new_window=&#8221;on&#8221;]twitter[\/et_pb_social_media_follow_network][et_pb_social_media_follow_network social_network=&#8221;instagram&#8221; _builder_version=&#8221;4.19.1&#8243; global_colors_info=&#8221;{}&#8221; _i=&#8221;2&#8243; _address=&#8221;3.0.0.5.2&#8243; follow_button=&#8221;off&#8221; url_new_window=&#8221;on&#8221;]instagram[\/et_pb_social_media_follow_network][\/et_pb_social_media_follow][\/et_pb_column][et_pb_column type=&#8221;1_2&#8243; _builder_version=&#8221;4.19.1&#8243; global_colors_info=&#8221;{}&#8221; _i=&#8221;1&#8243; _address=&#8221;3.0.1&#8243;][et_pb_video src=&#8221;https:\/\/youtu.be\/0DkJmWYZgDY&#8221; _builder_version=&#8221;4.22.2&#8243; global_colors_info=&#8221;{}&#8221; _i=&#8221;0&#8243; _address=&#8221;3.0.1.0&#8243;][\/et_pb_video][\/et_pb_column][\/et_pb_row][\/et_pb_section]<\/p>\n","protected":false},"excerpt":{"rendered":"<p>[et_pb_section fb_built=&#8221;1&#8243; _builder_version=&#8221;4.22.2&#8243; module_alignment=&#8221;center&#8221; custom_margin=&#8221;0px||0px||false|false&#8221; custom_padding=&#8221;0px||0px||false|false&#8221; fb_built=&#8221;1&#8243; global_colors_info=&#8221;{}&#8221; _i=&#8221;0&#8243; _address=&#8221;0&#8243;][et_pb_row _builder_version=&#8221;4.22.2&#8243; width=&#8221;100%&#8221; module_alignment=&#8221;center&#8221; custom_margin=&#8221;0px||0px||false|false&#8221; custom_padding=&#8221;0px||||false|false&#8221; global_colors_info=&#8221;{}&#8221; _i=&#8221;0&#8243; _address=&#8221;0.0&#8243;][et_pb_column type=&#8221;4_4&#8243; _builder_version=&#8221;4.22.2&#8243; global_colors_info=&#8221;{}&#8221; _i=&#8221;0&#8243; _address=&#8221;0.0.0&#8243;][et_pb_post_title meta=&#8221;off&#8221; _builder_version=&#8221;3.27.3&#8243; title_font_size=&#8221;40px&#8221; width=&#8221;86%&#8221; module_alignment=&#8221;center&#8221; custom_margin=&#8221;60px||||false|false&#8221; custom_margin_last_edited=&#8221;on|phone&#8221; custom_padding=&#8221;||||false|false&#8221; _i=&#8221;0&#8243; _address=&#8221;0.0.0.0&#8243;][\/et_pb_post_title][\/et_pb_column][\/et_pb_row][et_pb_row _builder_version=&#8221;3.27.3&#8243; _i=&#8221;1&#8243; _address=&#8221;0.1&#8243;][et_pb_column type=&#8221;4_4&#8243; _builder_version=&#8221;3.27.3&#8243; _i=&#8221;0&#8243; _address=&#8221;0.1.0&#8243;][et_pb_text _builder_version=&#8221;3.27.3&#8243; _i=&#8221;0&#8243; _address=&#8221;0.1.0.0&#8243;] Adquiere\u00a0las capacidades para la\u00a0gesti\u00f3n de riesgos y controles; desde laidentificaci\u00f3n de los [&hellip;]<\/p>\n","protected":false},"author":1,"featured_media":15544,"parent":15176,"menu_order":0,"comment_status":"closed","ping_status":"closed","template":"","meta":{"_et_pb_use_builder":"on","_et_pb_old_content":"","_monsterinsights_skip_tracking":false,"_monsterinsights_sitenote_active":false,"_monsterinsights_sitenote_note":"","_monsterinsights_sitenote_category":0,"footnotes":""},"class_list":["post-15542","page","type-page","status-publish","has-post-thumbnail","hentry"],"_links":{"self":[{"href":"https:\/\/intecap.edu.gt\/fad\/wp-json\/wp\/v2\/pages\/15542","targetHints":{"allow":["GET"]}}],"collection":[{"href":"https:\/\/intecap.edu.gt\/fad\/wp-json\/wp\/v2\/pages"}],"about":[{"href":"https:\/\/intecap.edu.gt\/fad\/wp-json\/wp\/v2\/types\/page"}],"author":[{"embeddable":true,"href":"https:\/\/intecap.edu.gt\/fad\/wp-json\/wp\/v2\/users\/1"}],"replies":[{"embeddable":true,"href":"https:\/\/intecap.edu.gt\/fad\/wp-json\/wp\/v2\/comments?post=15542"}],"version-history":[{"count":5,"href":"https:\/\/intecap.edu.gt\/fad\/wp-json\/wp\/v2\/pages\/15542\/revisions"}],"predecessor-version":[{"id":15565,"href":"https:\/\/intecap.edu.gt\/fad\/wp-json\/wp\/v2\/pages\/15542\/revisions\/15565"}],"up":[{"embeddable":true,"href":"https:\/\/intecap.edu.gt\/fad\/wp-json\/wp\/v2\/pages\/15176"}],"wp:featuredmedia":[{"embeddable":true,"href":"https:\/\/intecap.edu.gt\/fad\/wp-json\/wp\/v2\/media\/15544"}],"wp:attachment":[{"href":"https:\/\/intecap.edu.gt\/fad\/wp-json\/wp\/v2\/media?parent=15542"}],"curies":[{"name":"wp","href":"https:\/\/api.w.org\/{rel}","templated":true}]}}