{"id":15638,"date":"2023-10-23T10:50:37","date_gmt":"2023-10-23T16:50:37","guid":{"rendered":"https:\/\/intecap.edu.gt\/formacionadistancia\/?page_id=15638"},"modified":"2023-10-27T08:42:00","modified_gmt":"2023-10-27T14:42:00","slug":"comercioservicios","status":"publish","type":"page","link":"https:\/\/intecap.edu.gt\/fad\/comercioservicios\/","title":{"rendered":"COMERCIO Y SERVICIOS"},"content":{"rendered":"<p>[et_pb_section fb_built=&#8221;1&#8243; admin_label=&#8221;Courses&#8221; _builder_version=&#8221;3.27.3&#8243; background_enable_color=&#8221;off&#8221; background_enable_image=&#8221;off&#8221; parallax=&#8221;on&#8221; parallax_method=&#8221;off&#8221; custom_padding=&#8221;32px||34px|||&#8221; saved_tabs=&#8221;all&#8221; collapsed=&#8221;on&#8221; fb_built=&#8221;1&#8243; background_color_gradient_stops=&#8221;#ffffff 26%|#d6d6d6 86%&#8221; global_colors_info=&#8221;{}&#8221; background_enable_pattern_style=&#8221;on&#8221; background_pattern_style=&#8221;diagonal-stripes-2&#8243; sticky_enabled=&#8221;0&#8243; _i=&#8221;0&#8243; _address=&#8221;0&#8243;][et_pb_row _builder_version=&#8221;4.22.2&#8243; global_colors_info=&#8221;{}&#8221; _i=&#8221;0&#8243; _address=&#8221;0.0&#8243;][et_pb_column type=&#8221;4_4&#8243; _builder_version=&#8221;4.22.2&#8243; global_colors_info=&#8221;{}&#8221; _i=&#8221;0&#8243; _address=&#8221;0.0.0&#8243;][et_pb_text _builder_version=&#8221;3.27.3&#8243; header_font=&#8221;Montserrat|700|||||||&#8221; header_text_align=&#8221;center&#8221; header_text_color=&#8221;#242424&#8243; header_font_size=&#8221;38px&#8221; header_font_last_edited=&#8221;on|desktop&#8221; global_colors_info=&#8221;{}&#8221; _i=&#8221;0&#8243; _address=&#8221;0.0.0.0&#8243;]<\/p>\n<h1>COMERCIO Y SERVICIOS<\/h1>\n<p>[\/et_pb_text][et_pb_image src=&#8221;https:\/\/intecap.edu.gt\/formacionadistancia\/wp-content\/uploads\/2023\/10\/comercioservicios.jpg&#8221; _builder_version=&#8221;3.27.3&#8243; max_width=&#8221;60%&#8221; module_alignment=&#8221;center&#8221; hover_enabled=&#8221;0&#8243; _i=&#8221;1&#8243; _address=&#8221;0.0.0.1&#8243; max_width_last_edited=&#8221;on|desktop&#8221; width=&#8221;100%&#8221; max_width_phone=&#8221;100%&#8221;][\/et_pb_image][\/et_pb_column][\/et_pb_row][et_pb_row _builder_version=&#8221;3.27.3&#8243; _i=&#8221;1&#8243; _address=&#8221;0.1&#8243;][et_pb_column type=&#8221;4_4&#8243; _builder_version=&#8221;3.27.3&#8243; _i=&#8221;0&#8243; _address=&#8221;0.1.0&#8243;][et_pb_text _builder_version=&#8221;3.27.3&#8243; header_4_font=&#8221;Poppins||||||||&#8221; header_4_text_align=&#8221;center&#8221; hover_enabled=&#8221;0&#8243; _i=&#8221;0&#8243; _address=&#8221;0.1.0.0&#8243;]<\/p>\n<h4 style=\"text-align: center;\">Te ofrecemos cursos en el \u00e1rea de COMERCIO Y SERVICIOS.<\/h4>\n<h4 style=\"text-align: center;\">Para participar se requiere ser mayor de 16 a\u00f1os, haber aprobado el nivel b\u00e1sico, tener conocimientos b\u00e1sicos de computaci\u00f3n, disponer de acceso estable al internet y poseer correo electr\u00f3nico.<\/h4>\n<p>[\/et_pb_text][\/et_pb_column][\/et_pb_row][\/et_pb_section][et_pb_section fb_built=&#8221;1&#8243; _builder_version=&#8221;3.27.3&#8243; background_enable_color=&#8221;off&#8221; custom_padding=&#8221;32px|||||&#8221; fb_built=&#8221;1&#8243; _i=&#8221;1&#8243; _address=&#8221;1&#8243;][et_pb_row _builder_version=&#8221;3.27.3&#8243; custom_padding=&#8221;||7px|||&#8221; _i=&#8221;0&#8243; _address=&#8221;1.0&#8243;][et_pb_column type=&#8221;4_4&#8243; _builder_version=&#8221;3.27.3&#8243; _i=&#8221;0&#8243; _address=&#8221;1.0.0&#8243;][et_pb_text _builder_version=&#8221;3.27.3&#8243; header_font=&#8221;|700|||||||&#8221; header_text_align=&#8221;center&#8221; _i=&#8221;0&#8243; _address=&#8221;1.0.0.0&#8243;]<\/p>\n<h1>Conoce nuestros cursos en el \u00e1rea de Comercio y Servicios<\/h1>\n<p>[\/et_pb_text][et_pb_divider _builder_version=&#8221;3.27.3&#8243; _i=&#8221;1&#8243; _address=&#8221;1.0.0.1&#8243;][\/et_pb_divider][\/et_pb_column][\/et_pb_row][et_pb_row _builder_version=&#8221;3.27.3&#8243; _i=&#8221;1&#8243; _address=&#8221;1.1&#8243;][et_pb_column type=&#8221;4_4&#8243; _builder_version=&#8221;3.27.3&#8243; _i=&#8221;0&#8243; _address=&#8221;1.1.0&#8243;][et_pb_code _builder_version=&#8221;3.27.3&#8243; text_orientation=&#8221;center&#8221; _i=&#8221;0&#8243; _address=&#8221;1.1.0.0&#8243;]<div class=\"pt-cv-wrapper et_smooth_scroll_disabled\"><div class=\"pt-cv-view pt-cv-grid pt-cv-colsys\" id=\"pt-cv-view-a1f6638hve\"><div data-id=\"pt-cv-page-1\" class=\"pt-cv-page\" data-cvc=\"5\"><div class=\"col-md-2 col-sm-6 col-xs-12 pt-cv-content-item pt-cv-1-col\" ><div class='pt-cv-ifield'><a href=\"https:\/\/intecap.edu.gt\/fad\/comercioservicios\/entrepeneurship\/\" class=\"_self pt-cv-href-thumbnail pt-cv-thumb-default\" target=\"_self\" ><img loading=\"lazy\" decoding=\"async\" width=\"600\" height=\"400\" src=\"https:\/\/intecap.edu.gt\/fad\/\/wp-content\/uploads\/2023\/10\/entrepeneurship-600x400.jpg\" class=\"pt-cv-thumbnail\" alt=\"\" \/><\/a>\n<h4 class=\"pt-cv-title\"><a href=\"https:\/\/intecap.edu.gt\/fad\/comercioservicios\/entrepeneurship\/\" class=\"_self\" target=\"_self\" >Entrepeneurship and Small Business &#8211; ESB<\/a><\/h4><\/div><\/div>\n<div class=\"col-md-2 col-sm-6 col-xs-12 pt-cv-content-item pt-cv-1-col\" ><div class='pt-cv-ifield'><a href=\"https:\/\/intecap.edu.gt\/fad\/comercioservicios\/gestion-mercadeo\/\" class=\"_self pt-cv-href-thumbnail pt-cv-thumb-default\" target=\"_self\" ><img loading=\"lazy\" decoding=\"async\" width=\"600\" height=\"400\" src=\"https:\/\/intecap.edu.gt\/fad\/\/wp-content\/uploads\/2023\/10\/gestion-mercadeo-600x400.jpg\" class=\"pt-cv-thumbnail\" alt=\"\" \/><\/a>\n<h4 class=\"pt-cv-title\"><a href=\"https:\/\/intecap.edu.gt\/fad\/comercioservicios\/gestion-mercadeo\/\" class=\"_self\" target=\"_self\" >Gesti\u00f3n de Mercadeo de Empresas de Servicios<\/a><\/h4><\/div><\/div>\n<div class=\"col-md-2 col-sm-6 col-xs-12 pt-cv-content-item pt-cv-1-col\" ><div class='pt-cv-ifield'><a href=\"https:\/\/intecap.edu.gt\/fad\/comercioservicios\/habilidadesvendedor\/\" class=\"_self pt-cv-href-thumbnail pt-cv-thumb-default\" target=\"_self\" ><img loading=\"lazy\" decoding=\"async\" width=\"600\" height=\"400\" src=\"https:\/\/intecap.edu.gt\/fad\/\/wp-content\/uploads\/2023\/10\/habilidades-vendedor-600x400.jpg\" class=\"pt-cv-thumbnail\" alt=\"\" \/><\/a>\n<h4 class=\"pt-cv-title\"><a href=\"https:\/\/intecap.edu.gt\/fad\/comercioservicios\/habilidadesvendedor\/\" class=\"_self\" target=\"_self\" >Habilidades del Vendedor Exitoso<\/a><\/h4><\/div><\/div>\n<div class=\"col-md-2 col-sm-6 col-xs-12 pt-cv-content-item pt-cv-1-col\" ><div class='pt-cv-ifield'><a href=\"https:\/\/intecap.edu.gt\/fad\/comercioservicios\/marketingdigital\/\" class=\"_self pt-cv-href-thumbnail pt-cv-thumb-default\" target=\"_self\" ><img loading=\"lazy\" decoding=\"async\" width=\"600\" height=\"400\" src=\"https:\/\/intecap.edu.gt\/fad\/\/wp-content\/uploads\/2023\/10\/marketingdigital-600x400.jpg\" class=\"pt-cv-thumbnail\" alt=\"\" \/><\/a>\n<h4 class=\"pt-cv-title\"><a href=\"https:\/\/intecap.edu.gt\/fad\/comercioservicios\/marketingdigital\/\" class=\"_self\" target=\"_self\" >Marketing Digital para Peque\u00f1a Empresa<\/a><\/h4><\/div><\/div>\n<div class=\"col-md-4 col-sm-6 col-xs-12 pt-cv-content-item pt-cv-1-col\" ><div class='pt-cv-ifield'><a href=\"https:\/\/intecap.edu.gt\/fad\/comercioservicios\/principiosadmon\/\" class=\"_self pt-cv-href-thumbnail pt-cv-thumb-default\" target=\"_self\" ><img loading=\"lazy\" decoding=\"async\" width=\"600\" height=\"400\" src=\"https:\/\/intecap.edu.gt\/fad\/\/wp-content\/uploads\/2023\/10\/principios-medicamentos-600x400.jpg\" class=\"pt-cv-thumbnail\" alt=\"\" \/><\/a>\n<h4 class=\"pt-cv-title\"><a href=\"https:\/\/intecap.edu.gt\/fad\/comercioservicios\/principiosadmon\/\" class=\"_self\" target=\"_self\" >Principios en la Administraci\u00f3n de Medicamentos<\/a><\/h4><\/div><\/div>\n<div class=\"col-md-2 col-sm-6 col-xs-12 pt-cv-content-item pt-cv-1-col\" ><div class='pt-cv-ifield'><a href=\"https:\/\/intecap.edu.gt\/fad\/comercioservicios\/psicologiaaplicada\/\" class=\"_self pt-cv-href-thumbnail pt-cv-thumb-default\" target=\"_self\" ><img loading=\"lazy\" decoding=\"async\" width=\"600\" height=\"400\" src=\"https:\/\/intecap.edu.gt\/fad\/\/wp-content\/uploads\/2023\/10\/sicologia-consumidor-600x400.jpg\" class=\"pt-cv-thumbnail\" alt=\"\" \/><\/a>\n<h4 class=\"pt-cv-title\"><a href=\"https:\/\/intecap.edu.gt\/fad\/comercioservicios\/psicologiaaplicada\/\" class=\"_self\" target=\"_self\" >Psicolog\u00eda aplicada al comportamiento del consumidor<\/a><\/h4><\/div><\/div>\n<div class=\"col-md-2 col-sm-6 col-xs-12 pt-cv-content-item pt-cv-1-col\" ><div class='pt-cv-ifield'><a href=\"https:\/\/intecap.edu.gt\/fad\/comercioservicios\/servicioalcliente\/\" class=\"_self pt-cv-href-thumbnail pt-cv-thumb-default\" target=\"_self\" ><img loading=\"lazy\" decoding=\"async\" width=\"600\" height=\"400\" src=\"https:\/\/intecap.edu.gt\/fad\/\/wp-content\/uploads\/2023\/10\/servicio-cliente-600x400.jpg\" class=\"pt-cv-thumbnail\" alt=\"\" \/><\/a>\n<h4 class=\"pt-cv-title\"><a href=\"https:\/\/intecap.edu.gt\/fad\/comercioservicios\/servicioalcliente\/\" class=\"_self\" target=\"_self\" >Servicio al Cliente<\/a><\/h4><\/div><\/div><\/div><\/div><\/div>[\/et_pb_code][\/et_pb_column][\/et_pb_row][\/et_pb_section][et_pb_section fb_built=&#8221;1&#8243; admin_label=&#8221;Footer&#8221; _builder_version=&#8221;4.22.2&#8243; background_color=&#8221;#000d2d&#8221; use_background_color_gradient=&#8221;on&#8221; background_color_gradient_overlays_image=&#8221;on&#8221; background_image=&#8221;https:\/\/intecap.edu.gt\/formacionadistancia\/wp-content\/uploads\/2023\/04\/fondo3-1.jpg&#8221; parallax=&#8221;on&#8221; saved_tabs=&#8221;all&#8221; collapsed=&#8221;on&#8221; fb_built=&#8221;1&#8243; background_color_gradient_stops=&#8221;rgba(0,0,0,0.55) 31%|#020b28 100%&#8221; global_colors_info=&#8221;{}&#8221; _i=&#8221;2&#8243; _address=&#8221;2&#8243;][et_pb_row column_structure=&#8221;1_2,1_2&#8243; _builder_version=&#8221;4.22.2&#8243; width=&#8221;100%&#8221; max_width=&#8221;1391px&#8221; global_colors_info=&#8221;{}&#8221; _i=&#8221;0&#8243; _address=&#8221;2.0&#8243;][et_pb_column type=&#8221;1_2&#8243; _builder_version=&#8221;4.19.1&#8243; global_colors_info=&#8221;{}&#8221; _i=&#8221;0&#8243; _address=&#8221;2.0.0&#8243;][et_pb_image src=&#8221;https:\/\/intecap.edu.gt\/formacionadistancia\/wp-content\/uploads\/2023\/09\/FAD-version2.png&#8221; title_text=&#8221;FAD&#8212;version2&#8243; _builder_version=&#8221;4.22.2&#8243; max_height=&#8221;64px&#8221; global_colors_info=&#8221;{}&#8221; _i=&#8221;0&#8243; _address=&#8221;2.0.0.0&#8243;][\/et_pb_image][et_pb_text _builder_version=&#8221;4.22.2&#8243; header_3_text_color=&#8221;#FFFFFF&#8221; header_3_font_size=&#8221;21px&#8221; custom_margin=&#8221;||0px||false|false&#8221; _module_preset=&#8221;2ea7e70a-e7d1-4cd8-9e99-2b089760a3f2&#8243; global_colors_info=&#8221;{}&#8221; _i=&#8221;1&#8243; _address=&#8221;2.0.0.1&#8243;]<\/p>\n<h3>FORMACI\u00d3N A DISTANCIA<\/h3>\n<p>[\/et_pb_text][et_pb_text _builder_version=&#8221;4.22.2&#8243; text_text_color=&#8221;#FFFFFF&#8221; link_text_color=&#8221;#FFFFFF&#8221; header_6_font_size=&#8221;13px&#8221; custom_margin=&#8221;||10px||false|false&#8221; locked=&#8221;off&#8221; global_colors_info=&#8221;{}&#8221; _i=&#8221;2&#8243; _address=&#8221;2.0.0.2&#8243;]<\/p>\n<h6>Calle Doroteo Guamuch Flores 8-79 zona 5, nivel 5, Guatemala, C.A.<\/h6>\n<p>[\/et_pb_text][et_pb_text _builder_version=&#8221;4.22.2&#8243; text_text_color=&#8221;#EDF000&#8243; link_text_color=&#8221;#FFFFFF&#8221; header_5_text_color=&#8221;#0C71C3&#8243; custom_margin=&#8221;||10px||false|false&#8221; locked=&#8221;off&#8221; global_colors_info=&#8221;{}&#8221; _i=&#8221;3&#8243; _address=&#8221;2.0.0.3&#8243;]<\/p>\n<h5><a href=\"mailto:fad@intecap.edu.gt\" target=\"_blank\" rel=\"noopener\">fad@intecap.edu.gt<\/a><\/h5>\n<p>[\/et_pb_text][et_pb_text _builder_version=&#8221;4.22.2&#8243; text_text_color=&#8221;#FFFFFF&#8221; link_text_color=&#8221;#FFFFFF&#8221; header_4_font_size=&#8221;16px&#8221; custom_margin=&#8221;||10px||false|false&#8221; locked=&#8221;off&#8221; global_colors_info=&#8221;{}&#8221; _i=&#8221;4&#8243; _address=&#8221;2.0.0.4&#8243;]<\/p>\n<h4>(502) 2410-5555<br \/>Extensiones:\u00a0 10916, 10917, 10918, 10919, 10920, 10934, 10935 y 10943<\/h4>\n<p>[\/et_pb_text][et_pb_social_media_follow _builder_version=&#8221;4.21.0&#8243; custom_margin=&#8221;30px||||false|false&#8221; global_colors_info=&#8221;{}&#8221; _i=&#8221;5&#8243; _address=&#8221;2.0.0.5&#8243;][et_pb_social_media_follow_network social_network=&#8221;facebook&#8221; _builder_version=&#8221;4.19.1&#8243; global_colors_info=&#8221;{}&#8221; follow_button=&#8221;off&#8221; url_new_window=&#8221;on&#8221; _i=&#8221;0&#8243; _address=&#8221;2.0.0.5.0&#8243;]facebook[\/et_pb_social_media_follow_network][et_pb_social_media_follow_network social_network=&#8221;twitter&#8221; _builder_version=&#8221;4.19.1&#8243; global_colors_info=&#8221;{}&#8221; follow_button=&#8221;off&#8221; url_new_window=&#8221;on&#8221; _i=&#8221;1&#8243; _address=&#8221;2.0.0.5.1&#8243;]twitter[\/et_pb_social_media_follow_network][et_pb_social_media_follow_network social_network=&#8221;instagram&#8221; _builder_version=&#8221;4.19.1&#8243; global_colors_info=&#8221;{}&#8221; follow_button=&#8221;off&#8221; url_new_window=&#8221;on&#8221; _i=&#8221;2&#8243; _address=&#8221;2.0.0.5.2&#8243;]instagram[\/et_pb_social_media_follow_network][\/et_pb_social_media_follow][\/et_pb_column][et_pb_column type=&#8221;1_2&#8243; _builder_version=&#8221;4.19.1&#8243; global_colors_info=&#8221;{}&#8221; _i=&#8221;1&#8243; _address=&#8221;2.0.1&#8243;][et_pb_video src=&#8221;https:\/\/youtu.be\/0DkJmWYZgDY&#8221; _builder_version=&#8221;4.22.2&#8243; global_colors_info=&#8221;{}&#8221; _i=&#8221;0&#8243; _address=&#8221;2.0.1.0&#8243;][\/et_pb_video][\/et_pb_column][\/et_pb_row][\/et_pb_section]<\/p>\n","protected":false},"excerpt":{"rendered":"<p>[et_pb_section fb_built=&#8221;1&#8243; admin_label=&#8221;Courses&#8221; _builder_version=&#8221;3.27.3&#8243; background_enable_color=&#8221;off&#8221; background_enable_image=&#8221;off&#8221; parallax=&#8221;on&#8221; parallax_method=&#8221;off&#8221; custom_padding=&#8221;32px||34px|||&#8221; saved_tabs=&#8221;all&#8221; collapsed=&#8221;on&#8221; fb_built=&#8221;1&#8243; background_color_gradient_stops=&#8221;#ffffff 26%|#d6d6d6 86%&#8221; global_colors_info=&#8221;{}&#8221; background_enable_pattern_style=&#8221;on&#8221; background_pattern_style=&#8221;diagonal-stripes-2&#8243; sticky_enabled=&#8221;0&#8243; _i=&#8221;0&#8243; _address=&#8221;0&#8243;][et_pb_row _builder_version=&#8221;4.22.2&#8243; global_colors_info=&#8221;{}&#8221; _i=&#8221;0&#8243; _address=&#8221;0.0&#8243;][et_pb_column type=&#8221;4_4&#8243; _builder_version=&#8221;4.22.2&#8243; global_colors_info=&#8221;{}&#8221; _i=&#8221;0&#8243; _address=&#8221;0.0.0&#8243;][et_pb_text _builder_version=&#8221;3.27.3&#8243; header_font=&#8221;Montserrat|700|||||||&#8221; header_text_align=&#8221;center&#8221; header_text_color=&#8221;#242424&#8243; header_font_size=&#8221;38px&#8221; header_font_last_edited=&#8221;on|desktop&#8221; global_colors_info=&#8221;{}&#8221; _i=&#8221;0&#8243; _address=&#8221;0.0.0.0&#8243;] COMERCIO Y SERVICIOS [\/et_pb_text][et_pb_image src=&#8221;https:\/\/intecap.edu.gt\/formacionadistancia\/wp-content\/uploads\/2023\/10\/comercioservicios.jpg&#8221; _builder_version=&#8221;3.27.3&#8243; max_width=&#8221;60%&#8221; module_alignment=&#8221;center&#8221; hover_enabled=&#8221;0&#8243; _i=&#8221;1&#8243; _address=&#8221;0.0.0.1&#8243; max_width_last_edited=&#8221;on|desktop&#8221; width=&#8221;100%&#8221; max_width_phone=&#8221;100%&#8221;][\/et_pb_image][\/et_pb_column][\/et_pb_row][et_pb_row _builder_version=&#8221;3.27.3&#8243; _i=&#8221;1&#8243; [&hellip;]<\/p>\n","protected":false},"author":1,"featured_media":0,"parent":0,"menu_order":0,"comment_status":"closed","ping_status":"closed","template":"","meta":{"_et_pb_use_builder":"on","_et_pb_old_content":"","_monsterinsights_skip_tracking":false,"_monsterinsights_sitenote_active":false,"_monsterinsights_sitenote_note":"","_monsterinsights_sitenote_category":0,"footnotes":""},"class_list":["post-15638","page","type-page","status-publish","hentry"],"_links":{"self":[{"href":"https:\/\/intecap.edu.gt\/fad\/wp-json\/wp\/v2\/pages\/15638","targetHints":{"allow":["GET"]}}],"collection":[{"href":"https:\/\/intecap.edu.gt\/fad\/wp-json\/wp\/v2\/pages"}],"about":[{"href":"https:\/\/intecap.edu.gt\/fad\/wp-json\/wp\/v2\/types\/page"}],"author":[{"embeddable":true,"href":"https:\/\/intecap.edu.gt\/fad\/wp-json\/wp\/v2\/users\/1"}],"replies":[{"embeddable":true,"href":"https:\/\/intecap.edu.gt\/fad\/wp-json\/wp\/v2\/comments?post=15638"}],"version-history":[{"count":9,"href":"https:\/\/intecap.edu.gt\/fad\/wp-json\/wp\/v2\/pages\/15638\/revisions"}],"predecessor-version":[{"id":15761,"href":"https:\/\/intecap.edu.gt\/fad\/wp-json\/wp\/v2\/pages\/15638\/revisions\/15761"}],"wp:attachment":[{"href":"https:\/\/intecap.edu.gt\/fad\/wp-json\/wp\/v2\/media?parent=15638"}],"curies":[{"name":"wp","href":"https:\/\/api.w.org\/{rel}","templated":true}]}}