{"id":936,"date":"2022-12-05T08:53:08","date_gmt":"2022-12-05T14:53:08","guid":{"rendered":"https:\/\/intecap.edu.gt\/galardon\/?page_id=936"},"modified":"2022-12-05T15:55:39","modified_gmt":"2022-12-05T21:55:39","slug":"empresanominada","status":"publish","type":"page","link":"https:\/\/intecap.edu.gt\/galardon\/empresanominada\/","title":{"rendered":"\u00bfC\u00f3mo ser Empresa Nominada?"},"content":{"rendered":"<p>[et_pb_section fb_built=&#8221;1&#8243; _builder_version=&#8221;4.18.0&#8243; _module_preset=&#8221;default&#8221; background_image=&#8221;https:\/\/intecap.edu.gt\/galardon\/wp-content\/uploads\/2022\/12\/fondo1.png&#8221; min_height=&#8221;452.7px&#8221; custom_margin=&#8221;||-18px|||&#8221; custom_padding=&#8221;47px||47px|||&#8221; hover_enabled=&#8221;0&#8243; global_colors_info=&#8221;{}&#8221; sticky_enabled=&#8221;0&#8243; title_text=&#8221;fondo1&#8243;][et_pb_row column_structure=&#8221;1_4,3_4&#8243; _builder_version=&#8221;4.18.0&#8243; _module_preset=&#8221;default&#8221; width=&#8221;88%&#8221; max_width=&#8221;1403px&#8221; global_colors_info=&#8221;{}&#8221;][et_pb_column type=&#8221;1_4&#8243; _builder_version=&#8221;4.18.0&#8243; _module_preset=&#8221;default&#8221; global_colors_info=&#8221;{}&#8221;][et_pb_image src=&#8221;https:\/\/intecap.edu.gt\/galardon\/wp-content\/uploads\/2022\/08\/Medalla-Galardon.png&#8221; title_text=&#8221;Medalla-Galardon&#8221; align=&#8221;center&#8221; _builder_version=&#8221;4.18.0&#8243; _module_preset=&#8221;default&#8221; max_width=&#8221;72%&#8221; custom_margin=&#8221;||-10px|||&#8221; global_colors_info=&#8221;{}&#8221;][\/et_pb_image][\/et_pb_column][et_pb_column type=&#8221;3_4&#8243; _builder_version=&#8221;4.18.0&#8243; _module_preset=&#8221;default&#8221; global_colors_info=&#8221;{}&#8221;][et_pb_text _builder_version=&#8221;4.18.0&#8243; _module_preset=&#8221;default&#8221; header_font=&#8221;Poppins|700|||||||&#8221; header_text_color=&#8221;#FFFFFF&#8221; header_font_size=&#8221;47px&#8221; custom_margin=&#8221;||19px|||&#8221; global_colors_info=&#8221;{}&#8221;]<\/p>\n<h1>El Galard\u00f3n<\/h1>\n<p>[\/et_pb_text][et_pb_text _builder_version=&#8221;4.18.0&#8243; _module_preset=&#8221;default&#8221; header_4_text_color=&#8221;#FFFFFF&#8221; custom_padding=&#8221;||52px|||&#8221; global_colors_info=&#8221;{}&#8221;]<\/p>\n<h4 style=\"text-align: justify;\">El Galard\u00f3n a la Productividad y Competitividad &#8220;Ricardo Castillo Sinibaldi&#8221; fue creado en el a\u00f1o 2004 por medio de la Junta Directiva del INTECAP y se otorga a todas aquellas empresas que p\u00fablica, notoria o documentalmente evidencien su contribuci\u00f3n en acciones que conlleven enfoque de productividad y competitividad, y cuya calidad la demuestren con: imagen, trayectoria individual y\/o empresarial, intervenci\u00f3n en su mercado objetivo, reconocimientos obtenidos y otros.<\/h4>\n<p>[\/et_pb_text][\/et_pb_column][\/et_pb_row][\/et_pb_section][et_pb_section fb_built=&#8221;1&#8243; _builder_version=&#8221;4.18.0&#8243; _module_preset=&#8221;default&#8221; hover_enabled=&#8221;0&#8243; global_colors_info=&#8221;{}&#8221; title_text=&#8221;fondo18&#8243; background_image=&#8221;https:\/\/intecap.edu.gt\/galardon\/wp-content\/uploads\/2022\/11\/fondo18.png&#8221; sticky_enabled=&#8221;0&#8243; custom_padding=&#8221;5px|||||&#8221; parallax=&#8221;on&#8221; parallax_method=&#8221;off&#8221; background_blend=&#8221;color-dodge&#8221;][et_pb_row _builder_version=&#8221;4.18.0&#8243; _module_preset=&#8221;default&#8221; hover_enabled=&#8221;0&#8243; global_colors_info=&#8221;{}&#8221; width=&#8221;96%&#8221; max_width=&#8221;1686px&#8221; sticky_enabled=&#8221;0&#8243;][et_pb_column type=&#8221;4_4&#8243; _builder_version=&#8221;4.18.0&#8243; _module_preset=&#8221;default&#8221; global_colors_info=&#8221;{}&#8221;][et_pb_text _builder_version=&#8221;4.18.0&#8243; _module_preset=&#8221;default&#8221; header_text_color=&#8221;#E09900&#8243; header_font=&#8221;Poppins||||||||&#8221; hover_enabled=&#8221;0&#8243; sticky_enabled=&#8221;0&#8243; header_text_align=&#8221;center&#8221; header_font_size=&#8221;52px&#8221;]<\/p>\n<h1>DIN\u00c1MICA DE NOMINACI\u00d3N<\/h1>\n<p>[\/et_pb_text][et_pb_image src=&#8221;https:\/\/intecap.edu.gt\/galardon\/wp-content\/uploads\/2022\/12\/Dinamica-Galardon.png&#8221; _builder_version=&#8221;4.18.0&#8243; _module_preset=&#8221;default&#8221; title_text=&#8221;Din\u00e1mica-Galard\u00f3n&#8221; hover_enabled=&#8221;0&#8243; sticky_enabled=&#8221;0&#8243;][\/et_pb_image][\/et_pb_column][\/et_pb_row][\/et_pb_section]<\/p>\n","protected":false},"excerpt":{"rendered":"<p>El Galard\u00f3nEl Galard\u00f3n a la Productividad y Competitividad &#8220;Ricardo Castillo Sinibaldi&#8221; fue creado en el a\u00f1o 2004 por medio de la Junta Directiva del INTECAP y se otorga a todas aquellas empresas que p\u00fablica, notoria o documentalmente evidencien su contribuci\u00f3n en acciones que conlleven enfoque de productividad y competitividad, y cuya calidad la demuestren con: [&hellip;]<\/p>\n","protected":false},"author":1,"featured_media":0,"parent":0,"menu_order":0,"comment_status":"closed","ping_status":"closed","template":"","meta":{"_et_pb_use_builder":"on","_et_pb_old_content":"","_et_gb_content_width":"","footnotes":""},"class_list":["post-936","page","type-page","status-publish","hentry"],"_links":{"self":[{"href":"https:\/\/intecap.edu.gt\/galardon\/wp-json\/wp\/v2\/pages\/936","targetHints":{"allow":["GET"]}}],"collection":[{"href":"https:\/\/intecap.edu.gt\/galardon\/wp-json\/wp\/v2\/pages"}],"about":[{"href":"https:\/\/intecap.edu.gt\/galardon\/wp-json\/wp\/v2\/types\/page"}],"author":[{"embeddable":true,"href":"https:\/\/intecap.edu.gt\/galardon\/wp-json\/wp\/v2\/users\/1"}],"replies":[{"embeddable":true,"href":"https:\/\/intecap.edu.gt\/galardon\/wp-json\/wp\/v2\/comments?post=936"}],"version-history":[{"count":11,"href":"https:\/\/intecap.edu.gt\/galardon\/wp-json\/wp\/v2\/pages\/936\/revisions"}],"predecessor-version":[{"id":950,"href":"https:\/\/intecap.edu.gt\/galardon\/wp-json\/wp\/v2\/pages\/936\/revisions\/950"}],"wp:attachment":[{"href":"https:\/\/intecap.edu.gt\/galardon\/wp-json\/wp\/v2\/media?parent=936"}],"curies":[{"name":"wp","href":"https:\/\/api.w.org\/{rel}","templated":true}]}}