{"id":8333,"date":"2022-03-09T22:02:38","date_gmt":"2022-03-09T21:02:38","guid":{"rendered":"https:\/\/intecap.edu.gt\/ingles2\/?page_id=8333"},"modified":"2025-04-29T11:37:54","modified_gmt":"2025-04-29T17:37:54","slug":"home","status":"publish","type":"page","link":"https:\/\/intecap.edu.gt\/inglesparatodos\/","title":{"rendered":"Home-English"},"content":{"rendered":"[et_pb_section fb_built=&#8221;1&#8243; _builder_version=&#8221;4.17.3&#8243; _module_preset=&#8221;default&#8221; background_color=&#8221;#14a5ad&#8221; custom_margin=&#8221;0px||||false|false&#8221; custom_padding=&#8221;0px||0px||false|false&#8221; global_colors_info=&#8221;{}&#8221;][et_pb_row _builder_version=&#8221;4.17.3&#8243; _module_preset=&#8221;default&#8221; width=&#8221;100%&#8221; max_width=&#8221;1700px&#8221; custom_margin=&#8221;0px||||false|false&#8221; custom_padding=&#8221;0px||0px||false|false&#8221; global_colors_info=&#8221;{}&#8221;][et_pb_column type=&#8221;4_4&#8243; _builder_version=&#8221;4.17.3&#8243; _module_preset=&#8221;default&#8221; global_colors_info=&#8221;{}&#8221;][et_pb_image src=&#8221;https:\/\/intecap.edu.gt\/inglesparatodos\/wp-content\/uploads\/2022\/07\/banner-web-wide.jpg&#8221; title_text=&#8221;banner-web-wide&#8221; align=&#8221;center&#8221; _builder_version=&#8221;4.17.3&#8243; _module_preset=&#8221;default&#8221; global_colors_info=&#8221;{}&#8221;][\/et_pb_image][\/et_pb_column][\/et_pb_row][\/et_pb_section][et_pb_section fb_built=&#8221;1&#8243; next_background_color=&#8221;#ffffff&#8221; admin_label=&#8221;Header&#8221; _builder_version=&#8221;4.16&#8243; _module_preset=&#8221;default&#8221; background_color_gradient_direction=&#8221;45deg&#8221; background_image=&#8221;https:\/\/intecap.edu.gt\/inglesparatodos\/wp-content\/uploads\/2022\/03\/header1.jpg&#8221; parallax=&#8221;on&#8221; custom_margin=&#8221;||-279px||false|false&#8221; custom_padding=&#8221;16vw||16vw||true|false&#8221; bottom_divider_style=&#8221;mountains2&#8243; locked=&#8221;off&#8221; global_colors_info=&#8221;{}&#8221;][et_pb_row column_structure=&#8221;1_2,1_2&#8243; _builder_version=&#8221;4.16&#8243; _module_preset=&#8221;default&#8221; custom_margin=&#8221;-160px|auto|-279px|auto||&#8221; global_colors_info=&#8221;{}&#8221;][et_pb_column type=&#8221;1_2&#8243; _builder_version=&#8221;4.16&#8243; _module_preset=&#8221;default&#8221; global_colors_info=&#8221;{}&#8221;][et_pb_text _builder_version=&#8221;4.16&#8243; _module_preset=&#8221;d5dbb5d4-7ec7-4306-b6c5-1435f277faf4&#8243; header_font=&#8221;Poppins|500|||||||&#8221; header_text_align=&#8221;center&#8221; header_text_color=&#8221;#3a3a3a&#8221; header_font_size=&#8221;60px&#8221; width=&#8221;100%&#8221; max_width=&#8221;100%&#8221; module_alignment=&#8221;center&#8221; custom_margin=&#8221;42px||32px||false|false&#8221; custom_padding=&#8221;0px||0px|0px|false|false&#8221; header_font_size_tablet=&#8221;&#8221; header_font_size_phone=&#8221;42px&#8221; header_font_size_last_edited=&#8221;on|phone&#8221; global_colors_info=&#8221;{}&#8221;]\n<h1>Ingl\u00e9s para Todos<br \/>con nuevo enfoque metodol\u00f3gico<\/h1>\n[\/et_pb_text][\/et_pb_column][et_pb_column type=&#8221;1_2&#8243; _builder_version=&#8221;4.16&#8243; _module_preset=&#8221;default&#8221; global_colors_info=&#8221;{}&#8221;][et_pb_text _builder_version=&#8221;4.16&#8243; _module_preset=&#8221;default&#8221; header_4_font=&#8221;|600|||||||&#8221; header_4_font_size=&#8221;20px&#8221; global_colors_info=&#8221;{}&#8221;]\n<h4 style=\"text-align: justify;\">Desarrolla tus habilidades verbales en el idioma ingl\u00e9s por medio de un proceso de formaci\u00f3n que utiliza el m\u00e9todo natural y comunicativo integrando otras destrezas tales como comprensi\u00f3n auditiva, lectora y escrita.<\/h4>\n<h4 style=\"text-align: justify;\">Aprende ingl\u00e9s por medio de un m\u00e9todo natural y comunicativo, utilizando recursos modernos e innovadores que facilitan el aprendizaje.<\/h4>\n[\/et_pb_text][\/et_pb_column][\/et_pb_row][\/et_pb_section][et_pb_section fb_built=&#8221;1&#8243; admin_label=&#8221;Feature&#8221; _builder_version=&#8221;4.16&#8243; _module_preset=&#8221;default&#8221; custom_margin=&#8221;302px|||||&#8221; custom_padding=&#8221;31px||22px|||&#8221; locked=&#8221;off&#8221; global_colors_info=&#8221;{}&#8221;][et_pb_row column_structure=&#8221;1_4,1_4,1_4,1_4&#8243; _builder_version=&#8221;4.16&#8243; _module_preset=&#8221;default&#8221; global_colors_info=&#8221;{}&#8221;][et_pb_column type=&#8221;1_4&#8243; _builder_version=&#8221;4.16&#8243; _module_preset=&#8221;default&#8221; global_colors_info=&#8221;{}&#8221;][et_pb_number_counter title=&#8221;A\u00d1OS DE EXPERIENCIA&#8221; number=&#8221;15&#8243; percent_sign=&#8221;off&#8221; _builder_version=&#8221;4.24.0&#8243; _module_preset=&#8221;default&#8221; title_level=&#8221;h2&#8243; title_font=&#8221;Montserrat|800|||||||&#8221; title_font_size=&#8221;18px&#8221; number_font=&#8221;Montserrat||||||||&#8221; number_text_color=&#8221;#0a0889&#8243; number_font_size=&#8221;68px&#8221; custom_margin=&#8221;0px||||false|false&#8221; global_colors_info=&#8221;{}&#8221;][\/et_pb_number_counter][\/et_pb_column][et_pb_column type=&#8221;1_4&#8243; _builder_version=&#8221;4.16&#8243; _module_preset=&#8221;default&#8221; global_colors_info=&#8221;{}&#8221;][et_pb_number_counter title=&#8221;PERSONAS CAPACITADAS AL A\u00d1O&#8221; number=&#8221;25000&#8243; percent_sign=&#8221;off&#8221; _builder_version=&#8221;4.16&#8243; _module_preset=&#8221;default&#8221; title_level=&#8221;h2&#8243; title_font=&#8221;Montserrat|800|||||||&#8221; title_font_size=&#8221;18px&#8221; number_font=&#8221;Montserrat||||||||&#8221; number_text_color=&#8221;#0a0889&#8243; number_font_size=&#8221;68px&#8221; custom_margin=&#8221;0px||||false|false&#8221; global_colors_info=&#8221;{}&#8221;][\/et_pb_number_counter][\/et_pb_column][et_pb_column type=&#8221;1_4&#8243; _builder_version=&#8221;4.16&#8243; _module_preset=&#8221;default&#8221; global_colors_info=&#8221;{}&#8221;][et_pb_number_counter title=&#8221;EMPRESAS ATENDIDAS&#8221; number=&#8221;1300&#8243; percent_sign=&#8221;off&#8221; _builder_version=&#8221;4.16&#8243; _module_preset=&#8221;default&#8221; title_level=&#8221;h2&#8243; title_font=&#8221;Montserrat|800|||||||&#8221; title_font_size=&#8221;18px&#8221; number_font=&#8221;Montserrat||||||||&#8221; number_text_color=&#8221;#0a0889&#8243; number_font_size=&#8221;60px&#8221; custom_margin=&#8221;0px||||false|false&#8221; global_colors_info=&#8221;{}&#8221;][\/et_pb_number_counter][\/et_pb_column][et_pb_column type=&#8221;1_4&#8243; _builder_version=&#8221;4.16&#8243; _module_preset=&#8221;default&#8221; global_colors_info=&#8221;{}&#8221;][et_pb_number_counter title=&#8221;PERSONAS CAPACITADAS EN INGL\u00c9S PARA CALL CENTER&#8221; number=&#8221;8000&#8243; percent_sign=&#8221;off&#8221; _builder_version=&#8221;4.16&#8243; _module_preset=&#8221;default&#8221; title_level=&#8221;h2&#8243; title_font=&#8221;Montserrat|800|||||||&#8221; title_font_size=&#8221;18px&#8221; number_font=&#8221;Montserrat||||||||&#8221; number_text_color=&#8221;#0a0889&#8243; number_font_size=&#8221;60px&#8221; custom_margin=&#8221;0px||||false|false&#8221; global_colors_info=&#8221;{}&#8221;][\/et_pb_number_counter][\/et_pb_column][\/et_pb_row][\/et_pb_section][et_pb_section fb_built=&#8221;1&#8243; admin_label=&#8221;Events&#8221; _builder_version=&#8221;4.16&#8243; _module_preset=&#8221;default&#8221; custom_padding=&#8221;2px||14px|||&#8221; global_colors_info=&#8221;{}&#8221;][et_pb_row column_structure=&#8221;1_4,1_4,1_4,1_4&#8243; _builder_version=&#8221;4.16&#8243; _module_preset=&#8221;default&#8221; width=&#8221;100%&#8221; max_width=&#8221;90%&#8221; custom_margin=&#8221;||||false|false&#8221; custom_padding=&#8221;||||false|false&#8221; global_colors_info=&#8221;{}&#8221;][et_pb_column type=&#8221;1_4&#8243; _builder_version=&#8221;4.16&#8243; _module_preset=&#8221;default&#8221; custom_padding=&#8221;|10px|||false|false&#8221; global_colors_info=&#8221;{}&#8221;][et_pb_blurb title=&#8221;Prueba de ubicaci\u00f3n&#8221; url=&#8221;@ET-DC@eyJkeW5hbWljIjp0cnVlLCJjb250ZW50IjoicG9zdF9saW5rX3VybF9wYWdlIiwic2V0dGluZ3MiOnsicG9zdF9pZCI6Ijg2NDkifX0=@&#8221; image=&#8221;https:\/\/intecap.edu.gt\/inglesparatodos\/wp-content\/uploads\/2021\/09\/img-admision3.jpg&#8221; _builder_version=&#8221;4.16&#8243; _dynamic_attributes=&#8221;url&#8221; _module_preset=&#8221;default&#8221; header_level=&#8221;h1&#8243; header_font=&#8221;Poppins|300||on|||||&#8221; header_text_align=&#8221;center&#8221; header_text_color=&#8221;#00457A&#8221; header_font_size=&#8221;26px&#8221; body_font=&#8221;Montserrat||||||||&#8221; background_enable_color=&#8221;off&#8221; custom_margin=&#8221;||||false|false&#8221; custom_padding=&#8221;||||false|false&#8221; border_width_bottom=&#8221;1px&#8221; border_style_bottom=&#8221;dashed&#8221; global_colors_info=&#8221;{}&#8221;][\/et_pb_blurb][et_pb_divider show_divider=&#8221;off&#8221; _builder_version=&#8221;4.16&#8243; _module_preset=&#8221;default&#8221; global_colors_info=&#8221;{}&#8221;][\/et_pb_divider][\/et_pb_column][et_pb_column type=&#8221;1_4&#8243; _builder_version=&#8221;4.16&#8243; _module_preset=&#8221;default&#8221; custom_padding=&#8221;|10px|||false|false&#8221; global_colors_info=&#8221;{}&#8221;][et_pb_blurb title=&#8221;Cursos pr\u00f3ximos&#8221; url=&#8221;@ET-DC@eyJkeW5hbWljIjp0cnVlLCJjb250ZW50IjoicG9zdF9saW5rX3VybF9wYWdlIiwic2V0dGluZ3MiOnsicG9zdF9pZCI6Ijg2MjgifX0=@&#8221; image=&#8221;https:\/\/intecap.edu.gt\/inglesparatodos\/wp-content\/uploads\/2021\/09\/b-listadocursos.jpg&#8221; _builder_version=&#8221;4.16&#8243; _dynamic_attributes=&#8221;url&#8221; _module_preset=&#8221;default&#8221; header_level=&#8221;h1&#8243; header_font=&#8221;Poppins|300||on|||||&#8221; header_text_align=&#8221;center&#8221; header_text_color=&#8221;#00457A&#8221; body_font=&#8221;Montserrat||||||||&#8221; border_width_bottom=&#8221;1px&#8221; border_style_bottom=&#8221;dashed&#8221; global_colors_info=&#8221;{}&#8221;][\/et_pb_blurb][et_pb_divider show_divider=&#8221;off&#8221; _builder_version=&#8221;4.16&#8243; _module_preset=&#8221;default&#8221; global_colors_info=&#8221;{}&#8221;][\/et_pb_divider][\/et_pb_column][et_pb_column type=&#8221;1_4&#8243; _builder_version=&#8221;4.16&#8243; _module_preset=&#8221;default&#8221; custom_padding=&#8221;|10px|||false|false&#8221; global_colors_info=&#8221;{}&#8221;][et_pb_blurb title=&#8221;Niveles de formaci\u00f3n&#8221; url=&#8221;@ET-DC@eyJkeW5hbWljIjp0cnVlLCJjb250ZW50IjoicG9zdF9saW5rX3VybF9wYWdlIiwic2V0dGluZ3MiOnsicG9zdF9pZCI6Ijg1ODgifX0=@&#8221; image=&#8221;https:\/\/intecap.edu.gt\/inglesparatodos\/wp-content\/uploads\/2021\/09\/img-niveles2.jpg&#8221; _builder_version=&#8221;4.16&#8243; _dynamic_attributes=&#8221;url&#8221; _module_preset=&#8221;default&#8221; header_level=&#8221;h1&#8243; header_font=&#8221;Poppins|300||on|||||&#8221; header_text_align=&#8221;center&#8221; header_text_color=&#8221;#00457A&#8221; body_font=&#8221;Montserrat||||||||&#8221; border_width_bottom=&#8221;1px&#8221; border_color_bottom=&#8221;#000000&#8243; border_style_bottom=&#8221;dashed&#8221; global_colors_info=&#8221;{}&#8221;][\/et_pb_blurb][et_pb_divider show_divider=&#8221;off&#8221; _builder_version=&#8221;4.16&#8243; _module_preset=&#8221;default&#8221; global_colors_info=&#8221;{}&#8221;][\/et_pb_divider][\/et_pb_column][et_pb_column type=&#8221;1_4&#8243; _builder_version=&#8221;4.16&#8243; _module_preset=&#8221;default&#8221; custom_padding=&#8221;|10px|||false|false&#8221; global_colors_info=&#8221;{}&#8221;][et_pb_blurb title=&#8221;Estudia cuando puedas&#8221; url=&#8221;@ET-DC@eyJkeW5hbWljIjp0cnVlLCJjb250ZW50IjoicG9zdF9saW5rX3VybF9wYWdlIiwic2V0dGluZ3MiOnsicG9zdF9pZCI6Ijg2MDkifX0=@&#8221; image=&#8221;https:\/\/intecap.edu.gt\/inglesparatodos\/wp-content\/uploads\/2021\/09\/img-intensidad1.jpg&#8221; _builder_version=&#8221;4.16&#8243; _dynamic_attributes=&#8221;url&#8221; _module_preset=&#8221;default&#8221; header_level=&#8221;h1&#8243; header_font=&#8221;Poppins|300||on|||||&#8221; header_text_align=&#8221;center&#8221; header_text_color=&#8221;#00457A&#8221; body_font=&#8221;Montserrat||||||||&#8221; border_width_bottom=&#8221;1px&#8221; border_style_bottom=&#8221;dashed&#8221; global_colors_info=&#8221;{}&#8221;][\/et_pb_blurb][\/et_pb_column][\/et_pb_row][\/et_pb_section][et_pb_section fb_built=&#8221;1&#8243; _builder_version=&#8221;4.16&#8243; _module_preset=&#8221;default&#8221; background_color=&#8221;#e2e2e2&#8243; custom_padding=&#8221;26px||10px|||&#8221; global_colors_info=&#8221;{}&#8221;][et_pb_row column_structure=&#8221;1_5,3_5,1_5&#8243; _builder_version=&#8221;4.16&#8243; _module_preset=&#8221;default&#8221; global_colors_info=&#8221;{}&#8221;][et_pb_column type=&#8221;1_5&#8243; _builder_version=&#8221;4.16&#8243; _module_preset=&#8221;default&#8221; global_colors_info=&#8221;{}&#8221;][\/et_pb_column][et_pb_column type=&#8221;3_5&#8243; _builder_version=&#8221;4.16&#8243; _module_preset=&#8221;default&#8221; global_colors_info=&#8221;{}&#8221;][et_pb_code _builder_version=&#8221;4.16&#8243; _module_preset=&#8221;default&#8221; global_colors_info=&#8221;{}&#8221;]<iframe loading=\"lazy\" src=\"https:\/\/player.vimeo.com\/video\/654280847?h=e103e8a184&#038;color=3ea527&#038;title=0&#038;byline=0&#038;portrait=0\" width=\"640\" height=\"360\" frameborder=\"0\" allow=\"autoplay; fullscreen; picture-in-picture\" allowfullscreen><\/iframe><!-- [et_pb_line_break_holder] --><pee><a href=\"https:\/\/vimeo.com\/654280847\">Ingle\u0301s para todos.mp4<\/a> from <a href=\"https:\/\/vimeo.com\/user98236787\">INTECAP, Centro TIC&#8217;s<\/a> on <a href=\"https:\/\/vimeo.com\">Vimeo<\/a>.<\/pee>[\/et_pb_code][\/et_pb_column][et_pb_column type=&#8221;1_5&#8243; _builder_version=&#8221;4.16&#8243; _module_preset=&#8221;default&#8221; global_colors_info=&#8221;{}&#8221;][\/et_pb_column][\/et_pb_row][\/et_pb_section][et_pb_section fb_built=&#8221;1&#8243; admin_label=&#8221;Feature&#8221; _builder_version=&#8221;4.16&#8243; _module_preset=&#8221;default&#8221; global_colors_info=&#8221;{}&#8221;][et_pb_row _builder_version=&#8221;4.14.8&#8243; _module_preset=&#8221;default&#8221; global_module=&#8221;8679&#8243; saved_tabs=&#8221;all&#8221; global_colors_info=&#8221;{}&#8221;][et_pb_column type=&#8221;4_4&#8243; _builder_version=&#8221;4.16&#8243; _module_preset=&#8221;default&#8221; global_colors_info=&#8221;{}&#8221;][et_pb_text _builder_version=&#8221;4.16&#8243; _module_preset=&#8221;default&#8221; header_3_text_align=&#8221;center&#8221; header_3_font_size=&#8221;18px&#8221; header_3_letter_spacing=&#8221;6px&#8221; global_colors_info=&#8221;{}&#8221;]\n<h3>\u00bfTIENES ALGUNA DUDA?<\/h3>\n[\/et_pb_text][et_pb_text _builder_version=&#8221;4.16&#8243; _module_preset=&#8221;default&#8221; header_2_font=&#8221;Roboto||||||||&#8221; header_2_text_align=&#8221;center&#8221; header_2_text_color=&#8221;#007FE0&#8243; header_2_font_size=&#8221;37px&#8221; global_colors_info=&#8221;{}&#8221;]\n<h2>PREGUNTAS FRECUENTES<\/h2>\n[\/et_pb_text][et_pb_accordion open_toggle_background_color=&#8221;RGBA(255,255,255,0)&#8221; closed_toggle_text_color=&#8221;#FFFFFF&#8221; closed_toggle_background_color=&#8221;#092199&#8243; _builder_version=&#8221;4.16&#8243; _module_preset=&#8221;default&#8221; toggle_level=&#8221;h4&#8243; toggle_font=&#8221;|700|||||||&#8221; body_font_size=&#8221;17px&#8221; global_colors_info=&#8221;{}&#8221;][et_pb_accordion_item title=&#8221;empty&#8221; open=&#8221;on&#8221; _builder_version=&#8221;4.16&#8243; _module_preset=&#8221;default&#8221; custom_css_main_element=&#8221;display:none&#8221; global_colors_info=&#8221;{}&#8221;][\/et_pb_accordion_item][et_pb_accordion_item title=&#8221;\u00bfCu\u00e1l es la duraci\u00f3n de los cursos?&#8221; _builder_version=&#8221;4.16&#8243; _module_preset=&#8221;default&#8221; global_colors_info=&#8221;{}&#8221; open=&#8221;off&#8221;]\n<p style=\"text-align: justify;\">Cada curso tiene una duraci\u00f3n de 80 horas de clase virtual con instructor en vivo. Adem\u00e1s de las clases con instructor, tendr\u00e1s un acompa\u00f1amiento de capacitaci\u00f3n asincr\u00f3nica que podr\u00e1s programar en tu tiempo libre. La cantidad de horas requeridas de este acompa\u00f1amiento depender\u00e1 del nivel en el que te encuentres y la intensidad que hayas elegido.<\/p>\n[\/et_pb_accordion_item][et_pb_accordion_item title=&#8221;\u00bfCu\u00e1l es el precio de un curso?&#8221; _builder_version=&#8221;4.16&#8243; _module_preset=&#8221;default&#8221; global_colors_info=&#8221;{}&#8221; open=&#8221;off&#8221;]\n<p style=\"text-align: justify;\">El precio de un curso de 80 horas de clase virtual con el acceso al complemento de capacitaci\u00f3n en tiempo libre tiene un costo de Q320.00<\/p>\n[\/et_pb_accordion_item][et_pb_accordion_item title=&#8221;\u00bfC\u00f3mo puedo pagar?&#8221; _builder_version=&#8221;4.16&#8243; _module_preset=&#8221;default&#8221; global_colors_info=&#8221;{}&#8221; open=&#8221;off&#8221;]\n<p style=\"text-align: justify;\">El pago correspondiente al curso puede realizarse en ventanillas de agencias del Banco Industrial o Banrural con tu boleta de pago emitida por la sede de INTECAP que te atendi\u00f3. Tambi\u00e9n puedes realizar el pago a trav\u00e9s de tu banca virtual si eres usuario de Banrural.<\/p>\n[\/et_pb_accordion_item][et_pb_accordion_item title=&#8221;\u00bfQu\u00e9 recursos necesito para estudiar?&#8221; _builder_version=&#8221;4.16&#8243; _module_preset=&#8221;default&#8221; global_colors_info=&#8221;{}&#8221; open=&#8221;off&#8221;]\n<p style=\"text-align: justify;\">Para recibir clases, deber\u00e1s contar con una computadora o laptop con conexi\u00f3n estable a Internet, aud\u00edfonos con micr\u00f3fono, c\u00e1mara web o un dispositivo m\u00f3vil como tu tel\u00e9fono inteligente.<\/p>\n[\/et_pb_accordion_item][et_pb_accordion_item title=&#8221;\u00bfC\u00f3mo hago mi prueba de ubicaci\u00f3n?&#8221; _builder_version=&#8221;4.16&#8243; _module_preset=&#8221;default&#8221; global_colors_info=&#8221;{}&#8221; open=&#8221;off&#8221;]\n<p style=\"text-align: justify;\">Visita nuestra secci\u00f3n \u201c<a href=\"https:\/\/intecap.edu.gt\/inglesparatodos\/pruebaubicacion\/\">Prueba de ubicaci\u00f3n<\/a>\u201d para conocer el proceso y optar a tu prueba de ubicaci\u00f3n.<\/p>\n[\/et_pb_accordion_item][\/et_pb_accordion][et_pb_divider show_divider=&#8221;off&#8221; _builder_version=&#8221;4.16&#8243; _module_preset=&#8221;default&#8221; global_colors_info=&#8221;{}&#8221;][\/et_pb_divider][et_pb_button button_url=&#8221;https:\/\/intecap.edu.gt\/inglesparatodos\/faq\/&#8221; button_text=&#8221;Conoce m\u00e1s&#8221; button_alignment=&#8221;center&#8221; _builder_version=&#8221;4.16&#8243; _module_preset=&#8221;default&#8221; custom_button=&#8221;on&#8221; button_text_size=&#8221;23px&#8221; button_text_color=&#8221;#000000&#8243; button_bg_color=&#8221;RGBA(255,255,255,0)&#8221; button_border_width=&#8221;2px&#8221; button_border_color=&#8221;#00457A&#8221; button_use_icon=&#8221;off&#8221; background_layout=&#8221;dark&#8221; global_colors_info=&#8221;{}&#8221;][\/et_pb_button][\/et_pb_column][\/et_pb_row][\/et_pb_section][et_pb_section fb_built=&#8221;1&#8243; admin_label=&#8221;Footer&#8221; _builder_version=&#8221;4.16&#8243; _module_preset=&#8221;default&#8221; custom_padding=&#8221;0px||0px||true|false&#8221; saved_tabs=&#8221;all&#8221; locked=&#8221;off&#8221; global_colors_info=&#8221;{}&#8221;][et_pb_row column_structure=&#8221;1_2,1_2&#8243; use_custom_gutter=&#8221;on&#8221; make_equal=&#8221;on&#8221; _builder_version=&#8221;4.16&#8243; _module_preset=&#8221;default&#8221; width=&#8221;100%&#8221; max_width=&#8221;none&#8221; custom_padding=&#8221;0px||0px||true|false&#8221; global_colors_info=&#8221;{}&#8221;][et_pb_column type=&#8221;1_2&#8243; _builder_version=&#8221;4.16&#8243; _module_preset=&#8221;default&#8221; background_image=&#8221;https:\/\/intecap.edu.gt\/inglesparatodos\/wp-content\/uploads\/2022\/03\/AdobeStock_351137930-scaled.jpeg&#8221; custom_padding=&#8221;5vw|60px|8vw|60px|false|true&#8221; custom_padding_tablet=&#8221;8vw|30px||30px|false|true&#8221; custom_padding_phone=&#8221;|20px||20px|false|true&#8221; custom_padding_last_edited=&#8221;on|phone&#8221; global_colors_info=&#8221;{}&#8221;][et_pb_divider show_divider=&#8221;off&#8221; _builder_version=&#8221;4.16&#8243; _module_preset=&#8221;default&#8221; height=&#8221;650px&#8221; height_tablet=&#8221;700px&#8221; height_phone=&#8221;350px&#8221; height_last_edited=&#8221;on|tablet&#8221; global_colors_info=&#8221;{}&#8221;][\/et_pb_divider][\/et_pb_column][et_pb_column type=&#8221;1_2&#8243; _builder_version=&#8221;4.16&#8243; _module_preset=&#8221;default&#8221; background_color=&#8221;#f7f7f7&#8243; background_color_gradient_start=&#8221;rgba(79,168,209,0.11)&#8221; background_color_gradient_end=&#8221;#32efe9&#8243; background_enable_image=&#8221;off&#8221; background_position=&#8221;top_center&#8221; custom_padding=&#8221;5vw|60px|8vw|60px|false|true&#8221; custom_padding_tablet=&#8221;8vw|30px||30px|false|true&#8221; custom_padding_phone=&#8221;|20px||20px|false|true&#8221; custom_padding_last_edited=&#8221;on|phone&#8221; global_colors_info=&#8221;{}&#8221;][et_pb_image src=&#8221;https:\/\/intecap.edu.gt\/inglesparatodos\/wp-content\/uploads\/2022\/03\/logo-azul.png&#8221; title_text=&#8221;logo azul&#8221; _builder_version=&#8221;4.16&#8243; _module_preset=&#8221;default&#8221; width=&#8221;42%&#8221; global_colors_info=&#8221;{}&#8221;][\/et_pb_image][et_pb_divider show_divider=&#8221;off&#8221; _builder_version=&#8221;4.16&#8243; _module_preset=&#8221;default&#8221; global_colors_info=&#8221;{}&#8221;][\/et_pb_divider][et_pb_blurb use_icon=&#8221;on&#8221; font_icon=&#8221;&#xf041;||fa||900&#8243; icon_color=&#8221;#000000&#8243; icon_placement=&#8221;left&#8221; image_icon_width=&#8221;16px&#8221; content_max_width=&#8221;100%&#8221; _builder_version=&#8221;4.16&#8243; _module_preset=&#8221;default&#8221; body_font=&#8221;Montserrat|500|||||||&#8221; body_text_color=&#8221;#000000&#8243; body_font_size=&#8221;16px&#8221; body_line_height=&#8221;1.2em&#8221; body_link_text_color=&#8221;#2a2a2a&#8221; max_width=&#8221;510px&#8221; custom_margin=&#8221;20px||||false|false&#8221; animation=&#8221;off&#8221; icon_font_size=&#8221;16px&#8221; global_colors_info=&#8221;{}&#8221;]\n<p>Calle Doroteo Guamuch Flores 8-79 zona 5, Nivel 5, Guatemala, C.A.<\/p>\n[\/et_pb_blurb][et_pb_blurb use_icon=&#8221;on&#8221; font_icon=&#8221;&#xe090;||divi||400&#8243; icon_color=&#8221;#000000&#8243; icon_placement=&#8221;left&#8221; image_icon_width=&#8221;16px&#8221; content_max_width=&#8221;100%&#8221; _builder_version=&#8221;4.16&#8243; _module_preset=&#8221;default&#8221; body_font=&#8221;Montserrat|500|||||||&#8221; body_text_color=&#8221;#000000&#8243; body_font_size=&#8221;16px&#8221; body_line_height=&#8221;1.2em&#8221; body_link_text_color=&#8221;#2a2a2a&#8221; max_width=&#8221;510px&#8221; custom_margin=&#8221;20px||||false|false&#8221; animation=&#8221;off&#8221; icon_font_size=&#8221;16px&#8221; global_colors_info=&#8221;{}&#8221;]\n<p>502 (2410-5555)\u00a0 Ext. 10919<\/p>\n[\/et_pb_blurb][et_pb_blurb use_icon=&#8221;on&#8221; font_icon=&#8221;&#xe076;||divi||400&#8243; icon_color=&#8221;#000000&#8243; icon_placement=&#8221;left&#8221; image_icon_width=&#8221;16px&#8221; content_max_width=&#8221;100%&#8221; _builder_version=&#8221;4.16&#8243; _module_preset=&#8221;default&#8221; body_font=&#8221;Montserrat|500|||||||&#8221; body_text_color=&#8221;#000000&#8243; body_font_size=&#8221;16px&#8221; body_line_height=&#8221;1.2em&#8221; body_link_text_color=&#8221;#2a2a2a&#8221; max_width=&#8221;510px&#8221; custom_margin=&#8221;20px||||false|false&#8221; animation=&#8221;off&#8221; icon_font_size=&#8221;16px&#8221; global_colors_info=&#8221;{}&#8221;]\n<p><a href=\"mailto:inglesparatodos@intecap.edu.gt\">inglesparatodos@intecap.edu.gt<\/a><\/p>\n[\/et_pb_blurb][et_pb_divider show_divider=&#8221;off&#8221; _builder_version=&#8221;4.16&#8243; _module_preset=&#8221;default&#8221; global_colors_info=&#8221;{}&#8221;][\/et_pb_divider][et_pb_divider show_divider=&#8221;off&#8221; _builder_version=&#8221;4.16&#8243; _module_preset=&#8221;default&#8221; global_colors_info=&#8221;{}&#8221;][\/et_pb_divider][et_pb_text _builder_version=&#8221;4.16&#8243; _module_preset=&#8221;default&#8221; header_3_font=&#8221;Poppins|700|||||||&#8221; header_3_text_color=&#8221;#242424&#8243; global_colors_info=&#8221;{}&#8221;]\n<h3>CONT\u00c1CTANOS<\/h3>\n[\/et_pb_text][et_pb_divider _builder_version=&#8221;4.16&#8243; _module_preset=&#8221;default&#8221; global_colors_info=&#8221;{}&#8221;][\/et_pb_divider][wpforms_selector form_id=&#8221;7966&#8243; _builder_version=&#8221;4.14.8&#8243; _module_preset=&#8221;default&#8221; global_colors_info=&#8221;{}&#8221;][\/wpforms_selector][\/et_pb_column][\/et_pb_row][\/et_pb_section]\n","protected":false},"excerpt":{"rendered":"<p>Ingl\u00e9s para Todoscon nuevo enfoque metodol\u00f3gicoDesarrolla tus habilidades verbales en el idioma ingl\u00e9s por medio de un proceso de formaci\u00f3n que utiliza el m\u00e9todo natural y comunicativo integrando otras destrezas tales como comprensi\u00f3n auditiva, lectora y escrita. Aprende ingl\u00e9s por medio de un m\u00e9todo natural y comunicativo, utilizando recursos modernos e innovadores que facilitan el [&hellip;]<\/p>\n","protected":false},"author":1,"featured_media":0,"parent":0,"menu_order":0,"comment_status":"closed","ping_status":"closed","template":"","meta":{"_et_pb_use_builder":"on","_et_pb_old_content":"<br \/>\r\n","_et_gb_content_width":"","footnotes":""},"class_list":["post-8333","page","type-page","status-publish","hentry"],"_links":{"self":[{"href":"https:\/\/intecap.edu.gt\/inglesparatodos\/wp-json\/wp\/v2\/pages\/8333","targetHints":{"allow":["GET"]}}],"collection":[{"href":"https:\/\/intecap.edu.gt\/inglesparatodos\/wp-json\/wp\/v2\/pages"}],"about":[{"href":"https:\/\/intecap.edu.gt\/inglesparatodos\/wp-json\/wp\/v2\/types\/page"}],"author":[{"embeddable":true,"href":"https:\/\/intecap.edu.gt\/inglesparatodos\/wp-json\/wp\/v2\/users\/1"}],"replies":[{"embeddable":true,"href":"https:\/\/intecap.edu.gt\/inglesparatodos\/wp-json\/wp\/v2\/comments?post=8333"}],"version-history":[{"count":73,"href":"https:\/\/intecap.edu.gt\/inglesparatodos\/wp-json\/wp\/v2\/pages\/8333\/revisions"}],"predecessor-version":[{"id":8948,"href":"https:\/\/intecap.edu.gt\/inglesparatodos\/wp-json\/wp\/v2\/pages\/8333\/revisions\/8948"}],"wp:attachment":[{"href":"https:\/\/intecap.edu.gt\/inglesparatodos\/wp-json\/wp\/v2\/media?parent=8333"}],"curies":[{"name":"wp","href":"https:\/\/api.w.org\/{rel}","templated":true}]}}