{"id":8477,"date":"2022-03-11T16:33:17","date_gmt":"2022-03-11T15:33:17","guid":{"rendered":"https:\/\/intecap.edu.gt\/ingles2\/?page_id=8477"},"modified":"2024-05-15T15:50:10","modified_gmt":"2024-05-15T21:50:10","slug":"quienessomos","status":"publish","type":"page","link":"https:\/\/intecap.edu.gt\/inglesparatodos\/quienessomos\/","title":{"rendered":"Quienes somos"},"content":{"rendered":"[et_pb_section fb_built=&#8221;1&#8243; specialty=&#8221;on&#8221; padding_top_1=&#8221;50px&#8221; padding_bottom_1=&#8221;30px&#8221; padding_bottom_2=&#8221;0px&#8221; padding_top_bottom_link_1=&#8221;false&#8221; padding_top_bottom_link_2=&#8221;false&#8221; padding_left_right_link_1=&#8221;false&#8221; padding_left_right_link_2=&#8221;false&#8221; padding_1_tablet=&#8221;0px||0px||true|false&#8221; padding_1_phone=&#8221;&#8221; padding_1_last_edited=&#8221;on|phone&#8221; admin_label=&#8221;Header&#8221; _builder_version=&#8221;4.16&#8243; background_color=&#8221;#f8f9fa&#8221; background_image=&#8221;https:\/\/intecap.edu.gt\/inglesparatodos\/wp-content\/uploads\/2021\/09\/fondo1.jpg&#8221; custom_padding=&#8221;21px||0px||false|false&#8221; locked=&#8221;off&#8221; global_colors_info=&#8221;{}&#8221;][et_pb_column type=&#8221;1_2&#8243; specialty_columns=&#8221;2&#8243; _builder_version=&#8221;4.16&#8243; custom_padding=&#8221;|||&#8221; global_colors_info=&#8221;{}&#8221; custom_padding__hover=&#8221;|||&#8221;][et_pb_row_inner _builder_version=&#8221;4.16&#8243; custom_margin=&#8221;||||false|false&#8221; custom_margin_last_edited=&#8221;off|tablet&#8221; global_colors_info=&#8221;{}&#8221;][et_pb_column_inner saved_specialty_column_type=&#8221;1_2&#8243; _builder_version=&#8221;4.16&#8243; global_colors_info=&#8221;{}&#8221;][et_pb_post_title meta=&#8221;off&#8221; featured_image=&#8221;off&#8221; _builder_version=&#8221;4.16&#8243; _module_preset=&#8221;default&#8221; title_font=&#8221;|||on|||||&#8221; title_text_color=&#8221;#E09900&#8243; global_colors_info=&#8221;{}&#8221;][\/et_pb_post_title][et_pb_text _builder_version=&#8221;4.16&#8243; text_font=&#8221;PT Sans||||||||&#8221; text_font_size=&#8221;16px&#8221; text_line_height=&#8221;1.8em&#8221; header_font=&#8221;Playfair Display|700|||||||&#8221; header_font_size=&#8221;60px&#8221; header_line_height=&#8221;1.1em&#8221; header_font_size_tablet=&#8221;40px&#8221; header_font_size_phone=&#8221;30px&#8221; header_font_size_last_edited=&#8221;on|phone&#8221; global_colors_info=&#8221;{}&#8221;]\n<h1>M\u00e1s de 15 a\u00f1os de experiencia en capacitaci\u00f3n del idioma ingl\u00e9s<\/h1>\n<h4 style=\"text-align: justify;\">El INTECAP inicia su programa Ingl\u00e9s para Todos en el a\u00f1o 2008 con la intenci\u00f3n de capacitar a los guatemaltecos interesados en desarrollar la competencia de comunicaci\u00f3n en idioma ingl\u00e9s, para insertarse laboralmente, generar emprendimientos o fortalecer procesos de negociaci\u00f3n con mercados internacionales, dentro de las empresas a las que pertenecen.<\/h4>\n[\/et_pb_text][\/et_pb_column_inner][\/et_pb_row_inner][\/et_pb_column][et_pb_column type=&#8221;1_2&#8243; _builder_version=&#8221;4.16&#8243; custom_padding=&#8221;|||&#8221; global_colors_info=&#8221;{}&#8221; custom_padding__hover=&#8221;|||&#8221;][\/et_pb_column][\/et_pb_section][et_pb_section fb_built=&#8221;1&#8243; prev_background_color=&#8221;#f8f9fa&#8221; _builder_version=&#8221;4.16&#8243; custom_padding=&#8221;||14px|||&#8221; top_divider_style=&#8221;wave&#8221; global_colors_info=&#8221;{}&#8221;][et_pb_row column_structure=&#8221;1_5,3_5,1_5&#8243; _builder_version=&#8221;4.16&#8243; global_colors_info=&#8221;{}&#8221;][et_pb_column type=&#8221;1_5&#8243; _builder_version=&#8221;4.16&#8243; global_colors_info=&#8221;{}&#8221;][\/et_pb_column][et_pb_column type=&#8221;3_5&#8243; _builder_version=&#8221;4.16&#8243; global_colors_info=&#8221;{}&#8221;][et_pb_text _builder_version=&#8221;4.16&#8243; _module_preset=&#8221;default&#8221; header_font=&#8221;Playfair Display||||||||&#8221; header_font_size=&#8221;36px&#8221; global_colors_info=&#8221;{}&#8221;]\n<h1 style=\"text-align: justify;\">El Ingl\u00e9s, como lo conocemos hoy, no es un idioma puro.<\/h1>\n[\/et_pb_text][et_pb_text _builder_version=&#8221;4.16&#8243; _module_preset=&#8221;default&#8221; header_4_text_align=&#8221;left&#8221; global_colors_info=&#8221;{}&#8221;]\n<h4 style=\"text-align: justify;\"><\/h4>\n<h4 style=\"text-align: justify;\">Su creaci\u00f3n y desarrollo nace de la necesidad de comunicaci\u00f3n de diferentes lenguas en una sola, unificada y simplificada.<\/h4>\n<h4 style=\"text-align: justify;\"><\/h4>\n<h4 style=\"text-align: justify;\">Es un idioma con estructura, que, a diferencia del espa\u00f1ol, est\u00e1 basada en patrones predecibles en forma y tiempo. Al no ser un idioma fon\u00e9tico (en donde lo que se escribe es exactamente lo que se lee), presenta el reto de ense\u00f1anza de pronunciaci\u00f3n de sonidos.<\/h4>\n[\/et_pb_text][\/et_pb_column][et_pb_column type=&#8221;1_5&#8243; _builder_version=&#8221;4.16&#8243; global_colors_info=&#8221;{}&#8221;][\/et_pb_column][\/et_pb_row][\/et_pb_section][et_pb_section fb_built=&#8221;1&#8243; prev_background_color=&#8221;#ffffff&#8221; _builder_version=&#8221;4.16&#8243; _module_preset=&#8221;default&#8221; background_image=&#8221;https:\/\/intecap.edu.gt\/inglesparatodos\/wp-content\/uploads\/2022\/03\/quienes.jpg&#8221; parallax=&#8221;on&#8221; top_divider_style=&#8221;mountains2&#8243; global_colors_info=&#8221;{}&#8221;][et_pb_row column_structure=&#8221;1_2,1_2&#8243; _builder_version=&#8221;4.16&#8243; _module_preset=&#8221;default&#8221; global_colors_info=&#8221;{}&#8221;][et_pb_column type=&#8221;1_2&#8243; _builder_version=&#8221;4.16&#8243; _module_preset=&#8221;default&#8221; global_colors_info=&#8221;{}&#8221;][et_pb_text _builder_version=&#8221;4.16&#8243; _module_preset=&#8221;default&#8221; header_font=&#8221;Playfair Display|600|||||||&#8221; header_font_size=&#8221;50px&#8221; background_color=&#8221;RGBA(255,255,255,0)&#8221; global_colors_info=&#8221;{}&#8221;]\n<h1>Incorporamos herramientas modernas y novedosas<\/h1>\n[\/et_pb_text][et_pb_text _builder_version=&#8221;4.16&#8243; _module_preset=&#8221;default&#8221; global_colors_info=&#8221;{}&#8221;]\n<h4 style=\"text-align: justify;\">El aprendizaje del ingl\u00e9s de forma efectiva requiere de una mezcla de t\u00e9cnicas y metodolog\u00edas pr\u00e1cticas que permitan a los estudiantes ser part\u00edcipes activos de las actividades laborales en idioma ingl\u00e9s.<\/h4>\n<h4 style=\"text-align: justify;\">Sumado a la t\u00e9cnica y metodolog\u00eda se debe considerar el uso de herramientas efectivas, que provean al participante informaci\u00f3n confiable, de alta calidad y encaminada a alcanzar los objetivos del programa y la instituci\u00f3n: integrarse al mercado laboral y ser econ\u00f3micamente productivo en puestos biling\u00fces.<\/h4>\n[\/et_pb_text][\/et_pb_column][et_pb_column type=&#8221;1_2&#8243; _builder_version=&#8221;4.16&#8243; _module_preset=&#8221;default&#8221; global_colors_info=&#8221;{}&#8221;][\/et_pb_column][\/et_pb_row][\/et_pb_section][et_pb_section fb_built=&#8221;1&#8243; _builder_version=&#8221;4.16&#8243; _module_preset=&#8221;default&#8221; global_colors_info=&#8221;{}&#8221;][\/et_pb_section]\n","protected":false},"excerpt":{"rendered":"<p>M\u00e1s de 15 a\u00f1os de experiencia en capacitaci\u00f3n del idioma ingl\u00e9s El INTECAP inicia su programa Ingl\u00e9s para Todos en el a\u00f1o 2008 con la intenci\u00f3n de capacitar a los guatemaltecos interesados en desarrollar la competencia de comunicaci\u00f3n en idioma ingl\u00e9s, para insertarse laboralmente, generar emprendimientos o fortalecer procesos de negociaci\u00f3n con mercados internacionales, dentro [&hellip;]<\/p>\n","protected":false},"author":1,"featured_media":0,"parent":0,"menu_order":0,"comment_status":"closed","ping_status":"closed","template":"","meta":{"_et_pb_use_builder":"on","_et_pb_old_content":"","_et_gb_content_width":"","footnotes":""},"class_list":["post-8477","page","type-page","status-publish","hentry"],"_links":{"self":[{"href":"https:\/\/intecap.edu.gt\/inglesparatodos\/wp-json\/wp\/v2\/pages\/8477","targetHints":{"allow":["GET"]}}],"collection":[{"href":"https:\/\/intecap.edu.gt\/inglesparatodos\/wp-json\/wp\/v2\/pages"}],"about":[{"href":"https:\/\/intecap.edu.gt\/inglesparatodos\/wp-json\/wp\/v2\/types\/page"}],"author":[{"embeddable":true,"href":"https:\/\/intecap.edu.gt\/inglesparatodos\/wp-json\/wp\/v2\/users\/1"}],"replies":[{"embeddable":true,"href":"https:\/\/intecap.edu.gt\/inglesparatodos\/wp-json\/wp\/v2\/comments?post=8477"}],"version-history":[{"count":20,"href":"https:\/\/intecap.edu.gt\/inglesparatodos\/wp-json\/wp\/v2\/pages\/8477\/revisions"}],"predecessor-version":[{"id":8946,"href":"https:\/\/intecap.edu.gt\/inglesparatodos\/wp-json\/wp\/v2\/pages\/8477\/revisions\/8946"}],"wp:attachment":[{"href":"https:\/\/intecap.edu.gt\/inglesparatodos\/wp-json\/wp\/v2\/media?parent=8477"}],"curies":[{"name":"wp","href":"https:\/\/api.w.org\/{rel}","templated":true}]}}