{"id":8545,"date":"2022-03-11T22:56:22","date_gmt":"2022-03-11T21:56:22","guid":{"rendered":"https:\/\/intecap.edu.gt\/ingles2\/?page_id=8545"},"modified":"2022-03-18T15:20:28","modified_gmt":"2022-03-18T21:20:28","slug":"metodologia","status":"publish","type":"page","link":"https:\/\/intecap.edu.gt\/inglesparatodos\/metodologia\/","title":{"rendered":"Metodolog\u00eda"},"content":{"rendered":"[et_pb_section fb_built=&#8221;1&#8243; next_background_color=&#8221;#ffffff&#8221; _builder_version=&#8221;4.14.9&#8243; _module_preset=&#8221;default&#8221; background_image=&#8221;https:\/\/intecap.edu.gt\/inglesparatodos\/wp-content\/uploads\/2022\/03\/methodology1.jpg&#8221; background_size=&#8221;initial&#8221; background_position=&#8221;bottom_center&#8221; bottom_divider_style=&#8221;asymmetric4&#8243; hover_enabled=&#8221;0&#8243; global_colors_info=&#8221;{}&#8221; title_text=&#8221;methodology1&#8243; sticky_enabled=&#8221;0&#8243;][et_pb_row column_structure=&#8221;1_2,1_2&#8243; _builder_version=&#8221;4.14.9&#8243; _module_preset=&#8221;default&#8221; global_colors_info=&#8221;{}&#8221;][et_pb_column type=&#8221;1_2&#8243; _builder_version=&#8221;4.14.9&#8243; _module_preset=&#8221;default&#8221; global_colors_info=&#8221;{}&#8221;][\/et_pb_column][et_pb_column type=&#8221;1_2&#8243; _builder_version=&#8221;4.14.9&#8243; _module_preset=&#8221;default&#8221; global_colors_info=&#8221;{}&#8221;][et_pb_post_title meta=&#8221;off&#8221; featured_image=&#8221;off&#8221; _builder_version=&#8221;4.14.8&#8243; _module_preset=&#8221;default&#8221; title_font=&#8221;|||on|||||&#8221; title_text_color=&#8221;#E09900&#8243; global_colors_info=&#8221;{}&#8221;][\/et_pb_post_title][et_pb_text _builder_version=&#8221;4.14.8&#8243; text_font=&#8221;PT Sans||||||||&#8221; text_font_size=&#8221;16px&#8221; text_line_height=&#8221;1.8em&#8221; header_font=&#8221;Playfair Display|700|||||||&#8221; header_font_size=&#8221;60px&#8221; header_line_height=&#8221;1.1em&#8221; header_font_size_tablet=&#8221;40px&#8221; header_font_size_phone=&#8221;30px&#8221; header_font_size_last_edited=&#8221;on|phone&#8221; global_colors_info=&#8221;{}&#8221;]\n<h1>Aprender haciendo<\/h1>\n<h4 style=\"text-align: justify;\">INTECAP se ha comprometido desde hace m\u00e1s de 49 a\u00f1os a la ense\u00f1anza de destrezas multidisciplinarias, en donde prevalece la teor\u00eda de \u201caprender haciendo.\u201d<\/h4>\n<h4 style=\"text-align: justify;\">\u00c9sta ha sido la metodolog\u00eda bajo la cual se han formado muchos ciudadanos que son ahora exitosos en m\u00faltiples \u00e1reas y campos de trabajo.<\/h4>\n[\/et_pb_text][\/et_pb_column][\/et_pb_row][\/et_pb_section][et_pb_section fb_built=&#8221;1&#8243; _builder_version=&#8221;4.14.9&#8243; _module_preset=&#8221;default&#8221; background_enable_image=&#8221;off&#8221; parallax=&#8221;on&#8221; global_colors_info=&#8221;{}&#8221;][et_pb_row column_structure=&#8221;2_5,3_5&#8243; _builder_version=&#8221;4.14.8&#8243; _module_preset=&#8221;default&#8221; global_colors_info=&#8221;{}&#8221;][et_pb_column type=&#8221;2_5&#8243; _builder_version=&#8221;4.14.8&#8243; _module_preset=&#8221;default&#8221; global_colors_info=&#8221;{}&#8221;][et_pb_text _builder_version=&#8221;4.14.9&#8243; _module_preset=&#8221;default&#8221; header_font=&#8221;Playfair Display|600|||||||&#8221; header_font_size=&#8221;50px&#8221; background_color=&#8221;RGBA(255,255,255,0)&#8221; global_colors_info=&#8221;{}&#8221;]\n<h1>Construye tu propio saber en base a experiencias<\/h1>\n[\/et_pb_text][et_pb_text _builder_version=&#8221;4.14.9&#8243; _module_preset=&#8221;default&#8221; global_colors_info=&#8221;{}&#8221;]\n<h4 style=\"text-align: justify;\">En INTECAP, utilizamos el m\u00e9todo constructivista para la formaci\u00f3n de competencias, el rol del instructor es guiar al participante en la construcci\u00f3n de su propio saber, con base a experiencias, procesos din\u00e1micos y recursos tecnol\u00f3gicos de apoyo.<\/h4>\n<blockquote>\n<h4 style=\"text-align: justify;\">Por esto, nuestro enfoque se dirige a desarrollar la producci\u00f3n oral y la conversaci\u00f3n de nuestros participantes, acompa\u00f1ando el procesos con las otras habilidades del idioma ingl\u00e9s, las cuales se desarrollan con naturalidad al producir conversaci\u00f3n.<\/h4>\n<\/blockquote>\n<h4 style=\"text-align: justify;\">En nuestros salones de clase, el participante desarrolla esta conversaci\u00f3n con la gu\u00eda del instructor.<\/h4>\n[\/et_pb_text][\/et_pb_column][et_pb_column type=&#8221;3_5&#8243; _builder_version=&#8221;4.14.8&#8243; _module_preset=&#8221;default&#8221; global_colors_info=&#8221;{}&#8221;][et_pb_image src=&#8221;https:\/\/intecap.edu.gt\/inglesparatodos\/wp-content\/uploads\/2022\/03\/methodology2.jpg&#8221; title_text=&#8221;methodology2&#8243; _builder_version=&#8221;4.14.9&#8243; _module_preset=&#8221;default&#8221; width=&#8221;75%&#8221; max_width=&#8221;85%&#8221; module_alignment=&#8221;center&#8221; hover_enabled=&#8221;0&#8243; border_radii=&#8221;on|108px|108px|108px|108px&#8221; global_colors_info=&#8221;{}&#8221; sticky_enabled=&#8221;0&#8243;][\/et_pb_image][\/et_pb_column][\/et_pb_row][\/et_pb_section]\n","protected":false},"excerpt":{"rendered":"<p>Aprender haciendo INTECAP se ha comprometido desde hace m\u00e1s de 49 a\u00f1os a la ense\u00f1anza de destrezas multidisciplinarias, en donde prevalece la teor\u00eda de \u201caprender haciendo.\u201d \u00c9sta ha sido la metodolog\u00eda bajo la cual se han formado muchos ciudadanos que son ahora exitosos en m\u00faltiples \u00e1reas y campos de trabajo.Construye tu propio saber en base [&hellip;]<\/p>\n","protected":false},"author":1,"featured_media":0,"parent":0,"menu_order":0,"comment_status":"closed","ping_status":"closed","template":"","meta":{"_et_pb_use_builder":"on","_et_pb_old_content":"","_et_gb_content_width":"","footnotes":""},"class_list":["post-8545","page","type-page","status-publish","hentry"],"_links":{"self":[{"href":"https:\/\/intecap.edu.gt\/inglesparatodos\/wp-json\/wp\/v2\/pages\/8545","targetHints":{"allow":["GET"]}}],"collection":[{"href":"https:\/\/intecap.edu.gt\/inglesparatodos\/wp-json\/wp\/v2\/pages"}],"about":[{"href":"https:\/\/intecap.edu.gt\/inglesparatodos\/wp-json\/wp\/v2\/types\/page"}],"author":[{"embeddable":true,"href":"https:\/\/intecap.edu.gt\/inglesparatodos\/wp-json\/wp\/v2\/users\/1"}],"replies":[{"embeddable":true,"href":"https:\/\/intecap.edu.gt\/inglesparatodos\/wp-json\/wp\/v2\/comments?post=8545"}],"version-history":[{"count":13,"href":"https:\/\/intecap.edu.gt\/inglesparatodos\/wp-json\/wp\/v2\/pages\/8545\/revisions"}],"predecessor-version":[{"id":8733,"href":"https:\/\/intecap.edu.gt\/inglesparatodos\/wp-json\/wp\/v2\/pages\/8545\/revisions\/8733"}],"wp:attachment":[{"href":"https:\/\/intecap.edu.gt\/inglesparatodos\/wp-json\/wp\/v2\/media?parent=8545"}],"curies":[{"name":"wp","href":"https:\/\/api.w.org\/{rel}","templated":true}]}}