{"id":8580,"date":"2022-03-15T15:32:41","date_gmt":"2022-03-15T14:32:41","guid":{"rendered":"https:\/\/intecap.edu.gt\/ingles2\/?page_id=8580"},"modified":"2022-03-18T15:21:47","modified_gmt":"2022-03-18T21:21:47","slug":"modalidad","status":"publish","type":"page","link":"https:\/\/intecap.edu.gt\/inglesparatodos\/modalidad\/","title":{"rendered":"Modalidad"},"content":{"rendered":"[et_pb_section fb_built=&#8221;1&#8243; next_background_color=&#8221;#ffffff&#8221; _builder_version=&#8221;4.14.9&#8243; _module_preset=&#8221;default&#8221; background_image=&#8221;https:\/\/intecap.edu.gt\/inglesparatodos\/wp-content\/uploads\/2022\/03\/modalidad.jpg&#8221; bottom_divider_style=&#8221;mountains2&#8243; hover_enabled=&#8221;0&#8243; global_colors_info=&#8221;{}&#8221; title_text=&#8221;modalidad&#8221; sticky_enabled=&#8221;0&#8243;][et_pb_row column_structure=&#8221;2_5,3_5&#8243; _builder_version=&#8221;4.14.9&#8243; _module_preset=&#8221;default&#8221; global_colors_info=&#8221;{}&#8221;][et_pb_column type=&#8221;2_5&#8243; _builder_version=&#8221;4.14.9&#8243; _module_preset=&#8221;default&#8221; global_colors_info=&#8221;{}&#8221;][\/et_pb_column][et_pb_column type=&#8221;3_5&#8243; _builder_version=&#8221;4.14.9&#8243; _module_preset=&#8221;default&#8221; global_colors_info=&#8221;{}&#8221;][et_pb_post_title meta=&#8221;off&#8221; featured_image=&#8221;off&#8221; _builder_version=&#8221;4.14.9&#8243; _module_preset=&#8221;default&#8221; title_font=&#8221;|||on|||||&#8221; title_text_color=&#8221;#0C71C3&#8243; global_colors_info=&#8221;{}&#8221;][\/et_pb_post_title][et_pb_text _builder_version=&#8221;4.14.9&#8243; text_font=&#8221;PT Sans||||||||&#8221; text_font_size=&#8221;16px&#8221; text_line_height=&#8221;1.8em&#8221; header_font=&#8221;Playfair Display|700|||||||&#8221; header_font_size=&#8221;60px&#8221; header_line_height=&#8221;1.1em&#8221; header_font_size_tablet=&#8221;40px&#8221; header_font_size_phone=&#8221;30px&#8221; header_font_size_last_edited=&#8221;on|phone&#8221; global_colors_info=&#8221;{}&#8221;]\n<h1>Estar\u00e1s en contacto con el idioma ingl\u00e9s por m\u00e1s tiempo<\/h1>\n[\/et_pb_text][et_pb_text _builder_version=&#8221;4.14.9&#8243; _module_preset=&#8221;default&#8221; global_colors_info=&#8221;{}&#8221;]\n<h4 style=\"text-align: justify;\">Nuestros cursos son impartidos por instructores en vivo. Ya sea de forma virtual o presencial*, siempre tendr\u00e1s un instructor que pueda aclarar tus dudas de forma inmediata. Adicional a tus clases en vivo, nuestro programa tambi\u00e9n incluye un acompa\u00f1amiento con recursos virtuales que deber\u00e1s agregar a tu tiempo de estudio semanal.<\/h4>\n<blockquote>\n<h4 style=\"text-align: justify;\">Con esto, estar\u00e1s en contacto con el idioma ingl\u00e9s por mas tiempo y tu progreso ser\u00e1 m\u00e1s efectivo.<\/h4>\n<\/blockquote>\n[\/et_pb_text][\/et_pb_column][\/et_pb_row][\/et_pb_section][et_pb_section fb_built=&#8221;1&#8243; _builder_version=&#8221;4.14.9&#8243; _module_preset=&#8221;default&#8221; background_enable_image=&#8221;off&#8221; parallax=&#8221;on&#8221; global_colors_info=&#8221;{}&#8221;][et_pb_row column_structure=&#8221;3_5,2_5&#8243; _builder_version=&#8221;4.14.8&#8243; _module_preset=&#8221;default&#8221; global_colors_info=&#8221;{}&#8221;][et_pb_column type=&#8221;3_5&#8243; _builder_version=&#8221;4.14.8&#8243; _module_preset=&#8221;default&#8221; global_colors_info=&#8221;{}&#8221;][et_pb_text _builder_version=&#8221;4.14.9&#8243; _module_preset=&#8221;default&#8221; header_font=&#8221;Playfair Display|600|||||||&#8221; header_font_size=&#8221;50px&#8221; background_color=&#8221;RGBA(255,255,255,0)&#8221; global_colors_info=&#8221;{}&#8221;]\n<h1>INVERSI\u00d3N<\/h1>\n[\/et_pb_text][et_pb_text _builder_version=&#8221;4.14.9&#8243; _module_preset=&#8221;default&#8221; global_colors_info=&#8221;{}&#8221;]\n<h3><strong>La inversi\u00f3n por curso es de Q320.00.<\/strong><\/h3>\n<blockquote>\n<h4>Cada curso incluye 80 horas de clase impartidas por un instructor en vivo, ya sea en l\u00ednea o de forma presencial*, una plataforma de acompa\u00f1amiento para trabajo fuera del horario de clase y los recursos o herramientas de estudios que utilizar\u00e1s durante tu curso.<\/h4>\n<\/blockquote>\n[\/et_pb_text][\/et_pb_column][et_pb_column type=&#8221;2_5&#8243; _builder_version=&#8221;4.14.8&#8243; _module_preset=&#8221;default&#8221; global_colors_info=&#8221;{}&#8221;][et_pb_image src=&#8221;https:\/\/intecap.edu.gt\/inglesparatodos\/wp-content\/uploads\/2022\/03\/modalidad1.jpg&#8221; title_text=&#8221;modalidad1&#8243; _builder_version=&#8221;4.14.9&#8243; _module_preset=&#8221;default&#8221; hover_enabled=&#8221;0&#8243; border_radii=&#8221;on|18px|18px|18px|18px&#8221; global_colors_info=&#8221;{}&#8221; sticky_enabled=&#8221;0&#8243;][\/et_pb_image][\/et_pb_column][\/et_pb_row][et_pb_row _builder_version=&#8221;4.14.9&#8243; _module_preset=&#8221;default&#8221; global_colors_info=&#8221;{}&#8221;][et_pb_column type=&#8221;4_4&#8243; _builder_version=&#8221;4.14.9&#8243; _module_preset=&#8221;default&#8221; global_colors_info=&#8221;{}&#8221;][et_pb_text _builder_version=&#8221;4.14.9&#8243; _module_preset=&#8221;default&#8221; global_colors_info=&#8221;{}&#8221;]\n<h4>*Clases presenciales ser\u00e1n programadas seg\u00fan las regulaciones y disposiciones de aforo m\u00e1ximo emitidas por las autoridades correspondientes.<\/h4>\n[\/et_pb_text][\/et_pb_column][\/et_pb_row][\/et_pb_section]\n","protected":false},"excerpt":{"rendered":"<p>Estar\u00e1s en contacto con el idioma ingl\u00e9s por m\u00e1s tiempoNuestros cursos son impartidos por instructores en vivo. Ya sea de forma virtual o presencial*, siempre tendr\u00e1s un instructor que pueda aclarar tus dudas de forma inmediata. Adicional a tus clases en vivo, nuestro programa tambi\u00e9n incluye un acompa\u00f1amiento con recursos virtuales que deber\u00e1s agregar a [&hellip;]<\/p>\n","protected":false},"author":1,"featured_media":0,"parent":0,"menu_order":0,"comment_status":"closed","ping_status":"closed","template":"","meta":{"_et_pb_use_builder":"on","_et_pb_old_content":"","_et_gb_content_width":"","footnotes":""},"class_list":["post-8580","page","type-page","status-publish","hentry"],"_links":{"self":[{"href":"https:\/\/intecap.edu.gt\/inglesparatodos\/wp-json\/wp\/v2\/pages\/8580","targetHints":{"allow":["GET"]}}],"collection":[{"href":"https:\/\/intecap.edu.gt\/inglesparatodos\/wp-json\/wp\/v2\/pages"}],"about":[{"href":"https:\/\/intecap.edu.gt\/inglesparatodos\/wp-json\/wp\/v2\/types\/page"}],"author":[{"embeddable":true,"href":"https:\/\/intecap.edu.gt\/inglesparatodos\/wp-json\/wp\/v2\/users\/1"}],"replies":[{"embeddable":true,"href":"https:\/\/intecap.edu.gt\/inglesparatodos\/wp-json\/wp\/v2\/comments?post=8580"}],"version-history":[{"count":6,"href":"https:\/\/intecap.edu.gt\/inglesparatodos\/wp-json\/wp\/v2\/pages\/8580\/revisions"}],"predecessor-version":[{"id":8737,"href":"https:\/\/intecap.edu.gt\/inglesparatodos\/wp-json\/wp\/v2\/pages\/8580\/revisions\/8737"}],"wp:attachment":[{"href":"https:\/\/intecap.edu.gt\/inglesparatodos\/wp-json\/wp\/v2\/media?parent=8580"}],"curies":[{"name":"wp","href":"https:\/\/api.w.org\/{rel}","templated":true}]}}