{"id":8609,"date":"2022-03-16T16:09:44","date_gmt":"2022-03-16T15:09:44","guid":{"rendered":"https:\/\/intecap.edu.gt\/ingles2\/?page_id=8609"},"modified":"2022-03-18T15:28:56","modified_gmt":"2022-03-18T21:28:56","slug":"intensidad","status":"publish","type":"page","link":"https:\/\/intecap.edu.gt\/inglesparatodos\/intensidad\/","title":{"rendered":"Intensidad"},"content":{"rendered":"[et_pb_section fb_built=&#8221;1&#8243; _builder_version=&#8221;4.14.9&#8243; _module_preset=&#8221;default&#8221; background_enable_image=&#8221;off&#8221; background_size=&#8221;initial&#8221; background_position=&#8221;bottom_center&#8221; global_colors_info=&#8221;{}&#8221;][et_pb_row _builder_version=&#8221;4.14.9&#8243; _module_preset=&#8221;default&#8221; global_colors_info=&#8221;{}&#8221;][et_pb_column type=&#8221;4_4&#8243; _builder_version=&#8221;4.14.9&#8243; _module_preset=&#8221;default&#8221; global_colors_info=&#8221;{}&#8221;][et_pb_post_title meta=&#8221;off&#8221; featured_image=&#8221;off&#8221; _builder_version=&#8221;4.14.9&#8243; _module_preset=&#8221;default&#8221; title_font=&#8221;|||on|||||&#8221; title_text_color=&#8221;#0C71C3&#8243; global_colors_info=&#8221;{}&#8221;][\/et_pb_post_title][et_pb_divider show_divider=&#8221;off&#8221; _builder_version=&#8221;4.14.9&#8243; _module_preset=&#8221;default&#8221; global_colors_info=&#8221;{}&#8221;][\/et_pb_divider][et_pb_cta title=&#8221;2 horas (Regular)&#8221; _builder_version=&#8221;4.14.9&#8243; _module_preset=&#8221;default&#8221; header_level=&#8221;h1&#8243; header_font=&#8221;Poppins||||||||&#8221; header_text_color=&#8221;#474747&#8243; header_font_size=&#8221;44px&#8221; body_text_color=&#8221;#8F8F8F&#8221; use_background_color=&#8221;off&#8221; background_layout=&#8221;light&#8221; custom_padding=&#8221;||3px|||&#8221; border_radii=&#8221;on|20px|20px|20px|20px&#8221; global_colors_info=&#8221;{}&#8221;]\n<h4 style=\"text-align: justify;\">Clases en l\u00ednea o presenciales* con instructor en vivo, con duraci\u00f3n de <strong>2 horas por clase<\/strong>, de lunes a viernes. Esta modalidad es ideal si tu rutina diaria incluye trabajo o estudios a tiempo completo. Esta modalidad se complementa con una cantidad suficiente de formaci\u00f3n a trav\u00e9s de plataformas de aprendizaje, el cual deber\u00e1s administrar en tu tiempo libre. 40 sesiones de clase (o dos meses aproximadamente) para avanzar un curso de 80 horas.<\/h4>\n[\/et_pb_cta][\/et_pb_column][\/et_pb_row][et_pb_row _builder_version=&#8221;4.14.9&#8243; _module_preset=&#8221;default&#8221; custom_padding=&#8221;7px|||||&#8221; global_colors_info=&#8221;{}&#8221;][et_pb_column type=&#8221;4_4&#8243; _builder_version=&#8221;4.14.9&#8243; _module_preset=&#8221;default&#8221; global_colors_info=&#8221;{}&#8221;][et_pb_image src=&#8221;https:\/\/intecap.edu.gt\/inglesparatodos\/wp-content\/uploads\/2022\/03\/table-2hours1.png&#8221; title_text=&#8221;table-2hours1&#8243; align=&#8221;center&#8221; _builder_version=&#8221;4.14.9&#8243; _module_preset=&#8221;default&#8221; hover_enabled=&#8221;0&#8243; global_colors_info=&#8221;{}&#8221; sticky_enabled=&#8221;0&#8243;][\/et_pb_image][\/et_pb_column][\/et_pb_row][et_pb_row _builder_version=&#8221;4.14.9&#8243; _module_preset=&#8221;default&#8221; custom_padding=&#8221;||4px|||&#8221; global_colors_info=&#8221;{}&#8221;][et_pb_column type=&#8221;4_4&#8243; _builder_version=&#8221;4.14.9&#8243; _module_preset=&#8221;default&#8221; global_colors_info=&#8221;{}&#8221;][et_pb_divider show_divider=&#8221;off&#8221; _builder_version=&#8221;4.14.9&#8243; _module_preset=&#8221;default&#8221; global_colors_info=&#8221;{}&#8221;][\/et_pb_divider][et_pb_cta title=&#8221;4 horas (Intensivo)&#8221; _builder_version=&#8221;4.14.9&#8243; _module_preset=&#8221;default&#8221; header_level=&#8221;h1&#8243; header_font=&#8221;Poppins||||||||&#8221; header_text_color=&#8221;#474747&#8243; header_font_size=&#8221;44px&#8221; background_enable_color=&#8221;off&#8221; use_background_color=&#8221;off&#8221; background_layout=&#8221;light&#8221; border_radii=&#8221;on|20px|20px|20px|20px&#8221; global_colors_info=&#8221;{}&#8221;]\n<h4 style=\"text-align: justify;\">Clases en l\u00ednea o presenciales* con instructor en vivo, con duraci\u00f3n de <strong>4 horas por clase<\/strong>, de lunes a viernes. Esta modalidad es ideal si trabajas medio tiempo o si tienes compromisos de estudio que no toman la jornada completa. Esta modalidad se complementa con una cantidad menor de horas de formaci\u00f3n en plataformas que la intensidad de 2 horas. 20 sesiones de clase (o un mes aproximadamente) para avanzar un curso de 80 horas.<\/h4>\n[\/et_pb_cta][\/et_pb_column][\/et_pb_row][et_pb_row _builder_version=&#8221;4.14.9&#8243; _module_preset=&#8221;default&#8221; global_colors_info=&#8221;{}&#8221;][et_pb_column type=&#8221;4_4&#8243; _builder_version=&#8221;4.14.9&#8243; _module_preset=&#8221;default&#8221; global_colors_info=&#8221;{}&#8221;][et_pb_image src=&#8221;https:\/\/intecap.edu.gt\/inglesparatodos\/wp-content\/uploads\/2021\/11\/table-4hours.png&#8221; title_text=&#8221;table-4hours&#8221; align=&#8221;center&#8221; _builder_version=&#8221;4.14.9&#8243; _module_preset=&#8221;default&#8221; hover_enabled=&#8221;0&#8243; global_colors_info=&#8221;{}&#8221; sticky_enabled=&#8221;0&#8243;][\/et_pb_image][\/et_pb_column][\/et_pb_row][et_pb_row _builder_version=&#8221;4.14.9&#8243; _module_preset=&#8221;default&#8221; custom_padding=&#8221;||8px|||&#8221; global_colors_info=&#8221;{}&#8221;][et_pb_column type=&#8221;4_4&#8243; _builder_version=&#8221;4.14.9&#8243; _module_preset=&#8221;default&#8221; global_colors_info=&#8221;{}&#8221;][et_pb_divider show_divider=&#8221;off&#8221; _builder_version=&#8221;4.14.9&#8243; _module_preset=&#8221;default&#8221; global_colors_info=&#8221;{}&#8221;][\/et_pb_divider][et_pb_cta title=&#8221;8 horas (Inmersi\u00f3n)&#8221; _builder_version=&#8221;4.14.9&#8243; _module_preset=&#8221;default&#8221; header_level=&#8221;h1&#8243; header_font=&#8221;Poppins||||||||&#8221; header_text_color=&#8221;#474747&#8243; header_font_size=&#8221;44px&#8221; use_background_color=&#8221;off&#8221; background_layout=&#8221;light&#8221; border_radii=&#8221;on|20px|20px|20px|20px&#8221; global_colors_info=&#8221;{}&#8221;]\n<h4 style=\"text-align: justify;\">Clases en l\u00ednea o presenciales* con instructor en vivo, con duraci\u00f3n de <strong>8 horas por clase<\/strong>, con recesos y periodo de almuerzo, de lunes a viernes. Esta modalidad es inmersi\u00f3n completa en el idioma ingl\u00e9s y requiere de tu disponibilidad completa de horario. Esta modalidad se complementa con una cantidad m\u00ednima de horas de formaci\u00f3n en plataformas debido a la intensidad de las sesiones. 10 sesiones de clase (o dos semanas aproximadamente) para avanzar un curso de 80 horas.<\/h4>\n[\/et_pb_cta][\/et_pb_column][\/et_pb_row][et_pb_row _builder_version=&#8221;4.14.9&#8243; _module_preset=&#8221;default&#8221; global_colors_info=&#8221;{}&#8221;][et_pb_column type=&#8221;4_4&#8243; _builder_version=&#8221;4.14.9&#8243; _module_preset=&#8221;default&#8221; global_colors_info=&#8221;{}&#8221;][et_pb_image src=&#8221;https:\/\/intecap.edu.gt\/inglesparatodos\/wp-content\/uploads\/2021\/11\/table-8hours.png&#8221; title_text=&#8221;table-8hours&#8221; align=&#8221;center&#8221; _builder_version=&#8221;4.14.9&#8243; _module_preset=&#8221;default&#8221; hover_enabled=&#8221;0&#8243; global_colors_info=&#8221;{}&#8221; sticky_enabled=&#8221;0&#8243;][\/et_pb_image][\/et_pb_column][\/et_pb_row][\/et_pb_section]\n","protected":false},"excerpt":{"rendered":"<p>Clases en l\u00ednea o presenciales* con instructor en vivo, con duraci\u00f3n de 2 horas por clase, de lunes a viernes. Esta modalidad es ideal si tu rutina diaria incluye trabajo o estudios a tiempo completo. Esta modalidad se complementa con una cantidad suficiente de formaci\u00f3n a trav\u00e9s de plataformas de aprendizaje, el cual deber\u00e1s administrar [&hellip;]<\/p>\n","protected":false},"author":1,"featured_media":0,"parent":0,"menu_order":0,"comment_status":"closed","ping_status":"closed","template":"","meta":{"_et_pb_use_builder":"on","_et_pb_old_content":"","_et_gb_content_width":"","footnotes":""},"class_list":["post-8609","page","type-page","status-publish","hentry"],"_links":{"self":[{"href":"https:\/\/intecap.edu.gt\/inglesparatodos\/wp-json\/wp\/v2\/pages\/8609","targetHints":{"allow":["GET"]}}],"collection":[{"href":"https:\/\/intecap.edu.gt\/inglesparatodos\/wp-json\/wp\/v2\/pages"}],"about":[{"href":"https:\/\/intecap.edu.gt\/inglesparatodos\/wp-json\/wp\/v2\/types\/page"}],"author":[{"embeddable":true,"href":"https:\/\/intecap.edu.gt\/inglesparatodos\/wp-json\/wp\/v2\/users\/1"}],"replies":[{"embeddable":true,"href":"https:\/\/intecap.edu.gt\/inglesparatodos\/wp-json\/wp\/v2\/comments?post=8609"}],"version-history":[{"count":9,"href":"https:\/\/intecap.edu.gt\/inglesparatodos\/wp-json\/wp\/v2\/pages\/8609\/revisions"}],"predecessor-version":[{"id":8745,"href":"https:\/\/intecap.edu.gt\/inglesparatodos\/wp-json\/wp\/v2\/pages\/8609\/revisions\/8745"}],"wp:attachment":[{"href":"https:\/\/intecap.edu.gt\/inglesparatodos\/wp-json\/wp\/v2\/media?parent=8609"}],"curies":[{"name":"wp","href":"https:\/\/api.w.org\/{rel}","templated":true}]}}