{"id":8649,"date":"2022-03-16T22:36:15","date_gmt":"2022-03-16T21:36:15","guid":{"rendered":"https:\/\/intecap.edu.gt\/ingles2\/?page_id=8649"},"modified":"2025-04-29T12:24:43","modified_gmt":"2025-04-29T18:24:43","slug":"pruebaubicacion","status":"publish","type":"page","link":"https:\/\/intecap.edu.gt\/inglesparatodos\/pruebaubicacion\/","title":{"rendered":"Prueba de ubicaci\u00f3n"},"content":{"rendered":"[et_pb_section fb_built=&#8221;1&#8243; _builder_version=&#8221;4.16&#8243; _module_preset=&#8221;default&#8221; background_enable_image=&#8221;off&#8221; custom_padding=&#8221;||10px|||&#8221; global_colors_info=&#8221;{}&#8221;][et_pb_row _builder_version=&#8221;4.17.3&#8243; _module_preset=&#8221;default&#8221; global_colors_info=&#8221;{}&#8221;][et_pb_column type=&#8221;4_4&#8243; _builder_version=&#8221;4.17.3&#8243; _module_preset=&#8221;default&#8221; global_colors_info=&#8221;{}&#8221;][et_pb_divider _builder_version=&#8221;4.17.3&#8243; _module_preset=&#8221;default&#8221; global_colors_info=&#8221;{}&#8221;][\/et_pb_divider][\/et_pb_column][\/et_pb_row][et_pb_row _builder_version=&#8221;4.16&#8243; _module_preset=&#8221;default&#8221; custom_padding=&#8221;||7px|||&#8221; global_colors_info=&#8221;{}&#8221;][et_pb_column type=&#8221;4_4&#8243; _builder_version=&#8221;4.16&#8243; _module_preset=&#8221;default&#8221; global_colors_info=&#8221;{}&#8221;][et_pb_post_title meta=&#8221;off&#8221; featured_image=&#8221;off&#8221; _builder_version=&#8221;4.16&#8243; _module_preset=&#8221;default&#8221; title_font=&#8221;|||on|||||&#8221; title_text_color=&#8221;#0C71C3&#8243; global_colors_info=&#8221;{}&#8221;][\/et_pb_post_title][et_pb_text _builder_version=&#8221;4.16&#8243; text_font=&#8221;PT Sans||||||||&#8221; text_font_size=&#8221;16px&#8221; text_line_height=&#8221;1.8em&#8221; header_font=&#8221;Playfair Display|700|||||||&#8221; header_font_size=&#8221;48px&#8221; header_line_height=&#8221;1.1em&#8221; header_font_size_tablet=&#8221;40px&#8221; header_font_size_phone=&#8221;30px&#8221; header_font_size_last_edited=&#8221;on|phone&#8221; global_colors_info=&#8221;{}&#8221;]\n<h1>Encuentra aqu\u00ed los pasos para realizar tu prueba de ubicaci\u00f3n<\/h1>\n[\/et_pb_text][et_pb_text _builder_version=&#8221;4.16&#8243; _module_preset=&#8221;default&#8221; global_colors_info=&#8221;{}&#8221;]\n<h4>Requerida para los niveles English Journey A2 y superiores.<\/h4>\n<blockquote>\n<h4>Tu prueba de ubicaci\u00f3n es requisito indispensable para la inscripci\u00f3n.<\/h4>\n<\/blockquote>\n[\/et_pb_text][\/et_pb_column][\/et_pb_row][et_pb_row _builder_version=&#8221;4.16&#8243; _module_preset=&#8221;default&#8221; custom_padding=&#8221;4px|||||&#8221; global_colors_info=&#8221;{}&#8221;][et_pb_column type=&#8221;4_4&#8243; _builder_version=&#8221;4.16&#8243; _module_preset=&#8221;default&#8221; global_colors_info=&#8221;{}&#8221;][et_pb_image src=&#8221;https:\/\/intecap.edu.gt\/inglesparatodos\/wp-content\/uploads\/2021\/10\/diagrama2.jpg&#8221; title_text=&#8221;diagrama2&#8243; align=&#8221;center&#8221; _builder_version=&#8221;4.16&#8243; _module_preset=&#8221;default&#8221; global_colors_info=&#8221;{}&#8221;][\/et_pb_image][\/et_pb_column][\/et_pb_row][et_pb_row _builder_version=&#8221;4.16&#8243; _module_preset=&#8221;default&#8221; global_colors_info=&#8221;{}&#8221;][et_pb_column type=&#8221;4_4&#8243; _builder_version=&#8221;4.16&#8243; _module_preset=&#8221;default&#8221; global_colors_info=&#8221;{}&#8221;][et_pb_text _builder_version=&#8221;4.24.0&#8243; _module_preset=&#8221;default&#8221; global_colors_info=&#8221;{}&#8221;]\n<h4 style=\"text-align: justify;\">La prueba de ubicaci\u00f3n se compone de una secci\u00f3n oral y otra escrita. Esta tiene un costo de Q.50.00, la cual determina el grado de dominio del idioma ingl\u00e9s para ubicarte en el curso correcto. Si el resultado de la prueba escrita da como resultado un nivel Starters o Pre A1, no se estar\u00e1 programando una prueba oral.<\/h4>\n<p>&nbsp;<\/p>\n<h4 style=\"text-align: justify;\"><\/h4>\n<h2 style=\"text-align: justify;\"><strong>PASOS PARA REALIZAR TU PRUEBA DE UBICACI\u00d3N:<\/strong><\/h2>\n<h4 style=\"text-align: justify;\"><\/h4>\n<h4 style=\"text-align: justify;\">1. Deber\u00e1s registrarte en el Portal de Participantes (<a href=\"https:\/\/alumnos.intecap.edu.gt\/\">https:\/\/alumnos.intecap.edu.gt\/<\/a>)<\/h4>\n[\/et_pb_text][et_pb_button button_url=&#8221;https:\/\/alumnos.intecap.edu.gt\/&#8221; url_new_window=&#8221;on&#8221; button_text=&#8221;REG\u00cdSTRATE AQU\u00cd&#8221; _builder_version=&#8221;4.16&#8243; _module_preset=&#8221;default&#8221; custom_button=&#8221;on&#8221; button_text_size=&#8221;27px&#8221; button_text_color=&#8221;#FFFFFF&#8221; button_bg_color=&#8221;#1FE0BA&#8221; custom_margin=&#8221;||32px||false|false&#8221; custom_padding=&#8221;||0px||false|false&#8221; box_shadow_style=&#8221;preset4&#8243; box_shadow_horizontal=&#8221;6px&#8221; box_shadow_vertical=&#8221;5px&#8221; box_shadow_color=&#8221;rgba(0,0,0,0.17)&#8221; global_colors_info=&#8221;{}&#8221;][\/et_pb_button][et_pb_text _builder_version=&#8221;4.17.3&#8243; _module_preset=&#8221;default&#8221; global_colors_info=&#8221;{}&#8221;]\n<h4 style=\"text-align: justify;\">2. <strong>ASIGNACI\u00d3N<\/strong>: Con tu sesi\u00f3n activa, procede a la asignaci\u00f3n del evento <a href=\"#bottom\">\u201c<strong><em>Placement Test Ingl\u00e9s para Todos<\/em><\/strong>\u201d<\/a> utilizando el filtro que encontrar\u00e1s a continuaci\u00f3n:<\/h4>\n[\/et_pb_text][et_pb_blurb title=&#8221;SUSPENSI\u00d3N TEMPORAL DE PRUEBA DE UBICACI\u00d3N&#8221; use_icon=&#8221;on&#8221; font_icon=&#8221;&#xf06a;||fa||900&#8243; icon_color=&#8221;#7CDA24&#8243; disabled_on=&#8221;on|on|on&#8221; _builder_version=&#8221;4.17.3&#8243; _module_preset=&#8221;default&#8221; header_level=&#8221;h2&#8243; header_font=&#8221;|700|||||||&#8221; header_text_align=&#8221;center&#8221; disabled=&#8221;on&#8221; global_colors_info=&#8221;{}&#8221;]\n<h4><strong>Te informamos que las evaluaciones ESCRITAS Y ORALES estar\u00e1n suspendidas del 18 de diciembre 2023 al 4 de enero\u00a0 2024 por receso de Fin de A\u00f1o.\u00a0<\/strong><\/h4>\n<h4><strong>Se retomar\u00e1n nuevamente a partir del viernes 5 de enero 2024.\u00a0\u00a0\u00a0<\/strong><\/h4>\n<h3><strong><\/strong><\/h3>\n<h3><strong>\u00a1Les deseamos felices fiestas de fin de a\u00f1o!<\/strong><\/h3>\n<p>&nbsp;<\/p>\n[\/et_pb_blurb][et_pb_code _builder_version=&#8221;4.27.4&#8243; _module_preset=&#8221;default&#8221; global_colors_info=&#8221;{}&#8221;]<iframe loading=\"lazy\" src=\"https:\/\/cursos.intecap.edu.gt\/cursos\/UBICACION\" width=\"1500\" height=\"700\"><span data-mce-type=\"bookmark\" style=\"display: inline-block; width: 0px; overflow: hidden; line-height: 0;\" class=\"mce_SELRES_start\">?<\/span><span data-mce-type=\"bookmark\" style=\"display: inline-block; width: 0px; overflow: hidden; line-height: 0;\" class=\"mce_SELRES_start\">?<\/span><span data-mce-type=\"bookmark\" style=\"display: inline-block; width: 0px; overflow: hidden; line-height: 0;\" class=\"mce_SELRES_start\">?<\/span><span data-mce-type=\"bookmark\" style=\"display: inline-block; width: 0px; overflow: hidden; line-height: 0;\" class=\"mce_SELRES_start\">?<\/span><span data-mce-type=\"bookmark\" style=\"display: inline-block; width: 0px; overflow: hidden; line-height: 0;\" class=\"mce_SELRES_start\">?<\/span><\/iframe>[\/et_pb_code][et_pb_divider _builder_version=&#8221;4.17.3&#8243; _module_preset=&#8221;default&#8221; global_colors_info=&#8221;{}&#8221;][\/et_pb_divider][et_pb_blurb title=&#8221;SUSPENSI\u00d3N TEMPORAL DE PRUEBA DE UBICACI\u00d3N&#8221; use_icon=&#8221;on&#8221; font_icon=&#8221;&#xf06a;||fa||900&#8243; icon_color=&#8221;#7CDA24&#8243; disabled_on=&#8221;on|on|on&#8221; _builder_version=&#8221;4.17.3&#8243; _module_preset=&#8221;default&#8221; header_level=&#8221;h2&#8243; header_font=&#8221;|700|||||||&#8221; header_text_align=&#8221;center&#8221; disabled=&#8221;on&#8221; global_colors_info=&#8221;{}&#8221;]\n<h4><strong>Te informamos que las evaluaciones ESCRITAS Y ORALES estar\u00e1n suspendidas del 3 al 9 de abril por receso de Semana Santa.\u00a0 Se retomar\u00e1n nuevamente a partir del lunes 10 de abril.\u00a0\u00a0\u00a0<\/strong><\/h4>\n<p><strong>Feliz descanso<\/strong><\/p>\n<p>&nbsp;<\/p>\n[\/et_pb_blurb][et_pb_text _builder_version=&#8221;4.17.3&#8243; _module_preset=&#8221;default&#8221; text_line_height=&#8221;1.8em&#8221; custom_padding=&#8221;4px|||||&#8221; global_colors_info=&#8221;{}&#8221;]\n<h4 style=\"text-align: justify;\">3. <strong>REALIZA TU PAGO<\/strong>. Para esto, cuentas con las siguientes opciones de pago:<\/h4>\n<h4 style=\"text-align: justify; padding-left: 40px;\">a. Generar boleta de pago y presentarla en cualquier agencia de Banrural o Banco Industrial.<br \/>b. Realizar el pago desde tu banca en l\u00ednea de Banrural.<br \/>c. Realizar el pago por medio del Portal de Participantes utilizando tarjeta de d\u00e9bito o cr\u00e9dito<\/h4>\n<p>&nbsp;<\/p>\n<h4 style=\"text-align: justify;\">4. <strong>RECIBIR\u00c1S UN ENLACE<\/strong>: Dentro de las siguientes 24 horas de haber realizado tu pago, recibir\u00e1s en tu correo electr\u00f3nico registrado las instrucciones y el enlace para tu prueba de ubicaci\u00f3n.<\/h4>\n<h4 style=\"text-align: justify;\">5. <strong>RESULTADO DE LA PRUEBA<\/strong>: El resultado de tu prueba se enviar\u00e1 tambi\u00e9n a tu correo electr\u00f3nico registrado.<\/h4>\n<p style=\"text-align: justify;\">[\/et_pb_text][\/et_pb_column][\/et_pb_row][et_pb_row _builder_version=&#8221;4.17.3&#8243; _module_preset=&#8221;default&#8221; global_colors_info=&#8221;{}&#8221;][et_pb_column type=&#8221;4_4&#8243; _builder_version=&#8221;4.17.3&#8243; _module_preset=&#8221;default&#8221; global_colors_info=&#8221;{}&#8221;][\/et_pb_column][\/et_pb_row][\/et_pb_section][et_pb_section fb_built=&#8221;1&#8243; _builder_version=&#8221;4.16&#8243; _module_preset=&#8221;default&#8221; custom_padding=&#8221;18px||11px|||&#8221; global_colors_info=&#8221;{}&#8221;][et_pb_row _builder_version=&#8221;4.16&#8243; _module_preset=&#8221;default&#8221; custom_padding=&#8221;||5px|||&#8221; global_colors_info=&#8221;{}&#8221;][et_pb_column type=&#8221;4_4&#8243; _builder_version=&#8221;4.16&#8243; _module_preset=&#8221;default&#8221; global_colors_info=&#8221;{}&#8221;][et_pb_image src=&#8221;https:\/\/intecap.edu.gt\/inglesparatodos\/wp-content\/uploads\/2021\/10\/REGISTRO-INGLES-PARA-TODOS2-01.png&#8221; title_text=&#8221;REGISTRO INGL\u00c9S PARA TODOS2-01&#8243; align=&#8221;center&#8221; _builder_version=&#8221;4.16&#8243; _module_preset=&#8221;default&#8221; global_colors_info=&#8221;{}&#8221;][\/et_pb_image][\/et_pb_column][\/et_pb_row][et_pb_row column_structure=&#8221;1_4,3_4&#8243; _builder_version=&#8221;4.16&#8243; _module_preset=&#8221;default&#8221; custom_padding=&#8221;||7px|||&#8221; global_colors_info=&#8221;{}&#8221;][et_pb_column type=&#8221;1_4&#8243; _builder_version=&#8221;4.16&#8243; _module_preset=&#8221;default&#8221; global_colors_info=&#8221;{}&#8221;][et_pb_icon font_icon=&#8221;&#xf4c4;||fa||900&#8243; icon_color=&#8221;#D6D6D6&#8243; _builder_version=&#8221;4.16&#8243; _module_preset=&#8221;default&#8221; global_colors_info=&#8221;{}&#8221;][\/et_pb_icon][\/et_pb_column][et_pb_column type=&#8221;3_4&#8243; _builder_version=&#8221;4.16&#8243; _module_preset=&#8221;default&#8221; global_colors_info=&#8221;{}&#8221;][et_pb_text _builder_version=&#8221;4.16&#8243; _module_preset=&#8221;default&#8221; global_colors_info=&#8221;{}&#8221;]\n<blockquote>\n<h3>Para asistencia o informaci\u00f3n adicional, puedes contactarnos a la direcci\u00f3n de correo electr\u00f3nico <a href=\"mailto:inglesparatodos@intecap.edu.gt\" target=\"_blank\" rel=\"noopener\"><strong>inglesparatodos@intecap.edu.gt<\/strong><\/a> o al <strong>PBX 2410-5555, ext. 10935<\/strong><\/h3>\n<\/blockquote>\n<p>&nbsp;<\/p>\n<p style=\"text-align: justify;\">[\/et_pb_text][\/et_pb_column][\/et_pb_row][\/et_pb_section][et_pb_section fb_built=&#8221;1&#8243; _builder_version=&#8221;4.16&#8243; _module_preset=&#8221;default&#8221; custom_padding=&#8221;14px|||||&#8221; global_colors_info=&#8221;{}&#8221;][et_pb_row _builder_version=&#8221;4.16&#8243; _module_preset=&#8221;default&#8221; global_colors_info=&#8221;{}&#8221;][et_pb_column type=&#8221;4_4&#8243; _builder_version=&#8221;4.16&#8243; _module_preset=&#8221;default&#8221; global_colors_info=&#8221;{}&#8221;][\/et_pb_column][\/et_pb_row][\/et_pb_section]\n","protected":false},"excerpt":{"rendered":"<p>Encuentra aqu\u00ed los pasos para realizar tu prueba de ubicaci\u00f3nRequerida para los niveles English Journey A2 y superiores. Tu prueba de ubicaci\u00f3n es requisito indispensable para la inscripci\u00f3n. La prueba de ubicaci\u00f3n se compone de una secci\u00f3n oral y otra escrita. Esta tiene un costo de Q.50.00, la cual determina el grado de dominio del [&hellip;]<\/p>\n","protected":false},"author":1,"featured_media":0,"parent":0,"menu_order":0,"comment_status":"closed","ping_status":"closed","template":"","meta":{"_et_pb_use_builder":"on","_et_pb_old_content":"","_et_gb_content_width":"","footnotes":""},"class_list":["post-8649","page","type-page","status-publish","hentry"],"_links":{"self":[{"href":"https:\/\/intecap.edu.gt\/inglesparatodos\/wp-json\/wp\/v2\/pages\/8649","targetHints":{"allow":["GET"]}}],"collection":[{"href":"https:\/\/intecap.edu.gt\/inglesparatodos\/wp-json\/wp\/v2\/pages"}],"about":[{"href":"https:\/\/intecap.edu.gt\/inglesparatodos\/wp-json\/wp\/v2\/types\/page"}],"author":[{"embeddable":true,"href":"https:\/\/intecap.edu.gt\/inglesparatodos\/wp-json\/wp\/v2\/users\/1"}],"replies":[{"embeddable":true,"href":"https:\/\/intecap.edu.gt\/inglesparatodos\/wp-json\/wp\/v2\/comments?post=8649"}],"version-history":[{"count":34,"href":"https:\/\/intecap.edu.gt\/inglesparatodos\/wp-json\/wp\/v2\/pages\/8649\/revisions"}],"predecessor-version":[{"id":8988,"href":"https:\/\/intecap.edu.gt\/inglesparatodos\/wp-json\/wp\/v2\/pages\/8649\/revisions\/8988"}],"wp:attachment":[{"href":"https:\/\/intecap.edu.gt\/inglesparatodos\/wp-json\/wp\/v2\/media?parent=8649"}],"curies":[{"name":"wp","href":"https:\/\/api.w.org\/{rel}","templated":true}]}}