{"id":8672,"date":"2022-03-17T16:21:38","date_gmt":"2022-03-17T15:21:38","guid":{"rendered":"https:\/\/intecap.edu.gt\/ingles2\/?page_id=8672"},"modified":"2023-02-22T09:55:55","modified_gmt":"2023-02-22T15:55:55","slug":"faq","status":"publish","type":"page","link":"https:\/\/intecap.edu.gt\/inglesparatodos\/faq\/","title":{"rendered":"Preguntas frecuentes"},"content":{"rendered":"[et_pb_section fb_built=&#8221;1&#8243; _builder_version=&#8221;4.16&#8243; _module_preset=&#8221;default&#8221; custom_padding=&#8221;||8px|||&#8221; global_colors_info=&#8221;{}&#8221;][et_pb_row _builder_version=&#8221;4.16&#8243; _module_preset=&#8221;default&#8221; global_colors_info=&#8221;{}&#8221;][et_pb_column type=&#8221;4_4&#8243; _builder_version=&#8221;4.16&#8243; _module_preset=&#8221;default&#8221; global_colors_info=&#8221;{}&#8221;][et_pb_post_title meta=&#8221;off&#8221; featured_image=&#8221;off&#8221; _builder_version=&#8221;4.16&#8243; _module_preset=&#8221;default&#8221; title_font=&#8221;|||on|||||&#8221; title_text_color=&#8221;#E09900&#8243; global_colors_info=&#8221;{}&#8221;][\/et_pb_post_title][\/et_pb_column][\/et_pb_row][\/et_pb_section][et_pb_section fb_built=&#8221;1&#8243; _builder_version=&#8221;4.16&#8243; custom_padding=&#8221;9px||14px|||&#8221; global_colors_info=&#8221;{}&#8221;][et_pb_row _builder_version=&#8221;4.16&#8243; _module_preset=&#8221;default&#8221; global_colors_info=&#8221;{}&#8221;][et_pb_column type=&#8221;4_4&#8243; _builder_version=&#8221;4.16&#8243; _module_preset=&#8221;default&#8221; global_colors_info=&#8221;{}&#8221;][et_pb_accordion open_toggle_background_color=&#8221;RGBA(255,255,255,0)&#8221; closed_toggle_text_color=&#8221;#FFFFFF&#8221; closed_toggle_background_color=&#8221;#092199&#8243; _builder_version=&#8221;4.16&#8243; _module_preset=&#8221;default&#8221; toggle_level=&#8221;h4&#8243; toggle_font=&#8221;|700|||||||&#8221; body_font_size=&#8221;17px&#8221; global_colors_info=&#8221;{}&#8221;][et_pb_accordion_item title=&#8221;empty&#8221; open=&#8221;on&#8221; _builder_version=&#8221;4.16&#8243; _module_preset=&#8221;default&#8221; custom_css_main_element=&#8221;display:none&#8221; global_colors_info=&#8221;{}&#8221;][\/et_pb_accordion_item][et_pb_accordion_item title=&#8221;\u00bfCu\u00e1l es la duraci\u00f3n de los cursos?&#8221; _builder_version=&#8221;4.16&#8243; _module_preset=&#8221;default&#8221; global_colors_info=&#8221;{}&#8221; open=&#8221;off&#8221;]\n<p style=\"text-align: justify;\">Cada curso tiene una duraci\u00f3n de 80 horas de clase virtual con instructor en vivo. Adem\u00e1s de las clases con instructor, tendr\u00e1s un acompa\u00f1amiento de capacitaci\u00f3n asincr\u00f3nica que podr\u00e1s programar en tu tiempo libre. La cantidad de horas requeridas de este acompa\u00f1amiento depender\u00e1 del nivel en el que te encuentres y la intensidad que hayas elegido.<\/p>\n[\/et_pb_accordion_item][et_pb_accordion_item title=&#8221;\u00bfCu\u00e1l es el precio de un curso?&#8221; _builder_version=&#8221;4.16&#8243; _module_preset=&#8221;default&#8221; global_colors_info=&#8221;{}&#8221; open=&#8221;off&#8221;]\n<p style=\"text-align: justify;\">El precio de un curso de 80 horas de clase virtual con el acceso al complemento de capacitaci\u00f3n en tiempo libre tiene un costo de Q320.00<\/p>\n[\/et_pb_accordion_item][et_pb_accordion_item title=&#8221;\u00bfC\u00f3mo puedo pagar?&#8221; _builder_version=&#8221;4.16&#8243; _module_preset=&#8221;default&#8221; global_colors_info=&#8221;{}&#8221; open=&#8221;off&#8221;]\n<p style=\"text-align: justify;\">El pago correspondiente al curso puede realizarse en ventanillas de agencias del Banco Industrial o Banrural con tu boleta de pago emitida por la sede de INTECAP que te atendi\u00f3. Tambi\u00e9n puedes realizar el pago a trav\u00e9s de tu banca virtual si eres usuario de Banrural.<\/p>\n[\/et_pb_accordion_item][et_pb_accordion_item title=&#8221;\u00bfQu\u00e9 recursos necesito para estudiar?&#8221; _builder_version=&#8221;4.16&#8243; _module_preset=&#8221;default&#8221; global_colors_info=&#8221;{}&#8221; open=&#8221;off&#8221;]\n<p style=\"text-align: justify;\">Para recibir clases, deber\u00e1s contar con una computadora o laptop con conexi\u00f3n estable a Internet, aud\u00edfonos con micr\u00f3fono, c\u00e1mara web o un dispositivo m\u00f3vil como tu tel\u00e9fono inteligente.<\/p>\n[\/et_pb_accordion_item][et_pb_accordion_item title=&#8221;\u00bfC\u00f3mo hago mi prueba de ubicaci\u00f3n?&#8221; _builder_version=&#8221;4.16&#8243; _module_preset=&#8221;default&#8221; global_colors_info=&#8221;{}&#8221; open=&#8221;off&#8221;]\n<p style=\"text-align: justify;\">Visita nuestra secci\u00f3n \u201c<a href=\"https:\/\/intecap.edu.gt\/inglesparatodos\/pruebaubicacion\/\">Prueba de ubicaci\u00f3n<\/a>\u201d para conocer el proceso y optar a tu prueba de ubicaci\u00f3n.<\/p>\n[\/et_pb_accordion_item][et_pb_accordion_item title=&#8221;Si nunca he estudiado ingl\u00e9s, \u00bfdebo hacer la prueba de ubicaci\u00f3n?&#8221; _builder_version=&#8221;4.16&#8243; _module_preset=&#8221;default&#8221; global_colors_info=&#8221;{}&#8221; open=&#8221;off&#8221;]\n<h4 style=\"text-align: justify;\">Si nunca has estudiado ingl\u00e9s y tu exposici\u00f3n al idioma ha sido m\u00ednima, puede optar por iniciar desde el primer curso sin necesidad de tomar la prueba de ubicaci\u00f3n.<\/h4>\n[\/et_pb_accordion_item][et_pb_accordion_item title=&#8221;Si ya estudi\u00e9 ingl\u00e9s en INTECAP pero dej\u00e9 de estudiar, \u00bfqu\u00e9 necesito para regresar?&#8221; _builder_version=&#8221;4.16&#8243; _module_preset=&#8221;default&#8221; global_colors_info=&#8221;{}&#8221; open=&#8221;off&#8221;]\n<h4 style=\"text-align: justify;\">Si han transcurrido m\u00e1s de 6 meses desde la fecha de finalizaci\u00f3n del \u00faltimo curso que tomaste, deber\u00e1s realizar la prueba de ubicaci\u00f3n nuevamente para determinar tu nivel de ingl\u00e9s en el presente. Si finalizaste y aprobaste un curso y no han transcurrido 6 meses a\u00fan, puedes inscribirte al siguiente nivel.<\/h4>\n[\/et_pb_accordion_item][et_pb_accordion_item title=&#8221;\u00bfRecibir\u00e9 certificado al completar los cursos?&#8221; _builder_version=&#8221;4.16&#8243; _module_preset=&#8221;default&#8221; global_colors_info=&#8221;{}&#8221; open=&#8221;off&#8221;]\n<h4 style=\"text-align: justify;\">Al finalizar cada curso de 80 horas recibir\u00e1s una constancia de participaci\u00f3n del mismo. Tambi\u00e9n tenemos opciones de certificaci\u00f3n del nivel de ingl\u00e9s adicional al curso.<\/h4>\n[\/et_pb_accordion_item][et_pb_accordion_item title=&#8221;\u00bfC\u00f3mo puedo borrar Cookies y archivos temporales en mi navegador CHROME?&#8221; _builder_version=&#8221;4.16&#8243; _module_preset=&#8221;default&#8221; global_colors_info=&#8221;{}&#8221; open=&#8221;off&#8221;]\n<h4>En Chrome puedes ingresar a la opci\u00f3n de configuraci\u00f3n en la parte superior derecha.\u00a0 Se identifica con tres puntos en forma vertical:<img loading=\"lazy\" decoding=\"async\" src=\"https:\/\/intecap.edu.gt\/inglesparatodos\/wp-content\/uploads\/2022\/04\/3puntos.png\" width=\"27\" height=\"27\" alt=\"\" class=\"wp-image-8805 alignnone size-full\" \/><\/h4>\n<h4>Luego presiona en Historial &#8211; Historial y llegar\u00e1 a otra pantalla donde debe seleccionar &#8220;Borrar datos de navegaci\u00f3n&#8221;<\/h4>\n<p>&nbsp;<\/p>\n<p><img loading=\"lazy\" decoding=\"async\" src=\"https:\/\/intecap.edu.gt\/inglesparatodos\/wp-content\/uploads\/2022\/04\/historial-chrome.jpg\" width=\"606\" height=\"432\" alt=\"\" class=\"wp-image-8804 alignnone size-full\" srcset=\"https:\/\/intecap.edu.gt\/inglesparatodos\/wp-content\/uploads\/2022\/04\/historial-chrome.jpg 606w, https:\/\/intecap.edu.gt\/inglesparatodos\/wp-content\/uploads\/2022\/04\/historial-chrome-300x214.jpg 300w, https:\/\/intecap.edu.gt\/inglesparatodos\/wp-content\/uploads\/2022\/04\/historial-chrome-400x284.jpg 400w, https:\/\/intecap.edu.gt\/inglesparatodos\/wp-content\/uploads\/2022\/04\/historial-chrome-480x342.jpg 480w\" sizes=\"(max-width: 606px) 100vw, 606px\" \/><\/p>\n<p>&nbsp;<\/p>\n<h4>Luego selecciona las opciones &#8220;Cookies y otros datos sitios&#8221; y &#8220;Archivos e im\u00e1genes almacenados en cach\u00e9&#8221;\u00a0 (como se muestra en la siguiente imagen) y presiona el boton &#8220;BORRAR DATOS&#8221;<\/h4>\n<p>&nbsp;<\/p>\n<p><img loading=\"lazy\" decoding=\"async\" src=\"https:\/\/intecap.edu.gt\/inglesparatodos\/wp-content\/uploads\/2022\/04\/historial-chrome2.jpg\" width=\"508\" height=\"466\" alt=\"\" class=\"wp-image-8806 alignnone size-full\" srcset=\"https:\/\/intecap.edu.gt\/inglesparatodos\/wp-content\/uploads\/2022\/04\/historial-chrome2.jpg 508w, https:\/\/intecap.edu.gt\/inglesparatodos\/wp-content\/uploads\/2022\/04\/historial-chrome2-300x275.jpg 300w, https:\/\/intecap.edu.gt\/inglesparatodos\/wp-content\/uploads\/2022\/04\/historial-chrome2-480x440.jpg 480w\" sizes=\"(max-width: 508px) 100vw, 508px\" \/><\/p>\n<h4>Aqui finaliza el proceso de borrado de Cookies y archivos temporales.<\/h4>\n<p>&nbsp;<\/p>\n<p>&nbsp;<\/p>\n<p>&nbsp;<\/p>\n[\/et_pb_accordion_item][et_pb_accordion_item title=&#8221;\u00bfC\u00f3mo puedo borrar Cookies y archivos temporales en mi navegador MOZILLA FIREFOX?&#8221; _builder_version=&#8221;4.16&#8243; _module_preset=&#8221;default&#8221; global_colors_info=&#8221;{}&#8221; open=&#8221;off&#8221;]\n<h4>En Mozilla Firefox puedes ingresar a la opci\u00f3n de configuraci\u00f3n en la parte superior derecha.\u00a0 Se identifica con tres l\u00edneas en forma horizontal:<\/h4>\n<h4><img loading=\"lazy\" decoding=\"async\" src=\"https:\/\/intecap.edu.gt\/inglesparatodos\/wp-content\/uploads\/2022\/04\/3lineas.jpg\" width=\"42\" height=\"38\" alt=\"\" class=\"wp-image-8810 alignnone size-full\" \/><\/h4>\n<h4>Luego presiona en Historial y llegar\u00e1 a otra pantalla donde debe seleccionar &#8220;Limpiar el historial reciente&#8221;<\/h4>\n<p><img loading=\"lazy\" decoding=\"async\" src=\"https:\/\/intecap.edu.gt\/inglesparatodos\/wp-content\/uploads\/2022\/04\/historial-mozilla.jpg\" width=\"488\" height=\"519\" alt=\"\" class=\"wp-image-8811 alignnone size-full\" srcset=\"https:\/\/intecap.edu.gt\/inglesparatodos\/wp-content\/uploads\/2022\/04\/historial-mozilla.jpg 488w, https:\/\/intecap.edu.gt\/inglesparatodos\/wp-content\/uploads\/2022\/04\/historial-mozilla-282x300.jpg 282w, https:\/\/intecap.edu.gt\/inglesparatodos\/wp-content\/uploads\/2022\/04\/historial-mozilla-480x510.jpg 480w\" sizes=\"(max-width: 488px) 100vw, 488px\" \/><\/p>\n<h4>Ahora se mostrar\u00e1 otra pantalla donde debes seleccionas las opciones &#8220;Cookies&#8221; y &#8220;Cach\u00e9&#8221; y &#8221; y presiona el boton &#8220;ACEPTAR&#8221;<\/h4>\n<p><img loading=\"lazy\" decoding=\"async\" src=\"https:\/\/intecap.edu.gt\/inglesparatodos\/wp-content\/uploads\/2022\/04\/historial-mozilla2.jpg\" width=\"370\" height=\"493\" alt=\"\" class=\"wp-image-8812 alignnone size-full\" srcset=\"https:\/\/intecap.edu.gt\/inglesparatodos\/wp-content\/uploads\/2022\/04\/historial-mozilla2.jpg 370w, https:\/\/intecap.edu.gt\/inglesparatodos\/wp-content\/uploads\/2022\/04\/historial-mozilla2-225x300.jpg 225w\" sizes=\"(max-width: 370px) 100vw, 370px\" \/><\/p>\n<h4>Aqui finaliza el proceso de borrado de Cookies y archivos temporales.<\/h4>\n<p>&nbsp;<\/p>\n<p>&nbsp;<\/p>\n<p>&nbsp;<\/p>\n[\/et_pb_accordion_item][et_pb_accordion_item title=&#8221;\u00bfC\u00f3mo puedo borrar Cookies y archivos temporales en mi navegador MICROSOFT EDGE?&#8221; _builder_version=&#8221;4.16&#8243; _module_preset=&#8221;default&#8221; global_colors_info=&#8221;{}&#8221; open=&#8221;off&#8221;]\n<h4>En Microsoft EDGE puedes ingresar a la opci\u00f3n de configuraci\u00f3n en la parte superior derecha.\u00a0 Se identifica con tres puntos en forma horizontal:<\/h4>\n<h4><img loading=\"lazy\" decoding=\"async\" src=\"https:\/\/intecap.edu.gt\/inglesparatodos\/wp-content\/uploads\/2022\/04\/3puntosv.jpg\" width=\"42\" height=\"31\" alt=\"\" class=\"wp-image-8813 alignnone size-full\" \/><\/h4>\n<h4>Luego presiona en Historial y llegar\u00e1 a otra pantalla donde debe presionar en los 3 puntos en la parte superior derecha:<\/h4>\n<p><img loading=\"lazy\" decoding=\"async\" src=\"https:\/\/intecap.edu.gt\/inglesparatodos\/wp-content\/uploads\/2022\/04\/historial-edge.jpg\" width=\"750\" height=\"677\" alt=\"\" class=\"wp-image-8815 alignnone size-full\" srcset=\"https:\/\/intecap.edu.gt\/inglesparatodos\/wp-content\/uploads\/2022\/04\/historial-edge.jpg 750w, https:\/\/intecap.edu.gt\/inglesparatodos\/wp-content\/uploads\/2022\/04\/historial-edge-300x271.jpg 300w, https:\/\/intecap.edu.gt\/inglesparatodos\/wp-content\/uploads\/2022\/04\/historial-edge-480x433.jpg 480w\" sizes=\"(max-width: 750px) 100vw, 750px\" \/><\/p>\n<h4>Al presionar los 3 puntos se mostrar\u00e1 otra pantalla donde debes presionar &#8220;Borrar datos de exploraci\u00f3n&#8221; y en la pantalla que se mostrar\u00e1 debes seleccionar las opciones &#8220;Cookies&#8221; y &#8220;Cach\u00e9&#8221; y &#8221; y presiona el boton &#8220;ACEPTAR&#8221;<\/h4>\n<p><img loading=\"lazy\" decoding=\"async\" src=\"https:\/\/intecap.edu.gt\/inglesparatodos\/wp-content\/uploads\/2022\/04\/historial-mozilla2.jpg\" width=\"370\" height=\"493\" alt=\"\" class=\"wp-image-8812 alignnone size-full\" srcset=\"https:\/\/intecap.edu.gt\/inglesparatodos\/wp-content\/uploads\/2022\/04\/historial-mozilla2.jpg 370w, https:\/\/intecap.edu.gt\/inglesparatodos\/wp-content\/uploads\/2022\/04\/historial-mozilla2-225x300.jpg 225w\" sizes=\"(max-width: 370px) 100vw, 370px\" \/><\/p>\n<h4>Aqui finaliza el proceso de borrado de Cookies y archivos temporales.<\/h4>\n<p>&nbsp;<\/p>\n<p>&nbsp;<\/p>\n[\/et_pb_accordion_item][\/et_pb_accordion][\/et_pb_column][\/et_pb_row][et_pb_row _builder_version=&#8221;4.16&#8243; _module_preset=&#8221;default&#8221; global_colors_info=&#8221;{}&#8221;][et_pb_column type=&#8221;4_4&#8243; _builder_version=&#8221;4.16&#8243; _module_preset=&#8221;default&#8221; global_colors_info=&#8221;{}&#8221;][\/et_pb_column][\/et_pb_row][\/et_pb_section]\n","protected":false},"excerpt":{"rendered":"<p>Cada curso tiene una duraci\u00f3n de 80 horas de clase virtual con instructor en vivo. Adem\u00e1s de las clases con instructor, tendr\u00e1s un acompa\u00f1amiento de capacitaci\u00f3n asincr\u00f3nica que podr\u00e1s programar en tu tiempo libre. La cantidad de horas requeridas de este acompa\u00f1amiento depender\u00e1 del nivel en el que te encuentres y la intensidad que hayas [&hellip;]<\/p>\n","protected":false},"author":1,"featured_media":0,"parent":0,"menu_order":0,"comment_status":"closed","ping_status":"closed","template":"","meta":{"_et_pb_use_builder":"on","_et_pb_old_content":"","_et_gb_content_width":"","footnotes":""},"class_list":["post-8672","page","type-page","status-publish","hentry"],"_links":{"self":[{"href":"https:\/\/intecap.edu.gt\/inglesparatodos\/wp-json\/wp\/v2\/pages\/8672","targetHints":{"allow":["GET"]}}],"collection":[{"href":"https:\/\/intecap.edu.gt\/inglesparatodos\/wp-json\/wp\/v2\/pages"}],"about":[{"href":"https:\/\/intecap.edu.gt\/inglesparatodos\/wp-json\/wp\/v2\/types\/page"}],"author":[{"embeddable":true,"href":"https:\/\/intecap.edu.gt\/inglesparatodos\/wp-json\/wp\/v2\/users\/1"}],"replies":[{"embeddable":true,"href":"https:\/\/intecap.edu.gt\/inglesparatodos\/wp-json\/wp\/v2\/comments?post=8672"}],"version-history":[{"count":9,"href":"https:\/\/intecap.edu.gt\/inglesparatodos\/wp-json\/wp\/v2\/pages\/8672\/revisions"}],"predecessor-version":[{"id":8881,"href":"https:\/\/intecap.edu.gt\/inglesparatodos\/wp-json\/wp\/v2\/pages\/8672\/revisions\/8881"}],"wp:attachment":[{"href":"https:\/\/intecap.edu.gt\/inglesparatodos\/wp-json\/wp\/v2\/media?parent=8672"}],"curies":[{"name":"wp","href":"https:\/\/api.w.org\/{rel}","templated":true}]}}