{"id":1125,"date":"2024-06-25T08:25:59","date_gmt":"2024-06-25T14:25:59","guid":{"rendered":"https:\/\/intecap.edu.gt\/modaintecap\/?page_id=1125"},"modified":"2024-06-25T10:53:16","modified_gmt":"2024-06-25T16:53:16","slug":"modaintecap2022","status":"publish","type":"page","link":"https:\/\/intecap.edu.gt\/modaintecap\/modaintecap2022\/","title":{"rendered":"Moda INTECAP 2022"},"content":{"rendered":"<p>[et_pb_section fb_built=&#8221;1&#8243; custom_padding_last_edited=&#8221;on|desktop&#8221; admin_label=&#8221;Header&#8221; _builder_version=&#8221;4.16&#8243; background_color=&#8221;#242424&#8243; background_enable_image=&#8221;off&#8221; background_size=&#8221;initial&#8221; custom_padding=&#8221;0vw||0vw||false|&#8221; custom_padding_tablet=&#8221;0vw||20vw&#8221; custom_padding_phone=&#8221;&#8221; global_colors_info=&#8221;{}&#8221;][et_pb_row _builder_version=&#8221;4.16&#8243; background_color=&#8221;rgba(0,0,0,0)&#8221; background_image=&#8221;https:\/\/intecap.edu.gt\/modaintecap\/wp-content\/uploads\/2024\/06\/header2022.jpg&#8221; width=&#8221;100%&#8221; max_width=&#8221;none&#8221; height=&#8221;450px&#8221; custom_margin=&#8221;0px||||false|false&#8221; custom_padding=&#8221;0px||0px||true|false&#8221; global_colors_info=&#8221;{}&#8221;][et_pb_column type=&#8221;4_4&#8243; _builder_version=&#8221;4.16&#8243; custom_padding=&#8221;0px|19px|19px|0px|false|false&#8221; global_colors_info=&#8221;{}&#8221;][et_pb_image _builder_version=&#8221;4.16&#8243; width=&#8221;26%&#8221; max_width=&#8221;100%&#8221; module_alignment=&#8221;left&#8221; custom_margin=&#8221;-29px|||||&#8221; animation_style=&#8221;zoom&#8221; animation_duration=&#8221;50ms&#8221; animation_intensity_zoom=&#8221;25%&#8221; global_colors_info=&#8221;{}&#8221;][\/et_pb_image][\/et_pb_column][\/et_pb_row][et_pb_row column_structure=&#8221;1_2,1_2&#8243; make_equal=&#8221;on&#8221; _builder_version=&#8221;4.16&#8243; background_color=&#8221;#ffffff&#8221; max_width=&#8221;1900px&#8221; module_alignment=&#8221;center&#8221; custom_margin=&#8221;-20px|auto||auto||&#8221; custom_padding=&#8221;46px|93px||||&#8221; global_colors_info=&#8221;{}&#8221;][et_pb_column type=&#8221;1_2&#8243; _builder_version=&#8221;4.16&#8243; global_colors_info=&#8221;{}&#8221;][et_pb_text _builder_version=&#8221;4.16&#8243; text_font_size=&#8221;17px&#8221; header_font=&#8221;|700|||||||&#8221; header_font_size=&#8221;44px&#8221; custom_margin=&#8221;|-45px||56px|false|false&#8221; custom_padding=&#8221;|0px||4px|false|false&#8221; global_colors_info=&#8221;{}&#8221;]<\/p>\n<h1>MODA INTECAP 2022<\/h1>\n<h4><\/h4>\n<h4 style=\"text-align: justify;\"><strong>Ofrece a los participantes un evento de primer nivel, una plataforma que les ayude a exponer sus dise\u00f1os ante el sector empresarial textil para que pueda contar con mano de obra calificada con altos est\u00e1ndares de calidad.<\/strong><\/h4>\n<p>&nbsp;<\/p>\n<h2 style=\"text-align: justify;\"><strong>GOLDEN FASHION<\/strong><\/h2>\n<h4 style=\"text-align: justify;\">En 2022 se realiz\u00f3 la propuesta de pasarela inspirada en la celebraci\u00f3n de los 50 a\u00f1os de la instituci\u00f3n INTECAP <\/h4>\n<blockquote>\n<h4 style=\"text-align: justify;\">Sabemos que la moda se transforma y evoluciona, por lo que en INTECAP sumamos esfuerzos para estar a la vanguardia de las tendencias nacionales e internacionales, con personal experto en moda y t\u00e9cnicas de alto nivel.<\/h4>\n<\/blockquote>\n<p>[\/et_pb_text][\/et_pb_column][et_pb_column type=&#8221;1_2&#8243; _builder_version=&#8221;4.16&#8243; global_colors_info=&#8221;{}&#8221;][et_pb_image src=&#8221;https:\/\/intecap.edu.gt\/modaintecap\/wp-content\/uploads\/2024\/06\/Moda2022-3.jpg&#8221; title_text=&#8221;Moda2022-3&#8243; show_bottom_space=&#8221;off&#8221; align=&#8221;center&#8221; _builder_version=&#8221;4.25.2&#8243; background_color=&#8221;rgba(0,0,0,0)&#8221; custom_margin=&#8221;|-52px||||&#8221; custom_padding=&#8221;|||39px||&#8221; hover_enabled=&#8221;0&#8243; global_colors_info=&#8221;{}&#8221; sticky_enabled=&#8221;0&#8243;][\/et_pb_image][\/et_pb_column][\/et_pb_row][et_pb_row column_structure=&#8221;1_2,1_2&#8243; make_equal=&#8221;on&#8221; _builder_version=&#8221;4.16&#8243; background_color=&#8221;#ffffff&#8221; max_width=&#8221;1900px&#8221; module_alignment=&#8221;center&#8221; custom_margin=&#8221;-20px|auto||auto||&#8221; custom_padding=&#8221;46px|93px||||&#8221; global_colors_info=&#8221;{}&#8221;][et_pb_column type=&#8221;1_2&#8243; _builder_version=&#8221;4.16&#8243; global_colors_info=&#8221;{}&#8221;][et_pb_image src=&#8221;https:\/\/intecap.edu.gt\/modaintecap\/wp-content\/uploads\/2024\/06\/Moda2022-2.jpg&#8221; title_text=&#8221;Moda2022-2&#8243; _builder_version=&#8221;4.16&#8243; custom_margin=&#8221;|-56px||||&#8221; custom_padding=&#8221;|||40px||&#8221; hover_enabled=&#8221;0&#8243; global_colors_info=&#8221;{}&#8221; sticky_enabled=&#8221;0&#8243;][\/et_pb_image][\/et_pb_column][et_pb_column type=&#8221;1_2&#8243; _builder_version=&#8221;4.16&#8243; global_colors_info=&#8221;{}&#8221;][et_pb_text _builder_version=&#8221;4.16&#8243; text_font_size=&#8221;17px&#8221; header_font=&#8221;|700|||||||&#8221; header_font_size=&#8221;44px&#8221; custom_margin=&#8221;|-43px||74px|false|false&#8221; custom_padding=&#8221;|0px||4px|false|false&#8221; global_colors_info=&#8221;{}&#8221;]<\/p>\n<h1>57 estudiantes del INTECAP presentaron el tema GOLDEN FASHION<\/h1>\n<h4 style=\"text-align: justify;\">Son 57 j\u00f3venes los que presentaron su proyecto final, las colecciones en donde expresaron su talento y demostraron todas las competencias desarrolladas para llevar a cabo una pasarela inspirada en la celebraci\u00f3n de los 50 a\u00f1os de la instituci\u00f3n INTECAP denominada \u201cGOLDEN FASHION\u201d.<\/h4>\n<h4>En la edici\u00f3n del a\u00f1o 2022 presentaron los dise\u00f1adores de las carreras de:<br \/>&#8211; T\u00e9cnico en dise\u00f1o industrial del vestuario<br \/>&#8211; T\u00e9cnico en alta costura<br \/>&#8211; Patronista industrial<br \/>&#8211; T\u00e9cnico en procesos de confecci\u00f3n industrial<br \/>&#8211; Confeccionista de prendas de vestir<br \/>&#8211; Sastres<\/h4>\n<h4 style=\"text-align: justify;\">Las prendas que se presentaron en el Golden Fashion 2022 fueron las siguientes:<\/h4>\n<h4 style=\"text-align: justify;\">Prendas de vestir en estilos sport, casual, formal y gala.<\/h4>\n<p>&nbsp;<\/p>\n<p>&nbsp;<\/p>\n<p style=\"text-align: justify;\">[\/et_pb_text][\/et_pb_column][\/et_pb_row][\/et_pb_section][et_pb_section fb_built=&#8221;1&#8243; disabled_on=&#8221;on|on|on&#8221; _builder_version=&#8221;4.16&#8243; custom_padding=&#8221;||15px|||&#8221; disabled=&#8221;on&#8221; global_colors_info=&#8221;{}&#8221;][et_pb_row column_structure=&#8221;1_4,3_4&#8243; _builder_version=&#8221;4.16&#8243; global_colors_info=&#8221;{}&#8221;][et_pb_column type=&#8221;1_4&#8243; _builder_version=&#8221;4.16&#8243; global_colors_info=&#8221;{}&#8221;][et_pb_image src=&#8221;https:\/\/intecap.edu.gt\/modaintecap\/wp-content\/uploads\/2022\/10\/MG_4019.jpg&#8221; title_text=&#8221;_MG_4019&#8243; _builder_version=&#8221;4.16&#8243; global_colors_info=&#8221;{}&#8221;][\/et_pb_image][\/et_pb_column][et_pb_column type=&#8221;3_4&#8243; _builder_version=&#8221;4.16&#8243; global_colors_info=&#8221;{}&#8221;][et_pb_text _builder_version=&#8221;4.16&#8243; header_text_align=&#8221;center&#8221; header_font_size=&#8221;58px&#8221; global_colors_info=&#8221;{}&#8221;]<\/p>\n<h1>CONFERENCIAS<\/h1>\n<p>[\/et_pb_text][et_pb_text _builder_version=&#8221;4.16&#8243; header_2_font=&#8221;Roboto Condensed|600|||||||&#8221; header_2_font_size=&#8221;18px&#8221; header_2_line_height=&#8221;0.5em&#8221; global_colors_info=&#8221;{}&#8221;]<\/p>\n<ul>\n<li><strong>TIPS PARA LOGRAR EL \u00c9XITO EN EL DISE\u00d1O DE MODA\u00a0<\/strong><br \/><strong><\/strong><\/li>\n<li><strong>PRODUCCI\u00d3N DE COLECCI\u00d3N DE MODA\u00a0<\/strong><br \/><strong><\/strong><\/li>\n<li><strong>CREATIVIDAD PARA EL DISE\u00d1O DE MODAS\u00a0<\/strong><br \/><strong><\/strong><\/li>\n<li><strong>SERIGRAF\u00cdA TEXTIL\u00a0<\/strong><br \/><strong><\/strong><\/li>\n<li><strong>ESTILO E IMAGEN.\u00a0<\/strong><br \/><strong><\/strong><\/li>\n<li><strong>RENOVANDO TU ESTILO<\/strong><br \/><strong><\/strong><\/li>\n<li><strong>REUTILIZACI\u00d3N TEXTIL\u00a0<\/strong><br \/><strong><\/strong><\/li>\n<li><strong>SUSTENTABILIDAD EN LA INDUSTRIA TEXTIL\u00a0<\/strong><br \/><strong><\/strong><\/li>\n<li><strong>SEMINARIO TALLER \u201cDANDO UNA SEGUNDA OPORTUNIDAD A TUS PRENDAS DE VESTIR\u00a0<\/strong><br \/><strong><\/strong><\/li>\n<li><strong>T\u00c9CNICAS DE CORTE Y ESTAMPADO CON VINYL TEXTIL\u00a0<\/strong><br \/><strong><\/strong><\/li>\n<li><strong>T\u00c9CNICAS DE SUBLIMACI\u00d3N PARA TEXTILES\u00a0<\/strong><br \/><strong><\/strong><\/li>\n<li><strong>CREANDO TU PROPIA TENDENCIA\u00a0<\/strong><\/li>\n<\/ul>\n<p>[\/et_pb_text][\/et_pb_column][\/et_pb_row][\/et_pb_section][et_pb_section fb_built=&#8221;1&#8243; _builder_version=&#8221;4.16&#8243; _module_preset=&#8221;default&#8221; global_colors_info=&#8221;{}&#8221;][et_pb_row _builder_version=&#8221;4.16&#8243; global_colors_info=&#8221;{}&#8221;][et_pb_column type=&#8221;4_4&#8243; _builder_version=&#8221;4.16&#8243; global_colors_info=&#8221;{}&#8221;][et_pb_text _builder_version=&#8221;4.16&#8243; _module_preset=&#8221;default&#8221; global_colors_info=&#8221;{}&#8221;]<\/p>\n<h1>GALER\u00cdA<\/h1>\n<p>[\/et_pb_text][\/et_pb_column][\/et_pb_row][et_pb_row _builder_version=&#8221;4.16&#8243; _module_preset=&#8221;default&#8221; global_colors_info=&#8221;{}&#8221;][et_pb_column type=&#8221;4_4&#8243; _builder_version=&#8221;4.16&#8243; _module_preset=&#8221;default&#8221; global_colors_info=&#8221;{}&#8221;][et_pb_text _builder_version=&#8221;4.16&#8243; _module_preset=&#8221;default&#8221; global_colors_info=&#8221;{}&#8221;]<\/p>\n<p>[Best_Wordpress_Gallery id=&#8221;4&#8243; gal_title=&#8221;Moda INTECAP 2022&#8243;]<\/p>\n<p>[\/et_pb_text][\/et_pb_column][\/et_pb_row][\/et_pb_section]<\/p>\n","protected":false},"excerpt":{"rendered":"<p>MODA INTECAP 2022 Ofrece a los participantes un evento de primer nivel, una plataforma que les ayude a exponer sus dise\u00f1os ante el sector empresarial textil para que pueda contar con mano de obra calificada con altos est\u00e1ndares de calidad. &nbsp; GOLDEN FASHION En 2022 se realiz\u00f3 la propuesta de pasarela inspirada en la celebraci\u00f3n [&hellip;]<\/p>\n","protected":false},"author":2,"featured_media":0,"parent":0,"menu_order":0,"comment_status":"closed","ping_status":"closed","template":"","meta":{"_et_pb_use_builder":"on","_et_pb_old_content":"","_et_gb_content_width":"","footnotes":""},"class_list":["post-1125","page","type-page","status-publish","hentry"],"_links":{"self":[{"href":"https:\/\/intecap.edu.gt\/modaintecap\/wp-json\/wp\/v2\/pages\/1125","targetHints":{"allow":["GET"]}}],"collection":[{"href":"https:\/\/intecap.edu.gt\/modaintecap\/wp-json\/wp\/v2\/pages"}],"about":[{"href":"https:\/\/intecap.edu.gt\/modaintecap\/wp-json\/wp\/v2\/types\/page"}],"author":[{"embeddable":true,"href":"https:\/\/intecap.edu.gt\/modaintecap\/wp-json\/wp\/v2\/users\/2"}],"replies":[{"embeddable":true,"href":"https:\/\/intecap.edu.gt\/modaintecap\/wp-json\/wp\/v2\/comments?post=1125"}],"version-history":[{"count":7,"href":"https:\/\/intecap.edu.gt\/modaintecap\/wp-json\/wp\/v2\/pages\/1125\/revisions"}],"predecessor-version":[{"id":1146,"href":"https:\/\/intecap.edu.gt\/modaintecap\/wp-json\/wp\/v2\/pages\/1125\/revisions\/1146"}],"wp:attachment":[{"href":"https:\/\/intecap.edu.gt\/modaintecap\/wp-json\/wp\/v2\/media?parent=1125"}],"curies":[{"name":"wp","href":"https:\/\/api.w.org\/{rel}","templated":true}]}}