{"id":392,"date":"2019-11-11T15:21:05","date_gmt":"2019-11-11T21:21:05","guid":{"rendered":"https:\/\/intecap.edu.gt\/modaintecap\/?page_id=392"},"modified":"2019-11-14T09:40:46","modified_gmt":"2019-11-14T15:40:46","slug":"moda-intecap-2017","status":"publish","type":"page","link":"https:\/\/intecap.edu.gt\/modaintecap\/moda-intecap-2017\/","title":{"rendered":"Moda INTECAP 2017"},"content":{"rendered":"<p>[et_pb_section fb_built=&#8221;1&#8243; custom_padding_last_edited=&#8221;on|desktop&#8221; admin_label=&#8221;Header&#8221; _builder_version=&#8221;4.0.4&#8243; background_color=&#8221;#242424&#8243; background_enable_image=&#8221;off&#8221; background_size=&#8221;initial&#8221; custom_padding=&#8221;0vw||0vw||false|&#8221; custom_padding_tablet=&#8221;0vw||20vw&#8221; custom_padding_phone=&#8221;&#8221;][et_pb_row column_structure=&#8221;1_2,1_2&#8243; _builder_version=&#8221;4.0.6&#8243; background_color=&#8221;#000000&#8243; background_image=&#8221;https:\/\/intecap.edu.gt\/modaintecap\/wp-content\/uploads\/2019\/11\/banner-moda2017.jpg&#8221; background_size=&#8221;initial&#8221; width=&#8221;100%&#8221; max_width=&#8221;none&#8221; min_height=&#8221;244px&#8221; custom_margin=&#8221;0px||||false|false&#8221; custom_padding=&#8221;0px||0px||true|false&#8221;][et_pb_column type=&#8221;1_2&#8243; _builder_version=&#8221;4.0.4&#8243; custom_padding=&#8221;0px|19px|19px|0px|false|false&#8221;][et_pb_image src=&#8221;https:\/\/intecap.edu.gt\/modaintecap\/wp-content\/uploads\/2019\/10\/logomoda.png&#8221; align=&#8221;center&#8221; _builder_version=&#8221;4.0.4&#8243; width=&#8221;100%&#8221; max_width=&#8221;100%&#8221; min_height=&#8221;100px&#8221; height=&#8221;358px&#8221; custom_margin=&#8221;|546px||||&#8221; custom_padding=&#8221;|0px||||&#8221; animation_style=&#8221;zoom&#8221; animation_duration=&#8221;50ms&#8221; animation_intensity_zoom=&#8221;25%&#8221;][\/et_pb_image][et_pb_image _builder_version=&#8221;4.0.4&#8243; width=&#8221;26%&#8221; max_width=&#8221;100%&#8221; module_alignment=&#8221;left&#8221; custom_margin=&#8221;-29px|||||&#8221; animation_style=&#8221;zoom&#8221; animation_duration=&#8221;50ms&#8221; animation_intensity_zoom=&#8221;25%&#8221;][\/et_pb_image][\/et_pb_column][et_pb_column type=&#8221;1_2&#8243; _builder_version=&#8221;4.0.4&#8243; custom_padding=&#8221;0px|19px|19px|0px|false|false&#8221;][\/et_pb_column][\/et_pb_row][et_pb_row column_structure=&#8221;1_2,1_2&#8243; make_equal=&#8221;on&#8221; _builder_version=&#8221;4.0.4&#8243; background_color=&#8221;#ffffff&#8221; max_width=&#8221;1900px&#8221; module_alignment=&#8221;center&#8221; custom_padding=&#8221;46px|||||&#8221;][et_pb_column type=&#8221;1_2&#8243; _builder_version=&#8221;4.0.4&#8243;][et_pb_text _builder_version=&#8221;4.0.6&#8243; text_font_size=&#8221;17px&#8221; header_font=&#8221;|700|||||||&#8221; header_font_size=&#8221;43px&#8221; custom_margin=&#8221;|||56px|false|false&#8221; custom_padding=&#8221;16px|0px||55px|false|false&#8221;]<\/p>\n<h1 style=\"text-align: justify;\">FASHION SHOW 2017<\/h1>\n<p style=\"text-align: justify;\">El mi\u00e9rcoles 22 de noviembre 2018,\u00a0 se realiz\u00f3 la \u201cPasarela Moda INTECAP 2017\u201d en el Parque Mundo Petapa del IRTRA en la zona 12, exponiendo todos los conocimientos de los participantes de las carreras de vestuario y textiles.<\/p>\n<p style=\"text-align: justify;\">Inspirados en el m\u00e1ximo referente de literatura nacional, se busc\u00f3 a trav\u00e9s de las propuestas de nuestros estudiantes, transmitir al p\u00fablico que gusta de la moda, la posibilidad del Realismo M\u00e1gico de los escritos en prendas de vestir.<\/p>\n<p style=\"text-align: justify;\">[\/et_pb_text][\/et_pb_column][et_pb_column type=&#8221;1_2&#8243; _builder_version=&#8221;4.0.4&#8243;][et_pb_image src=&#8221;https:\/\/intecap.edu.gt\/modaintecap\/wp-content\/uploads\/2019\/11\/fashion-intecap-2017.jpg&#8221; _builder_version=&#8221;4.0.6&#8243;][\/et_pb_image][\/et_pb_column][\/et_pb_row][et_pb_row column_structure=&#8221;1_2,1_2&#8243; make_equal=&#8221;on&#8221; _builder_version=&#8221;4.0.4&#8243; background_color=&#8221;#ffffff&#8221; max_width=&#8221;1900px&#8221; module_alignment=&#8221;center&#8221; custom_margin=&#8221;-20px|auto||auto||&#8221; custom_padding=&#8221;46px|111px||||&#8221;][et_pb_column type=&#8221;1_2&#8243; _builder_version=&#8221;4.0.4&#8243;][et_pb_image src=&#8221;https:\/\/intecap.edu.gt\/modaintecap\/wp-content\/uploads\/2019\/11\/modaintecap2017.jpg&#8221; _builder_version=&#8221;4.0.6&#8243; custom_margin=&#8221;|-56px||||&#8221; custom_padding=&#8221;|||117px||&#8221;][\/et_pb_image][\/et_pb_column][et_pb_column type=&#8221;1_2&#8243; _builder_version=&#8221;4.0.4&#8243;][et_pb_text _builder_version=&#8221;4.0.6&#8243; text_font_size=&#8221;17px&#8221; header_font=&#8221;|700|||||||&#8221; header_font_size=&#8221;44px&#8221; custom_margin=&#8221;|-45px||56px|false|false&#8221; custom_padding=&#8221;|0px||4px|false|false&#8221;]<\/p>\n<h1>SEMANA DE LA MODA<\/h1>\n<p style=\"text-align: justify;\">En la Semana de la Moda 2017, los estudiantes del Taller del Vestuario y Textiles, por quinta ocasi\u00f3n, expusieron las competencias adquiridas durante el desarrollo de las carreras de: sastrer\u00eda, modista, patronista industrial y t\u00e9cnico en dise\u00f1o industrial del vestuario.<\/p>\n<p style=\"text-align: justify;\">Este evento se llev\u00f3 a cabo en el Centro de Capacitaci\u00f3n Guatemala 1, ubicado en Ciudad de Plata II (Perif\u00e9rico) y rindi\u00f3 tributo al legado del escritor guatemalteco Miguel \u00c1ngel Asturias, como fuente de inspiraci\u00f3n creativa, en conmemoraci\u00f3n a los 50 a\u00f1os de haber obtenido el Premio Nobel de Literatura.<\/p>\n<p style=\"text-align: justify;\">Se efectuaron diferentes actividades, tales como: seminarios, concursos de Ilustraci\u00f3nn de moda, concurso de vestidos de novia y trajes sastre, exposici\u00f3n de equipo y servicios, y micro pasarelas.<\/p>\n<p>&nbsp;<\/p>\n<p style=\"text-align: justify;\">[\/et_pb_text][\/et_pb_column][\/et_pb_row][\/et_pb_section][et_pb_section fb_built=&#8221;1&#8243; fullwidth=&#8221;on&#8221; _builder_version=&#8221;4.0.6&#8243; background_color=&#8221;#f07c00&#8243; hover_enabled=&#8221;0&#8243; background_image=&#8221;https:\/\/intecap.edu.gt\/modaintecap\/wp-content\/uploads\/2019\/11\/fashion-2017-back.png&#8221; background_size=&#8221;contain&#8221; background_blend=&#8221;soft-light&#8221;][et_pb_fullwidth_header title=&#8221;MIGUEL \u00c1NGEL ASTURIAS&#8221; text_orientation=&#8221;center&#8221; _builder_version=&#8221;4.0.6&#8243; title_font=&#8221;||||||||&#8221; title_text_color=&#8221;#ffffff&#8221; title_font_size=&#8221;44px&#8221; title_line_height=&#8221;1.2em&#8221; content_text_align=&#8221;center&#8221; content_line_height=&#8221;1.3em&#8221; subhead_font_size=&#8221;41px&#8221; background_color=&#8221;rgba(0,0,0,0)&#8221; custom_margin=&#8221;-1px||||false|false&#8221; custom_padding=&#8221;39px||||false|false&#8221; hover_enabled=&#8221;0&#8243; title_text_shadow_style=&#8221;preset4&#8243;]<\/p>\n<h4 style=\"text-align: justify;\">#INTECAPESMODA 2017 rindi\u00f3 tributo al escritor guatemalteco Miguel \u00c1ngel Asturias, tomando su arte como fuente de inspiraci\u00f3n creativa y en conmemoraci\u00f3n de los 50 a\u00f1os de la obtenci\u00f3n del Premio N\u00f3bel de Literatura.<\/h4>\n<h4 style=\"text-align: justify;\"><span>\u201cInspirados en el m\u00e1ximo referente de literatura nacional, se busc\u00f3 a trav\u00e9s de las propuestas de nuestros participantes, transmitir al p\u00fablico que gusta de la moda, la posibilidad del Realismo M\u00e1gico de los escritos en prendas de vestir\u201d, mencion\u00f3 la Licda. Nora Oliveros, Jefe del Taller Textil del INTECAP. <\/span><\/h4>\n<p>[\/et_pb_fullwidth_header][\/et_pb_section][et_pb_section fb_built=&#8221;1&#8243; _builder_version=&#8221;4.0.4&#8243;][et_pb_row column_structure=&#8221;2_5,3_5&#8243; _builder_version=&#8221;4.0.4&#8243; max_width=&#8221;1400px&#8221;][et_pb_column type=&#8221;2_5&#8243; _builder_version=&#8221;4.0.4&#8243;][et_pb_testimonial author=&#8221;Ing. Arnaldo Alvarado&#8221; job_title=&#8221;Gerente Ad Interim&#8221; company_name=&#8221;INTECAP&#8221; _builder_version=&#8221;4.0.6&#8243; author_text_color=&#8221;#0c71c3&#8243; author_font_size=&#8221;20px&#8221; use_background_color=&#8221;off&#8221; hover_enabled=&#8221;0&#8243;]<\/p>\n<h4 style=\"text-align: justify;\"><em>&#8220;MODA INTECAP es un evento que se cre\u00f3 para poner de manifiesto la creatividad de los participantes, as\u00ed como para contribuir al sector textil y desarrollar Guatemala. Invitamos a toda la poblaci\u00f3n, y no solo j\u00f3venes sino tambi\u00e9n adultos, a que aprovechen su tiempo y vengan a capacitarse al INTECAP\u201d<\/em><\/h4>\n<p>[\/et_pb_testimonial][et_pb_testimonial author=&#8221;Lda. Mirna Nij&#8221; job_title=&#8221;Integrante Junta Directiva&#8221; company_name=&#8221;INTECAP&#8221; _builder_version=&#8221;4.0.6&#8243; author_text_color=&#8221;#0c71c3&#8243; author_font_size=&#8221;20px&#8221; use_background_color=&#8221;off&#8221; hover_enabled=&#8221;0&#8243;]<\/p>\n<h4 style=\"text-align: justify;\"><em>&#8220;Realmente es un sue\u00f1o ver c\u00f3mo los j\u00f3venes salen preparados y dispuestos para aportarle a Guatemala\u201d.<\/em><\/h4>\n<p>[\/et_pb_testimonial][\/et_pb_column][et_pb_column type=&#8221;3_5&#8243; _builder_version=&#8221;4.0.4&#8243;][et_pb_video src=&#8221;https:\/\/youtu.be\/QdVJ1EIRgG8&#8243; _builder_version=&#8221;4.0.6&#8243; hover_enabled=&#8221;0&#8243;][\/et_pb_video][\/et_pb_column][\/et_pb_row][\/et_pb_section][et_pb_section fb_built=&#8221;1&#8243; _builder_version=&#8221;4.0.4&#8243; custom_padding=&#8221;14px|||||&#8221;][et_pb_row _builder_version=&#8221;4.0.4&#8243;][et_pb_column type=&#8221;4_4&#8243; _builder_version=&#8221;4.0.4&#8243;][et_pb_text _builder_version=&#8221;4.0.4&#8243;]<\/p>\n<h1>GALER\u00cdA<\/h1>\n<p>[\/et_pb_text][\/et_pb_column][\/et_pb_row][et_pb_row _builder_version=&#8221;4.0.6&#8243;][et_pb_column _builder_version=&#8221;4.0.6&#8243; type=&#8221;4_4&#8243;][et_pb_gallery _builder_version=&#8221;4.0.6&#8243; gallery_ids=&#8221;439,435,436,437,438,434,432,431,433,428,429,430,427,423,426,425,424,419,420,421,422,417,418&#8243; hover_enabled=&#8221;0&#8243; posts_number=&#8221;20&#8243; pagination_text_color=&#8221;#000000&#8243; pagination_font=&#8221;|800|||||||&#8221; show_title_and_caption=&#8221;off&#8221;][\/et_pb_gallery][\/et_pb_column][\/et_pb_row][\/et_pb_section]<\/p>\n","protected":false},"excerpt":{"rendered":"<p>FASHION SHOW 2017 El mi\u00e9rcoles 22 de noviembre 2018,\u00a0 se realiz\u00f3 la \u201cPasarela Moda INTECAP 2017\u201d en el Parque Mundo Petapa del IRTRA en la zona 12, exponiendo todos los conocimientos de los participantes de las carreras de vestuario y textiles. Inspirados en el m\u00e1ximo referente de literatura nacional, se busc\u00f3 a trav\u00e9s de las [&hellip;]<\/p>\n","protected":false},"author":1,"featured_media":0,"parent":0,"menu_order":0,"comment_status":"closed","ping_status":"closed","template":"","meta":{"_et_pb_use_builder":"on","_et_pb_old_content":"","_et_gb_content_width":"","footnotes":""},"class_list":["post-392","page","type-page","status-publish","hentry"],"_links":{"self":[{"href":"https:\/\/intecap.edu.gt\/modaintecap\/wp-json\/wp\/v2\/pages\/392","targetHints":{"allow":["GET"]}}],"collection":[{"href":"https:\/\/intecap.edu.gt\/modaintecap\/wp-json\/wp\/v2\/pages"}],"about":[{"href":"https:\/\/intecap.edu.gt\/modaintecap\/wp-json\/wp\/v2\/types\/page"}],"author":[{"embeddable":true,"href":"https:\/\/intecap.edu.gt\/modaintecap\/wp-json\/wp\/v2\/users\/1"}],"replies":[{"embeddable":true,"href":"https:\/\/intecap.edu.gt\/modaintecap\/wp-json\/wp\/v2\/comments?post=392"}],"version-history":[{"count":8,"href":"https:\/\/intecap.edu.gt\/modaintecap\/wp-json\/wp\/v2\/pages\/392\/revisions"}],"predecessor-version":[{"id":452,"href":"https:\/\/intecap.edu.gt\/modaintecap\/wp-json\/wp\/v2\/pages\/392\/revisions\/452"}],"wp:attachment":[{"href":"https:\/\/intecap.edu.gt\/modaintecap\/wp-json\/wp\/v2\/media?parent=392"}],"curies":[{"name":"wp","href":"https:\/\/api.w.org\/{rel}","templated":true}]}}