{"id":56,"date":"2019-11-04T10:21:12","date_gmt":"2019-11-04T16:21:12","guid":{"rendered":"https:\/\/intecap.edu.gt\/modaintecap\/?page_id=56"},"modified":"2019-11-13T08:53:53","modified_gmt":"2019-11-13T14:53:53","slug":"moda-intecap-2018","status":"publish","type":"page","link":"https:\/\/intecap.edu.gt\/modaintecap\/moda-intecap-2018\/","title":{"rendered":"Moda INTECAP 2018"},"content":{"rendered":"<p>[et_pb_section fb_built=&#8221;1&#8243; custom_padding_last_edited=&#8221;on|desktop&#8221; admin_label=&#8221;Header&#8221; _builder_version=&#8221;4.0.4&#8243; background_color=&#8221;#242424&#8243; background_enable_image=&#8221;off&#8221; background_size=&#8221;initial&#8221; custom_padding=&#8221;0vw||0vw||false|&#8221; custom_padding_tablet=&#8221;0vw||20vw&#8221; custom_padding_phone=&#8221;&#8221;][et_pb_row _builder_version=&#8221;4.0.6&#8243; background_color=&#8221;rgba(0,0,0,0)&#8221; background_image=&#8221;https:\/\/intecap.edu.gt\/modaintecap\/wp-content\/uploads\/2019\/11\/modaintecap2018.jpg&#8221; background_size=&#8221;initial&#8221; width=&#8221;100%&#8221; max_width=&#8221;none&#8221; custom_margin=&#8221;0px||||false|false&#8221; custom_padding=&#8221;0px||0px||true|false&#8221; make_equal=&#8221;on&#8221;][et_pb_column type=&#8221;4_4&#8243; _builder_version=&#8221;4.0.4&#8243; custom_padding=&#8221;0px|19px|19px|0px|false|false&#8221;][et_pb_image src=&#8221;https:\/\/intecap.edu.gt\/modaintecap\/wp-content\/uploads\/2019\/10\/logomoda.png&#8221; align=&#8221;center&#8221; _builder_version=&#8221;4.0.6&#8243; width=&#8221;100%&#8221; max_width=&#8221;100%&#8221; min_height=&#8221;100px&#8221; height=&#8221;358px&#8221; custom_margin=&#8221;0px|0px||0px|false|false&#8221; custom_padding=&#8221;|0px||||&#8221; animation_style=&#8221;zoom&#8221; animation_duration=&#8221;50ms&#8221; animation_intensity_zoom=&#8221;25%&#8221; hover_enabled=&#8221;0&#8243;][\/et_pb_image][et_pb_image _builder_version=&#8221;4.0.4&#8243; width=&#8221;26%&#8221; max_width=&#8221;100%&#8221; module_alignment=&#8221;left&#8221; custom_margin=&#8221;-29px|||||&#8221; animation_style=&#8221;zoom&#8221; animation_duration=&#8221;50ms&#8221; animation_intensity_zoom=&#8221;25%&#8221;][\/et_pb_image][\/et_pb_column][\/et_pb_row][et_pb_row column_structure=&#8221;1_2,1_2&#8243; make_equal=&#8221;on&#8221; _builder_version=&#8221;4.0.4&#8243; background_color=&#8221;#ffffff&#8221; max_width=&#8221;1900px&#8221; module_alignment=&#8221;center&#8221; custom_margin=&#8221;-20px|auto||auto||&#8221; custom_padding=&#8221;46px|93px||||&#8221;][et_pb_column type=&#8221;1_2&#8243; _builder_version=&#8221;4.0.4&#8243;][et_pb_text _builder_version=&#8221;4.0.6&#8243; text_font_size=&#8221;17px&#8221; header_font=&#8221;|700|||||||&#8221; header_font_size=&#8221;44px&#8221; custom_margin=&#8221;|-45px||56px|false|false&#8221; custom_padding=&#8221;|0px||4px|false|false&#8221; hover_enabled=&#8221;0&#8243;]<\/p>\n<h1>FASHION SHOW 2018<\/h1>\n<p style=\"text-align: justify;\">El viernes 23 de noviembre 2018,\u00a0 estudiantes de la carrera T\u00e9cnico en Dise\u00f1o del Vestuario del Centro de Capacitaci\u00f3n Guatemala 1; Modistas de los Centros de Capacitaci\u00f3n Jalapa, Escuintla 2 y zona 10 participaron en una pasarela donde se observaron diversas colecciones femeninas y masculinas que fueron de lo casual a lo formal, de lo cl\u00e1sico a lo vanguardista, prendas que hicieron referencia a la tendencia oto\u00f1o-invierno 2019, \u00a0donde resaltaron los colores s\u00f3lidos en gamas de corinto, naranja, magenta, verde aqua y azul media noche.<\/p>\n<p style=\"text-align: justify;\">\n<p>[\/et_pb_text][\/et_pb_column][et_pb_column type=&#8221;1_2&#8243; _builder_version=&#8221;4.0.4&#8243;][et_pb_image src=&#8221;https:\/\/intecap.edu.gt\/modaintecap\/wp-content\/uploads\/2019\/11\/DSC0448.jpg&#8221; _builder_version=&#8221;4.0.6&#8243; hover_enabled=&#8221;0&#8243; align=&#8221;center&#8221; show_bottom_space=&#8221;off&#8221; background_color=&#8221;rgba(0,0,0,0)&#8221; custom_padding=&#8221;|||39px||&#8221; custom_margin=&#8221;|-52px||||&#8221;][\/et_pb_image][\/et_pb_column][\/et_pb_row][et_pb_row column_structure=&#8221;1_2,1_2&#8243; make_equal=&#8221;on&#8221; _builder_version=&#8221;4.0.4&#8243; background_color=&#8221;#ffffff&#8221; max_width=&#8221;1900px&#8221; module_alignment=&#8221;center&#8221; custom_margin=&#8221;-20px|auto||auto||&#8221; custom_padding=&#8221;46px|93px||||&#8221;][et_pb_column type=&#8221;1_2&#8243; _builder_version=&#8221;4.0.4&#8243;][et_pb_image src=&#8221;https:\/\/intecap.edu.gt\/modaintecap\/wp-content\/uploads\/2019\/11\/semanadelamoda1.jpg&#8221; _builder_version=&#8221;4.0.4&#8243; custom_margin=&#8221;|-56px||||&#8221; custom_padding=&#8221;|||40px||&#8221;][\/et_pb_image][\/et_pb_column][et_pb_column type=&#8221;1_2&#8243; _builder_version=&#8221;4.0.4&#8243;][et_pb_text _builder_version=&#8221;4.0.4&#8243; text_font_size=&#8221;17px&#8221; header_font=&#8221;|700|||||||&#8221; header_font_size=&#8221;44px&#8221; custom_margin=&#8221;|-45px||56px|false|false&#8221; custom_padding=&#8221;|0px||4px|false|false&#8221;]<\/p>\n<h1>SEMANA DE LA MODA<\/h1>\n<p style=\"text-align: justify;\">Durante sus 46 a\u00f1os, el INTECAP ha ofrecido m\u00e1s de 70 especialidades para el desarrollo de formaci\u00f3n profesional en Guatemala, el Sector Textil es exigente y es parte de la innovaci\u00f3n que vive nuestra sociedad, es as\u00ed como, el INTECAP en su oferta formativa ofrece carreras para tecnificaci\u00f3n de esta \u00e1rea.<\/p>\n<p style=\"text-align: justify;\">En la &#8220;Semana de laModa INTECAP\u201d, se ofreci\u00f3 capacitaci\u00f3n en el tema textil y se mostr\u00f3 las habilidades desarrolladas a trav\u00e9s de las t\u00e9cnicas de formaci\u00f3n profesional de los instructores a los estudiantes, demostrando as\u00ed el compromiso que posee el INTECAP con este sector empresarial.<\/p>\n<p style=\"text-align: justify;\">[\/et_pb_text][\/et_pb_column][\/et_pb_row][\/et_pb_section][et_pb_section fb_built=&#8221;1&#8243; fullwidth=&#8221;on&#8221; _builder_version=&#8221;4.0.4&#8243;][et_pb_fullwidth_header title=&#8221;FORO: LA MODA EN EL TIEMPO DEL BIG DATA&#8221; _builder_version=&#8221;4.0.6&#8243; title_font=&#8221;||||||||&#8221; title_text_color=&#8221;#ffffff&#8221; title_font_size=&#8221;44px&#8221; title_line_height=&#8221;1.2em&#8221; content_text_align=&#8221;left&#8221; content_line_height=&#8221;1.3em&#8221; subhead_font_size=&#8221;41px&#8221; background_color=&#8221;#e01f45&#8243; custom_margin=&#8221;-1px||||false|false&#8221; custom_padding=&#8221;39px||||false|false&#8221; hover_enabled=&#8221;0&#8243; title_text_shadow_style=&#8221;preset4&#8243; text_orientation=&#8221;center&#8221;]<\/p>\n<blockquote>\n<h4 style=\"text-align: justify;\">Previo a la pasarela, se realiz\u00f3 un Foro llamado: \u201c<strong>La Moda en el tiempo del Big Data&#8221;<\/strong>, ya que el Big Data permite a las marcas dise\u00f1ar prendas adecuadas y precisas a las necesidades del consumidor.\u00a0\u00a0 Por medio del an\u00e1lisis de datos, el sector textil puede obtener \u00e9xitos por conocer y ofrecer nuevas tendencias y colecciones de dise\u00f1os a trav\u00e9s de los datos conseguidos.\u00a0 El INTECAP realiz\u00f3 este foro, para presentar al sector textil expertos en temas de vanguardia y que su exposici\u00f3n marque nuevas tendencias en el desarrollo en esta industria.<\/h4>\n<\/blockquote>\n<p>[\/et_pb_fullwidth_header][et_pb_fullwidth_header title=&#8221;CONFERENCISTAS &#8221; _builder_version=&#8221;4.0.6&#8243; title_font=&#8221;||||||||&#8221; title_text_color=&#8221;#ffffff&#8221; title_font_size=&#8221;44px&#8221; title_line_height=&#8221;1.2em&#8221; content_text_align=&#8221;left&#8221; content_line_height=&#8221;1.3em&#8221; subhead_font_size=&#8221;41px&#8221; background_color=&#8221;#198d9f&#8221; custom_margin=&#8221;-1px||||false|false&#8221; custom_padding=&#8221;39px||15px||false|false&#8221; hover_enabled=&#8221;0&#8243; title_text_shadow_style=&#8221;preset4&#8243; text_orientation=&#8221;center&#8221;]<\/p>\n<blockquote>\n<ul>\n<li>\n<h4>Nery Guzm\u00e1n, tema: \u201c<strong>Big Data\u201d<\/strong><\/h4>\n<\/li>\n<li>\n<h4>Jennifer Donis, tema: &#8220;<strong>El Big Data herramienta para generar tendencias de moda<\/strong>&#8220;<\/h4>\n<\/li>\n<li>\n<h4>Roberto Matheu, tema: \u201c<strong>De\u00a0productor de garaje a exportador<\/strong>\u201d<\/h4>\n<\/li>\n<li>\n<h4>Estuardo Novales, tema: <strong>\u201cLa industria textil y el BIG DATA\u201d<\/strong><\/h4>\n<\/li>\n<\/ul>\n<\/blockquote>\n<p>[\/et_pb_fullwidth_header][\/et_pb_section][et_pb_section fb_built=&#8221;1&#8243; _builder_version=&#8221;4.0.4&#8243;][et_pb_row column_structure=&#8221;2_5,3_5&#8243; _builder_version=&#8221;4.0.4&#8243; max_width=&#8221;1400px&#8221;][et_pb_column type=&#8221;2_5&#8243; _builder_version=&#8221;4.0.4&#8243;][et_pb_testimonial author=&#8221;Susana Mazariegos&#8221; job_title=&#8221;Coordinadora de Actividades, de Moda &#8221; company_name=&#8221;INTECAP&#8221; _builder_version=&#8221;4.0.4&#8243; author_text_color=&#8221;#0c71c3&#8243; author_font_size=&#8221;20px&#8221; use_background_color=&#8221;off&#8221;]<\/p>\n<h4 style=\"text-align: justify;\"><em>&#8220;Con esta pasarela buscamos mantener el posicionamiento de las carreras del INTECAP en el \u00c1rea Textil como un referente de moda en el pa\u00eds y evidenciar la excelencia de nuestros participantes&#8221;<\/em><\/h4>\n<p>[\/et_pb_testimonial][et_pb_testimonial author=&#8221;Lda. Nora Oliveros&#8221; job_title=&#8221;Jefe del Taller de Textil.&#8221; company_name=&#8221;INTECAP&#8221; _builder_version=&#8221;4.0.4&#8243; author_text_color=&#8221;#0c71c3&#8243; author_font_size=&#8221;20px&#8221; use_background_color=&#8221;off&#8221;]<\/p>\n<h4 style=\"text-align: justify;\"><em>\u201cLa finalidad en esta semana, es ofrecer capacitaci\u00f3n, oportunidad de negocios y exposiciones, sirviendo de plataforma s\u00f3lida para los estudiantes del INTECAP, as\u00ed mismo, dar a conocer sus habilidades en el \u00e1rea de textil y vestuario en donde se encontrar\u00e1n en un ambiente sano de competitividad demostrando sus habilidades y destrezas\u201d.<\/em><\/h4>\n<p>[\/et_pb_testimonial][\/et_pb_column][et_pb_column type=&#8221;3_5&#8243; _builder_version=&#8221;4.0.4&#8243;][et_pb_video src=&#8221;https:\/\/www.youtube.com\/watch?v=LRlXbay7-gg&#8221; _builder_version=&#8221;4.0.4&#8243;][\/et_pb_video][\/et_pb_column][\/et_pb_row][\/et_pb_section][et_pb_section fb_built=&#8221;1&#8243; _builder_version=&#8221;4.0.4&#8243; custom_padding=&#8221;14px|||||&#8221;][et_pb_row _builder_version=&#8221;4.0.4&#8243;][et_pb_column type=&#8221;4_4&#8243; _builder_version=&#8221;4.0.4&#8243;][et_pb_text _builder_version=&#8221;4.0.4&#8243;]<\/p>\n<h1>GALER\u00cdA<\/h1>\n<p>[\/et_pb_text][et_pb_gallery gallery_ids=&#8221;74,75,76,77,78,79,80,81,82,83,84,85,86,87,88,89,90,91,92,93,94,95,96,97,98,99,100,101,102,103,104,105,106,107,108,109,110,111,112,113,114,115,116,117,118,119,120,121,122,123,124,125,126,127,128,129,130,131,132,133,134,135,136,137,138,139,140,141,142,143,144,145,146,147,148,149,150,151,152,153,154,155,156,157,158,159,160,161,162,163,164,165,166,167,168,169,170,171,172,173,174,175,176,177,178,179,180,181,182,183,184,185,186,187,188,189,190,191,192,193,194,195,196,197,198,199,200,201,202,203,204,205,206,207,208,209,210,211,212,213,214,215,216,217,218,219,220,221,222,223,224,225,226,227,228,229,230,231,232,233,234,235,236,237,238,239,240,241,242,243,244,245,246,247,248,249,250,251,252,253,254,255,256,257,258,259,260,261,262,263,264,265,266,267,268,269,270,271,272,273,274,275,276,277,278&#8243; posts_number=&#8221;20&#8243; show_title_and_caption=&#8221;off&#8221; hover_overlay_color=&#8221;#000000&#8243; hover_icon=&#8221;%%47%%&#8221; _builder_version=&#8221;4.0.4&#8243; background_color=&#8221;rgba(0,0,0,0)&#8221; width=&#8221;100%&#8221; max_width=&#8221;100%&#8221; custom_margin=&#8221;|||0px|false|false&#8221; custom_padding=&#8221;0px|||0px|false|false&#8221; border_color_all=&#8221;rgba(0,0,0,0)&#8221;][\/et_pb_gallery][\/et_pb_column][\/et_pb_row][\/et_pb_section]<\/p>\n","protected":false},"excerpt":{"rendered":"<p>FASHION SHOW 2018 El viernes 23 de noviembre 2018,\u00a0 estudiantes de la carrera T\u00e9cnico en Dise\u00f1o del Vestuario del Centro de Capacitaci\u00f3n Guatemala 1; Modistas de los Centros de Capacitaci\u00f3n Jalapa, Escuintla 2 y zona 10 participaron en una pasarela donde se observaron diversas colecciones femeninas y masculinas que fueron de lo casual a lo [&hellip;]<\/p>\n","protected":false},"author":1,"featured_media":0,"parent":0,"menu_order":0,"comment_status":"closed","ping_status":"closed","template":"","meta":{"_et_pb_use_builder":"on","_et_pb_old_content":"","_et_gb_content_width":"","footnotes":""},"class_list":["post-56","page","type-page","status-publish","hentry"],"_links":{"self":[{"href":"https:\/\/intecap.edu.gt\/modaintecap\/wp-json\/wp\/v2\/pages\/56","targetHints":{"allow":["GET"]}}],"collection":[{"href":"https:\/\/intecap.edu.gt\/modaintecap\/wp-json\/wp\/v2\/pages"}],"about":[{"href":"https:\/\/intecap.edu.gt\/modaintecap\/wp-json\/wp\/v2\/types\/page"}],"author":[{"embeddable":true,"href":"https:\/\/intecap.edu.gt\/modaintecap\/wp-json\/wp\/v2\/users\/1"}],"replies":[{"embeddable":true,"href":"https:\/\/intecap.edu.gt\/modaintecap\/wp-json\/wp\/v2\/comments?post=56"}],"version-history":[{"count":16,"href":"https:\/\/intecap.edu.gt\/modaintecap\/wp-json\/wp\/v2\/pages\/56\/revisions"}],"predecessor-version":[{"id":404,"href":"https:\/\/intecap.edu.gt\/modaintecap\/wp-json\/wp\/v2\/pages\/56\/revisions\/404"}],"wp:attachment":[{"href":"https:\/\/intecap.edu.gt\/modaintecap\/wp-json\/wp\/v2\/media?parent=56"}],"curies":[{"name":"wp","href":"https:\/\/api.w.org\/{rel}","templated":true}]}}