{"id":595,"date":"2020-11-26T15:43:40","date_gmt":"2020-11-26T21:43:40","guid":{"rendered":"https:\/\/intecap.edu.gt\/modaintecap\/?page_id=595"},"modified":"2021-11-16T15:20:26","modified_gmt":"2021-11-16T21:20:26","slug":"moda-intecap-2019","status":"publish","type":"page","link":"https:\/\/intecap.edu.gt\/modaintecap\/moda-intecap-2019\/","title":{"rendered":"Moda INTECAP 2019"},"content":{"rendered":"<p>[et_pb_section fb_built=&#8221;1&#8243; custom_padding_last_edited=&#8221;on|desktop&#8221; admin_label=&#8221;Header&#8221; _builder_version=&#8221;4.0.4&#8243; background_color=&#8221;#242424&#8243; background_enable_image=&#8221;off&#8221; background_size=&#8221;initial&#8221; custom_padding=&#8221;0vw||0vw||false|&#8221; custom_padding_tablet=&#8221;0vw||20vw&#8221; custom_padding_phone=&#8221;&#8221; global_colors_info=&#8221;{}&#8221;][et_pb_row _builder_version=&#8221;4.0.6&#8243; background_color=&#8221;rgba(0,0,0,0)&#8221; background_image=&#8221;https:\/\/intecap.edu.gt\/modaintecap\/wp-content\/uploads\/2020\/11\/banner-moda2019.jpg&#8221; background_size=&#8221;initial&#8221; width=&#8221;100%&#8221; max_width=&#8221;none&#8221; height=&#8221;450px&#8221; custom_margin=&#8221;0px||||false|false&#8221; custom_padding=&#8221;0px||0px||true|false&#8221; global_colors_info=&#8221;{}&#8221;][et_pb_column type=&#8221;4_4&#8243; _builder_version=&#8221;4.0.4&#8243; custom_padding=&#8221;0px|19px|19px|0px|false|false&#8221; global_colors_info=&#8221;{}&#8221;][et_pb_image src=&#8221;https:\/\/intecap.edu.gt\/modaintecap\/wp-content\/uploads\/2019\/10\/logomoda.png&#8221; _builder_version=&#8221;4.0.6&#8243; width=&#8221;100%&#8221; max_width=&#8221;100%&#8221; min_height=&#8221;100px&#8221; height=&#8221;358px&#8221; custom_margin=&#8221;0px|0px||209px|false|false&#8221; custom_padding=&#8221;13px|0px|||false|false&#8221; animation_style=&#8221;zoom&#8221; animation_duration=&#8221;50ms&#8221; animation_intensity_zoom=&#8221;25%&#8221; global_colors_info=&#8221;{}&#8221;][\/et_pb_image][et_pb_image _builder_version=&#8221;4.0.4&#8243; width=&#8221;26%&#8221; max_width=&#8221;100%&#8221; module_alignment=&#8221;left&#8221; custom_margin=&#8221;-29px|||||&#8221; animation_style=&#8221;zoom&#8221; animation_duration=&#8221;50ms&#8221; animation_intensity_zoom=&#8221;25%&#8221; global_colors_info=&#8221;{}&#8221;][\/et_pb_image][\/et_pb_column][\/et_pb_row][et_pb_row column_structure=&#8221;1_2,1_2&#8243; make_equal=&#8221;on&#8221; _builder_version=&#8221;4.0.4&#8243; background_color=&#8221;#ffffff&#8221; max_width=&#8221;1900px&#8221; module_alignment=&#8221;center&#8221; custom_margin=&#8221;-20px|auto||auto||&#8221; custom_padding=&#8221;46px|93px||||&#8221; global_colors_info=&#8221;{}&#8221;][et_pb_column type=&#8221;1_2&#8243; _builder_version=&#8221;4.0.4&#8243; global_colors_info=&#8221;{}&#8221;][et_pb_text _builder_version=&#8221;4.0.6&#8243; text_font_size=&#8221;17px&#8221; header_font=&#8221;|700|||||||&#8221; header_font_size=&#8221;44px&#8221; custom_margin=&#8221;|-45px||56px|false|false&#8221; custom_padding=&#8221;|0px||4px|false|false&#8221; global_colors_info=&#8221;{}&#8221;]<\/p>\n<h1>MODA INTECAP 2019<\/h1>\n<p style=\"text-align: justify;\">La Plaza Divertida del IRTRA Petapa, se llen\u00f3 de creatividad, color, texturas y boga por los 81 participantes de las carreras de Modista y T\u00e9cnico en Dise\u00f1o Industrial del Vestuario del INTECAP, quienes expresaron su talento a trav\u00e9s de dise\u00f1os confeccionados durante los meses de octubre y parte de noviembre.<\/p>\n<p style=\"text-align: justify;\">El INTECAP como Instituci\u00f3n l\u00edder en capacitaci\u00f3n, est\u00e1 consciente de los cambios que surgen dentro del mercado textil por lo cual ve importante enfocarse en el DISRUPT DE LA MODA que est\u00e1 cambiando la forma de dise\u00f1ar, producir y vender en esta industria, ya que ahora es el cliente quien propone sus ideas al dise\u00f1ador, sin que \u00e9ste pierda por ello su esencia.<\/p>\n<p style=\"text-align: justify;\">[\/et_pb_text][\/et_pb_column][et_pb_column type=&#8221;1_2&#8243; _builder_version=&#8221;4.0.4&#8243; global_colors_info=&#8221;{}&#8221;][et_pb_image src=&#8221;https:\/\/intecap.edu.gt\/modaintecap\/wp-content\/uploads\/2020\/11\/fashion-2019.jpg&#8221; show_bottom_space=&#8221;off&#8221; align=&#8221;center&#8221; _builder_version=&#8221;4.0.6&#8243; background_color=&#8221;rgba(0,0,0,0)&#8221; custom_margin=&#8221;|-52px||||&#8221; custom_padding=&#8221;|||39px||&#8221; global_colors_info=&#8221;{}&#8221;][\/et_pb_image][\/et_pb_column][\/et_pb_row][et_pb_row column_structure=&#8221;1_2,1_2&#8243; make_equal=&#8221;on&#8221; _builder_version=&#8221;4.0.4&#8243; background_color=&#8221;#ffffff&#8221; max_width=&#8221;1900px&#8221; module_alignment=&#8221;center&#8221; custom_margin=&#8221;-20px|auto||auto||&#8221; custom_padding=&#8221;46px|93px||||&#8221; global_colors_info=&#8221;{}&#8221;][et_pb_column type=&#8221;1_2&#8243; _builder_version=&#8221;4.0.4&#8243; global_colors_info=&#8221;{}&#8221;][et_pb_image src=&#8221;https:\/\/intecap.edu.gt\/modaintecap\/wp-content\/uploads\/2019\/11\/semanadelamoda1.jpg&#8221; _builder_version=&#8221;4.0.4&#8243; custom_margin=&#8221;|-56px||||&#8221; custom_padding=&#8221;|||40px||&#8221; global_colors_info=&#8221;{}&#8221;][\/et_pb_image][\/et_pb_column][et_pb_column type=&#8221;1_2&#8243; _builder_version=&#8221;4.0.4&#8243; global_colors_info=&#8221;{}&#8221;][et_pb_text _builder_version=&#8221;4.0.6&#8243; text_font_size=&#8221;17px&#8221; header_font=&#8221;|700|||||||&#8221; header_font_size=&#8221;44px&#8221; custom_margin=&#8221;|-45px||56px|false|false&#8221; custom_padding=&#8221;|0px||4px|false|false&#8221; global_colors_info=&#8221;{}&#8221;]<\/p>\n<h1>+ de 150 dise\u00f1os y tendencia primavera-verano<\/h1>\n<p style=\"text-align: justify;\">Elaborados con diferentes textiles, accesorios, pedrer\u00edas, telas sublimadas y serigraf\u00eda, en escenario se presentaron m\u00e1s de 150 dise\u00f1os, entre ellos, vestidos de novia y la tendencia de primavera-verano 2020 en estilos sport, casual, formal y de gala.<\/p>\n<p style=\"text-align: justify;\">Los dise\u00f1os presentados fueron inspirados en: El Disrupt de la Moda, Pintores Guatemaltecos, La Naturaleza, Estructuras Met\u00e1licas, entre otros. Los vestidos de novia fueron confeccionados por los estudiantes de la carrera de Modista de la Regi\u00f3n Central y la Sur del INTECAP.<\/p>\n<p style=\"text-align: justify;\">[\/et_pb_text][\/et_pb_column][\/et_pb_row][\/et_pb_section][et_pb_section fb_built=&#8221;1&#8243; fullwidth=&#8221;on&#8221; _builder_version=&#8221;4.0.4&#8243; global_colors_info=&#8221;{}&#8221;][et_pb_fullwidth_header title=&#8221;FORO: EL DISRUPT DE LA MODA&#8221; text_orientation=&#8221;center&#8221; _builder_version=&#8221;4.0.6&#8243; title_font=&#8221;||||||||&#8221; title_text_color=&#8221;#ffffff&#8221; title_font_size=&#8221;44px&#8221; title_line_height=&#8221;1.2em&#8221; content_text_align=&#8221;left&#8221; content_line_height=&#8221;1.3em&#8221; subhead_font_size=&#8221;41px&#8221; background_color=&#8221;#430077&#8243; custom_margin=&#8221;-1px||||false|false&#8221; custom_padding=&#8221;39px||||false|false&#8221; title_text_shadow_style=&#8221;preset4&#8243; global_colors_info=&#8221;{}&#8221;]<\/p>\n<blockquote>\n<h3 style=\"text-align: justify;\">Previo a la pasarela, se realiz\u00f3 el Foro \u201cEl Disrupt de la Moda\u201d, dirigido a empresarios como una forma de capacitaci\u00f3n, donde cada panelista expuso referente a este tema las nuevas tendencias en el desarrollo del sector textil, pues actualmente las colecciones de prendas deben ser flexibles para satisfacer las necesidades del cliente.<\/h3>\n<\/blockquote>\n<p>[\/et_pb_fullwidth_header][et_pb_fullwidth_header title=&#8221;CONFERENCISTAS &#8221; text_orientation=&#8221;center&#8221; disabled_on=&#8221;on|on|on&#8221; _builder_version=&#8221;4.0.6&#8243; title_font=&#8221;||||||||&#8221; title_text_color=&#8221;#ffffff&#8221; title_font_size=&#8221;44px&#8221; title_line_height=&#8221;1.2em&#8221; content_text_align=&#8221;left&#8221; content_line_height=&#8221;1.3em&#8221; subhead_font_size=&#8221;41px&#8221; background_color=&#8221;#198d9f&#8221; custom_margin=&#8221;-1px||||false|false&#8221; custom_padding=&#8221;39px||15px||false|false&#8221; title_text_shadow_style=&#8221;preset4&#8243; disabled=&#8221;on&#8221; global_colors_info=&#8221;{}&#8221;]<\/p>\n<blockquote>\n<ul>\n<li>\n<h4>Nery Guzm\u00e1n, tema: \u201c<strong>Big Data\u201d<\/strong><\/h4>\n<\/li>\n<li>\n<h4>Jennifer Donis, tema: &#8220;<strong>El Big Data herramienta para generar tendencias de moda<\/strong>&#8220;<\/h4>\n<\/li>\n<li>\n<h4>Roberto Matheu, tema: \u201c<strong>De\u00a0productor de garaje a exportador<\/strong>\u201d<\/h4>\n<\/li>\n<li>\n<h4>Estuardo Novales, tema: <strong>\u201cLa industria textil y el BIG DATA\u201d<\/strong><\/h4>\n<\/li>\n<\/ul>\n<\/blockquote>\n<p>[\/et_pb_fullwidth_header][\/et_pb_section][et_pb_section fb_built=&#8221;1&#8243; _builder_version=&#8221;4.0.4&#8243; global_colors_info=&#8221;{}&#8221;][et_pb_row column_structure=&#8221;2_5,3_5&#8243; _builder_version=&#8221;4.0.4&#8243; max_width=&#8221;1400px&#8221; global_colors_info=&#8221;{}&#8221;][et_pb_column type=&#8221;2_5&#8243; _builder_version=&#8221;4.0.4&#8243; global_colors_info=&#8221;{}&#8221;][et_pb_testimonial author=&#8221;Licda. Nora Oliveros&#8221; job_title=&#8221;Jefe Taller Textil&#8221; company_name=&#8221;INTECAP&#8221; _builder_version=&#8221;4.0.6&#8243; author_text_color=&#8221;#0c71c3&#8243; author_font_size=&#8221;20px&#8221; use_background_color=&#8221;off&#8221; global_colors_info=&#8221;{}&#8221;]<\/p>\n<h4 style=\"text-align: justify;\"><em>&#8220;\u201cEl objetivo de esta pasarela fue ofrecer a los participantes un evento de primer nivel que les sirva como plataforma para exponer sus dise\u00f1os ante el sector empresarial textil\u201d\u00a0<\/em><\/h4>\n<p>[\/et_pb_testimonial][\/et_pb_column][et_pb_column type=&#8221;3_5&#8243; _builder_version=&#8221;4.0.4&#8243; global_colors_info=&#8221;{}&#8221;][et_pb_video src=&#8221;https:\/\/youtu.be\/NjmJdEkkvrk&#8221; _builder_version=&#8221;4.0.6&#8243; global_colors_info=&#8221;{}&#8221;][\/et_pb_video][\/et_pb_column][\/et_pb_row][\/et_pb_section][et_pb_section fb_built=&#8221;1&#8243; _builder_version=&#8221;4.0.4&#8243; custom_padding=&#8221;14px|||||&#8221; global_colors_info=&#8221;{}&#8221;][et_pb_row _builder_version=&#8221;4.0.4&#8243; global_colors_info=&#8221;{}&#8221;][et_pb_column type=&#8221;4_4&#8243; _builder_version=&#8221;4.0.4&#8243; global_colors_info=&#8221;{}&#8221;][et_pb_text _builder_version=&#8221;4.0.4&#8243; global_colors_info=&#8221;{}&#8221;]<\/p>\n<h1>GALER\u00cdA<\/h1>\n<p>[\/et_pb_text][et_pb_gallery gallery_ids=&#8221;606,607,608,609,610,611,612,613,614,615,616,617,618,619,620,621,622,623,624,625,626,627,628,629,630,631,632,633,634,635,636,637,638,639,640,641,642,643,644,645&#8243; posts_number=&#8221;25&#8243; show_title_and_caption=&#8221;off&#8221; _builder_version=&#8221;4.0.6&#8243; global_colors_info=&#8221;{}&#8221;][\/et_pb_gallery][\/et_pb_column][\/et_pb_row][\/et_pb_section]<\/p>\n","protected":false},"excerpt":{"rendered":"<p>MODA INTECAP 2019 La Plaza Divertida del IRTRA Petapa, se llen\u00f3 de creatividad, color, texturas y boga por los 81 participantes de las carreras de Modista y T\u00e9cnico en Dise\u00f1o Industrial del Vestuario del INTECAP, quienes expresaron su talento a trav\u00e9s de dise\u00f1os confeccionados durante los meses de octubre y parte de noviembre. El INTECAP [&hellip;]<\/p>\n","protected":false},"author":1,"featured_media":0,"parent":0,"menu_order":0,"comment_status":"closed","ping_status":"closed","template":"","meta":{"_et_pb_use_builder":"on","_et_pb_old_content":"","_et_gb_content_width":"","footnotes":""},"class_list":["post-595","page","type-page","status-publish","hentry"],"_links":{"self":[{"href":"https:\/\/intecap.edu.gt\/modaintecap\/wp-json\/wp\/v2\/pages\/595","targetHints":{"allow":["GET"]}}],"collection":[{"href":"https:\/\/intecap.edu.gt\/modaintecap\/wp-json\/wp\/v2\/pages"}],"about":[{"href":"https:\/\/intecap.edu.gt\/modaintecap\/wp-json\/wp\/v2\/types\/page"}],"author":[{"embeddable":true,"href":"https:\/\/intecap.edu.gt\/modaintecap\/wp-json\/wp\/v2\/users\/1"}],"replies":[{"embeddable":true,"href":"https:\/\/intecap.edu.gt\/modaintecap\/wp-json\/wp\/v2\/comments?post=595"}],"version-history":[{"count":9,"href":"https:\/\/intecap.edu.gt\/modaintecap\/wp-json\/wp\/v2\/pages\/595\/revisions"}],"predecessor-version":[{"id":854,"href":"https:\/\/intecap.edu.gt\/modaintecap\/wp-json\/wp\/v2\/pages\/595\/revisions\/854"}],"wp:attachment":[{"href":"https:\/\/intecap.edu.gt\/modaintecap\/wp-json\/wp\/v2\/media?parent=595"}],"curies":[{"name":"wp","href":"https:\/\/api.w.org\/{rel}","templated":true}]}}