{"id":667,"date":"2020-12-01T10:50:46","date_gmt":"2020-12-01T16:50:46","guid":{"rendered":"https:\/\/intecap.edu.gt\/modaintecap\/?page_id=667"},"modified":"2022-10-11T11:02:06","modified_gmt":"2022-10-11T17:02:06","slug":"modaintecap2020","status":"publish","type":"page","link":"https:\/\/intecap.edu.gt\/modaintecap\/modaintecap2020\/","title":{"rendered":"Moda INTECAP 2020"},"content":{"rendered":"<p>[et_pb_section fb_built=&#8221;1&#8243; theme_builder_area=&#8221;post_content&#8221; _builder_version=&#8221;4.13.1&#8243; _module_preset=&#8221;default&#8221; custom_padding=&#8221;0px||||false|false&#8221; custom_margin=&#8221;0px||-2px||false|false&#8221; hover_enabled=&#8221;0&#8243; sticky_enabled=&#8221;0&#8243;][et_pb_row _builder_version=&#8221;4.13.1&#8243; _module_preset=&#8221;default&#8221; theme_builder_area=&#8221;post_content&#8221; title_text=&#8221;banner-moda2020&#8243; width=&#8221;100%&#8221; max_width=&#8221;1800px&#8221; hover_enabled=&#8221;0&#8243; sticky_enabled=&#8221;0&#8243; background_enable_image=&#8221;off&#8221; custom_padding=&#8221;0px||||false|false&#8221; custom_margin=&#8221;0px|auto|-52px|auto|false|false&#8221;][et_pb_column _builder_version=&#8221;4.13.1&#8243; _module_preset=&#8221;default&#8221; type=&#8221;4_4&#8243; theme_builder_area=&#8221;post_content&#8221;][et_pb_image src=&#8221;https:\/\/intecap.edu.gt\/modaintecap\/wp-content\/uploads\/2020\/12\/banner-moda2020.jpg&#8221; _builder_version=&#8221;4.13.1&#8243; _module_preset=&#8221;default&#8221; theme_builder_area=&#8221;post_content&#8221; title_text=&#8221;banner-moda2020&#8243; hover_enabled=&#8221;0&#8243; sticky_enabled=&#8221;0&#8243;][\/et_pb_image][\/et_pb_column][\/et_pb_row][\/et_pb_section][et_pb_section fb_built=&#8221;1&#8243; custom_padding_last_edited=&#8221;on|desktop&#8221; admin_label=&#8221;Header&#8221; _builder_version=&#8221;4.0.4&#8243; background_color=&#8221;#242424&#8243; background_enable_image=&#8221;off&#8221; background_size=&#8221;initial&#8221; custom_padding=&#8221;0vw||0vw||false|&#8221; custom_padding_tablet=&#8221;0vw||20vw&#8221; custom_padding_phone=&#8221;&#8221; global_colors_info=&#8221;{}&#8221; custom_margin=&#8221;-5px|||||&#8221;][et_pb_row column_structure=&#8221;1_2,1_2&#8243; make_equal=&#8221;on&#8221; _builder_version=&#8221;4.0.4&#8243; background_color=&#8221;#ffffff&#8221; max_width=&#8221;1900px&#8221; module_alignment=&#8221;center&#8221; custom_margin=&#8221;-29px|auto||auto||&#8221; custom_padding=&#8221;40px|93px||||&#8221; global_colors_info=&#8221;{}&#8221;][et_pb_column type=&#8221;1_2&#8243; _builder_version=&#8221;4.0.4&#8243; global_colors_info=&#8221;{}&#8221;][et_pb_text _builder_version=&#8221;4.0.6&#8243; text_font_size=&#8221;17px&#8221; header_font=&#8221;|700|||||||&#8221; header_font_size=&#8221;44px&#8221; custom_margin=&#8221;|-45px||56px|false|false&#8221; custom_padding=&#8221;|0px||4px|false|false&#8221; global_colors_info=&#8221;{}&#8221;]<\/p>\n<h1>MODA INTECAP 2020<\/h1>\n<h4><\/h4>\n<h4 style=\"text-align: justify;\"><strong>Ofrece a los participantes un evento de primer nivel, una plataforma que les ayude a exponer sus dise\u00f1os ante el sector empresarial textil para que pueda contar con mano de obra calificada con altos est\u00e1ndares de calidad.<\/strong><\/h4>\n<p>&nbsp;<\/p>\n<h4 style=\"text-align: justify;\">El INTECAP como Instituci\u00f3n l\u00edder en capacitaci\u00f3n, est\u00e1 consciente de los cambios que surgen dentro del mercado textil por lo cual ve importante enfocarse en el <em><strong>&#8220;THE NEW GLAM&#8221;<\/strong><\/em> que est\u00e1 cambiando la forma de dise\u00f1ar, producir y vender en esta industria, ya que ahora es el cliente quien propone sus ideas al dise\u00f1ador, sin que \u00e9ste pierda por ello su esencia<\/h4>\n<p>[\/et_pb_text][\/et_pb_column][et_pb_column type=&#8221;1_2&#8243; _builder_version=&#8221;4.0.4&#8243; global_colors_info=&#8221;{}&#8221;][et_pb_image src=&#8221;https:\/\/intecap.edu.gt\/modaintecap\/wp-content\/uploads\/2020\/12\/moda-2.jpg&#8221; show_bottom_space=&#8221;off&#8221; align=&#8221;center&#8221; _builder_version=&#8221;4.0.6&#8243; background_color=&#8221;rgba(0,0,0,0)&#8221; custom_margin=&#8221;|-52px||||&#8221; custom_padding=&#8221;|||39px||&#8221; global_colors_info=&#8221;{}&#8221;][\/et_pb_image][\/et_pb_column][\/et_pb_row][et_pb_row column_structure=&#8221;1_2,1_2&#8243; make_equal=&#8221;on&#8221; _builder_version=&#8221;4.0.4&#8243; background_color=&#8221;#ffffff&#8221; max_width=&#8221;1900px&#8221; module_alignment=&#8221;center&#8221; custom_margin=&#8221;-20px|auto||auto||&#8221; custom_padding=&#8221;46px|93px||||&#8221; global_colors_info=&#8221;{}&#8221;][et_pb_column type=&#8221;1_2&#8243; _builder_version=&#8221;4.0.4&#8243; global_colors_info=&#8221;{}&#8221;][et_pb_image src=&#8221;https:\/\/intecap.edu.gt\/modaintecap\/wp-content\/uploads\/2020\/12\/moda-3.jpg&#8221; _builder_version=&#8221;4.0.6&#8243; custom_margin=&#8221;|-56px||||&#8221; custom_padding=&#8221;|||40px||&#8221; global_colors_info=&#8221;{}&#8221;][\/et_pb_image][\/et_pb_column][et_pb_column type=&#8221;1_2&#8243; _builder_version=&#8221;4.0.4&#8243; global_colors_info=&#8221;{}&#8221;][et_pb_text _builder_version=&#8221;4.0.6&#8243; text_font_size=&#8221;17px&#8221; header_font=&#8221;|700|||||||&#8221; header_font_size=&#8221;44px&#8221; custom_margin=&#8221;|-43px||74px|false|false&#8221; custom_padding=&#8221;|0px||4px|false|false&#8221; global_colors_info=&#8221;{}&#8221;]<\/p>\n<h1>+ de 100 dise\u00f1os en el tema THE NEW GLAM<\/h1>\n<p style=\"text-align: justify;\">Todos los dise\u00f1os de los participantes de la carrera de T\u00e9cnico en Dise\u00f1o Industrial del Vestuario est\u00e1n inspirados en \u201cthe new glam \u201d, visto desde la variantes de las tendencias de moda, las cuales sufrieron un disrupt al ver que el mundo se vio expuesto a una transformaci\u00f3n total por la pandemia que estamos viviendo.<\/p>\n<p style=\"text-align: justify;\">Hoy en d\u00eda el dise\u00f1ador debe proponer una colecci\u00f3n flexible, personalizada, sostenible y vers\u00e1til, no basada en tendencias globales sino que se adapte a las necesidades del cliente en cada momento de su vida, y que concuerde con la nueva concepci\u00f3n del mundo al que nos estamos adaptando d\u00eda a d\u00eda.<\/p>\n<p style=\"text-align: justify;\">[\/et_pb_text][\/et_pb_column][\/et_pb_row][\/et_pb_section][et_pb_section fb_built=&#8221;1&#8243; fullwidth=&#8221;on&#8221; disabled_on=&#8221;on|on|on&#8221; _builder_version=&#8221;4.0.6&#8243; disabled=&#8221;on&#8221; global_colors_info=&#8221;{}&#8221;][et_pb_fullwidth_header title=&#8221;FORO: EL DISRUPT DE LA MODA&#8221; text_orientation=&#8221;center&#8221; _builder_version=&#8221;4.0.6&#8243; title_font=&#8221;||||||||&#8221; title_text_color=&#8221;#ffffff&#8221; title_font_size=&#8221;44px&#8221; title_line_height=&#8221;1.2em&#8221; content_text_align=&#8221;left&#8221; content_line_height=&#8221;1.3em&#8221; subhead_font_size=&#8221;41px&#8221; background_color=&#8221;#430077&#8243; custom_margin=&#8221;-1px||||false|false&#8221; custom_padding=&#8221;39px||||false|false&#8221; title_text_shadow_style=&#8221;preset4&#8243; global_colors_info=&#8221;{}&#8221;]<\/p>\n<blockquote>\n<h3 style=\"text-align: justify;\">Previo a la pasarela, se realiz\u00f3 el Foro \u201cEl Disrupt de la Moda\u201d, dirigido a empresarios como una forma de capacitaci\u00f3n, donde cada panelista expuso referente a este tema las nuevas tendencias en el desarrollo del sector textil, pues actualmente las colecciones de prendas deben ser flexibles para satisfacer las necesidades del cliente.<\/h3>\n<\/blockquote>\n<p>[\/et_pb_fullwidth_header][\/et_pb_section][et_pb_section fb_built=&#8221;1&#8243; _builder_version=&#8221;4.0.4&#8243; global_colors_info=&#8221;{}&#8221;][et_pb_row column_structure=&#8221;1_4,3_4&#8243; _builder_version=&#8221;4.0.6&#8243; global_colors_info=&#8221;{}&#8221;][et_pb_column type=&#8221;1_4&#8243; _builder_version=&#8221;4.0.6&#8243; global_colors_info=&#8221;{}&#8221;][et_pb_image src=&#8221;https:\/\/intecap.edu.gt\/modaintecap\/wp-content\/uploads\/2020\/12\/moda-2020-1.jpg&#8221; _builder_version=&#8221;4.0.6&#8243; global_colors_info=&#8221;{}&#8221;][\/et_pb_image][\/et_pb_column][et_pb_column type=&#8221;3_4&#8243; _builder_version=&#8221;4.0.6&#8243; global_colors_info=&#8221;{}&#8221;][et_pb_text _builder_version=&#8221;4.0.6&#8243; header_text_align=&#8221;center&#8221; header_font_size=&#8221;58px&#8221; global_colors_info=&#8221;{}&#8221;]<\/p>\n<h1>CONFERENCIAS<\/h1>\n<p>[\/et_pb_text][et_pb_text _builder_version=&#8221;4.0.6&#8243; header_2_font=&#8221;Roboto Condensed|600|||||||&#8221; header_2_font_size=&#8221;18px&#8221; header_2_line_height=&#8221;0.5em&#8221; global_colors_info=&#8221;{}&#8221;]<\/p>\n<ul>\n<li>\n<h2>Buscando un estilo propio en el new glam.<\/h2>\n<h2><\/h2>\n<\/li>\n<li>\n<h2>Reparaciones b\u00e1sicas de maquina coser plana industrial<\/h2>\n<h2><\/h2>\n<\/li>\n<li>\n<h2>Reparaciones b\u00e1sicas de m\u00e1quina de coser dom\u00e9stica<\/h2>\n<h2><\/h2>\n<\/li>\n<li>\n<h2>Taller de trazo en computadora sublimado y confecci\u00f3n de una playera<\/h2>\n<h2><\/h2>\n<\/li>\n<li>\n<h2>Resurgiendo en medio de la crisis.<\/h2>\n<h2><\/h2>\n<\/li>\n<li>\n<h2>Las tendencias para la nueva normalidad<\/h2>\n<h2><\/h2>\n<\/li>\n<li>\n<h2>C\u00f3digo de vestuario post covid<\/h2>\n<h2><\/h2>\n<\/li>\n<li>\n<h2>Bioseguridad y responsabilidad social en la industria textil.<\/h2>\n<h2><\/h2>\n<\/li>\n<li>\n<h2>Integrar la sostenibilidad en las estrategias de las empresas textiles<\/h2>\n<\/li>\n<\/ul>\n<p>[\/et_pb_text][\/et_pb_column][\/et_pb_row][et_pb_row _builder_version=&#8221;4.0.6&#8243; global_colors_info=&#8221;{}&#8221;][et_pb_column type=&#8221;4_4&#8243; _builder_version=&#8221;4.0.6&#8243; global_colors_info=&#8221;{}&#8221;][et_pb_gallery gallery_ids=&#8221;794,795,796,797,798,799,800,801,802,803,804,805,806,807,808,809,810,811,812,813,814,815,816,817,818,819,820,821,822,823,824,825,826,827,828,829,830,831,832,833,834,835,836,837,838,839,840,841,842,843,844,845,846,847,848,849,850,851,852&#8243; posts_number=&#8221;20&#8243; show_title_and_caption=&#8221;off&#8221; zoom_icon_color=&#8221;#edf000&#8243; hover_overlay_color=&#8221;rgba(0,0,0,0)&#8221; _builder_version=&#8221;4.0.6&#8243; global_colors_info=&#8221;{}&#8221;][\/et_pb_gallery][\/et_pb_column][\/et_pb_row][\/et_pb_section]<\/p>\n","protected":false},"excerpt":{"rendered":"<p>MODA INTECAP 2020 Ofrece a los participantes un evento de primer nivel, una plataforma que les ayude a exponer sus dise\u00f1os ante el sector empresarial textil para que pueda contar con mano de obra calificada con altos est\u00e1ndares de calidad. &nbsp; El INTECAP como Instituci\u00f3n l\u00edder en capacitaci\u00f3n, est\u00e1 consciente de los cambios que surgen [&hellip;]<\/p>\n","protected":false},"author":1,"featured_media":0,"parent":0,"menu_order":0,"comment_status":"closed","ping_status":"closed","template":"","meta":{"_et_pb_use_builder":"on","_et_pb_old_content":"","_et_gb_content_width":"","footnotes":""},"class_list":["post-667","page","type-page","status-publish","hentry"],"_links":{"self":[{"href":"https:\/\/intecap.edu.gt\/modaintecap\/wp-json\/wp\/v2\/pages\/667","targetHints":{"allow":["GET"]}}],"collection":[{"href":"https:\/\/intecap.edu.gt\/modaintecap\/wp-json\/wp\/v2\/pages"}],"about":[{"href":"https:\/\/intecap.edu.gt\/modaintecap\/wp-json\/wp\/v2\/types\/page"}],"author":[{"embeddable":true,"href":"https:\/\/intecap.edu.gt\/modaintecap\/wp-json\/wp\/v2\/users\/1"}],"replies":[{"embeddable":true,"href":"https:\/\/intecap.edu.gt\/modaintecap\/wp-json\/wp\/v2\/comments?post=667"}],"version-history":[{"count":22,"href":"https:\/\/intecap.edu.gt\/modaintecap\/wp-json\/wp\/v2\/pages\/667\/revisions"}],"predecessor-version":[{"id":1006,"href":"https:\/\/intecap.edu.gt\/modaintecap\/wp-json\/wp\/v2\/pages\/667\/revisions\/1006"}],"wp:attachment":[{"href":"https:\/\/intecap.edu.gt\/modaintecap\/wp-json\/wp\/v2\/media?parent=667"}],"curies":[{"name":"wp","href":"https:\/\/api.w.org\/{rel}","templated":true}]}}