{"id":983,"date":"2022-10-11T08:41:39","date_gmt":"2022-10-11T14:41:39","guid":{"rendered":"https:\/\/intecap.edu.gt\/modaintecap\/?page_id=983"},"modified":"2022-10-11T11:12:42","modified_gmt":"2022-10-11T17:12:42","slug":"modaintecap2021","status":"publish","type":"page","link":"https:\/\/intecap.edu.gt\/modaintecap\/modaintecap2021\/","title":{"rendered":"Moda INTECAP 2021"},"content":{"rendered":"<p>[et_pb_section fb_built=&#8221;1&#8243; custom_padding_last_edited=&#8221;on|desktop&#8221; admin_label=&#8221;Header&#8221; _builder_version=&#8221;4.0.4&#8243; background_color=&#8221;#242424&#8243; background_enable_image=&#8221;off&#8221; background_size=&#8221;initial&#8221; custom_padding=&#8221;0vw||0vw||false|&#8221; custom_padding_tablet=&#8221;0vw||20vw&#8221; custom_padding_phone=&#8221;&#8221; global_colors_info=&#8221;{}&#8221;][et_pb_row _builder_version=&#8221;4.13.1&#8243; background_color=&#8221;rgba(0,0,0,0)&#8221; background_image=&#8221;https:\/\/intecap.edu.gt\/modaintecap\/wp-content\/uploads\/2022\/10\/banner-moda2021.jpg&#8221; width=&#8221;100%&#8221; max_width=&#8221;none&#8221; height=&#8221;450px&#8221; custom_margin=&#8221;0px||||false|false&#8221; custom_padding=&#8221;0px||0px||true|false&#8221; global_colors_info=&#8221;{}&#8221;][et_pb_column type=&#8221;4_4&#8243; _builder_version=&#8221;4.0.4&#8243; custom_padding=&#8221;0px|19px|19px|0px|false|false&#8221; global_colors_info=&#8221;{}&#8221;][et_pb_image _builder_version=&#8221;4.0.4&#8243; width=&#8221;26%&#8221; max_width=&#8221;100%&#8221; module_alignment=&#8221;left&#8221; custom_margin=&#8221;-29px|||||&#8221; animation_style=&#8221;zoom&#8221; animation_duration=&#8221;50ms&#8221; animation_intensity_zoom=&#8221;25%&#8221; global_colors_info=&#8221;{}&#8221;][\/et_pb_image][\/et_pb_column][\/et_pb_row][et_pb_row column_structure=&#8221;1_2,1_2&#8243; make_equal=&#8221;on&#8221; _builder_version=&#8221;4.0.4&#8243; background_color=&#8221;#ffffff&#8221; max_width=&#8221;1900px&#8221; module_alignment=&#8221;center&#8221; custom_margin=&#8221;-20px|auto||auto||&#8221; custom_padding=&#8221;46px|93px||||&#8221; global_colors_info=&#8221;{}&#8221;][et_pb_column type=&#8221;1_2&#8243; _builder_version=&#8221;4.0.4&#8243; global_colors_info=&#8221;{}&#8221;][et_pb_text _builder_version=&#8221;4.13.1&#8243; text_font_size=&#8221;17px&#8221; header_font=&#8221;|700|||||||&#8221; header_font_size=&#8221;44px&#8221; custom_margin=&#8221;|-45px||56px|false|false&#8221; custom_padding=&#8221;|0px||4px|false|false&#8221; global_colors_info=&#8221;{}&#8221;]<\/p>\n<h1>MODA INTECAP 2021<\/h1>\n<h4><\/h4>\n<h4 style=\"text-align: justify;\"><strong>Ofrece a los participantes un evento de primer nivel, una plataforma que les ayude a exponer sus dise\u00f1os ante el sector empresarial textil para que pueda contar con mano de obra calificada con altos est\u00e1ndares de calidad.<\/strong><\/h4>\n<p>&nbsp;<\/p>\n<h2 style=\"text-align: justify;\"><strong>OPPORTUNITY<\/strong><\/h2>\n<h4 style=\"text-align: justify;\">En 2021 la propuesta de pasarela estuvo enfocada en presentar una nueva concepci\u00f3n del vestir en un mundo que esta librando una transici\u00f3n. Lo que busca es reafirmar el respeto al medio ambiente, proponer la reutilizaci\u00f3n de insumos y dar una nueva oportunidad al dise\u00f1o de moda.<\/h4>\n<blockquote>\n<h4 style=\"text-align: justify;\">Hoy en d\u00eda el dise\u00f1ador debe proponer una colecci\u00f3n flexible, personalizada, sostenible y vers\u00e1til, basada en Micro tendencias, y respetando los procesos sustentables.<\/h4>\n<\/blockquote>\n<p>[\/et_pb_text][\/et_pb_column][et_pb_column type=&#8221;1_2&#8243; _builder_version=&#8221;4.0.4&#8243; global_colors_info=&#8221;{}&#8221;][et_pb_image src=&#8221;https:\/\/intecap.edu.gt\/modaintecap\/wp-content\/uploads\/2022\/10\/IMG_0526.jpg&#8221; title_text=&#8221;IMG_0526&#8243; show_bottom_space=&#8221;off&#8221; align=&#8221;center&#8221; _builder_version=&#8221;4.13.1&#8243; background_color=&#8221;rgba(0,0,0,0)&#8221; custom_margin=&#8221;|-52px||||&#8221; custom_padding=&#8221;|||39px||&#8221; global_colors_info=&#8221;{}&#8221;][\/et_pb_image][\/et_pb_column][\/et_pb_row][et_pb_row column_structure=&#8221;1_2,1_2&#8243; make_equal=&#8221;on&#8221; _builder_version=&#8221;4.0.4&#8243; background_color=&#8221;#ffffff&#8221; max_width=&#8221;1900px&#8221; module_alignment=&#8221;center&#8221; custom_margin=&#8221;-20px|auto||auto||&#8221; custom_padding=&#8221;46px|93px||||&#8221; global_colors_info=&#8221;{}&#8221;][et_pb_column type=&#8221;1_2&#8243; _builder_version=&#8221;4.0.4&#8243; global_colors_info=&#8221;{}&#8221;][et_pb_image src=&#8221;https:\/\/intecap.edu.gt\/modaintecap\/wp-content\/uploads\/2022\/10\/MG_4029.jpg&#8221; title_text=&#8221;_MG_4029&#8243; _builder_version=&#8221;4.13.1&#8243; custom_margin=&#8221;|-56px||||&#8221; custom_padding=&#8221;|||40px||&#8221; global_colors_info=&#8221;{}&#8221;][\/et_pb_image][\/et_pb_column][et_pb_column type=&#8221;1_2&#8243; _builder_version=&#8221;4.0.4&#8243; global_colors_info=&#8221;{}&#8221;][et_pb_text _builder_version=&#8221;4.13.1&#8243; text_font_size=&#8221;17px&#8221; header_font=&#8221;|700|||||||&#8221; header_font_size=&#8221;44px&#8221; custom_margin=&#8221;|-43px||74px|false|false&#8221; custom_padding=&#8221;|0px||4px|false|false&#8221; global_colors_info=&#8221;{}&#8221;]<\/p>\n<h1>+ de 100 dise\u00f1os en el tema OPPORTUNITY<\/h1>\n<p style=\"text-align: justify;\">Todos los dise\u00f1os de los participantes de la carrera de T\u00e9cnico en Dise\u00f1o Industrial del Vestuario y confeccionistas est\u00e1n inspirados en \u201cla cultura y valores guatemaltecos y su trascendencia a trav\u00e9s de los a\u00f1os\u201d.<\/p>\n<p style=\"text-align: justify;\">Muchas de las prendas fueron creadas a trav\u00e9s de la reutilizaci\u00f3n textil, proponiendo dise\u00f1os sustentables para reiterar nuestro compromiso con el medio ambiente.<\/p>\n<p style=\"text-align: justify;\">[\/et_pb_text][\/et_pb_column][\/et_pb_row][\/et_pb_section][et_pb_section fb_built=&#8221;1&#8243; _builder_version=&#8221;4.0.4&#8243; custom_padding=&#8221;||15px|||&#8221; global_colors_info=&#8221;{}&#8221;][et_pb_row column_structure=&#8221;1_4,3_4&#8243; _builder_version=&#8221;4.0.6&#8243; global_colors_info=&#8221;{}&#8221;][et_pb_column type=&#8221;1_4&#8243; _builder_version=&#8221;4.0.6&#8243; global_colors_info=&#8221;{}&#8221;][et_pb_image src=&#8221;https:\/\/intecap.edu.gt\/modaintecap\/wp-content\/uploads\/2022\/10\/MG_4019.jpg&#8221; title_text=&#8221;_MG_4019&#8243; _builder_version=&#8221;4.13.1&#8243; global_colors_info=&#8221;{}&#8221;][\/et_pb_image][\/et_pb_column][et_pb_column type=&#8221;3_4&#8243; _builder_version=&#8221;4.0.6&#8243; global_colors_info=&#8221;{}&#8221;][et_pb_text _builder_version=&#8221;4.0.6&#8243; header_text_align=&#8221;center&#8221; header_font_size=&#8221;58px&#8221; global_colors_info=&#8221;{}&#8221;]<\/p>\n<h1>CONFERENCIAS<\/h1>\n<p>[\/et_pb_text][et_pb_text _builder_version=&#8221;4.13.1&#8243; header_2_font=&#8221;Roboto Condensed|600|||||||&#8221; header_2_font_size=&#8221;18px&#8221; header_2_line_height=&#8221;0.5em&#8221; global_colors_info=&#8221;{}&#8221;]<\/p>\n<ul>\n<li><strong>TIPS PARA LOGRAR EL \u00c9XITO EN EL DISE\u00d1O DE MODA\u00a0<\/strong><br \/><strong><\/strong><\/li>\n<li><strong>PRODUCCI\u00d3N DE COLECCI\u00d3N DE MODA\u00a0<\/strong><br \/><strong><\/strong><\/li>\n<li><strong>CREATIVIDAD PARA EL DISE\u00d1O DE MODAS\u00a0<\/strong><br \/><strong><\/strong><\/li>\n<li><strong>SERIGRAF\u00cdA TEXTIL\u00a0<\/strong><br \/><strong><\/strong><\/li>\n<li><strong>ESTILO E IMAGEN.\u00a0<\/strong><br \/><strong><\/strong><\/li>\n<li><strong>RENOVANDO TU ESTILO<\/strong><br \/><strong><\/strong><\/li>\n<li><strong>REUTILIZACI\u00d3N TEXTIL\u00a0<\/strong><br \/><strong><\/strong><\/li>\n<li><strong>SUSTENTABILIDAD EN LA INDUSTRIA TEXTIL\u00a0<\/strong><br \/><strong><\/strong><\/li>\n<li><strong>SEMINARIO TALLER \u201cDANDO UNA SEGUNDA OPORTUNIDAD A TUS PRENDAS DE VESTIR\u00a0<\/strong><br \/><strong><\/strong><\/li>\n<li><strong>T\u00c9CNICAS DE CORTE Y ESTAMPADO CON VINYL TEXTIL\u00a0<\/strong><br \/><strong><\/strong><\/li>\n<li><strong>T\u00c9CNICAS DE SUBLIMACI\u00d3N PARA TEXTILES\u00a0<\/strong><br \/><strong><\/strong><\/li>\n<li><strong>CREANDO TU PROPIA TENDENCIA\u00a0<\/strong><\/li>\n<\/ul>\n<p>[\/et_pb_text][\/et_pb_column][\/et_pb_row][\/et_pb_section][et_pb_section fb_built=&#8221;1&#8243; _builder_version=&#8221;4.13.1&#8243; _module_preset=&#8221;default&#8221; global_colors_info=&#8221;{}&#8221;][et_pb_row _builder_version=&#8221;4.0.6&#8243; global_colors_info=&#8221;{}&#8221;][et_pb_column type=&#8221;4_4&#8243; _builder_version=&#8221;4.0.6&#8243; global_colors_info=&#8221;{}&#8221;][et_pb_text _builder_version=&#8221;4.13.1&#8243; _module_preset=&#8221;default&#8221; global_colors_info=&#8221;{}&#8221;]<\/p>\n<h1>GALER\u00cdA<\/h1>\n<p>[\/et_pb_text][et_pb_gallery gallery_ids=&#8221;858,859,860,861,862,863,864,865,866,867,868,869,870,871,872,873,874,875,876,877,878,879,880,881,882,883,884,885,886,887,888,889,890,891,892,893,894,895,896,897,898,899,900,901,902,903,904,905,906,907,908,909,910,911,912,913,914,915,916,917,918,919,920,921,922,923,924,925,926,927,928,929,930,931,932,933,934,935,936,937,938,939,940,941,942,943,944,945,946,947,948,949,950,951,952,953,954,955,956,957,958,959,960,961,962,963,964,965,966,967,968,969,970,971,972,973,974,975&#8243; posts_number=&#8221;28&#8243; show_title_and_caption=&#8221;off&#8221; hover_overlay_color=&#8221;rgba(0,0,0,0.5)&#8221; _builder_version=&#8221;4.13.1&#8243; _module_preset=&#8221;default&#8221; pagination_font=&#8221;|700|||||||&#8221; pagination_font_size=&#8221;20px&#8221; background_color=&#8221;RGBA(0,0,0,0)&#8221; global_colors_info=&#8221;{}&#8221; locked=&#8221;off&#8221;][\/et_pb_gallery][\/et_pb_column][\/et_pb_row][\/et_pb_section]<\/p>\n","protected":false},"excerpt":{"rendered":"<p>MODA INTECAP 2021 Ofrece a los participantes un evento de primer nivel, una plataforma que les ayude a exponer sus dise\u00f1os ante el sector empresarial textil para que pueda contar con mano de obra calificada con altos est\u00e1ndares de calidad. &nbsp; OPPORTUNITY En 2021 la propuesta de pasarela estuvo enfocada en presentar una nueva concepci\u00f3n [&hellip;]<\/p>\n","protected":false},"author":1,"featured_media":0,"parent":0,"menu_order":0,"comment_status":"closed","ping_status":"closed","template":"","meta":{"_et_pb_use_builder":"on","_et_pb_old_content":"","_et_gb_content_width":"","footnotes":""},"class_list":["post-983","page","type-page","status-publish","hentry"],"_links":{"self":[{"href":"https:\/\/intecap.edu.gt\/modaintecap\/wp-json\/wp\/v2\/pages\/983","targetHints":{"allow":["GET"]}}],"collection":[{"href":"https:\/\/intecap.edu.gt\/modaintecap\/wp-json\/wp\/v2\/pages"}],"about":[{"href":"https:\/\/intecap.edu.gt\/modaintecap\/wp-json\/wp\/v2\/types\/page"}],"author":[{"embeddable":true,"href":"https:\/\/intecap.edu.gt\/modaintecap\/wp-json\/wp\/v2\/users\/1"}],"replies":[{"embeddable":true,"href":"https:\/\/intecap.edu.gt\/modaintecap\/wp-json\/wp\/v2\/comments?post=983"}],"version-history":[{"count":10,"href":"https:\/\/intecap.edu.gt\/modaintecap\/wp-json\/wp\/v2\/pages\/983\/revisions"}],"predecessor-version":[{"id":1014,"href":"https:\/\/intecap.edu.gt\/modaintecap\/wp-json\/wp\/v2\/pages\/983\/revisions\/1014"}],"wp:attachment":[{"href":"https:\/\/intecap.edu.gt\/modaintecap\/wp-json\/wp\/v2\/media?parent=983"}],"curies":[{"name":"wp","href":"https:\/\/api.w.org\/{rel}","templated":true}]}}