{"id":5063,"date":"2019-05-06T09:37:11","date_gmt":"2019-05-06T09:37:11","guid":{"rendered":"https:\/\/menjivar.info\/semanadelseguro\/?page_id=5063"},"modified":"2025-05-20T11:55:19","modified_gmt":"2025-05-20T17:55:19","slug":"home-1","status":"publish","type":"page","link":"https:\/\/intecap.edu.gt\/semanadelseguro\/","title":{"rendered":"Inicio"},"content":{"rendered":"\t\t<div data-elementor-type=\"wp-post\" data-elementor-id=\"5063\" class=\"elementor elementor-5063\" data-elementor-post-type=\"page\">\n\t\t\t\t\t\t<section class=\"elementor-section elementor-top-section elementor-element elementor-element-4b790e06 elementor-section-full_width elementor-section-height-default elementor-section-height-default\" data-id=\"4b790e06\" data-element_type=\"section\">\n\t\t\t\t\t\t<div class=\"elementor-container elementor-column-gap-no\">\n\t\t\t\t\t<div class=\"elementor-column elementor-col-100 elementor-top-column elementor-element elementor-element-4c6883a0\" data-id=\"4c6883a0\" data-element_type=\"column\">\n\t\t\t<div class=\"elementor-widget-wrap elementor-element-populated\">\n\t\t\t\t\t\t<div class=\"elementor-element elementor-element-75228e5 elementor-widget elementor-widget-ova_slideshow\" data-id=\"75228e5\" data-element_type=\"widget\" data-widget_type=\"ova_slideshow.default\">\n\t\t\t\t<div class=\"elementor-widget-container\">\n\t\t\t\t\t\t\t<div class=\"ova_slideshow elementor-slides-wrapper dots_style \" dir=\"ltr\">\n\t\t\t<div class=\"elementor-slides owl-carousel owl-theme owl-loaded arrows-inside arrows-show-always dots-bottom animated owl-animated-out owl-animated-in\" data-owl_carousel=\"{&quot;items&quot;:1,&quot;singleItem&quot;:1,&quot;autoplayTimeout&quot;:10000,&quot;autoplay&quot;:false,&quot;loop&quot;:false,&quot;nav&quot;:true,&quot;dots&quot;:true,&quot;rtl&quot;:false,&quot;dotsClass&quot;:&quot;owl-dots&quot;,&quot;mouseDrag&quot;:false,&quot;navText&quot;:[&quot;&lt;i class=\\&quot;ti-angle-left\\&quot;&gt;&lt;\\\/i&gt;&quot;,&quot;&lt;i class=\\&quot;ti-angle-right\\&quot;&gt;&lt;\\\/i&gt;&quot;]}\">\n\t\t\t\t<div class=\" elementor-repeater-item-741fb1a items\" data-dot=\" <div>Slide 1<\/div> <button><span><\/span><\/button>\"><div class=\" slide-bg\" ><\/div>\n\t\t\t<div class=\"slide-inner\"><div class=\"container\"><div class=\"row\"><div class=\"elementor-slide-content\"><div class=\"second_font elementor-slide-subtitle\"><\/div><div class=\"second_font elementor-slide-title \"><\/div><div class=\"elementor-slide-description\"><\/div><a href=\"#ticket\" class=\"elementor-slide-button style_2\">Register Now<\/a><\/div><\/div><\/div><\/div><\/div>\t\t\t<\/div>\n\t\t<\/div>\n\t\t\t\t\t\t<\/div>\n\t\t\t\t<\/div>\n\t\t\t\t\t<\/div>\n\t\t<\/div>\n\t\t\t\t\t<\/div>\n\t\t<\/section>\n\t\t\t\t<section class=\"elementor-section elementor-top-section elementor-element elementor-element-6f117214 elementor-section-boxed elementor-section-height-default elementor-section-height-default\" data-id=\"6f117214\" data-element_type=\"section\">\n\t\t\t\t\t\t<div class=\"elementor-container elementor-column-gap-default\">\n\t\t\t\t\t<div class=\"elementor-column elementor-col-100 elementor-top-column elementor-element elementor-element-252c6e5c\" data-id=\"252c6e5c\" data-element_type=\"column\">\n\t\t\t<div class=\"elementor-widget-wrap elementor-element-populated\">\n\t\t\t\t\t\t<div class=\"elementor-element elementor-element-1f4fd464 elementor-widget elementor-widget-ova_time_countdown\" data-id=\"1f4fd464\" data-element_type=\"widget\" data-widget_type=\"ova_time_countdown.default\">\n\t\t\t\t<div class=\"elementor-widget-container\">\n\t\t\t\t\t\t\t<div class=\"ova_time_countdown\">\n\t\t\t<div class=\"due_date\" data-day=\"2025-06-02 09:00\"><\/div>\n\t\t<\/div>\n\t\t\t\t\t\t<\/div>\n\t\t\t\t<\/div>\n\t\t\t\t\t<\/div>\n\t\t<\/div>\n\t\t\t\t\t<\/div>\n\t\t<\/section>\n\t\t<div class=\"elementor-element elementor-element-f75f71d e-flex e-con-boxed e-con e-parent\" data-id=\"f75f71d\" data-element_type=\"container\">\n\t\t\t\t\t<div class=\"e-con-inner\">\n\t\t\t\t<div class=\"elementor-element elementor-element-75c8845 elementor-widget elementor-widget-image\" data-id=\"75c8845\" data-element_type=\"widget\" data-widget_type=\"image.default\">\n\t\t\t\t<div class=\"elementor-widget-container\">\n\t\t\t\t\t\t\t\t\t\t\t\t\t\t\t<img fetchpriority=\"high\" decoding=\"async\" width=\"1024\" height=\"226\" src=\"https:\/\/intecap.edu.gt\/semanadelseguro\/wp-content\/uploads\/2025\/05\/aviso-home-1024x226.png\" class=\"attachment-large size-large wp-image-6452\" alt=\"\" srcset=\"https:\/\/intecap.edu.gt\/semanadelseguro\/wp-content\/uploads\/2025\/05\/aviso-home-1024x226.png 1024w, https:\/\/intecap.edu.gt\/semanadelseguro\/wp-content\/uploads\/2025\/05\/aviso-home-300x66.png 300w, https:\/\/intecap.edu.gt\/semanadelseguro\/wp-content\/uploads\/2025\/05\/aviso-home-768x169.png 768w, https:\/\/intecap.edu.gt\/semanadelseguro\/wp-content\/uploads\/2025\/05\/aviso-home.png 1360w\" sizes=\"(max-width: 1024px) 100vw, 1024px\" \/>\t\t\t\t\t\t\t\t\t\t\t\t\t\t\t<\/div>\n\t\t\t\t<\/div>\n\t\t\t\t\t<\/div>\n\t\t\t\t<\/div>\n\t\t<div class=\"elementor-element elementor-element-0dae083 e-flex e-con-boxed e-con e-parent\" data-id=\"0dae083\" data-element_type=\"container\">\n\t\t\t\t\t<div class=\"e-con-inner\">\n\t\t\t\t<div class=\"elementor-element elementor-element-1298d6c elementor-widget elementor-widget-ova_heading\" data-id=\"1298d6c\" data-element_type=\"widget\" data-widget_type=\"ova_heading.default\">\n\t\t\t\t<div class=\"elementor-widget-container\">\n\t\t\t\t\t\t\t<div class=\"ova_heading\">\n\t\t\t\t\t\t\t<h1 class=\"heading_title second_font\">Semana del Seguro Guatemala 2025<\/h1>\n\t\t\t\t\t\t\t\t<\/div>\n\t\t\t\t\t\t<\/div>\n\t\t\t\t<\/div>\n\t\t\t\t\t<\/div>\n\t\t\t\t<\/div>\n\t\t\t\t<section class=\"elementor-section elementor-top-section elementor-element elementor-element-044bfea elementor-section-boxed elementor-section-height-default elementor-section-height-default\" data-id=\"044bfea\" data-element_type=\"section\">\n\t\t\t\t\t\t<div class=\"elementor-container elementor-column-gap-default\">\n\t\t\t\t\t<div class=\"elementor-column elementor-col-50 elementor-top-column elementor-element elementor-element-5d22f65\" data-id=\"5d22f65\" data-element_type=\"column\">\n\t\t\t<div class=\"elementor-widget-wrap elementor-element-populated\">\n\t\t\t\t\t\t<div class=\"elementor-element elementor-element-197bfc4 elementor-widget elementor-widget-text-editor\" data-id=\"197bfc4\" data-element_type=\"widget\" data-widget_type=\"text-editor.default\">\n\t\t\t\t<div class=\"elementor-widget-container\">\n\t\t\t\t\t\t\t\t\t<p>Bienvenidos a la Semana del Seguro 2025 de INTECAP!<\/p><p>Es un honor recibirlos en esta edici\u00f3n especial que hemos preparado con el compromiso de siempre, promover el desarrollo profesional del sector asegurador guatemalteco y latinoamericano.<\/p><p>Este evento, se llevar\u00e1 a cabo del 02 al 06 de junio en modalidad virtual, brindando acceso a todos los interesados desde cualquier lugar.<\/p><p>Durante esta semana, contaremos con la participaci\u00f3n de expertos nacionales e internacionales que compartir\u00e1n sus conocimientos en conferencias, conversatorios y foros.<\/p><p>Nuestro objetivo es capacitar al talento humano de la industria del seguro al m\u00e1s alto nivel, promover el intercambio de conocimientos entre empresas del sector y sentar las bases para el futuro del aseguramiento en la regi\u00f3n.<\/p><p>Los invitamos a aprovechar esta oportunidad para actualizarse sobre las \u00faltimas tendencias, fortalecer su red de contactos y adquirir herramientas que les permitan enfrentar los nuevos retos del sector con \u00e9xito.<\/p><p>\u00a1Gracias por ser parte de este esfuerzo conjunto! Les deseamos una experiencia enriquecedora y productiva.<\/p>\t\t\t\t\t\t\t\t<\/div>\n\t\t\t\t<\/div>\n\t\t\t\t\t<\/div>\n\t\t<\/div>\n\t\t\t\t<div class=\"elementor-column elementor-col-50 elementor-top-column elementor-element elementor-element-7674731\" data-id=\"7674731\" data-element_type=\"column\">\n\t\t\t<div class=\"elementor-widget-wrap elementor-element-populated\">\n\t\t\t\t\t\t<div class=\"elementor-element elementor-element-101bfa9 elementor-widget elementor-widget-video\" data-id=\"101bfa9\" data-element_type=\"widget\" data-settings=\"{&quot;show_image_overlay&quot;:&quot;yes&quot;,&quot;image_overlay&quot;:{&quot;url&quot;:&quot;https:\\\/\\\/intecap.edu.gt\\\/semanadelseguro\\\/wp-content\\\/uploads\\\/2025\\\/05\\\/Foto.png&quot;,&quot;id&quot;:6385,&quot;size&quot;:&quot;&quot;,&quot;alt&quot;:&quot;&quot;,&quot;source&quot;:&quot;library&quot;},&quot;video_type&quot;:&quot;vimeo&quot;}\" data-widget_type=\"video.default\">\n\t\t\t\t<div class=\"elementor-widget-container\">\n\t\t\t\t\t\t\t<div class=\"elementor-wrapper elementor-open-inline\">\n\t\t\t<iframe class=\"elementor-video-iframe\" allowfullscreen allow=\"clipboard-write\" title=\"Reproductor de v\u00eddeo vimeo\" src=\"https:\/\/player.vimeo.com\/video\/1085087861?color&amp;autopause=0&amp;loop=0&amp;muted=0&amp;title=1&amp;portrait=1&amp;byline=1#t=\"><\/iframe>\t\t\t\t<div class=\"elementor-custom-embed-image-overlay\" style=\"background-image: url(https:\/\/intecap.edu.gt\/semanadelseguro\/wp-content\/uploads\/2025\/05\/Foto.png);\">\n\t\t\t\t\t\t\t\t\t\t\t\t\t\t\t\t<div class=\"elementor-custom-embed-play\" role=\"button\" aria-label=\"Reproducir v\u00eddeo\" tabindex=\"0\">\n\t\t\t\t\t\t\t<svg aria-hidden=\"true\" class=\"e-font-icon-svg e-eicon-play\" viewBox=\"0 0 1000 1000\" xmlns=\"http:\/\/www.w3.org\/2000\/svg\"><path d=\"M838 162C746 71 633 25 500 25 371 25 258 71 163 162 71 254 25 367 25 500 25 633 71 746 163 837 254 929 367 979 500 979 633 979 746 933 838 837 929 746 975 633 975 500 975 367 929 254 838 162M808 192C892 279 933 379 933 500 933 621 892 725 808 808 725 892 621 938 500 938 379 938 279 896 196 808 113 725 67 621 67 500 67 379 108 279 196 192 279 108 383 62 500 62 621 62 721 108 808 192M438 392V642L642 517 438 392Z\"><\/path><\/svg>\t\t\t\t\t\t<\/div>\n\t\t\t\t\t\t\t\t\t<\/div>\n\t\t\t\t\t<\/div>\n\t\t\t\t\t\t<\/div>\n\t\t\t\t<\/div>\n\t\t\t\t\t<\/div>\n\t\t<\/div>\n\t\t\t\t\t<\/div>\n\t\t<\/section>\n\t\t<div class=\"elementor-element elementor-element-0abe6df e-flex e-con-boxed e-con e-parent\" data-id=\"0abe6df\" data-element_type=\"container\" id=\"registrate\" data-settings=\"{&quot;background_background&quot;:&quot;classic&quot;}\">\n\t\t\t\t\t<div class=\"e-con-inner\">\n\t\t\t\t<div class=\"elementor-element elementor-element-2bd6815 elementor-widget elementor-widget-heading\" data-id=\"2bd6815\" data-element_type=\"widget\" data-widget_type=\"heading.default\">\n\t\t\t\t<div class=\"elementor-widget-container\">\n\t\t\t\t\t<h2 class=\"elementor-heading-title elementor-size-default\">Reg\u00edstrate<\/h2>\t\t\t\t<\/div>\n\t\t\t\t<\/div>\n\t\t\t\t<div class=\"elementor-element elementor-element-b18a6a8 elementor-widget elementor-widget-text-editor\" data-id=\"b18a6a8\" data-element_type=\"widget\" data-widget_type=\"text-editor.default\">\n\t\t\t\t<div class=\"elementor-widget-container\">\n\t\t\t\t\t\t\t\t\t<div class=\"elementor-element elementor-element-11265563 elementor-widget elementor-widget-text-editor\" data-id=\"11265563\" data-element_type=\"widget\" data-widget_type=\"text-editor.default\"><div class=\"elementor-widget-container\"><div class=\"et_pb_column et_pb_column_1_2 et_pb_column_6 et_pb_css_mix_blend_mode_passthrough et-last-child\"><div class=\"et_pb_module et_pb_text et_pb_text_4 et_pb_text_align_left et_pb_bg_layout_light\"><div class=\"et_pb_text_inner\"><p>Bienvenido a la <strong>Semana del Seguro Guatemala 2025.<\/strong><\/p><p>Completa tu registro para asegurar tu participaci\u00f3n al evento. Podr\u00e1s seleccionar las conferencias, foros y actividades que deseas participar.<\/p><p><strong>NOTA:<\/strong> Aseg\u00farate que tus datos est\u00e9n escritos correctamente antes de enviarlo, para recibir informaci\u00f3n de tus conferencias seleccionadas.<\/p><\/div><\/div><\/div><\/div><\/div>\t\t\t\t\t\t\t\t<\/div>\n\t\t\t\t<\/div>\n\t\t\t\t\t<\/div>\n\t\t\t\t<\/div>\n\t\t<div class=\"elementor-element elementor-element-6f535eb e-flex e-con-boxed e-con e-parent\" data-id=\"6f535eb\" data-element_type=\"container\" data-settings=\"{&quot;background_background&quot;:&quot;classic&quot;}\">\n\t\t\t\t\t<div class=\"e-con-inner\">\n\t\t\t\t<div class=\"elementor-element elementor-element-ef0930e elementor-widget elementor-widget-shortcode\" data-id=\"ef0930e\" data-element_type=\"widget\" data-widget_type=\"shortcode.default\">\n\t\t\t\t<div class=\"elementor-widget-container\">\n\t\t\t\t\t\t\t<div class=\"elementor-shortcode\">\n<div class=\"um um-register um-5\">\n\t<div class=\"um-form\" data-mode=\"register\">\n\t\t<form method=\"post\" action=\"\">\n\t\t\t<div class=\"um-row _um_row_1 \" style=\"margin: 0 0 30px 0;\"><div class=\"um-col-1\"><div  class=\"um-field um-field-block  um-field-block um-field-type_block\" data-key=\"um_block_5_13\"><h3>Datos personales<\/h3><\/div><\/div><div class=\"um-col-121\"><div  id=\"um_field_5_first_name\" class=\"um-field um-field-text  um-field-first_name um-field-text um-field-type_text\" data-key=\"first_name\"><div class=\"um-field-label\"><label for=\"first_name-5\">Nombres (may\u00fasculas y min\u00fasculas)<\/label><div class=\"um-clear\"><\/div><\/div><div class=\"um-field-area\"><input  autocomplete=\"off\" class=\"um-form-field valid \" type=\"text\" name=\"first_name-5\" id=\"first_name-5\" value=\"\" placeholder=\"\" data-validate=\"\" data-key=\"first_name\"  aria-invalid=\"false\" \/>\n\n\t\t\t\t\t\t<\/div><\/div><div  id=\"um_field_5_last_name\" class=\"um-field um-field-text  um-field-last_name um-field-text um-field-type_text\" data-key=\"last_name\"><div class=\"um-field-label\"><label for=\"last_name-5\">Apellidos (may\u00fasculas y min\u00fasculas)<\/label><div class=\"um-clear\"><\/div><\/div><div class=\"um-field-area\"><input  autocomplete=\"off\" class=\"um-form-field valid \" type=\"text\" name=\"last_name-5\" id=\"last_name-5\" value=\"\" placeholder=\"\" data-validate=\"\" data-key=\"last_name\"  aria-invalid=\"false\" \/>\n\n\t\t\t\t\t\t<\/div><\/div><div  id=\"um_field_5_telefono\" class=\"um-field um-field-tel  um-field-telefono um-field-tel um-field-type_tel\" data-key=\"telefono\"><div class=\"um-field-label\"><label for=\"telefono-5\">No. tel\u00e9fono<\/label><div class=\"um-clear\"><\/div><\/div><div class=\"um-field-area\"><input  autocomplete=\"off\" class=\"um-form-field valid \" type=\"tel\" name=\"telefono-5\" id=\"telefono-5\" value=\"\" placeholder=\"\" data-validate=\"\" data-key=\"telefono\"  aria-invalid=\"false\" \/>\n\n\t\t\t\t\t\t<\/div><\/div><div  id=\"um_field_5_fecha-de-nacimiento\" class=\"um-field um-field-date  um-field-fecha-de-nacimiento um-field-date um-field-type_date\" data-key=\"fecha-de-nacimiento\"><div class=\"um-field-label\"><label for=\"fecha-de-nacimiento-5\">Fecha de Nacimiento<\/label><div class=\"um-clear\"><\/div><\/div><div class=\"um-field-area\"><input   class=\"um-form-field valid um-datepicker \" type=\"text\" name=\"fecha-de-nacimiento-5\" id=\"fecha-de-nacimiento-5\" value=\"\" placeholder=\"\" data-validate=\"\" data-key=\"fecha-de-nacimiento\" data-range=\"date_range\" data-years=\"50\" data-years_x=\"equal\" data-disabled_weekdays=\"\" data-date_min=\"1930,01,01\" data-date_max=\"2008,01,01\" data-format=\"d mmm yyyy\" data-value=\"\"  aria-invalid=\"false\" \/>\n\n\t\t\t\t\t\t<\/div><\/div><\/div><div class=\"um-col-122\"><div  id=\"um_field_5_user_email\" class=\"um-field um-field-text  um-field-user_email um-field-text um-field-type_text\" data-key=\"user_email\"><div class=\"um-field-label\"><label for=\"user_email-5\">Direcci\u00f3n de correo electr\u00f3nico<\/label><div class=\"um-clear\"><\/div><\/div><div class=\"um-field-area\"><input  autocomplete=\"off\" class=\"um-form-field valid \" type=\"text\" name=\"user_email-5\" id=\"user_email-5\" value=\"\" placeholder=\"\" data-validate=\"unique_email\" data-key=\"user_email\"  aria-invalid=\"false\" \/>\n\n\t\t\t\t\t\t<\/div><\/div><div  id=\"um_field_5_empresa-en-la-que-labora\" class=\"um-field um-field-text  um-field-empresa-en-la-que-labora um-field-text um-field-type_text\" data-key=\"empresa-en-la-que-labora\"><div class=\"um-field-label\"><label for=\"empresa-en-la-que-labora-5\">Empresa en la que labora<\/label><div class=\"um-clear\"><\/div><\/div><div class=\"um-field-area\"><input  autocomplete=\"off\" class=\"um-form-field valid \" type=\"text\" name=\"empresa-en-la-que-labora-5\" id=\"empresa-en-la-que-labora-5\" value=\"\" placeholder=\"\" data-validate=\"\" data-key=\"empresa-en-la-que-labora\"  aria-invalid=\"false\" \/>\n\n\t\t\t\t\t\t<\/div><\/div><div  id=\"um_field_5_genero\" class=\"um-field um-field-radio  um-field-genero um-field-radio um-field-type_radio\" data-key=\"genero\"  aria-invalid=\"false\" ><div class=\"um-field-label\"><label for=\"genero-5\">G\u00e9nero<\/label><div class=\"um-clear\"><\/div><\/div><div class=\"um-field-area\"><label class=\"um-field-radio  um-field-half \"><input  type=\"radio\" name=\"genero[]\" value=\"Masculino\"  \/><span class=\"um-field-radio-state\"><i class=\"um-icon-android-radio-button-off\"><\/i><\/span><span class=\"um-field-radio-option\">Masculino<\/span><\/label><label class=\"um-field-radio  um-field-half  right \"><input  type=\"radio\" name=\"genero[]\" value=\"Femenino\"  \/><span class=\"um-field-radio-state\"><i class=\"um-icon-android-radio-button-off\"><\/i><\/span><span class=\"um-field-radio-option\">Femenino<\/span><\/label><div class=\"um-clear\"><\/div><div class=\"um-clear\"><\/div><\/div><\/div><\/div><div class=\"um-clear\"><\/div><\/div><div class=\"um-row _um_row_2 \" style=\"margin: 0 0 30px 0;\"><div class=\"um-col-1\"><div  class=\"um-field um-field-block  um-field-block um-field-type_block\" data-key=\"um_block_5_13_14\"><h3>Datos del usuario<\/h3><\/div><\/div><div class=\"um-col-1\"><div  id=\"um_field_5_user_login\" class=\"um-field um-field-text  um-field-user_login um-field-text um-field-type_text\" data-key=\"user_login\"><div class=\"um-field-label\"><label for=\"user_login-5\">DPI o Pasaporte<\/label><div class=\"um-clear\"><\/div><\/div><div class=\"um-field-area\"><input  autocomplete=\"off\" class=\"um-form-field valid \" type=\"text\" name=\"user_login-5\" id=\"user_login-5\" value=\"\" placeholder=\"\" data-validate=\"unique_username\" data-key=\"user_login\"  aria-invalid=\"false\" \/>\n\n\t\t\t\t\t\t<\/div><\/div><div  id=\"um_field_5_user_password\" class=\"um-field um-field-password  um-field-user_password um-field-password um-field-type_password\" data-key=\"user_password\"><div class=\"um-field-label\"><label for=\"user_password-5\">Contrase\u00f1a<\/label><div class=\"um-clear\"><\/div><\/div><div class=\"um-field-area\"><input class=\"um-form-field valid \" type=\"password\" name=\"user_password-5\" id=\"user_password-5\" value=\"\" placeholder=\"\" data-validate=\"\" data-key=\"user_password\"  aria-invalid=\"false\" \/>\n\n\t\t\t\t\t\t\t<\/div><\/div><div  id=\"um_field_5_confirm_user_password\" class=\"um-field um-field-password  um-field-user_password um-field-password um-field-type_password\" data-key=\"confirm_user_password\"><div class=\"um-field-label\"><label for=\"confirm_user_password-5\">Confirmar Contrase\u00f1a<\/label><div class=\"um-clear\"><\/div><\/div><div class=\"um-field-area\"><input class=\"um-form-field valid \" type=\"password\" name=\"confirm_user_password-5\" id=\"confirm_user_password-5\" value=\"\" placeholder=\"Confirmar Contrase\u00f1a\" data-validate=\"\" data-key=\"confirm_user_password\"  aria-invalid=\"false\" \/><\/div><\/div><\/div><\/div>\t<input type=\"hidden\" name=\"form_id\" id=\"form_id_5\" value=\"5\" \/>\n\t\t<p class=\"um_request_name\">\n\t\t<label for=\"um_request_5\">Only fill in if you are not human<\/label>\n\t\t<input type=\"hidden\" name=\"um_request\" id=\"um_request_5\" class=\"input\" value=\"\" size=\"25\" autocomplete=\"off\" \/>\n\t<\/p>\n\t<input type=\"hidden\" id=\"_wpnonce\" name=\"_wpnonce\" value=\"0d6579653c\" \/><input type=\"hidden\" name=\"_wp_http_referer\" value=\"\/semanadelseguro\/wp-json\/wp\/v2\/pages\/5063\" \/>\n\t<div class=\"um-col-alt\">\n\n\t\t\n\t\t\t<div class=\"um-left um-half\">\n\t\t\t\t<input type=\"submit\" value=\"Reg\u00edstrarse\" class=\"um-button\" id=\"um-submit-btn\" \/>\n\t\t\t<\/div>\n\t\t\t<div class=\"um-right um-half\">\n\t\t\t\t<a href=\"https:\/\/intecap.edu.gt\/semanadelseguro\/login\/\" class=\"um-button um-alt\">\n\t\t\t\t\tAcceder\t\t\t\t<\/a>\n\t\t\t<\/div>\n\n\t\t\n\t\t<div class=\"um-clear\"><\/div>\n\n\t<\/div>\n\n\t\t\t<\/form>\n\t<\/div>\n<\/div>\n<style>\n\t\t\t.um-5.um {\n\t\t\tmax-width: 800px;\n\t\t}\n\t\t<\/style>\n<\/div>\n\t\t\t\t\t\t<\/div>\n\t\t\t\t<\/div>\n\t\t\t\t\t<\/div>\n\t\t\t\t<\/div>\n\t\t<div class=\"elementor-element elementor-element-3e22ac4 e-flex e-con-boxed e-con e-parent\" data-id=\"3e22ac4\" data-element_type=\"container\">\n\t\t\t\t\t<div class=\"e-con-inner\">\n\t\t\t\t\t<\/div>\n\t\t\t\t<\/div>\n\t\t\t\t<\/div>\n\t\t","protected":false},"excerpt":{"rendered":"<p>Slide 1 &#8220;> Register Now Semana del Seguro Guatemala 2025 Bienvenidos a la Semana del Seguro 2025 de INTECAP! Es un honor recibirlos en esta edici\u00f3n especial que hemos preparado [&hellip;]<\/p>\n","protected":false},"author":1,"featured_media":0,"parent":0,"menu_order":0,"comment_status":"closed","ping_status":"closed","template":"elementor_header_footer","meta":{"_price":"","_stock":"","_tribe_ticket_header":"","_tribe_default_ticket_provider":"","_tribe_ticket_capacity":"0","_ticket_start_date":"","_ticket_end_date":"","_tribe_ticket_show_description":"","_tribe_ticket_show_not_going":false,"_tribe_ticket_use_global_stock":"","_tribe_ticket_global_stock_level":"","_global_stock_mode":"","_global_stock_cap":"","_tribe_rsvp_for_event":"","_tribe_ticket_going_count":"","_tribe_ticket_not_going_count":"","_tribe_tickets_list":"[]","_tribe_ticket_has_attendee_info_fields":false,"footnotes":"","_tec_slr_enabled":"","_tec_slr_layout":""},"class_list":["post-5063","page","type-page","status-publish","hentry"],"ticketed":false,"_links":{"self":[{"href":"https:\/\/intecap.edu.gt\/semanadelseguro\/wp-json\/wp\/v2\/pages\/5063","targetHints":{"allow":["GET"]}}],"collection":[{"href":"https:\/\/intecap.edu.gt\/semanadelseguro\/wp-json\/wp\/v2\/pages"}],"about":[{"href":"https:\/\/intecap.edu.gt\/semanadelseguro\/wp-json\/wp\/v2\/types\/page"}],"author":[{"embeddable":true,"href":"https:\/\/intecap.edu.gt\/semanadelseguro\/wp-json\/wp\/v2\/users\/1"}],"replies":[{"embeddable":true,"href":"https:\/\/intecap.edu.gt\/semanadelseguro\/wp-json\/wp\/v2\/comments?post=5063"}],"version-history":[{"count":10,"href":"https:\/\/intecap.edu.gt\/semanadelseguro\/wp-json\/wp\/v2\/pages\/5063\/revisions"}],"predecessor-version":[{"id":7049,"href":"https:\/\/intecap.edu.gt\/semanadelseguro\/wp-json\/wp\/v2\/pages\/5063\/revisions\/7049"}],"wp:attachment":[{"href":"https:\/\/intecap.edu.gt\/semanadelseguro\/wp-json\/wp\/v2\/media?parent=5063"}],"curies":[{"name":"wp","href":"https:\/\/api.w.org\/{rel}","templated":true}]}}